{"id":52693,"date":"2020-11-23T12:33:19","date_gmt":"2020-11-23T09:33:19","guid":{"rendered":"https:\/\/reginett.ee\/?post_type=product&#038;p=52693"},"modified":"2021-12-22T18:40:37","modified_gmt":"2021-12-22T15:40:37","slug":"kett-husqvarna-x-cut-20-325-1-3","status":"publish","type":"product","link":"https:\/\/reginett.ee\/ru\/toode\/kett-husqvarna-x-cut-20-325-1-3\/","title":{"rendered":"Kett Husqvarna X-CUT  20&#8243; .325 1.3"},"content":{"rendered":"<p>X-CUT SP33G on Husqvarna enda poolt toodetud esimene saekett, mida toodetakse Rootsis, Huskvarna linnas asuvas uhiuues tehases. Saekett on m\u00f5eldud kasutamiseks nii n\u00f5udlikule kodukasutajale kui ka metsat\u00f6\u00f6 professionaalile igap\u00e4evaseks t\u00f6\u00f6ks. Uus kett p\u00fcsib kauem terav, venib v\u00e4hem, on \u00fclimalt vastupidav ning on suurep\u00e4rase l\u00f5ike efektiivsusega ja seda k\u00f5ike selleks, et suurendada saega t\u00f6\u00f6tamise tootlikkust.<\/p>\n","protected":false},"excerpt":{"rendered":"<p>X-CUT SP33G on Husqvarna enda poolt toodetud esimene saekett, mida toodetakse Rootsis, Huskvarna linnas asuvas uhiuues tehases. Saekett on m\u00f5eldud kasutamiseks nii n\u00f5udlikule kodukasutajale kui ka metsat\u00f6\u00f6 professionaalile igap\u00e4evaseks t\u00f6\u00f6ks.<\/p>\n","protected":false},"featured_media":52750,"comment_status":"open","ping_status":"closed","template":"","meta":{"_acf_changed":false,"_et_pb_use_builder":"","_et_pb_old_content":"","_et_gb_content_width":"","inline_featured_image":false},"pwb-brand":[147],"product_brand":[],"product_cat":[37,27],"product_tag":[188,184,183,181,61,187,186,185],"class_list":{"0":"post-52693","1":"product","2":"type-product","3":"status-publish","4":"has-post-thumbnail","6":"pwb-brand-husqvarna","7":"product_cat-husqvarna","8":"product_cat-tooriistad-ja-tarvikud","9":"product_tag-hea-kett","10":"product_tag-husqvarna-kett","11":"product_tag-kett","12":"product_tag-kett-ja-plaat","13":"product_tag-kettsaag","14":"product_tag-parim-kett","15":"product_tag-x-cut","16":"product_tag-xcut","18":"first","19":"instock","20":"shipping-taxable","21":"purchasable","22":"product-type-simple"},"acf":[],"yoast_head":"<!-- This site is optimized with the Yoast SEO plugin v26.6 - https:\/\/yoast.com\/wordpress\/plugins\/seo\/ -->\n<title>Kett Husqvarna X-CUT 20&quot; .325 1.3 - Reginett<\/title>\n<meta name=\"robots\" content=\"index, follow, max-snippet:-1, max-image-preview:large, max-video-preview:-1\" \/>\n<link rel=\"canonical\" href=\"https:\/\/reginett.ee\/toode\/kett-husqvarna-x-cut-20-325-1-3\/\" \/>\n<meta property=\"og:locale\" content=\"ru_RU\" \/>\n<meta property=\"og:type\" content=\"article\" \/>\n<meta property=\"og:title\" content=\"Kett Husqvarna X-CUT 20&quot; .325 1.3 - Reginett\" \/>\n<meta property=\"og:description\" content=\"X-CUT SP33G on Husqvarna enda poolt toodetud esimene saekett, mida toodetakse Rootsis, Huskvarna linnas asuvas uhiuues tehases. Saekett on m\u00f5eldud kasutamiseks nii n\u00f5udlikule kodukasutajale kui ka metsat\u00f6\u00f6 professionaalile igap\u00e4evaseks t\u00f6\u00f6ks.\" \/>\n<meta property=\"og:url\" content=\"https:\/\/reginett.ee\/toode\/kett-husqvarna-x-cut-20-325-1-3\/\" \/>\n<meta property=\"og:site_name\" content=\"Reginett\" \/>\n<meta property=\"article:modified_time\" content=\"2021-12-22T15:40:37+00:00\" \/>\n<meta property=\"og:image\" content=\"https:\/\/reginett.ee\/wp-content\/uploads\/2020\/11\/Kett-Husqvarna.jpg\" \/>\n\t<meta property=\"og:image:width\" content=\"680\" \/>\n\t<meta property=\"og:image:height\" content=\"372\" \/>\n\t<meta property=\"og:image:type\" content=\"image\/jpeg\" \/>\n<meta name=\"twitter:card\" content=\"summary_large_image\" \/>\n<script type=\"application\/ld+json\" class=\"yoast-schema-graph\">{\"@context\":\"https:\/\/schema.org\",\"@graph\":[{\"@type\":\"WebPage\",\"@id\":\"https:\/\/reginett.ee\/toode\/kett-husqvarna-x-cut-20-325-1-3\/\",\"url\":\"https:\/\/reginett.ee\/toode\/kett-husqvarna-x-cut-20-325-1-3\/\",\"name\":\"Kett Husqvarna X-CUT 20\\\" .325 1.3 - Reginett\",\"isPartOf\":{\"@id\":\"https:\/\/reginett.ee\/#website\"},\"primaryImageOfPage\":{\"@id\":\"https:\/\/reginett.ee\/toode\/kett-husqvarna-x-cut-20-325-1-3\/#primaryimage\"},\"image\":{\"@id\":\"https:\/\/reginett.ee\/toode\/kett-husqvarna-x-cut-20-325-1-3\/#primaryimage\"},\"thumbnailUrl\":\"https:\/\/reginett.ee\/wp-content\/uploads\/2020\/11\/Kett-Husqvarna.jpg\",\"datePublished\":\"2020-11-23T09:33:19+00:00\",\"dateModified\":\"2021-12-22T15:40:37+00:00\",\"breadcrumb\":{\"@id\":\"https:\/\/reginett.ee\/toode\/kett-husqvarna-x-cut-20-325-1-3\/#breadcrumb\"},\"inLanguage\":\"ru-RU\",\"potentialAction\":[{\"@type\":\"ReadAction\",\"target\":[\"https:\/\/reginett.ee\/toode\/kett-husqvarna-x-cut-20-325-1-3\/\"]}]},{\"@type\":\"ImageObject\",\"inLanguage\":\"ru-RU\",\"@id\":\"https:\/\/reginett.ee\/toode\/kett-husqvarna-x-cut-20-325-1-3\/#primaryimage\",\"url\":\"https:\/\/reginett.ee\/wp-content\/uploads\/2020\/11\/Kett-Husqvarna.jpg\",\"contentUrl\":\"https:\/\/reginett.ee\/wp-content\/uploads\/2020\/11\/Kett-Husqvarna.jpg\",\"width\":680,\"height\":372,\"caption\":\"Kett Husqvarna\"},{\"@type\":\"BreadcrumbList\",\"@id\":\"https:\/\/reginett.ee\/toode\/kett-husqvarna-x-cut-20-325-1-3\/#breadcrumb\",\"itemListElement\":[{\"@type\":\"ListItem\",\"position\":1,\"name\":\"Home\",\"item\":\"https:\/\/reginett.ee\/ru\/\"},{\"@type\":\"ListItem\",\"position\":2,\"name\":\"Tooted\",\"item\":\"https:\/\/reginett.ee\/tooted\/\"},{\"@type\":\"ListItem\",\"position\":3,\"name\":\"Kett Husqvarna X-CUT 20&#8243; .325 1.3\"}]},{\"@type\":\"WebSite\",\"@id\":\"https:\/\/reginett.ee\/#website\",\"url\":\"https:\/\/reginett.ee\/\",\"name\":\"Reginett\",\"description\":\"Parimad robotniidukid\",\"potentialAction\":[{\"@type\":\"SearchAction\",\"target\":{\"@type\":\"EntryPoint\",\"urlTemplate\":\"https:\/\/reginett.ee\/?s={search_term_string}\"},\"query-input\":{\"@type\":\"PropertyValueSpecification\",\"valueRequired\":true,\"valueName\":\"search_term_string\"}}],\"inLanguage\":\"ru-RU\"}]}<\/script>\n<!-- \/ Yoast SEO plugin. -->","yoast_head_json":{"title":"Kett Husqvarna X-CUT 20\" .325 1.3 - Reginett","robots":{"index":"index","follow":"follow","max-snippet":"max-snippet:-1","max-image-preview":"max-image-preview:large","max-video-preview":"max-video-preview:-1"},"canonical":"https:\/\/reginett.ee\/toode\/kett-husqvarna-x-cut-20-325-1-3\/","og_locale":"ru_RU","og_type":"article","og_title":"Kett Husqvarna X-CUT 20\" .325 1.3 - Reginett","og_description":"X-CUT SP33G on Husqvarna enda poolt toodetud esimene saekett, mida toodetakse Rootsis, Huskvarna linnas asuvas uhiuues tehases. Saekett on m\u00f5eldud kasutamiseks nii n\u00f5udlikule kodukasutajale kui ka metsat\u00f6\u00f6 professionaalile igap\u00e4evaseks t\u00f6\u00f6ks.","og_url":"https:\/\/reginett.ee\/toode\/kett-husqvarna-x-cut-20-325-1-3\/","og_site_name":"Reginett","article_modified_time":"2021-12-22T15:40:37+00:00","og_image":[{"width":680,"height":372,"url":"https:\/\/reginett.ee\/wp-content\/uploads\/2020\/11\/Kett-Husqvarna.jpg","type":"image\/jpeg"}],"twitter_card":"summary_large_image","schema":{"@context":"https:\/\/schema.org","@graph":[{"@type":"WebPage","@id":"https:\/\/reginett.ee\/toode\/kett-husqvarna-x-cut-20-325-1-3\/","url":"https:\/\/reginett.ee\/toode\/kett-husqvarna-x-cut-20-325-1-3\/","name":"Kett Husqvarna X-CUT 20\" .325 1.3 - Reginett","isPartOf":{"@id":"https:\/\/reginett.ee\/#website"},"primaryImageOfPage":{"@id":"https:\/\/reginett.ee\/toode\/kett-husqvarna-x-cut-20-325-1-3\/#primaryimage"},"image":{"@id":"https:\/\/reginett.ee\/toode\/kett-husqvarna-x-cut-20-325-1-3\/#primaryimage"},"thumbnailUrl":"https:\/\/reginett.ee\/wp-content\/uploads\/2020\/11\/Kett-Husqvarna.jpg","datePublished":"2020-11-23T09:33:19+00:00","dateModified":"2021-12-22T15:40:37+00:00","breadcrumb":{"@id":"https:\/\/reginett.ee\/toode\/kett-husqvarna-x-cut-20-325-1-3\/#breadcrumb"},"inLanguage":"ru-RU","potentialAction":[{"@type":"ReadAction","target":["https:\/\/reginett.ee\/toode\/kett-husqvarna-x-cut-20-325-1-3\/"]}]},{"@type":"ImageObject","inLanguage":"ru-RU","@id":"https:\/\/reginett.ee\/toode\/kett-husqvarna-x-cut-20-325-1-3\/#primaryimage","url":"https:\/\/reginett.ee\/wp-content\/uploads\/2020\/11\/Kett-Husqvarna.jpg","contentUrl":"https:\/\/reginett.ee\/wp-content\/uploads\/2020\/11\/Kett-Husqvarna.jpg","width":680,"height":372,"caption":"Kett Husqvarna"},{"@type":"BreadcrumbList","@id":"https:\/\/reginett.ee\/toode\/kett-husqvarna-x-cut-20-325-1-3\/#breadcrumb","itemListElement":[{"@type":"ListItem","position":1,"name":"Home","item":"https:\/\/reginett.ee\/ru\/"},{"@type":"ListItem","position":2,"name":"Tooted","item":"https:\/\/reginett.ee\/tooted\/"},{"@type":"ListItem","position":3,"name":"Kett Husqvarna X-CUT 20&#8243; .325 1.3"}]},{"@type":"WebSite","@id":"https:\/\/reginett.ee\/#website","url":"https:\/\/reginett.ee\/","name":"Reginett","description":"Parimad robotniidukid","potentialAction":[{"@type":"SearchAction","target":{"@type":"EntryPoint","urlTemplate":"https:\/\/reginett.ee\/?s={search_term_string}"},"query-input":{"@type":"PropertyValueSpecification","valueRequired":true,"valueName":"search_term_string"}}],"inLanguage":"ru-RU"}]}},"brands":[{"id":147,"name":"Husqvarna","slug":"husqvarna"}],"_links":{"self":[{"href":"https:\/\/reginett.ee\/ru\/wp-json\/wp\/v2\/product\/52693","targetHints":{"allow":["GET"]}}],"collection":[{"href":"https:\/\/reginett.ee\/ru\/wp-json\/wp\/v2\/product"}],"about":[{"href":"https:\/\/reginett.ee\/ru\/wp-json\/wp\/v2\/types\/product"}],"replies":[{"embeddable":true,"href":"https:\/\/reginett.ee\/ru\/wp-json\/wp\/v2\/comments?post=52693"}],"wp:featuredmedia":[{"embeddable":true,"href":"https:\/\/reginett.ee\/ru\/wp-json\/wp\/v2\/media\/52750"}],"wp:attachment":[{"href":"https:\/\/reginett.ee\/ru\/wp-json\/wp\/v2\/media?parent=52693"}],"wp:term":[{"taxonomy":"pwb-brand","embeddable":true,"href":"https:\/\/reginett.ee\/ru\/wp-json\/wp\/v2\/pwb-brand?post=52693"},{"taxonomy":"product_brand","embeddable":true,"href":"https:\/\/reginett.ee\/ru\/wp-json\/wp\/v2\/product_brand?post=52693"},{"taxonomy":"product_cat","embeddable":true,"href":"https:\/\/reginett.ee\/ru\/wp-json\/wp\/v2\/product_cat?post=52693"},{"taxonomy":"product_tag","embeddable":true,"href":"https:\/\/reginett.ee\/ru\/wp-json\/wp\/v2\/product_tag?post=52693"}],"curies":[{"name":"wp","href":"https:\/\/api.w.org\/{rel}","templated":true}]}}