{"id":52676,"date":"2020-11-23T11:32:29","date_gmt":"2020-11-23T11:32:29","guid":{"rendered":"https:\/\/reginett.ee\/?post_type=product&#038;p=52676"},"modified":"2024-01-15T16:42:41","modified_gmt":"2024-01-15T13:42:41","slug":"saapamaare-husqvarna","status":"publish","type":"product","link":"https:\/\/reginett.ee\/ru\/toode\/saapamaare-husqvarna\/","title":{"rendered":"Saapam\u00e4\u00e4re Husqvarna"},"content":{"rendered":"<p>Husqvarna saapam\u00e4\u00e4re hoiab naha pehme ning kindlustab vastupidavuse vee- ja mustuse vastu. Sisaldab villarasvu, mesilasvaha, vaseliini ja naaritsa\u00f5li.<\/p>\n<div class=\"box\">\n<div class=\"row spec\">\n<div class=\"col-sm-4 value\"><\/div>\n<\/div>\n<\/div>\n","protected":false},"excerpt":{"rendered":"<p>Husqvarna saapam\u00e4\u00e4re hoiab naha pehme ning kindlustab vastupidavuse vee- ja mustuse vastu. Sisaldab villarasvu, mesilasvaha, vaseliini ja naaritsa\u00f5li.<\/p>\n","protected":false},"featured_media":52677,"comment_status":"open","ping_status":"closed","template":"","meta":{"_acf_changed":false,"_et_pb_use_builder":"","_et_pb_old_content":"","_et_gb_content_width":"","inline_featured_image":false},"pwb-brand":[],"product_brand":[],"product_cat":[37,32,27],"product_tag":[124,172,173],"class_list":{"0":"post-52676","1":"product","2":"type-product","3":"status-publish","4":"has-post-thumbnail","6":"product_cat-husqvarna","7":"product_cat-riided-ja-kaitsevahendid","8":"product_cat-tooriistad-ja-tarvikud","9":"product_tag-kaitsevarustus","10":"product_tag-saapad","11":"product_tag-saapamaare","13":"first","14":"instock","15":"shipping-taxable","16":"purchasable","17":"product-type-simple"},"acf":[],"yoast_head":"<!-- This site is optimized with the Yoast SEO plugin v26.6 - https:\/\/yoast.com\/wordpress\/plugins\/seo\/ -->\n<title>Saapam\u00e4\u00e4re Husqvarna - Reginett<\/title>\n<meta name=\"robots\" content=\"index, follow, max-snippet:-1, max-image-preview:large, max-video-preview:-1\" \/>\n<link rel=\"canonical\" href=\"https:\/\/reginett.ee\/toode\/saapamaare-husqvarna\/\" \/>\n<meta property=\"og:locale\" content=\"ru_RU\" \/>\n<meta property=\"og:type\" content=\"article\" \/>\n<meta property=\"og:title\" content=\"Saapam\u00e4\u00e4re Husqvarna - Reginett\" \/>\n<meta property=\"og:description\" content=\"Husqvarna saapam\u00e4\u00e4re hoiab naha pehme ning kindlustab vastupidavuse vee- ja mustuse vastu. Sisaldab villarasvu, mesilasvaha, vaseliini ja naaritsa\u00f5li.\" \/>\n<meta property=\"og:url\" content=\"https:\/\/reginett.ee\/toode\/saapamaare-husqvarna\/\" \/>\n<meta property=\"og:site_name\" content=\"Reginett\" \/>\n<meta property=\"article:modified_time\" content=\"2024-01-15T13:42:41+00:00\" \/>\n<meta property=\"og:image\" content=\"https:\/\/reginett.ee\/wp-content\/uploads\/2020\/11\/Saapamaare-Husqvarna-scaled.jpg\" \/>\n\t<meta property=\"og:image:width\" content=\"2560\" \/>\n\t<meta property=\"og:image:height\" content=\"1574\" \/>\n\t<meta property=\"og:image:type\" content=\"image\/jpeg\" \/>\n<meta name=\"twitter:card\" content=\"summary_large_image\" \/>\n<script type=\"application\/ld+json\" class=\"yoast-schema-graph\">{\"@context\":\"https:\/\/schema.org\",\"@graph\":[{\"@type\":\"WebPage\",\"@id\":\"https:\/\/reginett.ee\/toode\/saapamaare-husqvarna\/\",\"url\":\"https:\/\/reginett.ee\/toode\/saapamaare-husqvarna\/\",\"name\":\"Saapam\u00e4\u00e4re Husqvarna - Reginett\",\"isPartOf\":{\"@id\":\"https:\/\/reginett.ee\/#website\"},\"primaryImageOfPage\":{\"@id\":\"https:\/\/reginett.ee\/toode\/saapamaare-husqvarna\/#primaryimage\"},\"image\":{\"@id\":\"https:\/\/reginett.ee\/toode\/saapamaare-husqvarna\/#primaryimage\"},\"thumbnailUrl\":\"https:\/\/reginett.ee\/wp-content\/uploads\/2020\/11\/Saapamaare-Husqvarna-scaled.jpg\",\"datePublished\":\"2020-11-23T11:32:29+00:00\",\"dateModified\":\"2024-01-15T13:42:41+00:00\",\"breadcrumb\":{\"@id\":\"https:\/\/reginett.ee\/toode\/saapamaare-husqvarna\/#breadcrumb\"},\"inLanguage\":\"ru-RU\",\"potentialAction\":[{\"@type\":\"ReadAction\",\"target\":[\"https:\/\/reginett.ee\/toode\/saapamaare-husqvarna\/\"]}]},{\"@type\":\"ImageObject\",\"inLanguage\":\"ru-RU\",\"@id\":\"https:\/\/reginett.ee\/toode\/saapamaare-husqvarna\/#primaryimage\",\"url\":\"https:\/\/reginett.ee\/wp-content\/uploads\/2020\/11\/Saapamaare-Husqvarna-scaled.jpg\",\"contentUrl\":\"https:\/\/reginett.ee\/wp-content\/uploads\/2020\/11\/Saapamaare-Husqvarna-scaled.jpg\",\"width\":2560,\"height\":1574,\"caption\":\"Saapam\u00e4\u00e4re Husqvarna\"},{\"@type\":\"BreadcrumbList\",\"@id\":\"https:\/\/reginett.ee\/toode\/saapamaare-husqvarna\/#breadcrumb\",\"itemListElement\":[{\"@type\":\"ListItem\",\"position\":1,\"name\":\"Home\",\"item\":\"https:\/\/reginett.ee\/ru\/\"},{\"@type\":\"ListItem\",\"position\":2,\"name\":\"Tooted\",\"item\":\"https:\/\/reginett.ee\/tooted\/\"},{\"@type\":\"ListItem\",\"position\":3,\"name\":\"Saapam\u00e4\u00e4re Husqvarna\"}]},{\"@type\":\"WebSite\",\"@id\":\"https:\/\/reginett.ee\/#website\",\"url\":\"https:\/\/reginett.ee\/\",\"name\":\"Reginett\",\"description\":\"Parimad robotniidukid\",\"potentialAction\":[{\"@type\":\"SearchAction\",\"target\":{\"@type\":\"EntryPoint\",\"urlTemplate\":\"https:\/\/reginett.ee\/?s={search_term_string}\"},\"query-input\":{\"@type\":\"PropertyValueSpecification\",\"valueRequired\":true,\"valueName\":\"search_term_string\"}}],\"inLanguage\":\"ru-RU\"}]}<\/script>\n<!-- \/ Yoast SEO plugin. -->","yoast_head_json":{"title":"Saapam\u00e4\u00e4re Husqvarna - Reginett","robots":{"index":"index","follow":"follow","max-snippet":"max-snippet:-1","max-image-preview":"max-image-preview:large","max-video-preview":"max-video-preview:-1"},"canonical":"https:\/\/reginett.ee\/toode\/saapamaare-husqvarna\/","og_locale":"ru_RU","og_type":"article","og_title":"Saapam\u00e4\u00e4re Husqvarna - Reginett","og_description":"Husqvarna saapam\u00e4\u00e4re hoiab naha pehme ning kindlustab vastupidavuse vee- ja mustuse vastu. Sisaldab villarasvu, mesilasvaha, vaseliini ja naaritsa\u00f5li.","og_url":"https:\/\/reginett.ee\/toode\/saapamaare-husqvarna\/","og_site_name":"Reginett","article_modified_time":"2024-01-15T13:42:41+00:00","og_image":[{"width":2560,"height":1574,"url":"https:\/\/reginett.ee\/wp-content\/uploads\/2020\/11\/Saapamaare-Husqvarna-scaled.jpg","type":"image\/jpeg"}],"twitter_card":"summary_large_image","schema":{"@context":"https:\/\/schema.org","@graph":[{"@type":"WebPage","@id":"https:\/\/reginett.ee\/toode\/saapamaare-husqvarna\/","url":"https:\/\/reginett.ee\/toode\/saapamaare-husqvarna\/","name":"Saapam\u00e4\u00e4re Husqvarna - Reginett","isPartOf":{"@id":"https:\/\/reginett.ee\/#website"},"primaryImageOfPage":{"@id":"https:\/\/reginett.ee\/toode\/saapamaare-husqvarna\/#primaryimage"},"image":{"@id":"https:\/\/reginett.ee\/toode\/saapamaare-husqvarna\/#primaryimage"},"thumbnailUrl":"https:\/\/reginett.ee\/wp-content\/uploads\/2020\/11\/Saapamaare-Husqvarna-scaled.jpg","datePublished":"2020-11-23T11:32:29+00:00","dateModified":"2024-01-15T13:42:41+00:00","breadcrumb":{"@id":"https:\/\/reginett.ee\/toode\/saapamaare-husqvarna\/#breadcrumb"},"inLanguage":"ru-RU","potentialAction":[{"@type":"ReadAction","target":["https:\/\/reginett.ee\/toode\/saapamaare-husqvarna\/"]}]},{"@type":"ImageObject","inLanguage":"ru-RU","@id":"https:\/\/reginett.ee\/toode\/saapamaare-husqvarna\/#primaryimage","url":"https:\/\/reginett.ee\/wp-content\/uploads\/2020\/11\/Saapamaare-Husqvarna-scaled.jpg","contentUrl":"https:\/\/reginett.ee\/wp-content\/uploads\/2020\/11\/Saapamaare-Husqvarna-scaled.jpg","width":2560,"height":1574,"caption":"Saapam\u00e4\u00e4re Husqvarna"},{"@type":"BreadcrumbList","@id":"https:\/\/reginett.ee\/toode\/saapamaare-husqvarna\/#breadcrumb","itemListElement":[{"@type":"ListItem","position":1,"name":"Home","item":"https:\/\/reginett.ee\/ru\/"},{"@type":"ListItem","position":2,"name":"Tooted","item":"https:\/\/reginett.ee\/tooted\/"},{"@type":"ListItem","position":3,"name":"Saapam\u00e4\u00e4re Husqvarna"}]},{"@type":"WebSite","@id":"https:\/\/reginett.ee\/#website","url":"https:\/\/reginett.ee\/","name":"Reginett","description":"Parimad robotniidukid","potentialAction":[{"@type":"SearchAction","target":{"@type":"EntryPoint","urlTemplate":"https:\/\/reginett.ee\/?s={search_term_string}"},"query-input":{"@type":"PropertyValueSpecification","valueRequired":true,"valueName":"search_term_string"}}],"inLanguage":"ru-RU"}]}},"brands":[],"_links":{"self":[{"href":"https:\/\/reginett.ee\/ru\/wp-json\/wp\/v2\/product\/52676","targetHints":{"allow":["GET"]}}],"collection":[{"href":"https:\/\/reginett.ee\/ru\/wp-json\/wp\/v2\/product"}],"about":[{"href":"https:\/\/reginett.ee\/ru\/wp-json\/wp\/v2\/types\/product"}],"replies":[{"embeddable":true,"href":"https:\/\/reginett.ee\/ru\/wp-json\/wp\/v2\/comments?post=52676"}],"wp:featuredmedia":[{"embeddable":true,"href":"https:\/\/reginett.ee\/ru\/wp-json\/wp\/v2\/media\/52677"}],"wp:attachment":[{"href":"https:\/\/reginett.ee\/ru\/wp-json\/wp\/v2\/media?parent=52676"}],"wp:term":[{"taxonomy":"pwb-brand","embeddable":true,"href":"https:\/\/reginett.ee\/ru\/wp-json\/wp\/v2\/pwb-brand?post=52676"},{"taxonomy":"product_brand","embeddable":true,"href":"https:\/\/reginett.ee\/ru\/wp-json\/wp\/v2\/product_brand?post=52676"},{"taxonomy":"product_cat","embeddable":true,"href":"https:\/\/reginett.ee\/ru\/wp-json\/wp\/v2\/product_cat?post=52676"},{"taxonomy":"product_tag","embeddable":true,"href":"https:\/\/reginett.ee\/ru\/wp-json\/wp\/v2\/product_tag?post=52676"}],"curies":[{"name":"wp","href":"https:\/\/api.w.org\/{rel}","templated":true}]}}