{"id":52671,"date":"2020-11-23T10:22:12","date_gmt":"2020-11-23T07:22:12","guid":{"rendered":"https:\/\/reginett.ee\/?post_type=product&#038;p=52671"},"modified":"2023-02-06T18:21:08","modified_gmt":"2023-02-06T15:21:08","slug":"juhtplaat-husqvarna-15%e2%80%b3-325-15","status":"publish","type":"product","link":"https:\/\/reginett.ee\/ru\/toode\/juhtplaat-husqvarna-15%e2%80%b3-325-15\/","title":{"rendered":"Juhtplaat Husqvarna 15\u2033 325 1,5"},"content":{"rendered":"<p>Suurem vastupidavus, kergem kaal ja suurep\u00e4rased l\u00f5ikeomadused &#8212; uued Husqvarna X-Force juhtplaadid on v\u00e4lja t\u00f6\u00f6tatud just X-CUT ketiga t\u00f6\u00f6tamiseks, et tagada parim v\u00f5imalik j\u00f5udlus. Optimeeritud profiil ja kinnised otsat\u00e4hiku laagrid v\u00e4hendavad kulumist.<\/p>\n","protected":false},"excerpt":{"rendered":"<p>Suurem vastupidavus, kergem kaal ja suurep\u00e4rased l\u00f5ikeomadused &#8212; uued Husqvarna X-Force juhtplaadid on v\u00e4lja t\u00f6\u00f6tatud just X-CUT ketiga t\u00f6\u00f6tamiseks, et tagada parim v\u00f5imalik j\u00f5udlus.<\/p>\n","protected":false},"featured_media":52752,"comment_status":"open","ping_status":"closed","template":"","meta":{"_acf_changed":false,"_et_pb_use_builder":"","_et_pb_old_content":"","_et_gb_content_width":"","inline_featured_image":false},"pwb-brand":[147],"product_brand":[],"product_cat":[37,27],"product_tag":[171,182,180,181,61,62],"class_list":{"0":"post-52671","1":"product","2":"type-product","3":"status-publish","4":"has-post-thumbnail","6":"pwb-brand-husqvarna","7":"product_cat-husqvarna","8":"product_cat-tooriistad-ja-tarvikud","9":"product_tag-husqvarna-plaat","10":"product_tag-juhtplaadid-saele","11":"product_tag-juhtplaat","12":"product_tag-kett-ja-plaat","13":"product_tag-kettsaag","14":"product_tag-mootorsaag","16":"first","17":"instock","18":"shipping-taxable","19":"purchasable","20":"product-type-simple"},"acf":[],"yoast_head":"<!-- This site is optimized with the Yoast SEO plugin v26.6 - https:\/\/yoast.com\/wordpress\/plugins\/seo\/ -->\n<title>Juhtplaat Husqvarna 15\u2033 325 1,5 - Reginett<\/title>\n<meta name=\"robots\" content=\"index, follow, max-snippet:-1, max-image-preview:large, max-video-preview:-1\" \/>\n<link rel=\"canonical\" href=\"https:\/\/reginett.ee\/toode\/juhtplaat-husqvarna-15\u2033-325-15\/\" \/>\n<meta property=\"og:locale\" content=\"ru_RU\" \/>\n<meta property=\"og:type\" content=\"article\" \/>\n<meta property=\"og:title\" content=\"Juhtplaat Husqvarna 15\u2033 325 1,5 - Reginett\" \/>\n<meta property=\"og:description\" content=\"Suurem vastupidavus, kergem kaal ja suurep\u00e4rased l\u00f5ikeomadused - uued Husqvarna X-Force juhtplaadid on v\u00e4lja t\u00f6\u00f6tatud just X-CUT ketiga t\u00f6\u00f6tamiseks, et tagada parim v\u00f5imalik j\u00f5udlus.\" \/>\n<meta property=\"og:url\" content=\"https:\/\/reginett.ee\/toode\/juhtplaat-husqvarna-15\u2033-325-15\/\" \/>\n<meta property=\"og:site_name\" content=\"Reginett\" \/>\n<meta property=\"article:modified_time\" content=\"2023-02-06T15:21:08+00:00\" \/>\n<meta property=\"og:image\" content=\"https:\/\/reginett.ee\/wp-content\/uploads\/2020\/11\/juhtplaat-H410-1339.jpg\" \/>\n\t<meta property=\"og:image:width\" content=\"680\" \/>\n\t<meta property=\"og:image:height\" content=\"372\" \/>\n\t<meta property=\"og:image:type\" content=\"image\/jpeg\" \/>\n<meta name=\"twitter:card\" content=\"summary_large_image\" \/>\n<script type=\"application\/ld+json\" class=\"yoast-schema-graph\">{\"@context\":\"https:\/\/schema.org\",\"@graph\":[{\"@type\":\"WebPage\",\"@id\":\"https:\/\/reginett.ee\/toode\/juhtplaat-husqvarna-15%e2%80%b3-325-15\/\",\"url\":\"https:\/\/reginett.ee\/toode\/juhtplaat-husqvarna-15%e2%80%b3-325-15\/\",\"name\":\"Juhtplaat Husqvarna 15\u2033 325 1,5 - Reginett\",\"isPartOf\":{\"@id\":\"https:\/\/reginett.ee\/#website\"},\"primaryImageOfPage\":{\"@id\":\"https:\/\/reginett.ee\/toode\/juhtplaat-husqvarna-15%e2%80%b3-325-15\/#primaryimage\"},\"image\":{\"@id\":\"https:\/\/reginett.ee\/toode\/juhtplaat-husqvarna-15%e2%80%b3-325-15\/#primaryimage\"},\"thumbnailUrl\":\"https:\/\/reginett.ee\/wp-content\/uploads\/2020\/11\/juhtplaat-H410-1339.jpg\",\"datePublished\":\"2020-11-23T07:22:12+00:00\",\"dateModified\":\"2023-02-06T15:21:08+00:00\",\"breadcrumb\":{\"@id\":\"https:\/\/reginett.ee\/toode\/juhtplaat-husqvarna-15%e2%80%b3-325-15\/#breadcrumb\"},\"inLanguage\":\"ru-RU\",\"potentialAction\":[{\"@type\":\"ReadAction\",\"target\":[\"https:\/\/reginett.ee\/toode\/juhtplaat-husqvarna-15%e2%80%b3-325-15\/\"]}]},{\"@type\":\"ImageObject\",\"inLanguage\":\"ru-RU\",\"@id\":\"https:\/\/reginett.ee\/toode\/juhtplaat-husqvarna-15%e2%80%b3-325-15\/#primaryimage\",\"url\":\"https:\/\/reginett.ee\/wp-content\/uploads\/2020\/11\/juhtplaat-H410-1339.jpg\",\"contentUrl\":\"https:\/\/reginett.ee\/wp-content\/uploads\/2020\/11\/juhtplaat-H410-1339.jpg\",\"width\":680,\"height\":372,\"caption\":\"juhtplaat H410-1339\"},{\"@type\":\"BreadcrumbList\",\"@id\":\"https:\/\/reginett.ee\/toode\/juhtplaat-husqvarna-15%e2%80%b3-325-15\/#breadcrumb\",\"itemListElement\":[{\"@type\":\"ListItem\",\"position\":1,\"name\":\"Home\",\"item\":\"https:\/\/reginett.ee\/ru\/\"},{\"@type\":\"ListItem\",\"position\":2,\"name\":\"Tooted\",\"item\":\"https:\/\/reginett.ee\/tooted\/\"},{\"@type\":\"ListItem\",\"position\":3,\"name\":\"Juhtplaat Husqvarna 15\u2033 325 1,5\"}]},{\"@type\":\"WebSite\",\"@id\":\"https:\/\/reginett.ee\/#website\",\"url\":\"https:\/\/reginett.ee\/\",\"name\":\"Reginett\",\"description\":\"Parimad robotniidukid\",\"potentialAction\":[{\"@type\":\"SearchAction\",\"target\":{\"@type\":\"EntryPoint\",\"urlTemplate\":\"https:\/\/reginett.ee\/?s={search_term_string}\"},\"query-input\":{\"@type\":\"PropertyValueSpecification\",\"valueRequired\":true,\"valueName\":\"search_term_string\"}}],\"inLanguage\":\"ru-RU\"}]}<\/script>\n<!-- \/ Yoast SEO plugin. -->","yoast_head_json":{"title":"Juhtplaat Husqvarna 15\u2033 325 1,5 - Reginett","robots":{"index":"index","follow":"follow","max-snippet":"max-snippet:-1","max-image-preview":"max-image-preview:large","max-video-preview":"max-video-preview:-1"},"canonical":"https:\/\/reginett.ee\/toode\/juhtplaat-husqvarna-15\u2033-325-15\/","og_locale":"ru_RU","og_type":"article","og_title":"Juhtplaat Husqvarna 15\u2033 325 1,5 - Reginett","og_description":"Suurem vastupidavus, kergem kaal ja suurep\u00e4rased l\u00f5ikeomadused - uued Husqvarna X-Force juhtplaadid on v\u00e4lja t\u00f6\u00f6tatud just X-CUT ketiga t\u00f6\u00f6tamiseks, et tagada parim v\u00f5imalik j\u00f5udlus.","og_url":"https:\/\/reginett.ee\/toode\/juhtplaat-husqvarna-15\u2033-325-15\/","og_site_name":"Reginett","article_modified_time":"2023-02-06T15:21:08+00:00","og_image":[{"width":680,"height":372,"url":"https:\/\/reginett.ee\/wp-content\/uploads\/2020\/11\/juhtplaat-H410-1339.jpg","type":"image\/jpeg"}],"twitter_card":"summary_large_image","schema":{"@context":"https:\/\/schema.org","@graph":[{"@type":"WebPage","@id":"https:\/\/reginett.ee\/toode\/juhtplaat-husqvarna-15%e2%80%b3-325-15\/","url":"https:\/\/reginett.ee\/toode\/juhtplaat-husqvarna-15%e2%80%b3-325-15\/","name":"Juhtplaat Husqvarna 15\u2033 325 1,5 - Reginett","isPartOf":{"@id":"https:\/\/reginett.ee\/#website"},"primaryImageOfPage":{"@id":"https:\/\/reginett.ee\/toode\/juhtplaat-husqvarna-15%e2%80%b3-325-15\/#primaryimage"},"image":{"@id":"https:\/\/reginett.ee\/toode\/juhtplaat-husqvarna-15%e2%80%b3-325-15\/#primaryimage"},"thumbnailUrl":"https:\/\/reginett.ee\/wp-content\/uploads\/2020\/11\/juhtplaat-H410-1339.jpg","datePublished":"2020-11-23T07:22:12+00:00","dateModified":"2023-02-06T15:21:08+00:00","breadcrumb":{"@id":"https:\/\/reginett.ee\/toode\/juhtplaat-husqvarna-15%e2%80%b3-325-15\/#breadcrumb"},"inLanguage":"ru-RU","potentialAction":[{"@type":"ReadAction","target":["https:\/\/reginett.ee\/toode\/juhtplaat-husqvarna-15%e2%80%b3-325-15\/"]}]},{"@type":"ImageObject","inLanguage":"ru-RU","@id":"https:\/\/reginett.ee\/toode\/juhtplaat-husqvarna-15%e2%80%b3-325-15\/#primaryimage","url":"https:\/\/reginett.ee\/wp-content\/uploads\/2020\/11\/juhtplaat-H410-1339.jpg","contentUrl":"https:\/\/reginett.ee\/wp-content\/uploads\/2020\/11\/juhtplaat-H410-1339.jpg","width":680,"height":372,"caption":"juhtplaat H410-1339"},{"@type":"BreadcrumbList","@id":"https:\/\/reginett.ee\/toode\/juhtplaat-husqvarna-15%e2%80%b3-325-15\/#breadcrumb","itemListElement":[{"@type":"ListItem","position":1,"name":"Home","item":"https:\/\/reginett.ee\/ru\/"},{"@type":"ListItem","position":2,"name":"Tooted","item":"https:\/\/reginett.ee\/tooted\/"},{"@type":"ListItem","position":3,"name":"Juhtplaat Husqvarna 15\u2033 325 1,5"}]},{"@type":"WebSite","@id":"https:\/\/reginett.ee\/#website","url":"https:\/\/reginett.ee\/","name":"Reginett","description":"Parimad robotniidukid","potentialAction":[{"@type":"SearchAction","target":{"@type":"EntryPoint","urlTemplate":"https:\/\/reginett.ee\/?s={search_term_string}"},"query-input":{"@type":"PropertyValueSpecification","valueRequired":true,"valueName":"search_term_string"}}],"inLanguage":"ru-RU"}]}},"brands":[{"id":147,"name":"Husqvarna","slug":"husqvarna"}],"_links":{"self":[{"href":"https:\/\/reginett.ee\/ru\/wp-json\/wp\/v2\/product\/52671","targetHints":{"allow":["GET"]}}],"collection":[{"href":"https:\/\/reginett.ee\/ru\/wp-json\/wp\/v2\/product"}],"about":[{"href":"https:\/\/reginett.ee\/ru\/wp-json\/wp\/v2\/types\/product"}],"replies":[{"embeddable":true,"href":"https:\/\/reginett.ee\/ru\/wp-json\/wp\/v2\/comments?post=52671"}],"wp:featuredmedia":[{"embeddable":true,"href":"https:\/\/reginett.ee\/ru\/wp-json\/wp\/v2\/media\/52752"}],"wp:attachment":[{"href":"https:\/\/reginett.ee\/ru\/wp-json\/wp\/v2\/media?parent=52671"}],"wp:term":[{"taxonomy":"pwb-brand","embeddable":true,"href":"https:\/\/reginett.ee\/ru\/wp-json\/wp\/v2\/pwb-brand?post=52671"},{"taxonomy":"product_brand","embeddable":true,"href":"https:\/\/reginett.ee\/ru\/wp-json\/wp\/v2\/product_brand?post=52671"},{"taxonomy":"product_cat","embeddable":true,"href":"https:\/\/reginett.ee\/ru\/wp-json\/wp\/v2\/product_cat?post=52671"},{"taxonomy":"product_tag","embeddable":true,"href":"https:\/\/reginett.ee\/ru\/wp-json\/wp\/v2\/product_tag?post=52671"}],"curies":[{"name":"wp","href":"https:\/\/api.w.org\/{rel}","templated":true}]}}