{"id":52665,"date":"2020-11-23T09:42:16","date_gmt":"2020-11-23T09:42:16","guid":{"rendered":"https:\/\/reginett.ee\/?post_type=product&#038;p=52665"},"modified":"2024-09-23T11:00:47","modified_gmt":"2024-09-23T08:00:47","slug":"kindad-husqvarna-technical","status":"publish","type":"product","link":"https:\/\/reginett.ee\/ru\/toode\/kindad-husqvarna-technical\/","title":{"rendered":"Kindad Husqvarna Technical"},"content":{"rendered":"<p>Mugavad Husqvarna Technical kindad kitsenahaga peopesas; Jersey kangas, hall veniv kangas ja tugevdatud spandeks kangas kinda pealisosas. Kitsenahk t\u00f5rjub h\u00e4sti niiskust, kuna sisaldab looduslikku rasva ja on seet\u00f5ttu sobilik n\u00f5udlikeks t\u00f6\u00f6deks. Kahekordselt l\u00e4bi\u00f5mmeldud j\u00e4rgides k\u00e4e kuju. Madal takjakinnitusega reguleeritav veniv randmeosa.<\/p>\n<div class=\"col-sm-3 description\">\n<h3 class=\"h4 description-headline\">Mugavad \u00f5mblused<\/h3>\n<div class=\"description-text-wrapper\"><span class=\"description-text\">Peopesa kitsenahast. Mugavad \u00f5mblused, p\u00f6idlosa topelt\u00f5mblusega, mis j\u00e4rgib k\u00e4e kuju. <\/span><\/div>\n<div>\n<div class=\"col-sm-3 description\">\n<h3 class=\"h4 description-headline\">Froteeriie<\/h3>\n<div class=\"description-text-wrapper\"><span class=\"description-text\">Frotee materjal p\u00f6idlaosas nina ja n\u00e4o p\u00fchkimisek.<\/span><\/div>\n<div>\n<div class=\"col-sm-3 description\">\n<h3 class=\"h4 description-headline\">Takjakinnitusega<\/h3>\n<div class=\"description-text-wrapper\"><span class=\"description-text\">Mugavuse tagamiseks ja heaks istuvuseks k\u00e4es on randmeosa suletav takjakinnitusega. <\/span><\/div>\n<div>\n<div class=\"col-sm-3 description\">\n<h3 class=\"h4 description-headline\">Helkur \u00e4\u00e4rispael<\/h3>\n<div class=\"description-text-wrapper\"><span class=\"description-text\">Helenduvast materjalist \u00e4\u00e4rispael n\u00e4htavuse tagamiseks pimedas ja h\u00e4maras. <\/span><\/div>\n<div><\/div>\n<h3>Tugevdatud p\u00e4\u00e4stiku s\u00f5rmeosa<\/h3>\n<div>Tugevdatud p\u00e4\u00e4stiku s\u00f5rm on kitsenahast.<\/div>\n<div><\/div>\n<h3>Cat II<\/h3>\n<div>Heaks kiidetud vastavalt EN 388 mehaanika ohutusn\u00f5uetele CAT II.<\/div>\n<\/div>\n<\/div>\n<\/div>\n<\/div>\n<div><\/div>\n<\/div>\n<\/div>\n<\/div>\n","protected":false},"excerpt":{"rendered":"<p>Mugavad Husqvarna Technical kindad kitsenahaga peopesas; Jersey kangas, hall veniv kangas ja tugevdatud spandeks kangas kinda pealisosas. Kitsenahk t\u00f5rjub h\u00e4sti niiskust, kuna sisaldab looduslikku rasva ja on seet\u00f5ttu sobilik n\u00f5udlikeks t\u00f6\u00f6deks. Kahekordselt l\u00e4bi\u00f5mmeldud j\u00e4rgides k\u00e4e kuju. Madal takjakinnitusega reguleeritav veniv randmeosa.<\/p>\n","protected":false},"featured_media":52803,"comment_status":"open","ping_status":"closed","template":"","meta":{"_acf_changed":false,"_et_pb_use_builder":"","_et_pb_old_content":"","_et_gb_content_width":"","inline_featured_image":false},"pwb-brand":[],"product_brand":[],"product_cat":[37,32],"product_tag":[131,124,166],"class_list":{"0":"post-52665","1":"product","2":"type-product","3":"status-publish","4":"has-post-thumbnail","6":"product_cat-husqvarna","7":"product_cat-riided-ja-kaitsevahendid","8":"product_tag-kaitseriided","9":"product_tag-kaitsevarustus","10":"product_tag-kindad","12":"first","13":"outofstock","14":"shipping-taxable","15":"purchasable","16":"product-type-variable"},"acf":[],"yoast_head":"<!-- This site is optimized with the Yoast SEO plugin v26.6 - https:\/\/yoast.com\/wordpress\/plugins\/seo\/ -->\n<title>Kindad Husqvarna Technical - Reginett<\/title>\n<meta name=\"robots\" content=\"index, follow, max-snippet:-1, max-image-preview:large, max-video-preview:-1\" \/>\n<link rel=\"canonical\" href=\"https:\/\/reginett.ee\/ru\/toode\/kindad-husqvarna-technical\/\" \/>\n<meta property=\"og:locale\" content=\"ru_RU\" \/>\n<meta property=\"og:type\" content=\"article\" \/>\n<meta property=\"og:title\" content=\"Kindad Husqvarna Technical - Reginett\" \/>\n<meta property=\"og:description\" content=\"Mugavad Husqvarna Technical kindad kitsenahaga peopesas; Jersey kangas, hall veniv kangas ja tugevdatud spandeks kangas kinda pealisosas. Kitsenahk t\u00f5rjub h\u00e4sti niiskust, kuna sisaldab looduslikku rasva ja on seet\u00f5ttu sobilik n\u00f5udlikeks t\u00f6\u00f6deks. Kahekordselt l\u00e4bi\u00f5mmeldud j\u00e4rgides k\u00e4e kuju. Madal takjakinnitusega reguleeritav veniv randmeosa.\" \/>\n<meta property=\"og:url\" content=\"https:\/\/reginett.ee\/ru\/toode\/kindad-husqvarna-technical\/\" \/>\n<meta property=\"og:site_name\" content=\"Reginett\" \/>\n<meta property=\"article:modified_time\" content=\"2024-09-23T08:00:47+00:00\" \/>\n<meta property=\"og:image\" content=\"https:\/\/reginett.ee\/wp-content\/uploads\/2020\/11\/Kindad-Technical.jpg\" \/>\n\t<meta property=\"og:image:width\" content=\"680\" \/>\n\t<meta property=\"og:image:height\" content=\"372\" \/>\n\t<meta property=\"og:image:type\" content=\"image\/jpeg\" \/>\n<meta name=\"twitter:card\" content=\"summary_large_image\" \/>\n<meta name=\"twitter:label1\" content=\"\u041f\u0440\u0438\u043c\u0435\u0440\u043d\u043e\u0435 \u0432\u0440\u0435\u043c\u044f \u0434\u043b\u044f \u0447\u0442\u0435\u043d\u0438\u044f\" \/>\n\t<meta name=\"twitter:data1\" content=\"1 \u043c\u0438\u043d\u0443\u0442\u0430\" \/>\n<script type=\"application\/ld+json\" class=\"yoast-schema-graph\">{\"@context\":\"https:\/\/schema.org\",\"@graph\":[{\"@type\":\"WebPage\",\"@id\":\"https:\/\/reginett.ee\/ru\/toode\/kindad-husqvarna-technical\/\",\"url\":\"https:\/\/reginett.ee\/ru\/toode\/kindad-husqvarna-technical\/\",\"name\":\"Kindad Husqvarna Technical - Reginett\",\"isPartOf\":{\"@id\":\"https:\/\/reginett.ee\/#website\"},\"primaryImageOfPage\":{\"@id\":\"https:\/\/reginett.ee\/ru\/toode\/kindad-husqvarna-technical\/#primaryimage\"},\"image\":{\"@id\":\"https:\/\/reginett.ee\/ru\/toode\/kindad-husqvarna-technical\/#primaryimage\"},\"thumbnailUrl\":\"https:\/\/reginett.ee\/wp-content\/uploads\/2020\/11\/Kindad-Technical.jpg\",\"datePublished\":\"2020-11-23T09:42:16+00:00\",\"dateModified\":\"2024-09-23T08:00:47+00:00\",\"breadcrumb\":{\"@id\":\"https:\/\/reginett.ee\/ru\/toode\/kindad-husqvarna-technical\/#breadcrumb\"},\"inLanguage\":\"ru-RU\",\"potentialAction\":[{\"@type\":\"ReadAction\",\"target\":[\"https:\/\/reginett.ee\/ru\/toode\/kindad-husqvarna-technical\/\"]}]},{\"@type\":\"ImageObject\",\"inLanguage\":\"ru-RU\",\"@id\":\"https:\/\/reginett.ee\/ru\/toode\/kindad-husqvarna-technical\/#primaryimage\",\"url\":\"https:\/\/reginett.ee\/wp-content\/uploads\/2020\/11\/Kindad-Technical.jpg\",\"contentUrl\":\"https:\/\/reginett.ee\/wp-content\/uploads\/2020\/11\/Kindad-Technical.jpg\",\"width\":680,\"height\":372,\"caption\":\"Kindad Technical\"},{\"@type\":\"BreadcrumbList\",\"@id\":\"https:\/\/reginett.ee\/ru\/toode\/kindad-husqvarna-technical\/#breadcrumb\",\"itemListElement\":[{\"@type\":\"ListItem\",\"position\":1,\"name\":\"Home\",\"item\":\"https:\/\/reginett.ee\/ru\/\"},{\"@type\":\"ListItem\",\"position\":2,\"name\":\"Tooted\",\"item\":\"https:\/\/reginett.ee\/tooted\/\"},{\"@type\":\"ListItem\",\"position\":3,\"name\":\"Kindad Husqvarna Technical\"}]},{\"@type\":\"WebSite\",\"@id\":\"https:\/\/reginett.ee\/#website\",\"url\":\"https:\/\/reginett.ee\/\",\"name\":\"Reginett\",\"description\":\"Parimad robotniidukid\",\"potentialAction\":[{\"@type\":\"SearchAction\",\"target\":{\"@type\":\"EntryPoint\",\"urlTemplate\":\"https:\/\/reginett.ee\/?s={search_term_string}\"},\"query-input\":{\"@type\":\"PropertyValueSpecification\",\"valueRequired\":true,\"valueName\":\"search_term_string\"}}],\"inLanguage\":\"ru-RU\"}]}<\/script>\n<!-- \/ Yoast SEO plugin. -->","yoast_head_json":{"title":"Kindad Husqvarna Technical - Reginett","robots":{"index":"index","follow":"follow","max-snippet":"max-snippet:-1","max-image-preview":"max-image-preview:large","max-video-preview":"max-video-preview:-1"},"canonical":"https:\/\/reginett.ee\/ru\/toode\/kindad-husqvarna-technical\/","og_locale":"ru_RU","og_type":"article","og_title":"Kindad Husqvarna Technical - Reginett","og_description":"Mugavad Husqvarna Technical kindad kitsenahaga peopesas; Jersey kangas, hall veniv kangas ja tugevdatud spandeks kangas kinda pealisosas. Kitsenahk t\u00f5rjub h\u00e4sti niiskust, kuna sisaldab looduslikku rasva ja on seet\u00f5ttu sobilik n\u00f5udlikeks t\u00f6\u00f6deks. Kahekordselt l\u00e4bi\u00f5mmeldud j\u00e4rgides k\u00e4e kuju. Madal takjakinnitusega reguleeritav veniv randmeosa.","og_url":"https:\/\/reginett.ee\/ru\/toode\/kindad-husqvarna-technical\/","og_site_name":"Reginett","article_modified_time":"2024-09-23T08:00:47+00:00","og_image":[{"width":680,"height":372,"url":"https:\/\/reginett.ee\/wp-content\/uploads\/2020\/11\/Kindad-Technical.jpg","type":"image\/jpeg"}],"twitter_card":"summary_large_image","twitter_misc":{"\u041f\u0440\u0438\u043c\u0435\u0440\u043d\u043e\u0435 \u0432\u0440\u0435\u043c\u044f \u0434\u043b\u044f \u0447\u0442\u0435\u043d\u0438\u044f":"1 \u043c\u0438\u043d\u0443\u0442\u0430"},"schema":{"@context":"https:\/\/schema.org","@graph":[{"@type":"WebPage","@id":"https:\/\/reginett.ee\/ru\/toode\/kindad-husqvarna-technical\/","url":"https:\/\/reginett.ee\/ru\/toode\/kindad-husqvarna-technical\/","name":"Kindad Husqvarna Technical - Reginett","isPartOf":{"@id":"https:\/\/reginett.ee\/#website"},"primaryImageOfPage":{"@id":"https:\/\/reginett.ee\/ru\/toode\/kindad-husqvarna-technical\/#primaryimage"},"image":{"@id":"https:\/\/reginett.ee\/ru\/toode\/kindad-husqvarna-technical\/#primaryimage"},"thumbnailUrl":"https:\/\/reginett.ee\/wp-content\/uploads\/2020\/11\/Kindad-Technical.jpg","datePublished":"2020-11-23T09:42:16+00:00","dateModified":"2024-09-23T08:00:47+00:00","breadcrumb":{"@id":"https:\/\/reginett.ee\/ru\/toode\/kindad-husqvarna-technical\/#breadcrumb"},"inLanguage":"ru-RU","potentialAction":[{"@type":"ReadAction","target":["https:\/\/reginett.ee\/ru\/toode\/kindad-husqvarna-technical\/"]}]},{"@type":"ImageObject","inLanguage":"ru-RU","@id":"https:\/\/reginett.ee\/ru\/toode\/kindad-husqvarna-technical\/#primaryimage","url":"https:\/\/reginett.ee\/wp-content\/uploads\/2020\/11\/Kindad-Technical.jpg","contentUrl":"https:\/\/reginett.ee\/wp-content\/uploads\/2020\/11\/Kindad-Technical.jpg","width":680,"height":372,"caption":"Kindad Technical"},{"@type":"BreadcrumbList","@id":"https:\/\/reginett.ee\/ru\/toode\/kindad-husqvarna-technical\/#breadcrumb","itemListElement":[{"@type":"ListItem","position":1,"name":"Home","item":"https:\/\/reginett.ee\/ru\/"},{"@type":"ListItem","position":2,"name":"Tooted","item":"https:\/\/reginett.ee\/tooted\/"},{"@type":"ListItem","position":3,"name":"Kindad Husqvarna Technical"}]},{"@type":"WebSite","@id":"https:\/\/reginett.ee\/#website","url":"https:\/\/reginett.ee\/","name":"Reginett","description":"Parimad robotniidukid","potentialAction":[{"@type":"SearchAction","target":{"@type":"EntryPoint","urlTemplate":"https:\/\/reginett.ee\/?s={search_term_string}"},"query-input":{"@type":"PropertyValueSpecification","valueRequired":true,"valueName":"search_term_string"}}],"inLanguage":"ru-RU"}]}},"brands":[],"_links":{"self":[{"href":"https:\/\/reginett.ee\/ru\/wp-json\/wp\/v2\/product\/52665","targetHints":{"allow":["GET"]}}],"collection":[{"href":"https:\/\/reginett.ee\/ru\/wp-json\/wp\/v2\/product"}],"about":[{"href":"https:\/\/reginett.ee\/ru\/wp-json\/wp\/v2\/types\/product"}],"replies":[{"embeddable":true,"href":"https:\/\/reginett.ee\/ru\/wp-json\/wp\/v2\/comments?post=52665"}],"wp:featuredmedia":[{"embeddable":true,"href":"https:\/\/reginett.ee\/ru\/wp-json\/wp\/v2\/media\/52803"}],"wp:attachment":[{"href":"https:\/\/reginett.ee\/ru\/wp-json\/wp\/v2\/media?parent=52665"}],"wp:term":[{"taxonomy":"pwb-brand","embeddable":true,"href":"https:\/\/reginett.ee\/ru\/wp-json\/wp\/v2\/pwb-brand?post=52665"},{"taxonomy":"product_brand","embeddable":true,"href":"https:\/\/reginett.ee\/ru\/wp-json\/wp\/v2\/product_brand?post=52665"},{"taxonomy":"product_cat","embeddable":true,"href":"https:\/\/reginett.ee\/ru\/wp-json\/wp\/v2\/product_cat?post=52665"},{"taxonomy":"product_tag","embeddable":true,"href":"https:\/\/reginett.ee\/ru\/wp-json\/wp\/v2\/product_tag?post=52665"}],"curies":[{"name":"wp","href":"https:\/\/api.w.org\/{rel}","templated":true}]}}