{"id":52651,"date":"2020-11-23T07:30:25","date_gmt":"2020-11-23T07:30:25","guid":{"rendered":"https:\/\/reginett.ee\/?post_type=product&#038;p=52651"},"modified":"2021-01-21T15:25:48","modified_gmt":"2021-01-21T15:25:48","slug":"kindad-husqvarna-functional","status":"publish","type":"product","link":"https:\/\/reginett.ee\/ru\/toode\/kindad-husqvarna-functional\/","title":{"rendered":"Kindad Husqvarna Functional"},"content":{"rendered":"<p>Husqvarna Functional kindad on mugavad kahekordse kitsenahaga peopesas, tugevdatud spandeks kangast pealisosaga ja nailon neopreen materjalist s\u00f5rmenukkidega. Kitsenahk t\u00f5rjub h\u00e4sti niiskust, kuna sisaldab looduslikku rasva ja on seet\u00f5ttu sobilik n\u00f5udlikeks t\u00f6\u00f6deks. Kootud randmeosa on takjakinnitusega fikseeritav.<\/p>\n<p>Saadaval suurused nr9, nr10, nr12. Tellimisel vali palun sobiv suurus!<\/p>\n<div class=\"col-sm-3 description\">\n<h3 class=\"h4 description-headline\">Mugavad \u00f5mblused<\/h3>\n<div class=\"description-text-wrapper\"><span class=\"description-text\">Peopesa kitsenahast. Mugavad \u00f5mblused, p\u00f6idlosa topelt\u00f5mblusega, mis j\u00e4rgib k\u00e4e kuju. <\/span><\/div>\n<div>\n<div class=\"col-sm-3 description\">\n<h3 class=\"h4 description-headline\">Tugevdatud p\u00e4\u00e4stiku s\u00f5rmeosa<\/h3>\n<div class=\"description-text-wrapper\"><span class=\"description-text\">Tugevdatud p\u00e4\u00e4stiku s\u00f5rm on kitsenahast. <\/span><\/div>\n<div>\n<div class=\"col-sm-3 description\">\n<h3 class=\"h4 description-headline\">Kitsenahast<\/h3>\n<div class=\"description-text-wrapper\"><span class=\"description-text\">Functional kindad on valmistatud vastupidavast nahast n\u00f5udlikule kasutajale. <\/span><\/div>\n<div>\n<div class=\"col-sm-3 description\">\n<h3 class=\"h4 description-headline\">Takjakinnitus ja mansett<\/h3>\n<div class=\"description-text-wrapper\"><span class=\"description-text\">Mansetiga randmeosa on pehmest materjalist ja reguleeritava takjakinnitusega. <\/span><\/div>\n<div><\/div>\n<h3>Cat II<\/h3>\n<div>Heaks kiidetud vastavalt EN 388 mehaanika ohutusn\u00f5uetele CAT II.<\/div>\n<div><\/div>\n<\/div>\n<\/div>\n<\/div>\n<\/div>\n<\/div>\n<\/div>\n<\/div>\n<p>&nbsp;<\/p>\n","protected":false},"excerpt":{"rendered":"<p>Husqvarna Functional kindad on mugavad kahekordse kitsenahaga peopesas, tugevdatud spandeks kangast pealisosaga ja nailon neopreen materjalist s\u00f5rmenukkidega. Kitsenahk t\u00f5rjub h\u00e4sti niiskust, kuna sisaldab looduslikku rasva ja on seet\u00f5ttu sobilik n\u00f5udlikeks t\u00f6\u00f6deks. Kootud randmeosa on takjakinnitusega fikseeritav.<\/p>\n","protected":false},"featured_media":52806,"comment_status":"open","ping_status":"closed","template":"","meta":{"_acf_changed":false,"_et_pb_use_builder":"","_et_pb_old_content":"","_et_gb_content_width":"","inline_featured_image":false},"pwb-brand":[],"product_brand":[],"product_cat":[37,32],"product_tag":[131,124,166],"class_list":{"0":"post-52651","1":"product","2":"type-product","3":"status-publish","4":"has-post-thumbnail","6":"product_cat-husqvarna","7":"product_cat-riided-ja-kaitsevahendid","8":"product_tag-kaitseriided","9":"product_tag-kaitsevarustus","10":"product_tag-kindad","12":"first","13":"instock","14":"shipping-taxable","15":"purchasable","16":"product-type-simple"},"acf":[],"yoast_head":"<!-- This site is optimized with the Yoast SEO plugin v26.6 - https:\/\/yoast.com\/wordpress\/plugins\/seo\/ -->\n<title>Kindad Husqvarna Functional. Husqvarna kindad Reginetist.<\/title>\n<meta name=\"description\" content=\"Husqvarna Functional kindad on mugavad kahekordse kitsenahaga peopesas, tugevdatud spandeks kangast pealisosaga ja nailon neopreen.\" \/>\n<meta name=\"robots\" content=\"index, follow, max-snippet:-1, max-image-preview:large, max-video-preview:-1\" \/>\n<link rel=\"canonical\" href=\"https:\/\/reginett.ee\/toode\/kindad-husqvarna-functional\/\" \/>\n<meta property=\"og:locale\" content=\"ru_RU\" \/>\n<meta property=\"og:type\" content=\"article\" \/>\n<meta property=\"og:title\" content=\"Kindad Husqvarna Functional. Husqvarna kindad Reginetist.\" \/>\n<meta property=\"og:description\" content=\"Husqvarna Functional kindad on mugavad kahekordse kitsenahaga peopesas, tugevdatud spandeks kangast pealisosaga ja nailon neopreen.\" \/>\n<meta property=\"og:url\" content=\"https:\/\/reginett.ee\/toode\/kindad-husqvarna-functional\/\" \/>\n<meta property=\"og:site_name\" content=\"Reginett\" \/>\n<meta property=\"article:modified_time\" content=\"2021-01-21T15:25:48+00:00\" \/>\n<meta property=\"og:image\" content=\"https:\/\/reginett.ee\/wp-content\/uploads\/2020\/11\/Kindad-Husqvarna-Functional-1.jpg\" \/>\n\t<meta property=\"og:image:width\" content=\"680\" \/>\n\t<meta property=\"og:image:height\" content=\"372\" \/>\n\t<meta property=\"og:image:type\" content=\"image\/jpeg\" \/>\n<meta name=\"twitter:card\" content=\"summary_large_image\" \/>\n<meta name=\"twitter:label1\" content=\"\u041f\u0440\u0438\u043c\u0435\u0440\u043d\u043e\u0435 \u0432\u0440\u0435\u043c\u044f \u0434\u043b\u044f \u0447\u0442\u0435\u043d\u0438\u044f\" \/>\n\t<meta name=\"twitter:data1\" content=\"1 \u043c\u0438\u043d\u0443\u0442\u0430\" \/>\n<script type=\"application\/ld+json\" class=\"yoast-schema-graph\">{\"@context\":\"https:\/\/schema.org\",\"@graph\":[{\"@type\":\"WebPage\",\"@id\":\"https:\/\/reginett.ee\/toode\/kindad-husqvarna-functional\/\",\"url\":\"https:\/\/reginett.ee\/toode\/kindad-husqvarna-functional\/\",\"name\":\"Kindad Husqvarna Functional. Husqvarna kindad Reginetist.\",\"isPartOf\":{\"@id\":\"https:\/\/reginett.ee\/#website\"},\"primaryImageOfPage\":{\"@id\":\"https:\/\/reginett.ee\/toode\/kindad-husqvarna-functional\/#primaryimage\"},\"image\":{\"@id\":\"https:\/\/reginett.ee\/toode\/kindad-husqvarna-functional\/#primaryimage\"},\"thumbnailUrl\":\"https:\/\/reginett.ee\/wp-content\/uploads\/2020\/11\/Kindad-Husqvarna-Functional-1.jpg\",\"datePublished\":\"2020-11-23T07:30:25+00:00\",\"dateModified\":\"2021-01-21T15:25:48+00:00\",\"description\":\"Husqvarna Functional kindad on mugavad kahekordse kitsenahaga peopesas, tugevdatud spandeks kangast pealisosaga ja nailon neopreen.\",\"breadcrumb\":{\"@id\":\"https:\/\/reginett.ee\/toode\/kindad-husqvarna-functional\/#breadcrumb\"},\"inLanguage\":\"ru-RU\",\"potentialAction\":[{\"@type\":\"ReadAction\",\"target\":[\"https:\/\/reginett.ee\/toode\/kindad-husqvarna-functional\/\"]}]},{\"@type\":\"ImageObject\",\"inLanguage\":\"ru-RU\",\"@id\":\"https:\/\/reginett.ee\/toode\/kindad-husqvarna-functional\/#primaryimage\",\"url\":\"https:\/\/reginett.ee\/wp-content\/uploads\/2020\/11\/Kindad-Husqvarna-Functional-1.jpg\",\"contentUrl\":\"https:\/\/reginett.ee\/wp-content\/uploads\/2020\/11\/Kindad-Husqvarna-Functional-1.jpg\",\"width\":680,\"height\":372,\"caption\":\"Kindad Husqvarna Functional\"},{\"@type\":\"BreadcrumbList\",\"@id\":\"https:\/\/reginett.ee\/toode\/kindad-husqvarna-functional\/#breadcrumb\",\"itemListElement\":[{\"@type\":\"ListItem\",\"position\":1,\"name\":\"Home\",\"item\":\"https:\/\/reginett.ee\/ru\/\"},{\"@type\":\"ListItem\",\"position\":2,\"name\":\"Tooted\",\"item\":\"https:\/\/reginett.ee\/tooted\/\"},{\"@type\":\"ListItem\",\"position\":3,\"name\":\"Kindad Husqvarna Functional\"}]},{\"@type\":\"WebSite\",\"@id\":\"https:\/\/reginett.ee\/#website\",\"url\":\"https:\/\/reginett.ee\/\",\"name\":\"Reginett\",\"description\":\"Parimad robotniidukid\",\"potentialAction\":[{\"@type\":\"SearchAction\",\"target\":{\"@type\":\"EntryPoint\",\"urlTemplate\":\"https:\/\/reginett.ee\/?s={search_term_string}\"},\"query-input\":{\"@type\":\"PropertyValueSpecification\",\"valueRequired\":true,\"valueName\":\"search_term_string\"}}],\"inLanguage\":\"ru-RU\"}]}<\/script>\n<!-- \/ Yoast SEO plugin. -->","yoast_head_json":{"title":"Kindad Husqvarna Functional. Husqvarna kindad Reginetist.","description":"Husqvarna Functional kindad on mugavad kahekordse kitsenahaga peopesas, tugevdatud spandeks kangast pealisosaga ja nailon neopreen.","robots":{"index":"index","follow":"follow","max-snippet":"max-snippet:-1","max-image-preview":"max-image-preview:large","max-video-preview":"max-video-preview:-1"},"canonical":"https:\/\/reginett.ee\/toode\/kindad-husqvarna-functional\/","og_locale":"ru_RU","og_type":"article","og_title":"Kindad Husqvarna Functional. Husqvarna kindad Reginetist.","og_description":"Husqvarna Functional kindad on mugavad kahekordse kitsenahaga peopesas, tugevdatud spandeks kangast pealisosaga ja nailon neopreen.","og_url":"https:\/\/reginett.ee\/toode\/kindad-husqvarna-functional\/","og_site_name":"Reginett","article_modified_time":"2021-01-21T15:25:48+00:00","og_image":[{"width":680,"height":372,"url":"https:\/\/reginett.ee\/wp-content\/uploads\/2020\/11\/Kindad-Husqvarna-Functional-1.jpg","type":"image\/jpeg"}],"twitter_card":"summary_large_image","twitter_misc":{"\u041f\u0440\u0438\u043c\u0435\u0440\u043d\u043e\u0435 \u0432\u0440\u0435\u043c\u044f \u0434\u043b\u044f \u0447\u0442\u0435\u043d\u0438\u044f":"1 \u043c\u0438\u043d\u0443\u0442\u0430"},"schema":{"@context":"https:\/\/schema.org","@graph":[{"@type":"WebPage","@id":"https:\/\/reginett.ee\/toode\/kindad-husqvarna-functional\/","url":"https:\/\/reginett.ee\/toode\/kindad-husqvarna-functional\/","name":"Kindad Husqvarna Functional. Husqvarna kindad Reginetist.","isPartOf":{"@id":"https:\/\/reginett.ee\/#website"},"primaryImageOfPage":{"@id":"https:\/\/reginett.ee\/toode\/kindad-husqvarna-functional\/#primaryimage"},"image":{"@id":"https:\/\/reginett.ee\/toode\/kindad-husqvarna-functional\/#primaryimage"},"thumbnailUrl":"https:\/\/reginett.ee\/wp-content\/uploads\/2020\/11\/Kindad-Husqvarna-Functional-1.jpg","datePublished":"2020-11-23T07:30:25+00:00","dateModified":"2021-01-21T15:25:48+00:00","description":"Husqvarna Functional kindad on mugavad kahekordse kitsenahaga peopesas, tugevdatud spandeks kangast pealisosaga ja nailon neopreen.","breadcrumb":{"@id":"https:\/\/reginett.ee\/toode\/kindad-husqvarna-functional\/#breadcrumb"},"inLanguage":"ru-RU","potentialAction":[{"@type":"ReadAction","target":["https:\/\/reginett.ee\/toode\/kindad-husqvarna-functional\/"]}]},{"@type":"ImageObject","inLanguage":"ru-RU","@id":"https:\/\/reginett.ee\/toode\/kindad-husqvarna-functional\/#primaryimage","url":"https:\/\/reginett.ee\/wp-content\/uploads\/2020\/11\/Kindad-Husqvarna-Functional-1.jpg","contentUrl":"https:\/\/reginett.ee\/wp-content\/uploads\/2020\/11\/Kindad-Husqvarna-Functional-1.jpg","width":680,"height":372,"caption":"Kindad Husqvarna Functional"},{"@type":"BreadcrumbList","@id":"https:\/\/reginett.ee\/toode\/kindad-husqvarna-functional\/#breadcrumb","itemListElement":[{"@type":"ListItem","position":1,"name":"Home","item":"https:\/\/reginett.ee\/ru\/"},{"@type":"ListItem","position":2,"name":"Tooted","item":"https:\/\/reginett.ee\/tooted\/"},{"@type":"ListItem","position":3,"name":"Kindad Husqvarna Functional"}]},{"@type":"WebSite","@id":"https:\/\/reginett.ee\/#website","url":"https:\/\/reginett.ee\/","name":"Reginett","description":"Parimad robotniidukid","potentialAction":[{"@type":"SearchAction","target":{"@type":"EntryPoint","urlTemplate":"https:\/\/reginett.ee\/?s={search_term_string}"},"query-input":{"@type":"PropertyValueSpecification","valueRequired":true,"valueName":"search_term_string"}}],"inLanguage":"ru-RU"}]}},"brands":[],"_links":{"self":[{"href":"https:\/\/reginett.ee\/ru\/wp-json\/wp\/v2\/product\/52651","targetHints":{"allow":["GET"]}}],"collection":[{"href":"https:\/\/reginett.ee\/ru\/wp-json\/wp\/v2\/product"}],"about":[{"href":"https:\/\/reginett.ee\/ru\/wp-json\/wp\/v2\/types\/product"}],"replies":[{"embeddable":true,"href":"https:\/\/reginett.ee\/ru\/wp-json\/wp\/v2\/comments?post=52651"}],"wp:featuredmedia":[{"embeddable":true,"href":"https:\/\/reginett.ee\/ru\/wp-json\/wp\/v2\/media\/52806"}],"wp:attachment":[{"href":"https:\/\/reginett.ee\/ru\/wp-json\/wp\/v2\/media?parent=52651"}],"wp:term":[{"taxonomy":"pwb-brand","embeddable":true,"href":"https:\/\/reginett.ee\/ru\/wp-json\/wp\/v2\/pwb-brand?post=52651"},{"taxonomy":"product_brand","embeddable":true,"href":"https:\/\/reginett.ee\/ru\/wp-json\/wp\/v2\/product_brand?post=52651"},{"taxonomy":"product_cat","embeddable":true,"href":"https:\/\/reginett.ee\/ru\/wp-json\/wp\/v2\/product_cat?post=52651"},{"taxonomy":"product_tag","embeddable":true,"href":"https:\/\/reginett.ee\/ru\/wp-json\/wp\/v2\/product_tag?post=52651"}],"curies":[{"name":"wp","href":"https:\/\/api.w.org\/{rel}","templated":true}]}}