{"id":52638,"date":"2020-11-20T19:50:35","date_gmt":"2020-11-20T16:50:35","guid":{"rendered":"https:\/\/reginett.ee\/?post_type=product&#038;p=52638"},"modified":"2023-02-06T18:25:12","modified_gmt":"2023-02-06T15:25:12","slug":"bensiinikanister-husqvarna","status":"publish","type":"product","link":"https:\/\/reginett.ee\/ru\/toode\/bensiinikanister-husqvarna\/","title":{"rendered":"Bensiinikanister Husqvarna"},"content":{"rendered":"<p>Husqvarna kanistril on t\u00f5hus \u00fclevoolukaitse. Kui paak saab t\u00e4is, katkeb bensiinivool automaatselt ja te v\u00f5ite bensiinikanistri \u00fcles t\u00f5sta ilma, et k\u00fctust maha voolaks.Maht 6 liitrit.<\/p>\n<div class=\"col-sm-3 description\">\n<h3 class=\"h4 description-headline\">\u00dclevoolukaitse<\/h3>\n<div class=\"description-text-wrapper\"><span class=\"description-text\">Kui bensiinibaak on t\u00e4is, katkeb k\u00fctuse juurdevool automaatselt ja v\u00f5ite kanistri \u00fcles t\u00f5sta ilma et k\u00fctust maha voolaks. <\/span><\/div>\n<div>\n<h3 class=\"h4 description-headline\">Kuup\u00e4eva m\u00e4rge<\/h3>\n<div class=\"description-text-wrapper\"><span class=\"description-text\">Kuup\u00e4eva m\u00e4rge on kanistri p\u00f5hja<\/span><\/div>\n<\/div>\n<\/div>\n","protected":false},"excerpt":{"rendered":"<p>Husqvarna kanistril on t\u00f5hus \u00fclevoolukaitse. Kui paak saab t\u00e4is, katkeb bensiinivool automaatselt ja te v\u00f5ite bensiinikanistri \u00fcles t\u00f5sta ilma, et k\u00fctust maha voolaks.Maht 6 liitrit.<\/p>\n","protected":false},"featured_media":52760,"comment_status":"open","ping_status":"closed","template":"","meta":{"_acf_changed":false,"_et_pb_use_builder":"","_et_pb_old_content":"","_et_gb_content_width":"","inline_featured_image":false},"pwb-brand":[],"product_brand":[],"product_cat":[37,27],"product_tag":[110,164],"class_list":{"0":"post-52638","1":"product","2":"type-product","3":"status-publish","4":"has-post-thumbnail","6":"product_cat-husqvarna","7":"product_cat-tooriistad-ja-tarvikud","8":"product_tag-bensiin","9":"product_tag-kanister","11":"first","12":"instock","13":"shipping-taxable","14":"purchasable","15":"product-type-simple"},"acf":[],"yoast_head":"<!-- This site is optimized with the Yoast SEO plugin v26.6 - https:\/\/yoast.com\/wordpress\/plugins\/seo\/ -->\n<title>Bensiinikanister Husqvarna - Reginett<\/title>\n<meta name=\"robots\" content=\"index, follow, max-snippet:-1, max-image-preview:large, max-video-preview:-1\" \/>\n<link rel=\"canonical\" href=\"https:\/\/reginett.ee\/toode\/bensiinikanister-husqvarna\/\" \/>\n<meta property=\"og:locale\" content=\"ru_RU\" \/>\n<meta property=\"og:type\" content=\"article\" \/>\n<meta property=\"og:title\" content=\"Bensiinikanister Husqvarna - Reginett\" \/>\n<meta property=\"og:description\" content=\"Husqvarna kanistril on t\u00f5hus \u00fclevoolukaitse. Kui paak saab t\u00e4is, katkeb bensiinivool automaatselt ja te v\u00f5ite bensiinikanistri \u00fcles t\u00f5sta ilma, et k\u00fctust maha voolaks.Maht 6 liitrit.\" \/>\n<meta property=\"og:url\" content=\"https:\/\/reginett.ee\/toode\/bensiinikanister-husqvarna\/\" \/>\n<meta property=\"og:site_name\" content=\"Reginett\" \/>\n<meta property=\"article:modified_time\" content=\"2023-02-06T15:25:12+00:00\" \/>\n<meta property=\"og:image\" content=\"https:\/\/reginett.ee\/wp-content\/uploads\/2020\/11\/Bensiinikanister-Husqvarna.jpg\" \/>\n\t<meta property=\"og:image:width\" content=\"680\" \/>\n\t<meta property=\"og:image:height\" content=\"372\" \/>\n\t<meta property=\"og:image:type\" content=\"image\/jpeg\" \/>\n<meta name=\"twitter:card\" content=\"summary_large_image\" \/>\n<script type=\"application\/ld+json\" class=\"yoast-schema-graph\">{\"@context\":\"https:\/\/schema.org\",\"@graph\":[{\"@type\":\"WebPage\",\"@id\":\"https:\/\/reginett.ee\/toode\/bensiinikanister-husqvarna\/\",\"url\":\"https:\/\/reginett.ee\/toode\/bensiinikanister-husqvarna\/\",\"name\":\"Bensiinikanister Husqvarna - Reginett\",\"isPartOf\":{\"@id\":\"https:\/\/reginett.ee\/#website\"},\"primaryImageOfPage\":{\"@id\":\"https:\/\/reginett.ee\/toode\/bensiinikanister-husqvarna\/#primaryimage\"},\"image\":{\"@id\":\"https:\/\/reginett.ee\/toode\/bensiinikanister-husqvarna\/#primaryimage\"},\"thumbnailUrl\":\"https:\/\/reginett.ee\/wp-content\/uploads\/2020\/11\/Bensiinikanister-Husqvarna.jpg\",\"datePublished\":\"2020-11-20T16:50:35+00:00\",\"dateModified\":\"2023-02-06T15:25:12+00:00\",\"breadcrumb\":{\"@id\":\"https:\/\/reginett.ee\/toode\/bensiinikanister-husqvarna\/#breadcrumb\"},\"inLanguage\":\"ru-RU\",\"potentialAction\":[{\"@type\":\"ReadAction\",\"target\":[\"https:\/\/reginett.ee\/toode\/bensiinikanister-husqvarna\/\"]}]},{\"@type\":\"ImageObject\",\"inLanguage\":\"ru-RU\",\"@id\":\"https:\/\/reginett.ee\/toode\/bensiinikanister-husqvarna\/#primaryimage\",\"url\":\"https:\/\/reginett.ee\/wp-content\/uploads\/2020\/11\/Bensiinikanister-Husqvarna.jpg\",\"contentUrl\":\"https:\/\/reginett.ee\/wp-content\/uploads\/2020\/11\/Bensiinikanister-Husqvarna.jpg\",\"width\":680,\"height\":372,\"caption\":\"Bensiinikanister Husqvarna\"},{\"@type\":\"BreadcrumbList\",\"@id\":\"https:\/\/reginett.ee\/toode\/bensiinikanister-husqvarna\/#breadcrumb\",\"itemListElement\":[{\"@type\":\"ListItem\",\"position\":1,\"name\":\"Home\",\"item\":\"https:\/\/reginett.ee\/ru\/\"},{\"@type\":\"ListItem\",\"position\":2,\"name\":\"Tooted\",\"item\":\"https:\/\/reginett.ee\/tooted\/\"},{\"@type\":\"ListItem\",\"position\":3,\"name\":\"Bensiinikanister Husqvarna\"}]},{\"@type\":\"WebSite\",\"@id\":\"https:\/\/reginett.ee\/#website\",\"url\":\"https:\/\/reginett.ee\/\",\"name\":\"Reginett\",\"description\":\"Parimad robotniidukid\",\"potentialAction\":[{\"@type\":\"SearchAction\",\"target\":{\"@type\":\"EntryPoint\",\"urlTemplate\":\"https:\/\/reginett.ee\/?s={search_term_string}\"},\"query-input\":{\"@type\":\"PropertyValueSpecification\",\"valueRequired\":true,\"valueName\":\"search_term_string\"}}],\"inLanguage\":\"ru-RU\"}]}<\/script>\n<!-- \/ Yoast SEO plugin. -->","yoast_head_json":{"title":"Bensiinikanister Husqvarna - Reginett","robots":{"index":"index","follow":"follow","max-snippet":"max-snippet:-1","max-image-preview":"max-image-preview:large","max-video-preview":"max-video-preview:-1"},"canonical":"https:\/\/reginett.ee\/toode\/bensiinikanister-husqvarna\/","og_locale":"ru_RU","og_type":"article","og_title":"Bensiinikanister Husqvarna - Reginett","og_description":"Husqvarna kanistril on t\u00f5hus \u00fclevoolukaitse. Kui paak saab t\u00e4is, katkeb bensiinivool automaatselt ja te v\u00f5ite bensiinikanistri \u00fcles t\u00f5sta ilma, et k\u00fctust maha voolaks.Maht 6 liitrit.","og_url":"https:\/\/reginett.ee\/toode\/bensiinikanister-husqvarna\/","og_site_name":"Reginett","article_modified_time":"2023-02-06T15:25:12+00:00","og_image":[{"width":680,"height":372,"url":"https:\/\/reginett.ee\/wp-content\/uploads\/2020\/11\/Bensiinikanister-Husqvarna.jpg","type":"image\/jpeg"}],"twitter_card":"summary_large_image","schema":{"@context":"https:\/\/schema.org","@graph":[{"@type":"WebPage","@id":"https:\/\/reginett.ee\/toode\/bensiinikanister-husqvarna\/","url":"https:\/\/reginett.ee\/toode\/bensiinikanister-husqvarna\/","name":"Bensiinikanister Husqvarna - Reginett","isPartOf":{"@id":"https:\/\/reginett.ee\/#website"},"primaryImageOfPage":{"@id":"https:\/\/reginett.ee\/toode\/bensiinikanister-husqvarna\/#primaryimage"},"image":{"@id":"https:\/\/reginett.ee\/toode\/bensiinikanister-husqvarna\/#primaryimage"},"thumbnailUrl":"https:\/\/reginett.ee\/wp-content\/uploads\/2020\/11\/Bensiinikanister-Husqvarna.jpg","datePublished":"2020-11-20T16:50:35+00:00","dateModified":"2023-02-06T15:25:12+00:00","breadcrumb":{"@id":"https:\/\/reginett.ee\/toode\/bensiinikanister-husqvarna\/#breadcrumb"},"inLanguage":"ru-RU","potentialAction":[{"@type":"ReadAction","target":["https:\/\/reginett.ee\/toode\/bensiinikanister-husqvarna\/"]}]},{"@type":"ImageObject","inLanguage":"ru-RU","@id":"https:\/\/reginett.ee\/toode\/bensiinikanister-husqvarna\/#primaryimage","url":"https:\/\/reginett.ee\/wp-content\/uploads\/2020\/11\/Bensiinikanister-Husqvarna.jpg","contentUrl":"https:\/\/reginett.ee\/wp-content\/uploads\/2020\/11\/Bensiinikanister-Husqvarna.jpg","width":680,"height":372,"caption":"Bensiinikanister Husqvarna"},{"@type":"BreadcrumbList","@id":"https:\/\/reginett.ee\/toode\/bensiinikanister-husqvarna\/#breadcrumb","itemListElement":[{"@type":"ListItem","position":1,"name":"Home","item":"https:\/\/reginett.ee\/ru\/"},{"@type":"ListItem","position":2,"name":"Tooted","item":"https:\/\/reginett.ee\/tooted\/"},{"@type":"ListItem","position":3,"name":"Bensiinikanister Husqvarna"}]},{"@type":"WebSite","@id":"https:\/\/reginett.ee\/#website","url":"https:\/\/reginett.ee\/","name":"Reginett","description":"Parimad robotniidukid","potentialAction":[{"@type":"SearchAction","target":{"@type":"EntryPoint","urlTemplate":"https:\/\/reginett.ee\/?s={search_term_string}"},"query-input":{"@type":"PropertyValueSpecification","valueRequired":true,"valueName":"search_term_string"}}],"inLanguage":"ru-RU"}]}},"brands":[],"_links":{"self":[{"href":"https:\/\/reginett.ee\/ru\/wp-json\/wp\/v2\/product\/52638","targetHints":{"allow":["GET"]}}],"collection":[{"href":"https:\/\/reginett.ee\/ru\/wp-json\/wp\/v2\/product"}],"about":[{"href":"https:\/\/reginett.ee\/ru\/wp-json\/wp\/v2\/types\/product"}],"replies":[{"embeddable":true,"href":"https:\/\/reginett.ee\/ru\/wp-json\/wp\/v2\/comments?post=52638"}],"wp:featuredmedia":[{"embeddable":true,"href":"https:\/\/reginett.ee\/ru\/wp-json\/wp\/v2\/media\/52760"}],"wp:attachment":[{"href":"https:\/\/reginett.ee\/ru\/wp-json\/wp\/v2\/media?parent=52638"}],"wp:term":[{"taxonomy":"pwb-brand","embeddable":true,"href":"https:\/\/reginett.ee\/ru\/wp-json\/wp\/v2\/pwb-brand?post=52638"},{"taxonomy":"product_brand","embeddable":true,"href":"https:\/\/reginett.ee\/ru\/wp-json\/wp\/v2\/product_brand?post=52638"},{"taxonomy":"product_cat","embeddable":true,"href":"https:\/\/reginett.ee\/ru\/wp-json\/wp\/v2\/product_cat?post=52638"},{"taxonomy":"product_tag","embeddable":true,"href":"https:\/\/reginett.ee\/ru\/wp-json\/wp\/v2\/product_tag?post=52638"}],"curies":[{"name":"wp","href":"https:\/\/api.w.org\/{rel}","templated":true}]}}