{"id":52634,"date":"2021-11-08T14:24:48","date_gmt":"2021-11-08T11:24:48","guid":{"rendered":"https:\/\/reginett.ee\/?post_type=product&#038;p=52634"},"modified":"2023-02-06T18:11:05","modified_gmt":"2023-02-06T15:11:05","slug":"kombikanister-husqvarna-6l","status":"publish","type":"product","link":"https:\/\/reginett.ee\/ru\/toode\/kombikanister-husqvarna-6l\/","title":{"rendered":"Kombikanister Husqvarna 6l"},"content":{"rendered":"<p>Husqvarna kombikanistril on t\u00f5hus \u00fclevoolukaitse. Kui paak on t\u00e4is, katkeb vool ja kanistri v\u00f5ib julgesti \u00fcles t\u00f5sta, ilma et sealt k\u00fctust maha tilguks. Kanistrite vahele v\u00f5ib j\u00e4tta ruumi viilidele ja muudele t\u00f6\u00f6riistadele.<\/p>\n","protected":false},"excerpt":{"rendered":"<p>Husqvarna kanistril on t\u00f5hus \u00fclevoolukaitse. Kui paak on t\u00e4is, katkeb vool ja kanistri v\u00f5ib julgesti \u00fcles t\u00f5sta, ilma et sealt k\u00fctust maha tilguks. Kanistrite vahele v\u00f5ib j\u00e4tta ruumi viilidele ja muudele t\u00f6\u00f6riistadele.<\/p>\n","protected":false},"featured_media":52761,"comment_status":"open","ping_status":"closed","template":"","meta":{"_acf_changed":false,"_et_pb_use_builder":"","_et_pb_old_content":"","_et_gb_content_width":"","inline_featured_image":false},"pwb-brand":[],"product_brand":[],"product_cat":[37,27],"product_tag":[164,165],"class_list":{"0":"post-52634","1":"product","2":"type-product","3":"status-publish","4":"has-post-thumbnail","6":"product_cat-husqvarna","7":"product_cat-tooriistad-ja-tarvikud","8":"product_tag-kanister","9":"product_tag-kombikanister","11":"first","12":"instock","13":"shipping-taxable","14":"purchasable","15":"product-type-simple"},"acf":[],"yoast_head":"<!-- This site is optimized with the Yoast SEO plugin v26.6 - https:\/\/yoast.com\/wordpress\/plugins\/seo\/ -->\n<title>Kombikanister Husqvarna. Husqvarna t\u00f6\u00f6riistad Reginetist<\/title>\n<meta name=\"description\" content=\"Husqvarna kombikanistril on t\u00f5hus \u00fclevoolukaitse. Kui paak on t\u00e4is, katkeb vool ja kanistri v\u00f5ib julgesti \u00fcles t\u00f5sta, ilma et sealt k\u00fctust\" \/>\n<meta name=\"robots\" content=\"index, follow, max-snippet:-1, max-image-preview:large, max-video-preview:-1\" \/>\n<link rel=\"canonical\" href=\"https:\/\/reginett.ee\/toode\/kombikanister-husqvarna-6l\/\" \/>\n<meta property=\"og:locale\" content=\"ru_RU\" \/>\n<meta property=\"og:type\" content=\"article\" \/>\n<meta property=\"og:title\" content=\"Kombikanister Husqvarna. Husqvarna t\u00f6\u00f6riistad Reginetist\" \/>\n<meta property=\"og:description\" content=\"Husqvarna kombikanistril on t\u00f5hus \u00fclevoolukaitse. Kui paak on t\u00e4is, katkeb vool ja kanistri v\u00f5ib julgesti \u00fcles t\u00f5sta, ilma et sealt k\u00fctust\" \/>\n<meta property=\"og:url\" content=\"https:\/\/reginett.ee\/toode\/kombikanister-husqvarna-6l\/\" \/>\n<meta property=\"og:site_name\" content=\"Reginett\" \/>\n<meta property=\"article:modified_time\" content=\"2023-02-06T15:11:05+00:00\" \/>\n<meta property=\"og:image\" content=\"https:\/\/reginett.ee\/wp-content\/uploads\/2020\/11\/Kombikanister-Husqvarna-6l.jpg\" \/>\n\t<meta property=\"og:image:width\" content=\"680\" \/>\n\t<meta property=\"og:image:height\" content=\"372\" \/>\n\t<meta property=\"og:image:type\" content=\"image\/jpeg\" \/>\n<meta name=\"twitter:card\" content=\"summary_large_image\" \/>\n<meta name=\"twitter:label1\" content=\"\u041f\u0440\u0438\u043c\u0435\u0440\u043d\u043e\u0435 \u0432\u0440\u0435\u043c\u044f \u0434\u043b\u044f \u0447\u0442\u0435\u043d\u0438\u044f\" \/>\n\t<meta name=\"twitter:data1\" content=\"1 \u043c\u0438\u043d\u0443\u0442\u0430\" \/>\n<script type=\"application\/ld+json\" class=\"yoast-schema-graph\">{\"@context\":\"https:\/\/schema.org\",\"@graph\":[{\"@type\":\"WebPage\",\"@id\":\"https:\/\/reginett.ee\/toode\/kombikanister-husqvarna-6l\/\",\"url\":\"https:\/\/reginett.ee\/toode\/kombikanister-husqvarna-6l\/\",\"name\":\"Kombikanister Husqvarna. Husqvarna t\u00f6\u00f6riistad Reginetist\",\"isPartOf\":{\"@id\":\"https:\/\/reginett.ee\/#website\"},\"primaryImageOfPage\":{\"@id\":\"https:\/\/reginett.ee\/toode\/kombikanister-husqvarna-6l\/#primaryimage\"},\"image\":{\"@id\":\"https:\/\/reginett.ee\/toode\/kombikanister-husqvarna-6l\/#primaryimage\"},\"thumbnailUrl\":\"https:\/\/reginett.ee\/wp-content\/uploads\/2020\/11\/Kombikanister-Husqvarna-6l.jpg\",\"datePublished\":\"2021-11-08T11:24:48+00:00\",\"dateModified\":\"2023-02-06T15:11:05+00:00\",\"description\":\"Husqvarna kombikanistril on t\u00f5hus \u00fclevoolukaitse. Kui paak on t\u00e4is, katkeb vool ja kanistri v\u00f5ib julgesti \u00fcles t\u00f5sta, ilma et sealt k\u00fctust\",\"breadcrumb\":{\"@id\":\"https:\/\/reginett.ee\/toode\/kombikanister-husqvarna-6l\/#breadcrumb\"},\"inLanguage\":\"ru-RU\",\"potentialAction\":[{\"@type\":\"ReadAction\",\"target\":[\"https:\/\/reginett.ee\/toode\/kombikanister-husqvarna-6l\/\"]}]},{\"@type\":\"ImageObject\",\"inLanguage\":\"ru-RU\",\"@id\":\"https:\/\/reginett.ee\/toode\/kombikanister-husqvarna-6l\/#primaryimage\",\"url\":\"https:\/\/reginett.ee\/wp-content\/uploads\/2020\/11\/Kombikanister-Husqvarna-6l.jpg\",\"contentUrl\":\"https:\/\/reginett.ee\/wp-content\/uploads\/2020\/11\/Kombikanister-Husqvarna-6l.jpg\",\"width\":680,\"height\":372,\"caption\":\"Kombikanister Husqvarna 6l\"},{\"@type\":\"BreadcrumbList\",\"@id\":\"https:\/\/reginett.ee\/toode\/kombikanister-husqvarna-6l\/#breadcrumb\",\"itemListElement\":[{\"@type\":\"ListItem\",\"position\":1,\"name\":\"Home\",\"item\":\"https:\/\/reginett.ee\/ru\/\"},{\"@type\":\"ListItem\",\"position\":2,\"name\":\"Tooted\",\"item\":\"https:\/\/reginett.ee\/tooted\/\"},{\"@type\":\"ListItem\",\"position\":3,\"name\":\"Kombikanister Husqvarna 6l\"}]},{\"@type\":\"WebSite\",\"@id\":\"https:\/\/reginett.ee\/#website\",\"url\":\"https:\/\/reginett.ee\/\",\"name\":\"Reginett\",\"description\":\"Parimad robotniidukid\",\"potentialAction\":[{\"@type\":\"SearchAction\",\"target\":{\"@type\":\"EntryPoint\",\"urlTemplate\":\"https:\/\/reginett.ee\/?s={search_term_string}\"},\"query-input\":{\"@type\":\"PropertyValueSpecification\",\"valueRequired\":true,\"valueName\":\"search_term_string\"}}],\"inLanguage\":\"ru-RU\"}]}<\/script>\n<!-- \/ Yoast SEO plugin. -->","yoast_head_json":{"title":"Kombikanister Husqvarna. Husqvarna t\u00f6\u00f6riistad Reginetist","description":"Husqvarna kombikanistril on t\u00f5hus \u00fclevoolukaitse. Kui paak on t\u00e4is, katkeb vool ja kanistri v\u00f5ib julgesti \u00fcles t\u00f5sta, ilma et sealt k\u00fctust","robots":{"index":"index","follow":"follow","max-snippet":"max-snippet:-1","max-image-preview":"max-image-preview:large","max-video-preview":"max-video-preview:-1"},"canonical":"https:\/\/reginett.ee\/toode\/kombikanister-husqvarna-6l\/","og_locale":"ru_RU","og_type":"article","og_title":"Kombikanister Husqvarna. Husqvarna t\u00f6\u00f6riistad Reginetist","og_description":"Husqvarna kombikanistril on t\u00f5hus \u00fclevoolukaitse. Kui paak on t\u00e4is, katkeb vool ja kanistri v\u00f5ib julgesti \u00fcles t\u00f5sta, ilma et sealt k\u00fctust","og_url":"https:\/\/reginett.ee\/toode\/kombikanister-husqvarna-6l\/","og_site_name":"Reginett","article_modified_time":"2023-02-06T15:11:05+00:00","og_image":[{"width":680,"height":372,"url":"https:\/\/reginett.ee\/wp-content\/uploads\/2020\/11\/Kombikanister-Husqvarna-6l.jpg","type":"image\/jpeg"}],"twitter_card":"summary_large_image","twitter_misc":{"\u041f\u0440\u0438\u043c\u0435\u0440\u043d\u043e\u0435 \u0432\u0440\u0435\u043c\u044f \u0434\u043b\u044f \u0447\u0442\u0435\u043d\u0438\u044f":"1 \u043c\u0438\u043d\u0443\u0442\u0430"},"schema":{"@context":"https:\/\/schema.org","@graph":[{"@type":"WebPage","@id":"https:\/\/reginett.ee\/toode\/kombikanister-husqvarna-6l\/","url":"https:\/\/reginett.ee\/toode\/kombikanister-husqvarna-6l\/","name":"Kombikanister Husqvarna. Husqvarna t\u00f6\u00f6riistad Reginetist","isPartOf":{"@id":"https:\/\/reginett.ee\/#website"},"primaryImageOfPage":{"@id":"https:\/\/reginett.ee\/toode\/kombikanister-husqvarna-6l\/#primaryimage"},"image":{"@id":"https:\/\/reginett.ee\/toode\/kombikanister-husqvarna-6l\/#primaryimage"},"thumbnailUrl":"https:\/\/reginett.ee\/wp-content\/uploads\/2020\/11\/Kombikanister-Husqvarna-6l.jpg","datePublished":"2021-11-08T11:24:48+00:00","dateModified":"2023-02-06T15:11:05+00:00","description":"Husqvarna kombikanistril on t\u00f5hus \u00fclevoolukaitse. Kui paak on t\u00e4is, katkeb vool ja kanistri v\u00f5ib julgesti \u00fcles t\u00f5sta, ilma et sealt k\u00fctust","breadcrumb":{"@id":"https:\/\/reginett.ee\/toode\/kombikanister-husqvarna-6l\/#breadcrumb"},"inLanguage":"ru-RU","potentialAction":[{"@type":"ReadAction","target":["https:\/\/reginett.ee\/toode\/kombikanister-husqvarna-6l\/"]}]},{"@type":"ImageObject","inLanguage":"ru-RU","@id":"https:\/\/reginett.ee\/toode\/kombikanister-husqvarna-6l\/#primaryimage","url":"https:\/\/reginett.ee\/wp-content\/uploads\/2020\/11\/Kombikanister-Husqvarna-6l.jpg","contentUrl":"https:\/\/reginett.ee\/wp-content\/uploads\/2020\/11\/Kombikanister-Husqvarna-6l.jpg","width":680,"height":372,"caption":"Kombikanister Husqvarna 6l"},{"@type":"BreadcrumbList","@id":"https:\/\/reginett.ee\/toode\/kombikanister-husqvarna-6l\/#breadcrumb","itemListElement":[{"@type":"ListItem","position":1,"name":"Home","item":"https:\/\/reginett.ee\/ru\/"},{"@type":"ListItem","position":2,"name":"Tooted","item":"https:\/\/reginett.ee\/tooted\/"},{"@type":"ListItem","position":3,"name":"Kombikanister Husqvarna 6l"}]},{"@type":"WebSite","@id":"https:\/\/reginett.ee\/#website","url":"https:\/\/reginett.ee\/","name":"Reginett","description":"Parimad robotniidukid","potentialAction":[{"@type":"SearchAction","target":{"@type":"EntryPoint","urlTemplate":"https:\/\/reginett.ee\/?s={search_term_string}"},"query-input":{"@type":"PropertyValueSpecification","valueRequired":true,"valueName":"search_term_string"}}],"inLanguage":"ru-RU"}]}},"brands":[],"_links":{"self":[{"href":"https:\/\/reginett.ee\/ru\/wp-json\/wp\/v2\/product\/52634","targetHints":{"allow":["GET"]}}],"collection":[{"href":"https:\/\/reginett.ee\/ru\/wp-json\/wp\/v2\/product"}],"about":[{"href":"https:\/\/reginett.ee\/ru\/wp-json\/wp\/v2\/types\/product"}],"replies":[{"embeddable":true,"href":"https:\/\/reginett.ee\/ru\/wp-json\/wp\/v2\/comments?post=52634"}],"wp:featuredmedia":[{"embeddable":true,"href":"https:\/\/reginett.ee\/ru\/wp-json\/wp\/v2\/media\/52761"}],"wp:attachment":[{"href":"https:\/\/reginett.ee\/ru\/wp-json\/wp\/v2\/media?parent=52634"}],"wp:term":[{"taxonomy":"pwb-brand","embeddable":true,"href":"https:\/\/reginett.ee\/ru\/wp-json\/wp\/v2\/pwb-brand?post=52634"},{"taxonomy":"product_brand","embeddable":true,"href":"https:\/\/reginett.ee\/ru\/wp-json\/wp\/v2\/product_brand?post=52634"},{"taxonomy":"product_cat","embeddable":true,"href":"https:\/\/reginett.ee\/ru\/wp-json\/wp\/v2\/product_cat?post=52634"},{"taxonomy":"product_tag","embeddable":true,"href":"https:\/\/reginett.ee\/ru\/wp-json\/wp\/v2\/product_tag?post=52634"}],"curies":[{"name":"wp","href":"https:\/\/api.w.org\/{rel}","templated":true}]}}