{"id":52621,"date":"2020-11-19T14:10:55","date_gmt":"2020-11-19T11:10:55","guid":{"rendered":"https:\/\/reginett.ee\/?post_type=product&#038;p=52621"},"modified":"2023-02-06T18:27:06","modified_gmt":"2023-02-06T15:27:06","slug":"tostekonks-husqvarna","status":"publish","type":"product","link":"https:\/\/reginett.ee\/ru\/toode\/tostekonks-husqvarna\/","title":{"rendered":"T\u00f5stekonks Husqvarna"},"content":{"rendered":"<p>Uus parem ja teravam tehaseteritusega t\u00f5stekonks Husqvarnalt. Uue pinnakattega karastatud terasest toode on endisest tugevam ning roostele vastupidavam. M\u00f5\u00f5teskaala, uue disaini ning parema nakkuvusega k\u00e4epide on ergonoomilisem. Valmistatud Rootsis.<\/p>\n","protected":false},"excerpt":{"rendered":"<p>Uus parem ja teravam tehaseteritusega t\u00f5stekonks Husqvarnalt. Uue pinnakattega karastatud terasest toode on endisest tugevam ning roostele vastupidavam. M\u00f5\u00f5teskaala, uue disaini ning parema nakkuvusega k\u00e4epide on ergonoomilisem. Valmistatud Rootsis.<\/p>\n","protected":false},"featured_media":52766,"comment_status":"open","ping_status":"closed","template":"","meta":{"_acf_changed":false,"_et_pb_use_builder":"","_et_pb_old_content":"","_et_gb_content_width":"","inline_featured_image":false},"pwb-brand":[],"product_brand":[],"product_cat":[37,27],"product_tag":[162,160,161],"class_list":{"0":"post-52621","1":"product","2":"type-product","3":"status-publish","4":"has-post-thumbnail","6":"product_cat-husqvarna","7":"product_cat-tooriistad-ja-tarvikud","8":"product_tag-konks","9":"product_tag-metsatoo","10":"product_tag-tostekonks","12":"first","13":"instock","14":"shipping-taxable","15":"purchasable","16":"product-type-simple"},"acf":[],"yoast_head":"<!-- This site is optimized with the Yoast SEO plugin v26.6 - https:\/\/yoast.com\/wordpress\/plugins\/seo\/ -->\n<title>T\u00f5stekonks Husqvarna. Husqvarna tarvikud Reginetist.<\/title>\n<meta name=\"description\" content=\"Uus parem ja teravam tehaseteritusega t\u00f5stekonks Husqvarnalt. Uue pinnakattega karastatud terasest toode on endisest tugevam\" \/>\n<meta name=\"robots\" content=\"index, follow, max-snippet:-1, max-image-preview:large, max-video-preview:-1\" \/>\n<link rel=\"canonical\" href=\"https:\/\/reginett.ee\/toode\/tostekonks-husqvarna\/\" \/>\n<meta property=\"og:locale\" content=\"ru_RU\" \/>\n<meta property=\"og:type\" content=\"article\" \/>\n<meta property=\"og:title\" content=\"T\u00f5stekonks Husqvarna. Husqvarna tarvikud Reginetist.\" \/>\n<meta property=\"og:description\" content=\"Uus parem ja teravam tehaseteritusega t\u00f5stekonks Husqvarnalt. Uue pinnakattega karastatud terasest toode on endisest tugevam\" \/>\n<meta property=\"og:url\" content=\"https:\/\/reginett.ee\/toode\/tostekonks-husqvarna\/\" \/>\n<meta property=\"og:site_name\" content=\"Reginett\" \/>\n<meta property=\"article:modified_time\" content=\"2023-02-06T15:27:06+00:00\" \/>\n<meta property=\"og:image\" content=\"https:\/\/reginett.ee\/wp-content\/uploads\/2020\/11\/Tostekonks-Husqvarna.jpg\" \/>\n\t<meta property=\"og:image:width\" content=\"680\" \/>\n\t<meta property=\"og:image:height\" content=\"372\" \/>\n\t<meta property=\"og:image:type\" content=\"image\/jpeg\" \/>\n<meta name=\"twitter:card\" content=\"summary_large_image\" \/>\n<script type=\"application\/ld+json\" class=\"yoast-schema-graph\">{\"@context\":\"https:\/\/schema.org\",\"@graph\":[{\"@type\":\"WebPage\",\"@id\":\"https:\/\/reginett.ee\/toode\/tostekonks-husqvarna\/\",\"url\":\"https:\/\/reginett.ee\/toode\/tostekonks-husqvarna\/\",\"name\":\"T\u00f5stekonks Husqvarna. Husqvarna tarvikud Reginetist.\",\"isPartOf\":{\"@id\":\"https:\/\/reginett.ee\/#website\"},\"primaryImageOfPage\":{\"@id\":\"https:\/\/reginett.ee\/toode\/tostekonks-husqvarna\/#primaryimage\"},\"image\":{\"@id\":\"https:\/\/reginett.ee\/toode\/tostekonks-husqvarna\/#primaryimage\"},\"thumbnailUrl\":\"https:\/\/reginett.ee\/wp-content\/uploads\/2020\/11\/Tostekonks-Husqvarna.jpg\",\"datePublished\":\"2020-11-19T11:10:55+00:00\",\"dateModified\":\"2023-02-06T15:27:06+00:00\",\"description\":\"Uus parem ja teravam tehaseteritusega t\u00f5stekonks Husqvarnalt. Uue pinnakattega karastatud terasest toode on endisest tugevam\",\"breadcrumb\":{\"@id\":\"https:\/\/reginett.ee\/toode\/tostekonks-husqvarna\/#breadcrumb\"},\"inLanguage\":\"ru-RU\",\"potentialAction\":[{\"@type\":\"ReadAction\",\"target\":[\"https:\/\/reginett.ee\/toode\/tostekonks-husqvarna\/\"]}]},{\"@type\":\"ImageObject\",\"inLanguage\":\"ru-RU\",\"@id\":\"https:\/\/reginett.ee\/toode\/tostekonks-husqvarna\/#primaryimage\",\"url\":\"https:\/\/reginett.ee\/wp-content\/uploads\/2020\/11\/Tostekonks-Husqvarna.jpg\",\"contentUrl\":\"https:\/\/reginett.ee\/wp-content\/uploads\/2020\/11\/Tostekonks-Husqvarna.jpg\",\"width\":680,\"height\":372,\"caption\":\"T\u00f5stekonks Husqvarna\"},{\"@type\":\"BreadcrumbList\",\"@id\":\"https:\/\/reginett.ee\/toode\/tostekonks-husqvarna\/#breadcrumb\",\"itemListElement\":[{\"@type\":\"ListItem\",\"position\":1,\"name\":\"Home\",\"item\":\"https:\/\/reginett.ee\/ru\/\"},{\"@type\":\"ListItem\",\"position\":2,\"name\":\"Tooted\",\"item\":\"https:\/\/reginett.ee\/tooted\/\"},{\"@type\":\"ListItem\",\"position\":3,\"name\":\"T\u00f5stekonks Husqvarna\"}]},{\"@type\":\"WebSite\",\"@id\":\"https:\/\/reginett.ee\/#website\",\"url\":\"https:\/\/reginett.ee\/\",\"name\":\"Reginett\",\"description\":\"Parimad robotniidukid\",\"potentialAction\":[{\"@type\":\"SearchAction\",\"target\":{\"@type\":\"EntryPoint\",\"urlTemplate\":\"https:\/\/reginett.ee\/?s={search_term_string}\"},\"query-input\":{\"@type\":\"PropertyValueSpecification\",\"valueRequired\":true,\"valueName\":\"search_term_string\"}}],\"inLanguage\":\"ru-RU\"}]}<\/script>\n<!-- \/ Yoast SEO plugin. -->","yoast_head_json":{"title":"T\u00f5stekonks Husqvarna. Husqvarna tarvikud Reginetist.","description":"Uus parem ja teravam tehaseteritusega t\u00f5stekonks Husqvarnalt. Uue pinnakattega karastatud terasest toode on endisest tugevam","robots":{"index":"index","follow":"follow","max-snippet":"max-snippet:-1","max-image-preview":"max-image-preview:large","max-video-preview":"max-video-preview:-1"},"canonical":"https:\/\/reginett.ee\/toode\/tostekonks-husqvarna\/","og_locale":"ru_RU","og_type":"article","og_title":"T\u00f5stekonks Husqvarna. Husqvarna tarvikud Reginetist.","og_description":"Uus parem ja teravam tehaseteritusega t\u00f5stekonks Husqvarnalt. Uue pinnakattega karastatud terasest toode on endisest tugevam","og_url":"https:\/\/reginett.ee\/toode\/tostekonks-husqvarna\/","og_site_name":"Reginett","article_modified_time":"2023-02-06T15:27:06+00:00","og_image":[{"width":680,"height":372,"url":"https:\/\/reginett.ee\/wp-content\/uploads\/2020\/11\/Tostekonks-Husqvarna.jpg","type":"image\/jpeg"}],"twitter_card":"summary_large_image","schema":{"@context":"https:\/\/schema.org","@graph":[{"@type":"WebPage","@id":"https:\/\/reginett.ee\/toode\/tostekonks-husqvarna\/","url":"https:\/\/reginett.ee\/toode\/tostekonks-husqvarna\/","name":"T\u00f5stekonks Husqvarna. Husqvarna tarvikud Reginetist.","isPartOf":{"@id":"https:\/\/reginett.ee\/#website"},"primaryImageOfPage":{"@id":"https:\/\/reginett.ee\/toode\/tostekonks-husqvarna\/#primaryimage"},"image":{"@id":"https:\/\/reginett.ee\/toode\/tostekonks-husqvarna\/#primaryimage"},"thumbnailUrl":"https:\/\/reginett.ee\/wp-content\/uploads\/2020\/11\/Tostekonks-Husqvarna.jpg","datePublished":"2020-11-19T11:10:55+00:00","dateModified":"2023-02-06T15:27:06+00:00","description":"Uus parem ja teravam tehaseteritusega t\u00f5stekonks Husqvarnalt. Uue pinnakattega karastatud terasest toode on endisest tugevam","breadcrumb":{"@id":"https:\/\/reginett.ee\/toode\/tostekonks-husqvarna\/#breadcrumb"},"inLanguage":"ru-RU","potentialAction":[{"@type":"ReadAction","target":["https:\/\/reginett.ee\/toode\/tostekonks-husqvarna\/"]}]},{"@type":"ImageObject","inLanguage":"ru-RU","@id":"https:\/\/reginett.ee\/toode\/tostekonks-husqvarna\/#primaryimage","url":"https:\/\/reginett.ee\/wp-content\/uploads\/2020\/11\/Tostekonks-Husqvarna.jpg","contentUrl":"https:\/\/reginett.ee\/wp-content\/uploads\/2020\/11\/Tostekonks-Husqvarna.jpg","width":680,"height":372,"caption":"T\u00f5stekonks Husqvarna"},{"@type":"BreadcrumbList","@id":"https:\/\/reginett.ee\/toode\/tostekonks-husqvarna\/#breadcrumb","itemListElement":[{"@type":"ListItem","position":1,"name":"Home","item":"https:\/\/reginett.ee\/ru\/"},{"@type":"ListItem","position":2,"name":"Tooted","item":"https:\/\/reginett.ee\/tooted\/"},{"@type":"ListItem","position":3,"name":"T\u00f5stekonks Husqvarna"}]},{"@type":"WebSite","@id":"https:\/\/reginett.ee\/#website","url":"https:\/\/reginett.ee\/","name":"Reginett","description":"Parimad robotniidukid","potentialAction":[{"@type":"SearchAction","target":{"@type":"EntryPoint","urlTemplate":"https:\/\/reginett.ee\/?s={search_term_string}"},"query-input":{"@type":"PropertyValueSpecification","valueRequired":true,"valueName":"search_term_string"}}],"inLanguage":"ru-RU"}]}},"brands":[],"_links":{"self":[{"href":"https:\/\/reginett.ee\/ru\/wp-json\/wp\/v2\/product\/52621","targetHints":{"allow":["GET"]}}],"collection":[{"href":"https:\/\/reginett.ee\/ru\/wp-json\/wp\/v2\/product"}],"about":[{"href":"https:\/\/reginett.ee\/ru\/wp-json\/wp\/v2\/types\/product"}],"replies":[{"embeddable":true,"href":"https:\/\/reginett.ee\/ru\/wp-json\/wp\/v2\/comments?post=52621"}],"wp:featuredmedia":[{"embeddable":true,"href":"https:\/\/reginett.ee\/ru\/wp-json\/wp\/v2\/media\/52766"}],"wp:attachment":[{"href":"https:\/\/reginett.ee\/ru\/wp-json\/wp\/v2\/media?parent=52621"}],"wp:term":[{"taxonomy":"pwb-brand","embeddable":true,"href":"https:\/\/reginett.ee\/ru\/wp-json\/wp\/v2\/pwb-brand?post=52621"},{"taxonomy":"product_brand","embeddable":true,"href":"https:\/\/reginett.ee\/ru\/wp-json\/wp\/v2\/product_brand?post=52621"},{"taxonomy":"product_cat","embeddable":true,"href":"https:\/\/reginett.ee\/ru\/wp-json\/wp\/v2\/product_cat?post=52621"},{"taxonomy":"product_tag","embeddable":true,"href":"https:\/\/reginett.ee\/ru\/wp-json\/wp\/v2\/product_tag?post=52621"}],"curies":[{"name":"wp","href":"https:\/\/api.w.org\/{rel}","templated":true}]}}