{"id":52619,"date":"2021-11-07T14:05:04","date_gmt":"2021-11-07T11:05:04","guid":{"rendered":"https:\/\/reginett.ee\/?post_type=product&#038;p=52619"},"modified":"2025-02-01T13:46:56","modified_gmt":"2025-02-01T10:46:56","slug":"langetuslabidas-pooramiskonksuga-husqvarna","status":"publish","type":"product","link":"https:\/\/reginett.ee\/ru\/toode\/langetuslabidas-pooramiskonksuga-husqvarna\/","title":{"rendered":"Langetuslabidas p\u00f6\u00f6ramiskonksuga Husqvarna"},"content":{"rendered":"<p>Sepistatud, plastikust k\u00e4epidemega ja p\u00f6\u00f6ramiskonksuga langetuslabidas Husqvarnalt on asendamatu abimees nii professionaalile kui ka harrastusmetsamehele.<\/p>\n<p>&nbsp;<\/p>\n","protected":false},"excerpt":{"rendered":"<p>Sepistatud, plastikust k\u00e4epidemega ja p\u00f6\u00f6ramiskonksuga langetuslabidas Husqvarnalt on asendamatu abimees nii professionaalile kui ka harrastusmetsamehele.<\/p>\n","protected":false},"featured_media":52767,"comment_status":"open","ping_status":"closed","template":"","meta":{"_acf_changed":false,"_et_pb_use_builder":"","_et_pb_old_content":"","_et_gb_content_width":"","inline_featured_image":false},"pwb-brand":[],"product_brand":[],"product_cat":[37,27],"product_tag":[339],"class_list":{"0":"post-52619","1":"product","2":"type-product","3":"status-publish","4":"has-post-thumbnail","6":"product_cat-husqvarna","7":"product_cat-tooriistad-ja-tarvikud","8":"product_tag-langetuslabidas","10":"first","11":"outofstock","12":"shipping-taxable","13":"purchasable","14":"product-type-simple"},"acf":[],"yoast_head":"<!-- This site is optimized with the Yoast SEO plugin v26.6 - https:\/\/yoast.com\/wordpress\/plugins\/seo\/ -->\n<title>Langetuslabidas Husqvarna. Metsat\u00f6\u00f6 Husqvarna t\u00f6\u00f6riistadega<\/title>\n<meta name=\"description\" content=\"Sepistatud, plastikust k\u00e4epidemega ja p\u00f6\u00f6ramiskonksuga langetuslabidas Husqvarnalt on asendamatu abimees nii professionaalile\" \/>\n<meta name=\"robots\" content=\"index, follow, max-snippet:-1, max-image-preview:large, max-video-preview:-1\" \/>\n<link rel=\"canonical\" href=\"https:\/\/reginett.ee\/toode\/langetuslabidas-pooramiskonksuga-husqvarna\/\" \/>\n<meta property=\"og:locale\" content=\"ru_RU\" \/>\n<meta property=\"og:type\" content=\"article\" \/>\n<meta property=\"og:title\" content=\"Langetuslabidas Husqvarna. Metsat\u00f6\u00f6 Husqvarna t\u00f6\u00f6riistadega\" \/>\n<meta property=\"og:description\" content=\"Sepistatud, plastikust k\u00e4epidemega ja p\u00f6\u00f6ramiskonksuga langetuslabidas Husqvarnalt on asendamatu abimees nii professionaalile\" \/>\n<meta property=\"og:url\" content=\"https:\/\/reginett.ee\/toode\/langetuslabidas-pooramiskonksuga-husqvarna\/\" \/>\n<meta property=\"og:site_name\" content=\"Reginett\" \/>\n<meta property=\"article:modified_time\" content=\"2025-02-01T10:46:56+00:00\" \/>\n<meta property=\"og:image\" content=\"https:\/\/reginett.ee\/wp-content\/uploads\/2020\/11\/langetuslabidas-Husqvarna.jpg\" \/>\n\t<meta property=\"og:image:width\" content=\"680\" \/>\n\t<meta property=\"og:image:height\" content=\"372\" \/>\n\t<meta property=\"og:image:type\" content=\"image\/jpeg\" \/>\n<meta name=\"twitter:card\" content=\"summary_large_image\" \/>\n<script type=\"application\/ld+json\" class=\"yoast-schema-graph\">{\"@context\":\"https:\/\/schema.org\",\"@graph\":[{\"@type\":\"WebPage\",\"@id\":\"https:\/\/reginett.ee\/toode\/langetuslabidas-pooramiskonksuga-husqvarna\/\",\"url\":\"https:\/\/reginett.ee\/toode\/langetuslabidas-pooramiskonksuga-husqvarna\/\",\"name\":\"Langetuslabidas Husqvarna. Metsat\u00f6\u00f6 Husqvarna t\u00f6\u00f6riistadega\",\"isPartOf\":{\"@id\":\"https:\/\/reginett.ee\/#website\"},\"primaryImageOfPage\":{\"@id\":\"https:\/\/reginett.ee\/toode\/langetuslabidas-pooramiskonksuga-husqvarna\/#primaryimage\"},\"image\":{\"@id\":\"https:\/\/reginett.ee\/toode\/langetuslabidas-pooramiskonksuga-husqvarna\/#primaryimage\"},\"thumbnailUrl\":\"https:\/\/reginett.ee\/wp-content\/uploads\/2020\/11\/langetuslabidas-Husqvarna.jpg\",\"datePublished\":\"2021-11-07T11:05:04+00:00\",\"dateModified\":\"2025-02-01T10:46:56+00:00\",\"description\":\"Sepistatud, plastikust k\u00e4epidemega ja p\u00f6\u00f6ramiskonksuga langetuslabidas Husqvarnalt on asendamatu abimees nii professionaalile\",\"breadcrumb\":{\"@id\":\"https:\/\/reginett.ee\/toode\/langetuslabidas-pooramiskonksuga-husqvarna\/#breadcrumb\"},\"inLanguage\":\"ru-RU\",\"potentialAction\":[{\"@type\":\"ReadAction\",\"target\":[\"https:\/\/reginett.ee\/toode\/langetuslabidas-pooramiskonksuga-husqvarna\/\"]}]},{\"@type\":\"ImageObject\",\"inLanguage\":\"ru-RU\",\"@id\":\"https:\/\/reginett.ee\/toode\/langetuslabidas-pooramiskonksuga-husqvarna\/#primaryimage\",\"url\":\"https:\/\/reginett.ee\/wp-content\/uploads\/2020\/11\/langetuslabidas-Husqvarna.jpg\",\"contentUrl\":\"https:\/\/reginett.ee\/wp-content\/uploads\/2020\/11\/langetuslabidas-Husqvarna.jpg\",\"width\":680,\"height\":372,\"caption\":\"langetuslabidas Husqvarna\"},{\"@type\":\"BreadcrumbList\",\"@id\":\"https:\/\/reginett.ee\/toode\/langetuslabidas-pooramiskonksuga-husqvarna\/#breadcrumb\",\"itemListElement\":[{\"@type\":\"ListItem\",\"position\":1,\"name\":\"Home\",\"item\":\"https:\/\/reginett.ee\/ru\/\"},{\"@type\":\"ListItem\",\"position\":2,\"name\":\"Tooted\",\"item\":\"https:\/\/reginett.ee\/tooted\/\"},{\"@type\":\"ListItem\",\"position\":3,\"name\":\"Langetuslabidas p\u00f6\u00f6ramiskonksuga Husqvarna\"}]},{\"@type\":\"WebSite\",\"@id\":\"https:\/\/reginett.ee\/#website\",\"url\":\"https:\/\/reginett.ee\/\",\"name\":\"Reginett\",\"description\":\"Parimad robotniidukid\",\"potentialAction\":[{\"@type\":\"SearchAction\",\"target\":{\"@type\":\"EntryPoint\",\"urlTemplate\":\"https:\/\/reginett.ee\/?s={search_term_string}\"},\"query-input\":{\"@type\":\"PropertyValueSpecification\",\"valueRequired\":true,\"valueName\":\"search_term_string\"}}],\"inLanguage\":\"ru-RU\"}]}<\/script>\n<!-- \/ Yoast SEO plugin. -->","yoast_head_json":{"title":"Langetuslabidas Husqvarna. Metsat\u00f6\u00f6 Husqvarna t\u00f6\u00f6riistadega","description":"Sepistatud, plastikust k\u00e4epidemega ja p\u00f6\u00f6ramiskonksuga langetuslabidas Husqvarnalt on asendamatu abimees nii professionaalile","robots":{"index":"index","follow":"follow","max-snippet":"max-snippet:-1","max-image-preview":"max-image-preview:large","max-video-preview":"max-video-preview:-1"},"canonical":"https:\/\/reginett.ee\/toode\/langetuslabidas-pooramiskonksuga-husqvarna\/","og_locale":"ru_RU","og_type":"article","og_title":"Langetuslabidas Husqvarna. Metsat\u00f6\u00f6 Husqvarna t\u00f6\u00f6riistadega","og_description":"Sepistatud, plastikust k\u00e4epidemega ja p\u00f6\u00f6ramiskonksuga langetuslabidas Husqvarnalt on asendamatu abimees nii professionaalile","og_url":"https:\/\/reginett.ee\/toode\/langetuslabidas-pooramiskonksuga-husqvarna\/","og_site_name":"Reginett","article_modified_time":"2025-02-01T10:46:56+00:00","og_image":[{"width":680,"height":372,"url":"https:\/\/reginett.ee\/wp-content\/uploads\/2020\/11\/langetuslabidas-Husqvarna.jpg","type":"image\/jpeg"}],"twitter_card":"summary_large_image","schema":{"@context":"https:\/\/schema.org","@graph":[{"@type":"WebPage","@id":"https:\/\/reginett.ee\/toode\/langetuslabidas-pooramiskonksuga-husqvarna\/","url":"https:\/\/reginett.ee\/toode\/langetuslabidas-pooramiskonksuga-husqvarna\/","name":"Langetuslabidas Husqvarna. Metsat\u00f6\u00f6 Husqvarna t\u00f6\u00f6riistadega","isPartOf":{"@id":"https:\/\/reginett.ee\/#website"},"primaryImageOfPage":{"@id":"https:\/\/reginett.ee\/toode\/langetuslabidas-pooramiskonksuga-husqvarna\/#primaryimage"},"image":{"@id":"https:\/\/reginett.ee\/toode\/langetuslabidas-pooramiskonksuga-husqvarna\/#primaryimage"},"thumbnailUrl":"https:\/\/reginett.ee\/wp-content\/uploads\/2020\/11\/langetuslabidas-Husqvarna.jpg","datePublished":"2021-11-07T11:05:04+00:00","dateModified":"2025-02-01T10:46:56+00:00","description":"Sepistatud, plastikust k\u00e4epidemega ja p\u00f6\u00f6ramiskonksuga langetuslabidas Husqvarnalt on asendamatu abimees nii professionaalile","breadcrumb":{"@id":"https:\/\/reginett.ee\/toode\/langetuslabidas-pooramiskonksuga-husqvarna\/#breadcrumb"},"inLanguage":"ru-RU","potentialAction":[{"@type":"ReadAction","target":["https:\/\/reginett.ee\/toode\/langetuslabidas-pooramiskonksuga-husqvarna\/"]}]},{"@type":"ImageObject","inLanguage":"ru-RU","@id":"https:\/\/reginett.ee\/toode\/langetuslabidas-pooramiskonksuga-husqvarna\/#primaryimage","url":"https:\/\/reginett.ee\/wp-content\/uploads\/2020\/11\/langetuslabidas-Husqvarna.jpg","contentUrl":"https:\/\/reginett.ee\/wp-content\/uploads\/2020\/11\/langetuslabidas-Husqvarna.jpg","width":680,"height":372,"caption":"langetuslabidas Husqvarna"},{"@type":"BreadcrumbList","@id":"https:\/\/reginett.ee\/toode\/langetuslabidas-pooramiskonksuga-husqvarna\/#breadcrumb","itemListElement":[{"@type":"ListItem","position":1,"name":"Home","item":"https:\/\/reginett.ee\/ru\/"},{"@type":"ListItem","position":2,"name":"Tooted","item":"https:\/\/reginett.ee\/tooted\/"},{"@type":"ListItem","position":3,"name":"Langetuslabidas p\u00f6\u00f6ramiskonksuga Husqvarna"}]},{"@type":"WebSite","@id":"https:\/\/reginett.ee\/#website","url":"https:\/\/reginett.ee\/","name":"Reginett","description":"Parimad robotniidukid","potentialAction":[{"@type":"SearchAction","target":{"@type":"EntryPoint","urlTemplate":"https:\/\/reginett.ee\/?s={search_term_string}"},"query-input":{"@type":"PropertyValueSpecification","valueRequired":true,"valueName":"search_term_string"}}],"inLanguage":"ru-RU"}]}},"brands":[],"_links":{"self":[{"href":"https:\/\/reginett.ee\/ru\/wp-json\/wp\/v2\/product\/52619","targetHints":{"allow":["GET"]}}],"collection":[{"href":"https:\/\/reginett.ee\/ru\/wp-json\/wp\/v2\/product"}],"about":[{"href":"https:\/\/reginett.ee\/ru\/wp-json\/wp\/v2\/types\/product"}],"replies":[{"embeddable":true,"href":"https:\/\/reginett.ee\/ru\/wp-json\/wp\/v2\/comments?post=52619"}],"wp:featuredmedia":[{"embeddable":true,"href":"https:\/\/reginett.ee\/ru\/wp-json\/wp\/v2\/media\/52767"}],"wp:attachment":[{"href":"https:\/\/reginett.ee\/ru\/wp-json\/wp\/v2\/media?parent=52619"}],"wp:term":[{"taxonomy":"pwb-brand","embeddable":true,"href":"https:\/\/reginett.ee\/ru\/wp-json\/wp\/v2\/pwb-brand?post=52619"},{"taxonomy":"product_brand","embeddable":true,"href":"https:\/\/reginett.ee\/ru\/wp-json\/wp\/v2\/product_brand?post=52619"},{"taxonomy":"product_cat","embeddable":true,"href":"https:\/\/reginett.ee\/ru\/wp-json\/wp\/v2\/product_cat?post=52619"},{"taxonomy":"product_tag","embeddable":true,"href":"https:\/\/reginett.ee\/ru\/wp-json\/wp\/v2\/product_tag?post=52619"}],"curies":[{"name":"wp","href":"https:\/\/api.w.org\/{rel}","templated":true}]}}