{"id":52490,"date":"2020-11-15T09:38:03","date_gmt":"2020-11-15T06:38:03","guid":{"rendered":"https:\/\/reginett.ee\/?post_type=product&#038;p=52490"},"modified":"2021-12-06T13:00:17","modified_gmt":"2021-12-06T10:00:17","slug":"lumepuhur-toro-quick-clear-ccr-6053es","status":"publish","type":"product","link":"https:\/\/reginett.ee\/ru\/toode\/lumepuhur-toro-quick-clear-ccr-6053es\/","title":{"rendered":"Lumepuhur TORO Quick Clear CCR 6053ES"},"content":{"rendered":"<p>Lumepuhur TORO Quick Clear teeb t\u00f5eliselt hea tulemuse ilma suure pingutuseta. TORO \u00fcheastmeline lumepuhur on kerge ning j\u00f5uline, temaga on lihtne man\u00f6\u00f6verdada.<\/p>\n<h3><strong>Elektriline starter standard varustuses<\/strong><\/h3>\n<p>Kerge k\u00e4ivitus ka k\u00f5ige k\u00fclmema ilmaga, Toro lumepuhur on varustatud nii elektrilise- kui ka k\u00e4sistarteriga.<\/p>\n<h3><strong>Kvaliteetne TORO mootor<\/strong><\/h3>\n<table class=\"table1\" border=\"0\">\n<tbody>\n<tr>\n<td><\/td>\n<td>TORO OHV 212cc<\/td>\n<\/tr>\n<\/tbody>\n<\/table>\n","protected":false},"excerpt":{"rendered":"<p>Lumepuhur TORO Quick Clear teeb t\u00f5eliselt hea tulemuse ilma suure pingutuseta. TORO \u00fcheastmeline lumepuhur on kerge ning j\u00f5uline, temaga on lihtne man\u00f6\u00f6verdada.<\/p>\n","protected":false},"featured_media":52741,"comment_status":"open","ping_status":"closed","template":"","meta":{"_acf_changed":false,"_et_pb_use_builder":"","_et_pb_old_content":"","_et_gb_content_width":"","inline_featured_image":false},"pwb-brand":[],"product_brand":[],"product_cat":[51,149],"product_tag":[104,157,156,106,159],"class_list":{"0":"post-52490","1":"product","2":"type-product","3":"status-publish","4":"has-post-thumbnail","6":"product_cat-lumepuhurid","7":"product_cat-toro","8":"product_tag-frees","9":"product_tag-lumefrees","10":"product_tag-lumepuhur","11":"product_tag-puhur","12":"product_tag-toro","13":"product_shipping_class-rasked-asjad","15":"first","16":"outofstock","17":"shipping-taxable","18":"purchasable","19":"product-type-simple"},"acf":[],"yoast_head":"<!-- This site is optimized with the Yoast SEO plugin v26.6 - https:\/\/yoast.com\/wordpress\/plugins\/seo\/ -->\n<title>Lumepuhur TORO Quick Clear CCR 6053ES - Reginett<\/title>\n<meta name=\"robots\" content=\"index, follow, max-snippet:-1, max-image-preview:large, max-video-preview:-1\" \/>\n<link rel=\"canonical\" href=\"https:\/\/reginett.ee\/toode\/lumepuhur-toro-quick-clear-ccr-6053es\/\" \/>\n<meta property=\"og:locale\" content=\"ru_RU\" \/>\n<meta property=\"og:type\" content=\"article\" \/>\n<meta property=\"og:title\" content=\"Lumepuhur TORO Quick Clear CCR 6053ES - Reginett\" \/>\n<meta property=\"og:description\" content=\"Lumepuhur TORO Quick Clear teeb t\u00f5eliselt hea tulemuse ilma suure pingutuseta. TORO \u00fcheastmeline lumepuhur on kerge ning j\u00f5uline, temaga on lihtne man\u00f6\u00f6verdada.\" \/>\n<meta property=\"og:url\" content=\"https:\/\/reginett.ee\/toode\/lumepuhur-toro-quick-clear-ccr-6053es\/\" \/>\n<meta property=\"og:site_name\" content=\"Reginett\" \/>\n<meta property=\"article:modified_time\" content=\"2021-12-06T10:00:17+00:00\" \/>\n<meta property=\"og:image\" content=\"https:\/\/reginett.ee\/wp-content\/uploads\/2020\/11\/lumepuhur-TORO-QuickClear.jpg\" \/>\n\t<meta property=\"og:image:width\" content=\"680\" \/>\n\t<meta property=\"og:image:height\" content=\"372\" \/>\n\t<meta property=\"og:image:type\" content=\"image\/jpeg\" \/>\n<meta name=\"twitter:card\" content=\"summary_large_image\" \/>\n<script type=\"application\/ld+json\" class=\"yoast-schema-graph\">{\"@context\":\"https:\/\/schema.org\",\"@graph\":[{\"@type\":\"WebPage\",\"@id\":\"https:\/\/reginett.ee\/toode\/lumepuhur-toro-quick-clear-ccr-6053es\/\",\"url\":\"https:\/\/reginett.ee\/toode\/lumepuhur-toro-quick-clear-ccr-6053es\/\",\"name\":\"Lumepuhur TORO Quick Clear CCR 6053ES - Reginett\",\"isPartOf\":{\"@id\":\"https:\/\/reginett.ee\/#website\"},\"primaryImageOfPage\":{\"@id\":\"https:\/\/reginett.ee\/toode\/lumepuhur-toro-quick-clear-ccr-6053es\/#primaryimage\"},\"image\":{\"@id\":\"https:\/\/reginett.ee\/toode\/lumepuhur-toro-quick-clear-ccr-6053es\/#primaryimage\"},\"thumbnailUrl\":\"https:\/\/reginett.ee\/wp-content\/uploads\/2020\/11\/lumepuhur-TORO-QuickClear.jpg\",\"datePublished\":\"2020-11-15T06:38:03+00:00\",\"dateModified\":\"2021-12-06T10:00:17+00:00\",\"breadcrumb\":{\"@id\":\"https:\/\/reginett.ee\/toode\/lumepuhur-toro-quick-clear-ccr-6053es\/#breadcrumb\"},\"inLanguage\":\"ru-RU\",\"potentialAction\":[{\"@type\":\"ReadAction\",\"target\":[\"https:\/\/reginett.ee\/toode\/lumepuhur-toro-quick-clear-ccr-6053es\/\"]}]},{\"@type\":\"ImageObject\",\"inLanguage\":\"ru-RU\",\"@id\":\"https:\/\/reginett.ee\/toode\/lumepuhur-toro-quick-clear-ccr-6053es\/#primaryimage\",\"url\":\"https:\/\/reginett.ee\/wp-content\/uploads\/2020\/11\/lumepuhur-TORO-QuickClear.jpg\",\"contentUrl\":\"https:\/\/reginett.ee\/wp-content\/uploads\/2020\/11\/lumepuhur-TORO-QuickClear.jpg\",\"width\":680,\"height\":372,\"caption\":\"lumepuhur TORO QuickClear\"},{\"@type\":\"BreadcrumbList\",\"@id\":\"https:\/\/reginett.ee\/toode\/lumepuhur-toro-quick-clear-ccr-6053es\/#breadcrumb\",\"itemListElement\":[{\"@type\":\"ListItem\",\"position\":1,\"name\":\"Home\",\"item\":\"https:\/\/reginett.ee\/ru\/\"},{\"@type\":\"ListItem\",\"position\":2,\"name\":\"Tooted\",\"item\":\"https:\/\/reginett.ee\/tooted\/\"},{\"@type\":\"ListItem\",\"position\":3,\"name\":\"Lumepuhur TORO Quick Clear CCR 6053ES\"}]},{\"@type\":\"WebSite\",\"@id\":\"https:\/\/reginett.ee\/#website\",\"url\":\"https:\/\/reginett.ee\/\",\"name\":\"Reginett\",\"description\":\"Parimad robotniidukid\",\"potentialAction\":[{\"@type\":\"SearchAction\",\"target\":{\"@type\":\"EntryPoint\",\"urlTemplate\":\"https:\/\/reginett.ee\/?s={search_term_string}\"},\"query-input\":{\"@type\":\"PropertyValueSpecification\",\"valueRequired\":true,\"valueName\":\"search_term_string\"}}],\"inLanguage\":\"ru-RU\"}]}<\/script>\n<!-- \/ Yoast SEO plugin. -->","yoast_head_json":{"title":"Lumepuhur TORO Quick Clear CCR 6053ES - Reginett","robots":{"index":"index","follow":"follow","max-snippet":"max-snippet:-1","max-image-preview":"max-image-preview:large","max-video-preview":"max-video-preview:-1"},"canonical":"https:\/\/reginett.ee\/toode\/lumepuhur-toro-quick-clear-ccr-6053es\/","og_locale":"ru_RU","og_type":"article","og_title":"Lumepuhur TORO Quick Clear CCR 6053ES - Reginett","og_description":"Lumepuhur TORO Quick Clear teeb t\u00f5eliselt hea tulemuse ilma suure pingutuseta. TORO \u00fcheastmeline lumepuhur on kerge ning j\u00f5uline, temaga on lihtne man\u00f6\u00f6verdada.","og_url":"https:\/\/reginett.ee\/toode\/lumepuhur-toro-quick-clear-ccr-6053es\/","og_site_name":"Reginett","article_modified_time":"2021-12-06T10:00:17+00:00","og_image":[{"width":680,"height":372,"url":"https:\/\/reginett.ee\/wp-content\/uploads\/2020\/11\/lumepuhur-TORO-QuickClear.jpg","type":"image\/jpeg"}],"twitter_card":"summary_large_image","schema":{"@context":"https:\/\/schema.org","@graph":[{"@type":"WebPage","@id":"https:\/\/reginett.ee\/toode\/lumepuhur-toro-quick-clear-ccr-6053es\/","url":"https:\/\/reginett.ee\/toode\/lumepuhur-toro-quick-clear-ccr-6053es\/","name":"Lumepuhur TORO Quick Clear CCR 6053ES - Reginett","isPartOf":{"@id":"https:\/\/reginett.ee\/#website"},"primaryImageOfPage":{"@id":"https:\/\/reginett.ee\/toode\/lumepuhur-toro-quick-clear-ccr-6053es\/#primaryimage"},"image":{"@id":"https:\/\/reginett.ee\/toode\/lumepuhur-toro-quick-clear-ccr-6053es\/#primaryimage"},"thumbnailUrl":"https:\/\/reginett.ee\/wp-content\/uploads\/2020\/11\/lumepuhur-TORO-QuickClear.jpg","datePublished":"2020-11-15T06:38:03+00:00","dateModified":"2021-12-06T10:00:17+00:00","breadcrumb":{"@id":"https:\/\/reginett.ee\/toode\/lumepuhur-toro-quick-clear-ccr-6053es\/#breadcrumb"},"inLanguage":"ru-RU","potentialAction":[{"@type":"ReadAction","target":["https:\/\/reginett.ee\/toode\/lumepuhur-toro-quick-clear-ccr-6053es\/"]}]},{"@type":"ImageObject","inLanguage":"ru-RU","@id":"https:\/\/reginett.ee\/toode\/lumepuhur-toro-quick-clear-ccr-6053es\/#primaryimage","url":"https:\/\/reginett.ee\/wp-content\/uploads\/2020\/11\/lumepuhur-TORO-QuickClear.jpg","contentUrl":"https:\/\/reginett.ee\/wp-content\/uploads\/2020\/11\/lumepuhur-TORO-QuickClear.jpg","width":680,"height":372,"caption":"lumepuhur TORO QuickClear"},{"@type":"BreadcrumbList","@id":"https:\/\/reginett.ee\/toode\/lumepuhur-toro-quick-clear-ccr-6053es\/#breadcrumb","itemListElement":[{"@type":"ListItem","position":1,"name":"Home","item":"https:\/\/reginett.ee\/ru\/"},{"@type":"ListItem","position":2,"name":"Tooted","item":"https:\/\/reginett.ee\/tooted\/"},{"@type":"ListItem","position":3,"name":"Lumepuhur TORO Quick Clear CCR 6053ES"}]},{"@type":"WebSite","@id":"https:\/\/reginett.ee\/#website","url":"https:\/\/reginett.ee\/","name":"Reginett","description":"Parimad robotniidukid","potentialAction":[{"@type":"SearchAction","target":{"@type":"EntryPoint","urlTemplate":"https:\/\/reginett.ee\/?s={search_term_string}"},"query-input":{"@type":"PropertyValueSpecification","valueRequired":true,"valueName":"search_term_string"}}],"inLanguage":"ru-RU"}]}},"brands":[],"_links":{"self":[{"href":"https:\/\/reginett.ee\/ru\/wp-json\/wp\/v2\/product\/52490","targetHints":{"allow":["GET"]}}],"collection":[{"href":"https:\/\/reginett.ee\/ru\/wp-json\/wp\/v2\/product"}],"about":[{"href":"https:\/\/reginett.ee\/ru\/wp-json\/wp\/v2\/types\/product"}],"replies":[{"embeddable":true,"href":"https:\/\/reginett.ee\/ru\/wp-json\/wp\/v2\/comments?post=52490"}],"wp:featuredmedia":[{"embeddable":true,"href":"https:\/\/reginett.ee\/ru\/wp-json\/wp\/v2\/media\/52741"}],"wp:attachment":[{"href":"https:\/\/reginett.ee\/ru\/wp-json\/wp\/v2\/media?parent=52490"}],"wp:term":[{"taxonomy":"pwb-brand","embeddable":true,"href":"https:\/\/reginett.ee\/ru\/wp-json\/wp\/v2\/pwb-brand?post=52490"},{"taxonomy":"product_brand","embeddable":true,"href":"https:\/\/reginett.ee\/ru\/wp-json\/wp\/v2\/product_brand?post=52490"},{"taxonomy":"product_cat","embeddable":true,"href":"https:\/\/reginett.ee\/ru\/wp-json\/wp\/v2\/product_cat?post=52490"},{"taxonomy":"product_tag","embeddable":true,"href":"https:\/\/reginett.ee\/ru\/wp-json\/wp\/v2\/product_tag?post=52490"}],"curies":[{"name":"wp","href":"https:\/\/api.w.org\/{rel}","templated":true}]}}