{"id":52485,"date":"2020-11-15T09:25:39","date_gmt":"2020-11-15T09:25:39","guid":{"rendered":"https:\/\/reginett.ee\/?post_type=product&#038;p=52485"},"modified":"2021-11-27T11:17:09","modified_gmt":"2021-11-27T08:17:09","slug":"lumepuhur-toro-824-qxe-snowmax","status":"publish","type":"product","link":"https:\/\/reginett.ee\/ru\/toode\/lumepuhur-toro-824-qxe-snowmax\/","title":{"rendered":"Lumepuhur TORO 824 QXE SnowMax"},"content":{"rendered":"<p>Lumepuhur TORO 824 QXE SnowMax on m\u00f5eldud majaomanikele kes otsivad lumepuhurit mis suudab l\u00e4bi s\u00fcgava lume vilkalt ja krapsakalt lund koristada. Uus SnowMax pakub muljetavaldava v\u00f5imsust, enneolematut man\u00f6\u00f6verdusv\u00f5imet, sujuvust ning kasutajas\u00f5braliku kontrolli.<\/p>\n<p>TORO lumepuhurid on k\u00f5ige ergonoomilisemad ja kasutajas\u00f5bralikumad puhurid turul!<\/p>\n<h3><strong>TORO mootor<\/strong><\/h3>\n<p>TORO 824 QXE lumepuhuril on 252cc 4-taktiline OHV mootor, kindlustatud j\u00f5udlus ja sooritus rasketeks talvisteks oludeks.<\/p>\n<h3><strong>Quick Stick\u00ae lumerenni juhtimise hoob<\/strong><\/h3>\n<p>\u00dche lihtsa kombineeritud hoova abil kiirelt ja lihtsalt muudetav lumejoa suund ja kaugus teeb TORO lumepuhuri kasutamise v\u00e4ga mugavaks.<\/p>\n<h3><strong>Elektriline starter standard varustuses<\/strong><\/h3>\n<p>Kerge k\u00e4ivitus ka k\u00f5ige k\u00fclmema ilmaga, TORO 824QXE lumepuhur on varustatud nii elektrilise- kui ka k\u00e4sistarteriga.<\/p>\n<h3><strong>Vastupidav lumerenn ja joasuunaja<\/strong><\/h3>\n<p>Lumerenn ja joasuunaja on valmistatud tihedast pol\u00fceteenist, mis pakub maksimaalset tulemuslikkust k\u00fclmas ja lumistes tingimustes. Pol\u00fcet\u00fceenil on mitmeid eeliseid terase ees, kui tegemist on liikuva lumega. Ta on vastupidav, kuid kerge ja paindlik. Samuti takistab lume ja j\u00e4\u00e4 kleepumist ja ei roosteta.<\/p>\n<p><strong>Sujuv man\u00f6\u00f6verdamine<\/strong><\/p>\n<p>Lubab sujuvalt ja konkreetselt man\u00f6\u00f6verdada ilma, et peaks lumepuhurit tirima, t\u00f5mbama v\u00f5i kasutama selleks erinevaid hoobasid.<\/p>\n<h3><strong>Paks ja m\u00e4rg lumi<\/strong><\/h3>\n<p>Avatud teokorpus v\u00e4hendab ummistumist s\u00fcgavas lumes. Terasest rootorispiraalid on spetsiaalselt disainitud. Spiraal l\u00f5hub ja suunab lume labade keskossa ning viskab selle l\u00e4bi renni kaugele ilma et see ummistuks.<\/p>\n<h3><strong>AutomaticDrive\u00ae veos\u00fcsteem<\/strong><\/h3>\n<p>TORO uuenduslik AutomaticDrive\u00ae veos\u00fcsteem tunneb automaatselt \u00e4ra ja kohandab liikumiskiiruse vastavalt teie soovile.<\/p>\n","protected":false},"excerpt":{"rendered":"<p>TORO 824 QXE SnowMax on m\u00f5eldud majaomanikele kes otsivad lumepuhurit mis suudab l\u00e4bi s\u00fcgava lume vilkalt ja krapsakalt lund koristada.<\/p>\n","protected":false},"featured_media":52742,"comment_status":"open","ping_status":"closed","template":"","meta":{"_acf_changed":false,"_et_pb_use_builder":"","_et_pb_old_content":"","_et_gb_content_width":"","inline_featured_image":false},"pwb-brand":[148],"product_brand":[],"product_cat":[51,149],"product_tag":[104,157,156,159],"class_list":{"0":"post-52485","1":"product","2":"type-product","3":"status-publish","4":"has-post-thumbnail","6":"pwb-brand-toro","7":"product_cat-lumepuhurid","8":"product_cat-toro","9":"product_tag-frees","10":"product_tag-lumefrees","11":"product_tag-lumepuhur","12":"product_tag-toro","13":"product_shipping_class-rasked-asjad","15":"first","16":"outofstock","17":"shipping-taxable","18":"purchasable","19":"product-type-simple"},"acf":[],"yoast_head":"<!-- This site is optimized with the Yoast SEO plugin v26.6 - https:\/\/yoast.com\/wordpress\/plugins\/seo\/ -->\n<title>Lumepuhur TORO 824 QXE SnowMax. Parimad lumepuhurid Reginetis.<\/title>\n<meta name=\"description\" content=\"Lumepuhur TORO 824 QXE SnowMax on m\u00f5eldud majaomanikele kes otsivad lumepuhurit mis suudab l\u00e4bi s\u00fcgava lume vilkalt.\" \/>\n<meta name=\"robots\" content=\"index, follow, max-snippet:-1, max-image-preview:large, max-video-preview:-1\" \/>\n<link rel=\"canonical\" href=\"https:\/\/reginett.ee\/toode\/lumepuhur-toro-824-qxe-snowmax\/\" \/>\n<meta property=\"og:locale\" content=\"ru_RU\" \/>\n<meta property=\"og:type\" content=\"article\" \/>\n<meta property=\"og:title\" content=\"Lumepuhur TORO 824 QXE SnowMax. Parimad lumepuhurid Reginetis.\" \/>\n<meta property=\"og:description\" content=\"Lumepuhur TORO 824 QXE SnowMax on m\u00f5eldud majaomanikele kes otsivad lumepuhurit mis suudab l\u00e4bi s\u00fcgava lume vilkalt.\" \/>\n<meta property=\"og:url\" content=\"https:\/\/reginett.ee\/toode\/lumepuhur-toro-824-qxe-snowmax\/\" \/>\n<meta property=\"og:site_name\" content=\"Reginett\" \/>\n<meta property=\"article:modified_time\" content=\"2021-11-27T08:17:09+00:00\" \/>\n<meta property=\"og:image\" content=\"https:\/\/reginett.ee\/wp-content\/uploads\/2020\/11\/lumepuhur-TORO-824QXE.jpg\" \/>\n\t<meta property=\"og:image:width\" content=\"680\" \/>\n\t<meta property=\"og:image:height\" content=\"372\" \/>\n\t<meta property=\"og:image:type\" content=\"image\/jpeg\" \/>\n<meta name=\"twitter:card\" content=\"summary_large_image\" \/>\n<meta name=\"twitter:label1\" content=\"\u041f\u0440\u0438\u043c\u0435\u0440\u043d\u043e\u0435 \u0432\u0440\u0435\u043c\u044f \u0434\u043b\u044f \u0447\u0442\u0435\u043d\u0438\u044f\" \/>\n\t<meta name=\"twitter:data1\" content=\"1 \u043c\u0438\u043d\u0443\u0442\u0430\" \/>\n<script type=\"application\/ld+json\" class=\"yoast-schema-graph\">{\"@context\":\"https:\/\/schema.org\",\"@graph\":[{\"@type\":\"WebPage\",\"@id\":\"https:\/\/reginett.ee\/toode\/lumepuhur-toro-824-qxe-snowmax\/\",\"url\":\"https:\/\/reginett.ee\/toode\/lumepuhur-toro-824-qxe-snowmax\/\",\"name\":\"Lumepuhur TORO 824 QXE SnowMax. Parimad lumepuhurid Reginetis.\",\"isPartOf\":{\"@id\":\"https:\/\/reginett.ee\/#website\"},\"primaryImageOfPage\":{\"@id\":\"https:\/\/reginett.ee\/toode\/lumepuhur-toro-824-qxe-snowmax\/#primaryimage\"},\"image\":{\"@id\":\"https:\/\/reginett.ee\/toode\/lumepuhur-toro-824-qxe-snowmax\/#primaryimage\"},\"thumbnailUrl\":\"https:\/\/reginett.ee\/wp-content\/uploads\/2020\/11\/lumepuhur-TORO-824QXE.jpg\",\"datePublished\":\"2020-11-15T09:25:39+00:00\",\"dateModified\":\"2021-11-27T08:17:09+00:00\",\"description\":\"Lumepuhur TORO 824 QXE SnowMax on m\u00f5eldud majaomanikele kes otsivad lumepuhurit mis suudab l\u00e4bi s\u00fcgava lume vilkalt.\",\"breadcrumb\":{\"@id\":\"https:\/\/reginett.ee\/toode\/lumepuhur-toro-824-qxe-snowmax\/#breadcrumb\"},\"inLanguage\":\"ru-RU\",\"potentialAction\":[{\"@type\":\"ReadAction\",\"target\":[\"https:\/\/reginett.ee\/toode\/lumepuhur-toro-824-qxe-snowmax\/\"]}]},{\"@type\":\"ImageObject\",\"inLanguage\":\"ru-RU\",\"@id\":\"https:\/\/reginett.ee\/toode\/lumepuhur-toro-824-qxe-snowmax\/#primaryimage\",\"url\":\"https:\/\/reginett.ee\/wp-content\/uploads\/2020\/11\/lumepuhur-TORO-824QXE.jpg\",\"contentUrl\":\"https:\/\/reginett.ee\/wp-content\/uploads\/2020\/11\/lumepuhur-TORO-824QXE.jpg\",\"width\":680,\"height\":372,\"caption\":\"lumepuhur TORO 824QXE\"},{\"@type\":\"BreadcrumbList\",\"@id\":\"https:\/\/reginett.ee\/toode\/lumepuhur-toro-824-qxe-snowmax\/#breadcrumb\",\"itemListElement\":[{\"@type\":\"ListItem\",\"position\":1,\"name\":\"Home\",\"item\":\"https:\/\/reginett.ee\/ru\/\"},{\"@type\":\"ListItem\",\"position\":2,\"name\":\"Tooted\",\"item\":\"https:\/\/reginett.ee\/tooted\/\"},{\"@type\":\"ListItem\",\"position\":3,\"name\":\"Lumepuhur TORO 824 QXE SnowMax\"}]},{\"@type\":\"WebSite\",\"@id\":\"https:\/\/reginett.ee\/#website\",\"url\":\"https:\/\/reginett.ee\/\",\"name\":\"Reginett\",\"description\":\"Parimad robotniidukid\",\"potentialAction\":[{\"@type\":\"SearchAction\",\"target\":{\"@type\":\"EntryPoint\",\"urlTemplate\":\"https:\/\/reginett.ee\/?s={search_term_string}\"},\"query-input\":{\"@type\":\"PropertyValueSpecification\",\"valueRequired\":true,\"valueName\":\"search_term_string\"}}],\"inLanguage\":\"ru-RU\"}]}<\/script>\n<!-- \/ Yoast SEO plugin. -->","yoast_head_json":{"title":"Lumepuhur TORO 824 QXE SnowMax. Parimad lumepuhurid Reginetis.","description":"Lumepuhur TORO 824 QXE SnowMax on m\u00f5eldud majaomanikele kes otsivad lumepuhurit mis suudab l\u00e4bi s\u00fcgava lume vilkalt.","robots":{"index":"index","follow":"follow","max-snippet":"max-snippet:-1","max-image-preview":"max-image-preview:large","max-video-preview":"max-video-preview:-1"},"canonical":"https:\/\/reginett.ee\/toode\/lumepuhur-toro-824-qxe-snowmax\/","og_locale":"ru_RU","og_type":"article","og_title":"Lumepuhur TORO 824 QXE SnowMax. Parimad lumepuhurid Reginetis.","og_description":"Lumepuhur TORO 824 QXE SnowMax on m\u00f5eldud majaomanikele kes otsivad lumepuhurit mis suudab l\u00e4bi s\u00fcgava lume vilkalt.","og_url":"https:\/\/reginett.ee\/toode\/lumepuhur-toro-824-qxe-snowmax\/","og_site_name":"Reginett","article_modified_time":"2021-11-27T08:17:09+00:00","og_image":[{"width":680,"height":372,"url":"https:\/\/reginett.ee\/wp-content\/uploads\/2020\/11\/lumepuhur-TORO-824QXE.jpg","type":"image\/jpeg"}],"twitter_card":"summary_large_image","twitter_misc":{"\u041f\u0440\u0438\u043c\u0435\u0440\u043d\u043e\u0435 \u0432\u0440\u0435\u043c\u044f \u0434\u043b\u044f \u0447\u0442\u0435\u043d\u0438\u044f":"1 \u043c\u0438\u043d\u0443\u0442\u0430"},"schema":{"@context":"https:\/\/schema.org","@graph":[{"@type":"WebPage","@id":"https:\/\/reginett.ee\/toode\/lumepuhur-toro-824-qxe-snowmax\/","url":"https:\/\/reginett.ee\/toode\/lumepuhur-toro-824-qxe-snowmax\/","name":"Lumepuhur TORO 824 QXE SnowMax. Parimad lumepuhurid Reginetis.","isPartOf":{"@id":"https:\/\/reginett.ee\/#website"},"primaryImageOfPage":{"@id":"https:\/\/reginett.ee\/toode\/lumepuhur-toro-824-qxe-snowmax\/#primaryimage"},"image":{"@id":"https:\/\/reginett.ee\/toode\/lumepuhur-toro-824-qxe-snowmax\/#primaryimage"},"thumbnailUrl":"https:\/\/reginett.ee\/wp-content\/uploads\/2020\/11\/lumepuhur-TORO-824QXE.jpg","datePublished":"2020-11-15T09:25:39+00:00","dateModified":"2021-11-27T08:17:09+00:00","description":"Lumepuhur TORO 824 QXE SnowMax on m\u00f5eldud majaomanikele kes otsivad lumepuhurit mis suudab l\u00e4bi s\u00fcgava lume vilkalt.","breadcrumb":{"@id":"https:\/\/reginett.ee\/toode\/lumepuhur-toro-824-qxe-snowmax\/#breadcrumb"},"inLanguage":"ru-RU","potentialAction":[{"@type":"ReadAction","target":["https:\/\/reginett.ee\/toode\/lumepuhur-toro-824-qxe-snowmax\/"]}]},{"@type":"ImageObject","inLanguage":"ru-RU","@id":"https:\/\/reginett.ee\/toode\/lumepuhur-toro-824-qxe-snowmax\/#primaryimage","url":"https:\/\/reginett.ee\/wp-content\/uploads\/2020\/11\/lumepuhur-TORO-824QXE.jpg","contentUrl":"https:\/\/reginett.ee\/wp-content\/uploads\/2020\/11\/lumepuhur-TORO-824QXE.jpg","width":680,"height":372,"caption":"lumepuhur TORO 824QXE"},{"@type":"BreadcrumbList","@id":"https:\/\/reginett.ee\/toode\/lumepuhur-toro-824-qxe-snowmax\/#breadcrumb","itemListElement":[{"@type":"ListItem","position":1,"name":"Home","item":"https:\/\/reginett.ee\/ru\/"},{"@type":"ListItem","position":2,"name":"Tooted","item":"https:\/\/reginett.ee\/tooted\/"},{"@type":"ListItem","position":3,"name":"Lumepuhur TORO 824 QXE SnowMax"}]},{"@type":"WebSite","@id":"https:\/\/reginett.ee\/#website","url":"https:\/\/reginett.ee\/","name":"Reginett","description":"Parimad robotniidukid","potentialAction":[{"@type":"SearchAction","target":{"@type":"EntryPoint","urlTemplate":"https:\/\/reginett.ee\/?s={search_term_string}"},"query-input":{"@type":"PropertyValueSpecification","valueRequired":true,"valueName":"search_term_string"}}],"inLanguage":"ru-RU"}]}},"brands":[{"id":148,"name":"Toro","slug":"toro"}],"_links":{"self":[{"href":"https:\/\/reginett.ee\/ru\/wp-json\/wp\/v2\/product\/52485","targetHints":{"allow":["GET"]}}],"collection":[{"href":"https:\/\/reginett.ee\/ru\/wp-json\/wp\/v2\/product"}],"about":[{"href":"https:\/\/reginett.ee\/ru\/wp-json\/wp\/v2\/types\/product"}],"replies":[{"embeddable":true,"href":"https:\/\/reginett.ee\/ru\/wp-json\/wp\/v2\/comments?post=52485"}],"wp:featuredmedia":[{"embeddable":true,"href":"https:\/\/reginett.ee\/ru\/wp-json\/wp\/v2\/media\/52742"}],"wp:attachment":[{"href":"https:\/\/reginett.ee\/ru\/wp-json\/wp\/v2\/media?parent=52485"}],"wp:term":[{"taxonomy":"pwb-brand","embeddable":true,"href":"https:\/\/reginett.ee\/ru\/wp-json\/wp\/v2\/pwb-brand?post=52485"},{"taxonomy":"product_brand","embeddable":true,"href":"https:\/\/reginett.ee\/ru\/wp-json\/wp\/v2\/product_brand?post=52485"},{"taxonomy":"product_cat","embeddable":true,"href":"https:\/\/reginett.ee\/ru\/wp-json\/wp\/v2\/product_cat?post=52485"},{"taxonomy":"product_tag","embeddable":true,"href":"https:\/\/reginett.ee\/ru\/wp-json\/wp\/v2\/product_tag?post=52485"}],"curies":[{"name":"wp","href":"https:\/\/api.w.org\/{rel}","templated":true}]}}