{"id":52479,"date":"2020-11-15T08:16:27","date_gmt":"2020-11-15T05:16:27","guid":{"rendered":"https:\/\/reginett.ee\/?post_type=product&#038;p=52479"},"modified":"2021-11-08T21:31:50","modified_gmt":"2021-11-08T18:31:50","slug":"lumepuhur-toro-1128-oxe-powermax","status":"publish","type":"product","link":"https:\/\/reginett.ee\/ru\/toode\/lumepuhur-toro-1128-oxe-powermax\/","title":{"rendered":"Lumepuhur TORO 1128 OXE PowerMax"},"content":{"rendered":"<p>Iga millimeeter TORO PowerMax\u2122 1128 OXE lumepuhurist \u2013 alustades puhastusplaadist l\u00f5petades Quick Stick<sup>\u00ae<\/sup> lumerenni juhtimise kangiga \u2013 on hoolega projekteeritud, tulemuseks k\u00f5ige kasutaja s\u00f5bralikum ja progressiivne lumepuhur, mis eales tehtud.<\/p>\n<h3><strong>Power Max ASC Lumekruvi s\u00fcsteem<\/strong><\/h3>\n<p>L\u00e4bimurre lumeheite tehnoloogias, Power Max<sup>\u00ae<\/sup> Anti-Clogging System (ummistust \u00e4rahoidev s\u00fcsteem), tuleb toime rohkema lumega l\u00fchema aja jooksul, et t\u00f6\u00f6 saaks kiirelt tehtud! See reovolutsiooniline s\u00fcsteem reguleerib lume juurdevoolu ja piltlikult k\u00f5rvaldab ummistuse v\u00f5imalust, samaaegselt suurendades rootori kiirust v\u00f5imsamaks lumeheiteks. Konkureerivad lumpuhurid vajavad ummistuse v\u00e4ltimiseks kasutaja manuaalset lume juurdevoolu piiramimist.<\/p>\n<h3><strong>Briggs &amp; Stratton mootor<\/strong><\/h3>\n<p>342cc 4-taktiline OHV mootor, kindlustatud j\u00f5udlus ja sooritus<\/p>\n<h3><strong>Kommerts-klassi reduktor<\/strong><\/h3>\n<p>Mootori j\u00f5ud kantakse lumekruvile \u00fcle reduktoriga, mis on konstrueeritud taluma \u00e4\u00e4rmuslikku pinget. Vastupidavam ja t\u00f6\u00f6kindlam t\u00f6\u00f6tamiseks ka ekstreemsetes tingimustes.<\/p>\n<h3><strong>Elektriline starter standard varustuses<\/strong><\/h3>\n<p>Kerge k\u00e4ivitus ka k\u00f5ige k\u00fclmema ilmaga, Toro lumepuhur on varustatud nii elektrilise- kui ka k\u00e4sistarteriga.<\/p>\n<h3><strong>Esituli standard varustuses<\/strong><\/h3>\n<p>N\u00e4e ja ole n\u00e4htav, ekstra ereda valgusega valgusti standard varustuses.<\/p>\n<h3><strong>Keeramine rattasiduri abiga<\/strong><\/h3>\n<p>Vajutades rattasiduri hooba(sid) v\u00f5imaldab see hetkega v\u00e4lja l\u00fclitada \u00fche v\u00f5i m\u00f5lemad veorattad. See v\u00f5imaldab kergelt masinat \u00fcmber keerata v\u00f5i man\u00f6\u00f6verdada.<\/p>\n<table class=\"table1\">\n<tbody>\n<tr>\n<td><\/td>\n<td><\/td>\n<\/tr>\n<\/tbody>\n<\/table>\n","protected":false},"excerpt":{"rendered":"<p>Iga millimeeter TORO PowerMax\u2122 1128 OXE lumepuhurist \u2013 alustades puhastusplaadist l\u00f5petades Quick Stick<sup>\u00ae<\/sup> lumerenni juhtimise kangiga \u2013 on hoolega projekteeritud, tulemuseks k\u00f5ige kasutaja s\u00f5bralikum ja progressiivne lumepuhur, mis eales tehtud.<\/p>\n","protected":false},"featured_media":52745,"comment_status":"open","ping_status":"closed","template":"","meta":{"_acf_changed":false,"_et_pb_use_builder":"","_et_pb_old_content":"","_et_gb_content_width":"","inline_featured_image":false},"pwb-brand":[],"product_brand":[],"product_cat":[51,149],"product_tag":[157,156,159],"class_list":{"0":"post-52479","1":"product","2":"type-product","3":"status-publish","4":"has-post-thumbnail","6":"product_cat-lumepuhurid","7":"product_cat-toro","8":"product_tag-lumefrees","9":"product_tag-lumepuhur","10":"product_tag-toro","11":"product_shipping_class-rasked-asjad","13":"first","14":"outofstock","15":"shipping-taxable","16":"purchasable","17":"product-type-simple"},"acf":[],"yoast_head":"<!-- This site is optimized with the Yoast SEO plugin v26.6 - https:\/\/yoast.com\/wordpress\/plugins\/seo\/ -->\n<title>Lumepuhur TORO 1128 OXE PowerMax - Reginett<\/title>\n<meta name=\"robots\" content=\"index, follow, max-snippet:-1, max-image-preview:large, max-video-preview:-1\" \/>\n<link rel=\"canonical\" href=\"https:\/\/reginett.ee\/toode\/lumepuhur-toro-1128-oxe-powermax\/\" \/>\n<meta property=\"og:locale\" content=\"ru_RU\" \/>\n<meta property=\"og:type\" content=\"article\" \/>\n<meta property=\"og:title\" content=\"Lumepuhur TORO 1128 OXE PowerMax - Reginett\" \/>\n<meta property=\"og:description\" content=\"Iga millimeeter TORO PowerMax\u2122 1128 OXE lumepuhurist \u2013 alustades puhastusplaadist l\u00f5petades Quick Stick\u00ae lumerenni juhtimise kangiga \u2013 on hoolega projekteeritud, tulemuseks k\u00f5ige kasutaja s\u00f5bralikum ja progressiivne lumepuhur, mis eales tehtud.\" \/>\n<meta property=\"og:url\" content=\"https:\/\/reginett.ee\/toode\/lumepuhur-toro-1128-oxe-powermax\/\" \/>\n<meta property=\"og:site_name\" content=\"Reginett\" \/>\n<meta property=\"article:modified_time\" content=\"2021-11-08T18:31:50+00:00\" \/>\n<meta property=\"og:image\" content=\"https:\/\/reginett.ee\/wp-content\/uploads\/2020\/11\/TORO-1128OXE.jpg\" \/>\n\t<meta property=\"og:image:width\" content=\"680\" \/>\n\t<meta property=\"og:image:height\" content=\"372\" \/>\n\t<meta property=\"og:image:type\" content=\"image\/jpeg\" \/>\n<meta name=\"twitter:card\" content=\"summary_large_image\" \/>\n<meta name=\"twitter:label1\" content=\"\u041f\u0440\u0438\u043c\u0435\u0440\u043d\u043e\u0435 \u0432\u0440\u0435\u043c\u044f \u0434\u043b\u044f \u0447\u0442\u0435\u043d\u0438\u044f\" \/>\n\t<meta name=\"twitter:data1\" content=\"1 \u043c\u0438\u043d\u0443\u0442\u0430\" \/>\n<script type=\"application\/ld+json\" class=\"yoast-schema-graph\">{\"@context\":\"https:\/\/schema.org\",\"@graph\":[{\"@type\":\"WebPage\",\"@id\":\"https:\/\/reginett.ee\/toode\/lumepuhur-toro-1128-oxe-powermax\/\",\"url\":\"https:\/\/reginett.ee\/toode\/lumepuhur-toro-1128-oxe-powermax\/\",\"name\":\"Lumepuhur TORO 1128 OXE PowerMax - Reginett\",\"isPartOf\":{\"@id\":\"https:\/\/reginett.ee\/#website\"},\"primaryImageOfPage\":{\"@id\":\"https:\/\/reginett.ee\/toode\/lumepuhur-toro-1128-oxe-powermax\/#primaryimage\"},\"image\":{\"@id\":\"https:\/\/reginett.ee\/toode\/lumepuhur-toro-1128-oxe-powermax\/#primaryimage\"},\"thumbnailUrl\":\"https:\/\/reginett.ee\/wp-content\/uploads\/2020\/11\/TORO-1128OXE.jpg\",\"datePublished\":\"2020-11-15T05:16:27+00:00\",\"dateModified\":\"2021-11-08T18:31:50+00:00\",\"breadcrumb\":{\"@id\":\"https:\/\/reginett.ee\/toode\/lumepuhur-toro-1128-oxe-powermax\/#breadcrumb\"},\"inLanguage\":\"ru-RU\",\"potentialAction\":[{\"@type\":\"ReadAction\",\"target\":[\"https:\/\/reginett.ee\/toode\/lumepuhur-toro-1128-oxe-powermax\/\"]}]},{\"@type\":\"ImageObject\",\"inLanguage\":\"ru-RU\",\"@id\":\"https:\/\/reginett.ee\/toode\/lumepuhur-toro-1128-oxe-powermax\/#primaryimage\",\"url\":\"https:\/\/reginett.ee\/wp-content\/uploads\/2020\/11\/TORO-1128OXE.jpg\",\"contentUrl\":\"https:\/\/reginett.ee\/wp-content\/uploads\/2020\/11\/TORO-1128OXE.jpg\",\"width\":680,\"height\":372,\"caption\":\"TORO 1128OXE\"},{\"@type\":\"BreadcrumbList\",\"@id\":\"https:\/\/reginett.ee\/toode\/lumepuhur-toro-1128-oxe-powermax\/#breadcrumb\",\"itemListElement\":[{\"@type\":\"ListItem\",\"position\":1,\"name\":\"Home\",\"item\":\"https:\/\/reginett.ee\/ru\/\"},{\"@type\":\"ListItem\",\"position\":2,\"name\":\"Tooted\",\"item\":\"https:\/\/reginett.ee\/tooted\/\"},{\"@type\":\"ListItem\",\"position\":3,\"name\":\"Lumepuhur TORO 1128 OXE PowerMax\"}]},{\"@type\":\"WebSite\",\"@id\":\"https:\/\/reginett.ee\/#website\",\"url\":\"https:\/\/reginett.ee\/\",\"name\":\"Reginett\",\"description\":\"Parimad robotniidukid\",\"potentialAction\":[{\"@type\":\"SearchAction\",\"target\":{\"@type\":\"EntryPoint\",\"urlTemplate\":\"https:\/\/reginett.ee\/?s={search_term_string}\"},\"query-input\":{\"@type\":\"PropertyValueSpecification\",\"valueRequired\":true,\"valueName\":\"search_term_string\"}}],\"inLanguage\":\"ru-RU\"}]}<\/script>\n<!-- \/ Yoast SEO plugin. -->","yoast_head_json":{"title":"Lumepuhur TORO 1128 OXE PowerMax - Reginett","robots":{"index":"index","follow":"follow","max-snippet":"max-snippet:-1","max-image-preview":"max-image-preview:large","max-video-preview":"max-video-preview:-1"},"canonical":"https:\/\/reginett.ee\/toode\/lumepuhur-toro-1128-oxe-powermax\/","og_locale":"ru_RU","og_type":"article","og_title":"Lumepuhur TORO 1128 OXE PowerMax - Reginett","og_description":"Iga millimeeter TORO PowerMax\u2122 1128 OXE lumepuhurist \u2013 alustades puhastusplaadist l\u00f5petades Quick Stick\u00ae lumerenni juhtimise kangiga \u2013 on hoolega projekteeritud, tulemuseks k\u00f5ige kasutaja s\u00f5bralikum ja progressiivne lumepuhur, mis eales tehtud.","og_url":"https:\/\/reginett.ee\/toode\/lumepuhur-toro-1128-oxe-powermax\/","og_site_name":"Reginett","article_modified_time":"2021-11-08T18:31:50+00:00","og_image":[{"width":680,"height":372,"url":"https:\/\/reginett.ee\/wp-content\/uploads\/2020\/11\/TORO-1128OXE.jpg","type":"image\/jpeg"}],"twitter_card":"summary_large_image","twitter_misc":{"\u041f\u0440\u0438\u043c\u0435\u0440\u043d\u043e\u0435 \u0432\u0440\u0435\u043c\u044f \u0434\u043b\u044f \u0447\u0442\u0435\u043d\u0438\u044f":"1 \u043c\u0438\u043d\u0443\u0442\u0430"},"schema":{"@context":"https:\/\/schema.org","@graph":[{"@type":"WebPage","@id":"https:\/\/reginett.ee\/toode\/lumepuhur-toro-1128-oxe-powermax\/","url":"https:\/\/reginett.ee\/toode\/lumepuhur-toro-1128-oxe-powermax\/","name":"Lumepuhur TORO 1128 OXE PowerMax - Reginett","isPartOf":{"@id":"https:\/\/reginett.ee\/#website"},"primaryImageOfPage":{"@id":"https:\/\/reginett.ee\/toode\/lumepuhur-toro-1128-oxe-powermax\/#primaryimage"},"image":{"@id":"https:\/\/reginett.ee\/toode\/lumepuhur-toro-1128-oxe-powermax\/#primaryimage"},"thumbnailUrl":"https:\/\/reginett.ee\/wp-content\/uploads\/2020\/11\/TORO-1128OXE.jpg","datePublished":"2020-11-15T05:16:27+00:00","dateModified":"2021-11-08T18:31:50+00:00","breadcrumb":{"@id":"https:\/\/reginett.ee\/toode\/lumepuhur-toro-1128-oxe-powermax\/#breadcrumb"},"inLanguage":"ru-RU","potentialAction":[{"@type":"ReadAction","target":["https:\/\/reginett.ee\/toode\/lumepuhur-toro-1128-oxe-powermax\/"]}]},{"@type":"ImageObject","inLanguage":"ru-RU","@id":"https:\/\/reginett.ee\/toode\/lumepuhur-toro-1128-oxe-powermax\/#primaryimage","url":"https:\/\/reginett.ee\/wp-content\/uploads\/2020\/11\/TORO-1128OXE.jpg","contentUrl":"https:\/\/reginett.ee\/wp-content\/uploads\/2020\/11\/TORO-1128OXE.jpg","width":680,"height":372,"caption":"TORO 1128OXE"},{"@type":"BreadcrumbList","@id":"https:\/\/reginett.ee\/toode\/lumepuhur-toro-1128-oxe-powermax\/#breadcrumb","itemListElement":[{"@type":"ListItem","position":1,"name":"Home","item":"https:\/\/reginett.ee\/ru\/"},{"@type":"ListItem","position":2,"name":"Tooted","item":"https:\/\/reginett.ee\/tooted\/"},{"@type":"ListItem","position":3,"name":"Lumepuhur TORO 1128 OXE PowerMax"}]},{"@type":"WebSite","@id":"https:\/\/reginett.ee\/#website","url":"https:\/\/reginett.ee\/","name":"Reginett","description":"Parimad robotniidukid","potentialAction":[{"@type":"SearchAction","target":{"@type":"EntryPoint","urlTemplate":"https:\/\/reginett.ee\/?s={search_term_string}"},"query-input":{"@type":"PropertyValueSpecification","valueRequired":true,"valueName":"search_term_string"}}],"inLanguage":"ru-RU"}]}},"brands":[],"_links":{"self":[{"href":"https:\/\/reginett.ee\/ru\/wp-json\/wp\/v2\/product\/52479","targetHints":{"allow":["GET"]}}],"collection":[{"href":"https:\/\/reginett.ee\/ru\/wp-json\/wp\/v2\/product"}],"about":[{"href":"https:\/\/reginett.ee\/ru\/wp-json\/wp\/v2\/types\/product"}],"replies":[{"embeddable":true,"href":"https:\/\/reginett.ee\/ru\/wp-json\/wp\/v2\/comments?post=52479"}],"wp:featuredmedia":[{"embeddable":true,"href":"https:\/\/reginett.ee\/ru\/wp-json\/wp\/v2\/media\/52745"}],"wp:attachment":[{"href":"https:\/\/reginett.ee\/ru\/wp-json\/wp\/v2\/media?parent=52479"}],"wp:term":[{"taxonomy":"pwb-brand","embeddable":true,"href":"https:\/\/reginett.ee\/ru\/wp-json\/wp\/v2\/pwb-brand?post=52479"},{"taxonomy":"product_brand","embeddable":true,"href":"https:\/\/reginett.ee\/ru\/wp-json\/wp\/v2\/product_brand?post=52479"},{"taxonomy":"product_cat","embeddable":true,"href":"https:\/\/reginett.ee\/ru\/wp-json\/wp\/v2\/product_cat?post=52479"},{"taxonomy":"product_tag","embeddable":true,"href":"https:\/\/reginett.ee\/ru\/wp-json\/wp\/v2\/product_tag?post=52479"}],"curies":[{"name":"wp","href":"https:\/\/api.w.org\/{rel}","templated":true}]}}