{"id":52390,"date":"2026-01-05T08:39:11","date_gmt":"2026-01-05T05:39:11","guid":{"rendered":"https:\/\/reginett.ee\/?post_type=product&#038;p=52390"},"modified":"2026-01-06T18:22:07","modified_gmt":"2026-01-06T15:22:07","slug":"lumepuhur-husqvarna-st224","status":"publish","type":"product","link":"https:\/\/reginett.ee\/ru\/toode\/lumepuhur-husqvarna-st224\/","title":{"rendered":"Lumepuhur Husqvarna ST224"},"content":{"rendered":"<p><strong>Husqvarna ST224<\/strong> lumepuhur on m\u00f5eldud kodukasutajale, kellel on puhastada suuremad alad. T\u00e4nu reguleeritavatele jalastele on Husqvarna ST224 mudeliga v\u00f5imalik t\u00f6\u00f6tada erinevatel pinnastel. Mugavust lisab astmeliselt reguleeritav k\u00e4epide ning rooliv\u00f5imendi. K\u00e4ivitamist lihtsustab elektriline starter ning t\u00e4nu LED esitulele on v\u00f5imalik t\u00f6\u00f6tada ka pimedates tingimustes.<\/p>\n<div class=\"col-sm-3 description\">\n<h3 class=\"h4 description-headline\">Kaheastmeline s\u00fcsteem<\/h3>\n<div class=\"description-text-wrapper\"><span class=\"description-text\">Lund suunab puhurisse p\u00f6\u00f6rlev kruvi. Lumepuhuris on kiiresti p\u00f6\u00f6rlev tiivik, mis paiskab lume soovitud suunas. <\/span><\/div>\n<\/div>\n<div><\/div>\n<div>\n<div class=\"col-sm-3 description\">\n<h3 class=\"h4 description-headline\">Rooliv\u00f5imendi<\/h3>\n<div class=\"description-text-wrapper\"><span class=\"description-text\">V\u00f5imalus diferentsiaalilukk v\u00e4lja l\u00fclitada ning ise valida, milline ratas\/sild peaks vedama, teeb lumepuhuriga man\u00f6\u00f6verdamise ja sellel t\u00f6\u00f6tamise lihtsaks. <\/span><\/div>\n<\/div>\n<\/div>\n<div><\/div>\n<div>\n<div class=\"col-sm-3 description\">\n<h3 class=\"h4 description-headline\">LED-esituli\/-tuled<\/h3>\n<div class=\"description-text-wrapper\"><span class=\"description-text\">LED-esituli valgustab pimedal ajal. <\/span><\/div>\n<\/div>\n<\/div>\n<div><\/div>\n<div>\n<div class=\"col-sm-3 description\">\n<h3 class=\"h4 description-headline\">K\u00e4epideme k\u00f5rguse seadistamine<\/h3>\n<div class=\"description-text-wrapper\"><span class=\"description-text\">K\u00e4epideme k\u00f5rguse reguleerimine lisab ergonoomilisust. <\/span><\/div>\n<\/div>\n<\/div>\n<div><\/div>\n<h3>Elektriline starter<\/h3>\n<div>K\u00fclma lumepuhurit saab elektrilise starteriga v\u00e4ga lihtsalt k\u00e4ivitada &#8212; vajutage ainult nupule. Kui mootor on soojenenud, saab k\u00e4ivitada ka n\u00f6\u00f6rk\u00e4ivitiga.<\/div>\n<div><\/div>\n<h3>Diferentsiaalilukk<\/h3>\n<div>T\u00e4nu diferentsiaalilukule veavad m\u00f5lemad rattad. See tagab s\u00fcgavamustriliste rehvidega \u00fclihea haardumise.<\/div>\n<div><\/div>\n<h3>Eriti kiire puhur<\/h3>\n<div>Annab oluliselt pikema lume puhumiskauguse.<\/div>\n","protected":false},"excerpt":{"rendered":"<p>Husqvarna ST224 lumepuhur on m\u00f5eldud kodukasutajale, kellel on puhastada suuremad alad. T\u00e4nu reguleeritavatele jalastele on Husqvarna ST224 mudeliga v\u00f5imalik t\u00f6\u00f6tada erinevatel pinnastel. Mugavust lisab astmeliselt reguleeritav k\u00e4epide ning rooliv\u00f5imendi. K\u00e4ivitamist lihtsustab elektriline starter ning t\u00e4nu LED esitulele on v\u00f5imalik t\u00f6\u00f6tada ka pimedates tingimustes.<\/p>\n","protected":false},"featured_media":52740,"comment_status":"open","ping_status":"closed","template":"","meta":{"_acf_changed":false,"_et_pb_use_builder":"","_et_pb_old_content":"","_et_gb_content_width":"","inline_featured_image":false},"pwb-brand":[147],"product_brand":[],"product_cat":[134,37,51],"product_tag":[104,157,156],"class_list":{"0":"post-52390","1":"product","2":"type-product","3":"status-publish","4":"has-post-thumbnail","6":"pwb-brand-husqvarna","7":"product_cat-eripakkumised","8":"product_cat-husqvarna","9":"product_cat-lumepuhurid","10":"product_tag-frees","11":"product_tag-lumefrees","12":"product_tag-lumepuhur","13":"product_shipping_class-rasked-asjad","15":"first","16":"instock","17":"sale","18":"shipping-taxable","19":"purchasable","20":"product-type-simple"},"acf":[],"yoast_head":"<!-- This site is optimized with the Yoast SEO plugin v26.6 - https:\/\/yoast.com\/wordpress\/plugins\/seo\/ -->\n<title>Lumepuhur Husqvarna ST224. Parimad lumepuhurid Reginetist<\/title>\n<meta name=\"description\" content=\"Husqvarna ST224 lumepuhur on m\u00f5eldud kodukasutajale, kellel on puhastada suuremad alad. T\u00e4nu reguleeritavatele jalastele on lumepuhur\" \/>\n<meta name=\"robots\" content=\"index, follow, max-snippet:-1, max-image-preview:large, max-video-preview:-1\" \/>\n<link rel=\"canonical\" href=\"https:\/\/reginett.ee\/toode\/lumepuhur-husqvarna-st224\/\" \/>\n<meta property=\"og:locale\" content=\"ru_RU\" \/>\n<meta property=\"og:type\" content=\"article\" \/>\n<meta property=\"og:title\" content=\"Lumepuhur Husqvarna ST224. Parimad lumepuhurid Reginetist\" \/>\n<meta property=\"og:description\" content=\"Husqvarna ST224 lumepuhur on m\u00f5eldud kodukasutajale, kellel on puhastada suuremad alad. T\u00e4nu reguleeritavatele jalastele on lumepuhur\" \/>\n<meta property=\"og:url\" content=\"https:\/\/reginett.ee\/toode\/lumepuhur-husqvarna-st224\/\" \/>\n<meta property=\"og:site_name\" content=\"Reginett\" \/>\n<meta property=\"article:modified_time\" content=\"2026-01-06T15:22:07+00:00\" \/>\n<meta property=\"og:image\" content=\"https:\/\/reginett.ee\/wp-content\/uploads\/2020\/11\/Husqvarna-ST224.jpg\" \/>\n\t<meta property=\"og:image:width\" content=\"680\" \/>\n\t<meta property=\"og:image:height\" content=\"372\" \/>\n\t<meta property=\"og:image:type\" content=\"image\/jpeg\" \/>\n<meta name=\"twitter:card\" content=\"summary_large_image\" \/>\n<meta name=\"twitter:label1\" content=\"\u041f\u0440\u0438\u043c\u0435\u0440\u043d\u043e\u0435 \u0432\u0440\u0435\u043c\u044f \u0434\u043b\u044f \u0447\u0442\u0435\u043d\u0438\u044f\" \/>\n\t<meta name=\"twitter:data1\" content=\"1 \u043c\u0438\u043d\u0443\u0442\u0430\" \/>\n<script type=\"application\/ld+json\" class=\"yoast-schema-graph\">{\"@context\":\"https:\/\/schema.org\",\"@graph\":[{\"@type\":\"WebPage\",\"@id\":\"https:\/\/reginett.ee\/toode\/lumepuhur-husqvarna-st224\/\",\"url\":\"https:\/\/reginett.ee\/toode\/lumepuhur-husqvarna-st224\/\",\"name\":\"Lumepuhur Husqvarna ST224. Parimad lumepuhurid Reginetist\",\"isPartOf\":{\"@id\":\"https:\/\/reginett.ee\/#website\"},\"primaryImageOfPage\":{\"@id\":\"https:\/\/reginett.ee\/toode\/lumepuhur-husqvarna-st224\/#primaryimage\"},\"image\":{\"@id\":\"https:\/\/reginett.ee\/toode\/lumepuhur-husqvarna-st224\/#primaryimage\"},\"thumbnailUrl\":\"https:\/\/reginett.ee\/wp-content\/uploads\/2020\/11\/Husqvarna-ST224.jpg\",\"datePublished\":\"2026-01-05T05:39:11+00:00\",\"dateModified\":\"2026-01-06T15:22:07+00:00\",\"description\":\"Husqvarna ST224 lumepuhur on m\u00f5eldud kodukasutajale, kellel on puhastada suuremad alad. T\u00e4nu reguleeritavatele jalastele on lumepuhur\",\"breadcrumb\":{\"@id\":\"https:\/\/reginett.ee\/toode\/lumepuhur-husqvarna-st224\/#breadcrumb\"},\"inLanguage\":\"ru-RU\",\"potentialAction\":[{\"@type\":\"ReadAction\",\"target\":[\"https:\/\/reginett.ee\/toode\/lumepuhur-husqvarna-st224\/\"]}]},{\"@type\":\"ImageObject\",\"inLanguage\":\"ru-RU\",\"@id\":\"https:\/\/reginett.ee\/toode\/lumepuhur-husqvarna-st224\/#primaryimage\",\"url\":\"https:\/\/reginett.ee\/wp-content\/uploads\/2020\/11\/Husqvarna-ST224.jpg\",\"contentUrl\":\"https:\/\/reginett.ee\/wp-content\/uploads\/2020\/11\/Husqvarna-ST224.jpg\",\"width\":680,\"height\":372,\"caption\":\"Husqvarna ST227\"},{\"@type\":\"BreadcrumbList\",\"@id\":\"https:\/\/reginett.ee\/toode\/lumepuhur-husqvarna-st224\/#breadcrumb\",\"itemListElement\":[{\"@type\":\"ListItem\",\"position\":1,\"name\":\"Home\",\"item\":\"https:\/\/reginett.ee\/ru\/\"},{\"@type\":\"ListItem\",\"position\":2,\"name\":\"Tooted\",\"item\":\"https:\/\/reginett.ee\/tooted\/\"},{\"@type\":\"ListItem\",\"position\":3,\"name\":\"Lumepuhur Husqvarna ST224\"}]},{\"@type\":\"WebSite\",\"@id\":\"https:\/\/reginett.ee\/#website\",\"url\":\"https:\/\/reginett.ee\/\",\"name\":\"Reginett\",\"description\":\"Parimad robotniidukid\",\"potentialAction\":[{\"@type\":\"SearchAction\",\"target\":{\"@type\":\"EntryPoint\",\"urlTemplate\":\"https:\/\/reginett.ee\/?s={search_term_string}\"},\"query-input\":{\"@type\":\"PropertyValueSpecification\",\"valueRequired\":true,\"valueName\":\"search_term_string\"}}],\"inLanguage\":\"ru-RU\"}]}<\/script>\n<!-- \/ Yoast SEO plugin. -->","yoast_head_json":{"title":"Lumepuhur Husqvarna ST224. Parimad lumepuhurid Reginetist","description":"Husqvarna ST224 lumepuhur on m\u00f5eldud kodukasutajale, kellel on puhastada suuremad alad. T\u00e4nu reguleeritavatele jalastele on lumepuhur","robots":{"index":"index","follow":"follow","max-snippet":"max-snippet:-1","max-image-preview":"max-image-preview:large","max-video-preview":"max-video-preview:-1"},"canonical":"https:\/\/reginett.ee\/toode\/lumepuhur-husqvarna-st224\/","og_locale":"ru_RU","og_type":"article","og_title":"Lumepuhur Husqvarna ST224. Parimad lumepuhurid Reginetist","og_description":"Husqvarna ST224 lumepuhur on m\u00f5eldud kodukasutajale, kellel on puhastada suuremad alad. T\u00e4nu reguleeritavatele jalastele on lumepuhur","og_url":"https:\/\/reginett.ee\/toode\/lumepuhur-husqvarna-st224\/","og_site_name":"Reginett","article_modified_time":"2026-01-06T15:22:07+00:00","og_image":[{"width":680,"height":372,"url":"https:\/\/reginett.ee\/wp-content\/uploads\/2020\/11\/Husqvarna-ST224.jpg","type":"image\/jpeg"}],"twitter_card":"summary_large_image","twitter_misc":{"\u041f\u0440\u0438\u043c\u0435\u0440\u043d\u043e\u0435 \u0432\u0440\u0435\u043c\u044f \u0434\u043b\u044f \u0447\u0442\u0435\u043d\u0438\u044f":"1 \u043c\u0438\u043d\u0443\u0442\u0430"},"schema":{"@context":"https:\/\/schema.org","@graph":[{"@type":"WebPage","@id":"https:\/\/reginett.ee\/toode\/lumepuhur-husqvarna-st224\/","url":"https:\/\/reginett.ee\/toode\/lumepuhur-husqvarna-st224\/","name":"Lumepuhur Husqvarna ST224. Parimad lumepuhurid Reginetist","isPartOf":{"@id":"https:\/\/reginett.ee\/#website"},"primaryImageOfPage":{"@id":"https:\/\/reginett.ee\/toode\/lumepuhur-husqvarna-st224\/#primaryimage"},"image":{"@id":"https:\/\/reginett.ee\/toode\/lumepuhur-husqvarna-st224\/#primaryimage"},"thumbnailUrl":"https:\/\/reginett.ee\/wp-content\/uploads\/2020\/11\/Husqvarna-ST224.jpg","datePublished":"2026-01-05T05:39:11+00:00","dateModified":"2026-01-06T15:22:07+00:00","description":"Husqvarna ST224 lumepuhur on m\u00f5eldud kodukasutajale, kellel on puhastada suuremad alad. T\u00e4nu reguleeritavatele jalastele on lumepuhur","breadcrumb":{"@id":"https:\/\/reginett.ee\/toode\/lumepuhur-husqvarna-st224\/#breadcrumb"},"inLanguage":"ru-RU","potentialAction":[{"@type":"ReadAction","target":["https:\/\/reginett.ee\/toode\/lumepuhur-husqvarna-st224\/"]}]},{"@type":"ImageObject","inLanguage":"ru-RU","@id":"https:\/\/reginett.ee\/toode\/lumepuhur-husqvarna-st224\/#primaryimage","url":"https:\/\/reginett.ee\/wp-content\/uploads\/2020\/11\/Husqvarna-ST224.jpg","contentUrl":"https:\/\/reginett.ee\/wp-content\/uploads\/2020\/11\/Husqvarna-ST224.jpg","width":680,"height":372,"caption":"Husqvarna ST227"},{"@type":"BreadcrumbList","@id":"https:\/\/reginett.ee\/toode\/lumepuhur-husqvarna-st224\/#breadcrumb","itemListElement":[{"@type":"ListItem","position":1,"name":"Home","item":"https:\/\/reginett.ee\/ru\/"},{"@type":"ListItem","position":2,"name":"Tooted","item":"https:\/\/reginett.ee\/tooted\/"},{"@type":"ListItem","position":3,"name":"Lumepuhur Husqvarna ST224"}]},{"@type":"WebSite","@id":"https:\/\/reginett.ee\/#website","url":"https:\/\/reginett.ee\/","name":"Reginett","description":"Parimad robotniidukid","potentialAction":[{"@type":"SearchAction","target":{"@type":"EntryPoint","urlTemplate":"https:\/\/reginett.ee\/?s={search_term_string}"},"query-input":{"@type":"PropertyValueSpecification","valueRequired":true,"valueName":"search_term_string"}}],"inLanguage":"ru-RU"}]}},"brands":[{"id":147,"name":"Husqvarna","slug":"husqvarna"}],"_links":{"self":[{"href":"https:\/\/reginett.ee\/ru\/wp-json\/wp\/v2\/product\/52390","targetHints":{"allow":["GET"]}}],"collection":[{"href":"https:\/\/reginett.ee\/ru\/wp-json\/wp\/v2\/product"}],"about":[{"href":"https:\/\/reginett.ee\/ru\/wp-json\/wp\/v2\/types\/product"}],"replies":[{"embeddable":true,"href":"https:\/\/reginett.ee\/ru\/wp-json\/wp\/v2\/comments?post=52390"}],"wp:featuredmedia":[{"embeddable":true,"href":"https:\/\/reginett.ee\/ru\/wp-json\/wp\/v2\/media\/52740"}],"wp:attachment":[{"href":"https:\/\/reginett.ee\/ru\/wp-json\/wp\/v2\/media?parent=52390"}],"wp:term":[{"taxonomy":"pwb-brand","embeddable":true,"href":"https:\/\/reginett.ee\/ru\/wp-json\/wp\/v2\/pwb-brand?post=52390"},{"taxonomy":"product_brand","embeddable":true,"href":"https:\/\/reginett.ee\/ru\/wp-json\/wp\/v2\/product_brand?post=52390"},{"taxonomy":"product_cat","embeddable":true,"href":"https:\/\/reginett.ee\/ru\/wp-json\/wp\/v2\/product_cat?post=52390"},{"taxonomy":"product_tag","embeddable":true,"href":"https:\/\/reginett.ee\/ru\/wp-json\/wp\/v2\/product_tag?post=52390"}],"curies":[{"name":"wp","href":"https:\/\/api.w.org\/{rel}","templated":true}]}}