{"id":52382,"date":"2026-01-05T12:01:56","date_gmt":"2026-01-05T09:01:56","guid":{"rendered":"https:\/\/reginett.ee\/?post_type=product&#038;p=52382"},"modified":"2026-01-06T18:20:47","modified_gmt":"2026-01-06T15:20:47","slug":"lumepuhur-husqvarna-st124","status":"publish","type":"product","link":"https:\/\/reginett.ee\/ru\/toode\/lumepuhur-husqvarna-st124\/","title":{"rendered":"Lumepuhur Husqvarna ST124"},"content":{"rendered":"<p style=\"text-align: left;\">Husqvarna ST124 on v\u00e4ike, ent j\u00f5uline lumepuhur kodusesse majapidamisse. Kaheastmeline lumeheitses\u00fcsteem tagab suurep\u00e4rase j\u00f5udluse. Mugavust lisavad elektriline starter, v\u00f5imas mootor ning lihtsasti reguleeritav v\u00e4ljavisketoru.<\/p>\n<div class=\"col-sm-3 description\">\n<h3 class=\"h4 description-headline\">Kaheastmeline s\u00fcsteem<\/h3>\n<div class=\"description-text-wrapper\"><span class=\"description-text\">Lund suunab puhurisse p\u00f6\u00f6rlev kruvi. Puhuris on kiiresti p\u00f6\u00f6rlev tiivik, mis paiskab lume soovitud suunas.<\/span><\/div>\n<div><\/div>\n<\/div>\n<div><\/div>\n<div>\n<div class=\"col-sm-3 description\">\n<h3 class=\"h4 description-headline\">H\u00f5\u00f5rdketta \u00fclekanne<\/h3>\n<div class=\"description-text-wrapper\"><span class=\"description-text\">Kiiruse lihtsaks muutmiseks s\u00f5ltuvalt lumeoludest. <\/span><\/div>\n<div><\/div>\n<\/div>\n<\/div>\n<div><\/div>\n<div>\n<div class=\"col-sm-3 description\">\n<h3 class=\"h4 description-headline\">Elektriline starter<\/h3>\n<div class=\"description-text-wrapper\"><span class=\"description-text\">Lihtsalt \u00fchenda vooluv\u00f5rku ja k\u00e4ivita masin nupulevajutusega. Sooja mootori korral v\u00f5imalik masinat lihtsasti k\u00e4ivitada ka manuaalselt.<\/span><\/div>\n<\/div>\n<\/div>\n<div><\/div>\n<div><\/div>\n<div>\n<div class=\"col-sm-3 description\">\n<h3 class=\"h4 description-headline\">Tugev rootorikorpus<\/h3>\n<div class=\"description-text-wrapper\"><span class=\"description-text\">Vastupidavus, efektiivne puhastus ja pikk toote eluiga. <\/span><\/div>\n<div><\/div>\n<\/div>\n<\/div>\n<div><\/div>\n<h3>Lumejoa reguleerimine paremale ja vasakule<\/h3>\n<div>Lumesuunajat on lihtne hoova abil seadistad.<\/div>\n<div><\/div>\n<div><\/div>\n<h3>Metallist v\u00e4ljavisketoru<\/h3>\n<div>Metallist v\u00e4ljavisketoru muudab Husqvarna ST124 lumepuhuri vastupidavaks ka k\u00f5ige karmimates tingimustes.<\/div>\n<div><\/div>\n<h3>Terasest kolme labaga rootor<\/h3>\n<div class=\"col-xs-8 col-md-6 no-padding\"><\/div>\n","protected":false},"excerpt":{"rendered":"<p>Husqvarna ST124 on v\u00e4ike, ent j\u00f5uline lumepuhur kodusesse majapidamisse. Kaheastmeline lumeheitses\u00fcsteem tagab suurep\u00e4rase j\u00f5udluse. Mugavust lisavad elektriline starter, v\u00f5imas mootor ning lihtsasti reguleeritav v\u00e4ljavisketoru.<\/p>\n<p>&nbsp;<\/p>\n","protected":false},"featured_media":52746,"comment_status":"open","ping_status":"closed","template":"","meta":{"_acf_changed":false,"_et_pb_use_builder":"","_et_pb_old_content":"","_et_gb_content_width":"","inline_featured_image":false},"pwb-brand":[147],"product_brand":[],"product_cat":[134,37,51],"product_tag":[104,157,156,106],"class_list":{"0":"post-52382","1":"product","2":"type-product","3":"status-publish","4":"has-post-thumbnail","6":"pwb-brand-husqvarna","7":"product_cat-eripakkumised","8":"product_cat-husqvarna","9":"product_cat-lumepuhurid","10":"product_tag-frees","11":"product_tag-lumefrees","12":"product_tag-lumepuhur","13":"product_tag-puhur","14":"product_shipping_class-rasked-asjad","16":"first","17":"instock","18":"sale","19":"shipping-taxable","20":"purchasable","21":"product-type-simple"},"acf":[],"yoast_head":"<!-- This site is optimized with the Yoast SEO plugin v26.6 - https:\/\/yoast.com\/wordpress\/plugins\/seo\/ -->\n<title>Lumepuhur Husqvarna ST124. Vastupidav ja soodne lumepuhur<\/title>\n<meta name=\"description\" content=\"Husqvarna ST124 on v\u00e4ike, ent j\u00f5uline lumepuhur kodusesse majapidamisse. Kaheastmeline lumeheitses\u00fcsteem tagab suurep\u00e4rase j\u00f5udluse.,\" \/>\n<meta name=\"robots\" content=\"index, follow, max-snippet:-1, max-image-preview:large, max-video-preview:-1\" \/>\n<link rel=\"canonical\" href=\"https:\/\/reginett.ee\/toode\/lumepuhur-husqvarna-st124\/\" \/>\n<meta property=\"og:locale\" content=\"ru_RU\" \/>\n<meta property=\"og:type\" content=\"article\" \/>\n<meta property=\"og:title\" content=\"Lumepuhur Husqvarna ST124. Vastupidav ja soodne lumepuhur\" \/>\n<meta property=\"og:description\" content=\"Husqvarna ST124 on v\u00e4ike, ent j\u00f5uline lumepuhur kodusesse majapidamisse. Kaheastmeline lumeheitses\u00fcsteem tagab suurep\u00e4rase j\u00f5udluse.,\" \/>\n<meta property=\"og:url\" content=\"https:\/\/reginett.ee\/toode\/lumepuhur-husqvarna-st124\/\" \/>\n<meta property=\"og:site_name\" content=\"Reginett\" \/>\n<meta property=\"article:modified_time\" content=\"2026-01-06T15:20:47+00:00\" \/>\n<meta property=\"og:image\" content=\"https:\/\/reginett.ee\/wp-content\/uploads\/2020\/11\/Husqvarna-ST124.jpg\" \/>\n\t<meta property=\"og:image:width\" content=\"680\" \/>\n\t<meta property=\"og:image:height\" content=\"372\" \/>\n\t<meta property=\"og:image:type\" content=\"image\/jpeg\" \/>\n<meta name=\"twitter:card\" content=\"summary_large_image\" \/>\n<meta name=\"twitter:label1\" content=\"\u041f\u0440\u0438\u043c\u0435\u0440\u043d\u043e\u0435 \u0432\u0440\u0435\u043c\u044f \u0434\u043b\u044f \u0447\u0442\u0435\u043d\u0438\u044f\" \/>\n\t<meta name=\"twitter:data1\" content=\"1 \u043c\u0438\u043d\u0443\u0442\u0430\" \/>\n<script type=\"application\/ld+json\" class=\"yoast-schema-graph\">{\"@context\":\"https:\/\/schema.org\",\"@graph\":[{\"@type\":\"WebPage\",\"@id\":\"https:\/\/reginett.ee\/toode\/lumepuhur-husqvarna-st124\/\",\"url\":\"https:\/\/reginett.ee\/toode\/lumepuhur-husqvarna-st124\/\",\"name\":\"Lumepuhur Husqvarna ST124. Vastupidav ja soodne lumepuhur\",\"isPartOf\":{\"@id\":\"https:\/\/reginett.ee\/#website\"},\"primaryImageOfPage\":{\"@id\":\"https:\/\/reginett.ee\/toode\/lumepuhur-husqvarna-st124\/#primaryimage\"},\"image\":{\"@id\":\"https:\/\/reginett.ee\/toode\/lumepuhur-husqvarna-st124\/#primaryimage\"},\"thumbnailUrl\":\"https:\/\/reginett.ee\/wp-content\/uploads\/2020\/11\/Husqvarna-ST124.jpg\",\"datePublished\":\"2026-01-05T09:01:56+00:00\",\"dateModified\":\"2026-01-06T15:20:47+00:00\",\"description\":\"Husqvarna ST124 on v\u00e4ike, ent j\u00f5uline lumepuhur kodusesse majapidamisse. Kaheastmeline lumeheitses\u00fcsteem tagab suurep\u00e4rase j\u00f5udluse.,\",\"breadcrumb\":{\"@id\":\"https:\/\/reginett.ee\/toode\/lumepuhur-husqvarna-st124\/#breadcrumb\"},\"inLanguage\":\"ru-RU\",\"potentialAction\":[{\"@type\":\"ReadAction\",\"target\":[\"https:\/\/reginett.ee\/toode\/lumepuhur-husqvarna-st124\/\"]}]},{\"@type\":\"ImageObject\",\"inLanguage\":\"ru-RU\",\"@id\":\"https:\/\/reginett.ee\/toode\/lumepuhur-husqvarna-st124\/#primaryimage\",\"url\":\"https:\/\/reginett.ee\/wp-content\/uploads\/2020\/11\/Husqvarna-ST124.jpg\",\"contentUrl\":\"https:\/\/reginett.ee\/wp-content\/uploads\/2020\/11\/Husqvarna-ST124.jpg\",\"width\":680,\"height\":372,\"caption\":\"Husqvarna ST124\"},{\"@type\":\"BreadcrumbList\",\"@id\":\"https:\/\/reginett.ee\/toode\/lumepuhur-husqvarna-st124\/#breadcrumb\",\"itemListElement\":[{\"@type\":\"ListItem\",\"position\":1,\"name\":\"Home\",\"item\":\"https:\/\/reginett.ee\/ru\/\"},{\"@type\":\"ListItem\",\"position\":2,\"name\":\"Tooted\",\"item\":\"https:\/\/reginett.ee\/tooted\/\"},{\"@type\":\"ListItem\",\"position\":3,\"name\":\"Lumepuhur Husqvarna ST124\"}]},{\"@type\":\"WebSite\",\"@id\":\"https:\/\/reginett.ee\/#website\",\"url\":\"https:\/\/reginett.ee\/\",\"name\":\"Reginett\",\"description\":\"Parimad robotniidukid\",\"potentialAction\":[{\"@type\":\"SearchAction\",\"target\":{\"@type\":\"EntryPoint\",\"urlTemplate\":\"https:\/\/reginett.ee\/?s={search_term_string}\"},\"query-input\":{\"@type\":\"PropertyValueSpecification\",\"valueRequired\":true,\"valueName\":\"search_term_string\"}}],\"inLanguage\":\"ru-RU\"}]}<\/script>\n<!-- \/ Yoast SEO plugin. -->","yoast_head_json":{"title":"Lumepuhur Husqvarna ST124. Vastupidav ja soodne lumepuhur","description":"Husqvarna ST124 on v\u00e4ike, ent j\u00f5uline lumepuhur kodusesse majapidamisse. Kaheastmeline lumeheitses\u00fcsteem tagab suurep\u00e4rase j\u00f5udluse.,","robots":{"index":"index","follow":"follow","max-snippet":"max-snippet:-1","max-image-preview":"max-image-preview:large","max-video-preview":"max-video-preview:-1"},"canonical":"https:\/\/reginett.ee\/toode\/lumepuhur-husqvarna-st124\/","og_locale":"ru_RU","og_type":"article","og_title":"Lumepuhur Husqvarna ST124. Vastupidav ja soodne lumepuhur","og_description":"Husqvarna ST124 on v\u00e4ike, ent j\u00f5uline lumepuhur kodusesse majapidamisse. Kaheastmeline lumeheitses\u00fcsteem tagab suurep\u00e4rase j\u00f5udluse.,","og_url":"https:\/\/reginett.ee\/toode\/lumepuhur-husqvarna-st124\/","og_site_name":"Reginett","article_modified_time":"2026-01-06T15:20:47+00:00","og_image":[{"width":680,"height":372,"url":"https:\/\/reginett.ee\/wp-content\/uploads\/2020\/11\/Husqvarna-ST124.jpg","type":"image\/jpeg"}],"twitter_card":"summary_large_image","twitter_misc":{"\u041f\u0440\u0438\u043c\u0435\u0440\u043d\u043e\u0435 \u0432\u0440\u0435\u043c\u044f \u0434\u043b\u044f \u0447\u0442\u0435\u043d\u0438\u044f":"1 \u043c\u0438\u043d\u0443\u0442\u0430"},"schema":{"@context":"https:\/\/schema.org","@graph":[{"@type":"WebPage","@id":"https:\/\/reginett.ee\/toode\/lumepuhur-husqvarna-st124\/","url":"https:\/\/reginett.ee\/toode\/lumepuhur-husqvarna-st124\/","name":"Lumepuhur Husqvarna ST124. Vastupidav ja soodne lumepuhur","isPartOf":{"@id":"https:\/\/reginett.ee\/#website"},"primaryImageOfPage":{"@id":"https:\/\/reginett.ee\/toode\/lumepuhur-husqvarna-st124\/#primaryimage"},"image":{"@id":"https:\/\/reginett.ee\/toode\/lumepuhur-husqvarna-st124\/#primaryimage"},"thumbnailUrl":"https:\/\/reginett.ee\/wp-content\/uploads\/2020\/11\/Husqvarna-ST124.jpg","datePublished":"2026-01-05T09:01:56+00:00","dateModified":"2026-01-06T15:20:47+00:00","description":"Husqvarna ST124 on v\u00e4ike, ent j\u00f5uline lumepuhur kodusesse majapidamisse. Kaheastmeline lumeheitses\u00fcsteem tagab suurep\u00e4rase j\u00f5udluse.,","breadcrumb":{"@id":"https:\/\/reginett.ee\/toode\/lumepuhur-husqvarna-st124\/#breadcrumb"},"inLanguage":"ru-RU","potentialAction":[{"@type":"ReadAction","target":["https:\/\/reginett.ee\/toode\/lumepuhur-husqvarna-st124\/"]}]},{"@type":"ImageObject","inLanguage":"ru-RU","@id":"https:\/\/reginett.ee\/toode\/lumepuhur-husqvarna-st124\/#primaryimage","url":"https:\/\/reginett.ee\/wp-content\/uploads\/2020\/11\/Husqvarna-ST124.jpg","contentUrl":"https:\/\/reginett.ee\/wp-content\/uploads\/2020\/11\/Husqvarna-ST124.jpg","width":680,"height":372,"caption":"Husqvarna ST124"},{"@type":"BreadcrumbList","@id":"https:\/\/reginett.ee\/toode\/lumepuhur-husqvarna-st124\/#breadcrumb","itemListElement":[{"@type":"ListItem","position":1,"name":"Home","item":"https:\/\/reginett.ee\/ru\/"},{"@type":"ListItem","position":2,"name":"Tooted","item":"https:\/\/reginett.ee\/tooted\/"},{"@type":"ListItem","position":3,"name":"Lumepuhur Husqvarna ST124"}]},{"@type":"WebSite","@id":"https:\/\/reginett.ee\/#website","url":"https:\/\/reginett.ee\/","name":"Reginett","description":"Parimad robotniidukid","potentialAction":[{"@type":"SearchAction","target":{"@type":"EntryPoint","urlTemplate":"https:\/\/reginett.ee\/?s={search_term_string}"},"query-input":{"@type":"PropertyValueSpecification","valueRequired":true,"valueName":"search_term_string"}}],"inLanguage":"ru-RU"}]}},"brands":[{"id":147,"name":"Husqvarna","slug":"husqvarna"}],"_links":{"self":[{"href":"https:\/\/reginett.ee\/ru\/wp-json\/wp\/v2\/product\/52382","targetHints":{"allow":["GET"]}}],"collection":[{"href":"https:\/\/reginett.ee\/ru\/wp-json\/wp\/v2\/product"}],"about":[{"href":"https:\/\/reginett.ee\/ru\/wp-json\/wp\/v2\/types\/product"}],"replies":[{"embeddable":true,"href":"https:\/\/reginett.ee\/ru\/wp-json\/wp\/v2\/comments?post=52382"}],"wp:featuredmedia":[{"embeddable":true,"href":"https:\/\/reginett.ee\/ru\/wp-json\/wp\/v2\/media\/52746"}],"wp:attachment":[{"href":"https:\/\/reginett.ee\/ru\/wp-json\/wp\/v2\/media?parent=52382"}],"wp:term":[{"taxonomy":"pwb-brand","embeddable":true,"href":"https:\/\/reginett.ee\/ru\/wp-json\/wp\/v2\/pwb-brand?post=52382"},{"taxonomy":"product_brand","embeddable":true,"href":"https:\/\/reginett.ee\/ru\/wp-json\/wp\/v2\/product_brand?post=52382"},{"taxonomy":"product_cat","embeddable":true,"href":"https:\/\/reginett.ee\/ru\/wp-json\/wp\/v2\/product_cat?post=52382"},{"taxonomy":"product_tag","embeddable":true,"href":"https:\/\/reginett.ee\/ru\/wp-json\/wp\/v2\/product_tag?post=52382"}],"curies":[{"name":"wp","href":"https:\/\/api.w.org\/{rel}","templated":true}]}}