{"id":52377,"date":"2026-01-25T18:26:03","date_gmt":"2026-01-25T15:26:03","guid":{"rendered":"https:\/\/reginett.ee\/?post_type=product&#038;p=52377"},"modified":"2026-01-26T14:46:26","modified_gmt":"2026-01-26T11:46:26","slug":"kettsaag-husqvarna-545g-mark-ii","status":"publish","type":"product","link":"https:\/\/reginett.ee\/ru\/toode\/kettsaag-husqvarna-545g-mark-ii\/","title":{"rendered":"Kettsaag Husqvarna 545G Mark II"},"content":{"rendered":"<p>Husqvarna 545G Mark II on j\u00f5uline ja lihtsasti k\u00e4sitsetav 50 cm<sup>3 <\/sup>saag, mis on ideaalne nii langetamiseks kui ka laasimiseks. Sale korpus ja palju innovaatilisi lahendusi teevad selle Husqvarna mootorsae mudeli v\u00e4ga efektiivseks ja vastupidavaks. K\u00e4epidemesoojendus annab lisamugavust k\u00fclmades tingimustes. Husqvarna mootorsaag on alati eelistatuim valik professionaalile.<\/p>\n<div class=\"col-sm-3 description\">\n<h4 class=\"h4 description-headline\"><span style=\"color: #333333;\">Soojendusega k\u00e4epidemed hoiavad sind produktiivsena<\/span><\/h4>\n<p class=\"h4 description-headline\"><span class=\"description-text\"><span style=\"color: #808080;\">K\u00e4epidemesoojendus hoiab suurema mugavuse ja tootlikuse tagamiseks k\u00e4ed soojad. S\u00e4ilitab k\u00f5rgemal tasemel man\u00f6\u00f6verdusv\u00f5ime ja kontrolli, samuti suurendab ohutust.<\/span> <\/span><\/p>\n<div class=\"col-sm-3 description\">\n<h3 class=\"h4 description-headline\"><span style=\"color: #333333;\">Suurep\u00e4rane jahutusv\u00f5ime tagab pikema mootori eluea<\/span><\/h3>\n<div class=\"description-text-wrapper\"><span class=\"description-text\">Husqvarna mootorsae uus jahutuss\u00fcsteem on parendatud igas osas, mis tagab sulle usaldusv\u00e4\u00e4rse sae k\u00f5ikides olukordades. <\/span><\/div>\n<div>\n<div class=\"col-sm-3 description\">\n<h3 class=\"h4 description-headline\"><span style=\"color: #333333;\">Magneesiumsulamist karter<\/span><\/h3>\n<div class=\"description-text-wrapper\"><span class=\"description-text\">Husqvarna profisael on tugeva ehitusega karter, mis peab vastu k\u00f5rgetele p\u00f6\u00f6retele intensiivses professionaalses kasutuses.<\/span><\/div>\n<div><\/div>\n<h3><span style=\"color: #333333;\"> Smart Start\u00ae<\/span><\/h3>\n<div>Husqvarna 545G mootorsaag k\u00e4ivitub kergelt ja minimaalse vaevaga. K\u00e4ivitusn\u00f6\u00f6ri takistus on kuni 40% v\u00e4iksem.<\/div>\n<div><\/div>\n<h3><span style=\"color: #333333;\"> X-Torq\u00ae<\/span><\/h3>\n<div>V\u00e4iksem k\u00fctusekulu ja heitgaaside hulk, mis vastavad maailma karmimatele keskkonnan\u00f5uetele.<\/div>\n<div><\/div>\n<\/div>\n<\/div>\n<\/div>\n<\/div>\n<p>&nbsp;<\/p>\n","protected":false},"excerpt":{"rendered":"<p>Husqvarna 545G Mark II on j\u00f5uline ja lihtsasti k\u00e4sitsetav 50 cm<sup>3 <\/sup>kettsaag, mis on ideaalne nii langetamiseks kui ka laasimiseks. Sale korpus ja palju innovaatilisi lahendusi teevad selle mudeli v\u00e4ga efektiivskeks ja vastupidavaks. K\u00e4epidemesoojendus annab lisamugavust k\u00fclmades tingimustes.<\/p>\n","protected":false},"featured_media":52379,"comment_status":"open","ping_status":"closed","template":"","meta":{"_acf_changed":false,"_et_pb_use_builder":"","_et_pb_old_content":"","_et_gb_content_width":"","inline_featured_image":false},"pwb-brand":[147],"product_brand":[],"product_cat":[134,37,42,43],"product_tag":[61,62,66,217],"class_list":{"0":"post-52377","1":"product","2":"type-product","3":"status-publish","4":"has-post-thumbnail","6":"pwb-brand-husqvarna","7":"product_cat-eripakkumised","8":"product_cat-husqvarna","9":"product_cat-kettsaed","10":"product_cat-mootorsaed","11":"product_tag-kettsaag","12":"product_tag-mootorsaag","13":"product_tag-profisaag","14":"product_tag-soodne-saag","16":"first","17":"instock","18":"sale","19":"shipping-taxable","20":"purchasable","21":"product-type-simple"},"acf":[],"yoast_head":"<!-- This site is optimized with the Yoast SEO plugin v26.6 - https:\/\/yoast.com\/wordpress\/plugins\/seo\/ -->\n<title>Kettsaag Husqvarna 545G Mark II ainult 549.- Reginetist<\/title>\n<meta name=\"description\" content=\"Kettsaag Husqvarna 545G Mark II on j\u00f5uline ja lihtsasti k\u00e4sitsetav 50 cm3 saag, mis on ideaalne nii langetamiseks kui ka laasimiseks.\" \/>\n<meta name=\"robots\" content=\"index, follow, max-snippet:-1, max-image-preview:large, max-video-preview:-1\" \/>\n<link rel=\"canonical\" href=\"https:\/\/reginett.ee\/toode\/kettsaag-husqvarna-545g-mark-ii\/\" \/>\n<meta property=\"og:locale\" content=\"ru_RU\" \/>\n<meta property=\"og:type\" content=\"article\" \/>\n<meta property=\"og:title\" content=\"Kettsaag Husqvarna 545G Mark II ainult 549.- Reginetist\" \/>\n<meta property=\"og:description\" content=\"Kettsaag Husqvarna 545G Mark II on j\u00f5uline ja lihtsasti k\u00e4sitsetav 50 cm3 saag, mis on ideaalne nii langetamiseks kui ka laasimiseks.\" \/>\n<meta property=\"og:url\" content=\"https:\/\/reginett.ee\/toode\/kettsaag-husqvarna-545g-mark-ii\/\" \/>\n<meta property=\"og:site_name\" content=\"Reginett\" \/>\n<meta property=\"article:modified_time\" content=\"2026-01-26T11:46:26+00:00\" \/>\n<meta property=\"og:image\" content=\"https:\/\/reginett.ee\/wp-content\/uploads\/2020\/11\/Husqvarna-545G-Mark-II.-scaled.jpg\" \/>\n\t<meta property=\"og:image:width\" content=\"2560\" \/>\n\t<meta property=\"og:image:height\" content=\"1571\" \/>\n\t<meta property=\"og:image:type\" content=\"image\/jpeg\" \/>\n<meta name=\"twitter:card\" content=\"summary_large_image\" \/>\n<meta name=\"twitter:label1\" content=\"\u041f\u0440\u0438\u043c\u0435\u0440\u043d\u043e\u0435 \u0432\u0440\u0435\u043c\u044f \u0434\u043b\u044f \u0447\u0442\u0435\u043d\u0438\u044f\" \/>\n\t<meta name=\"twitter:data1\" content=\"1 \u043c\u0438\u043d\u0443\u0442\u0430\" \/>\n<script type=\"application\/ld+json\" class=\"yoast-schema-graph\">{\"@context\":\"https:\/\/schema.org\",\"@graph\":[{\"@type\":\"WebPage\",\"@id\":\"https:\/\/reginett.ee\/toode\/kettsaag-husqvarna-545g-mark-ii\/\",\"url\":\"https:\/\/reginett.ee\/toode\/kettsaag-husqvarna-545g-mark-ii\/\",\"name\":\"Kettsaag Husqvarna 545G Mark II ainult 549.- Reginetist\",\"isPartOf\":{\"@id\":\"https:\/\/reginett.ee\/#website\"},\"primaryImageOfPage\":{\"@id\":\"https:\/\/reginett.ee\/toode\/kettsaag-husqvarna-545g-mark-ii\/#primaryimage\"},\"image\":{\"@id\":\"https:\/\/reginett.ee\/toode\/kettsaag-husqvarna-545g-mark-ii\/#primaryimage\"},\"thumbnailUrl\":\"https:\/\/reginett.ee\/wp-content\/uploads\/2020\/11\/Husqvarna-545G-Mark-II.-scaled.jpg\",\"datePublished\":\"2026-01-25T15:26:03+00:00\",\"dateModified\":\"2026-01-26T11:46:26+00:00\",\"description\":\"Kettsaag Husqvarna 545G Mark II on j\u00f5uline ja lihtsasti k\u00e4sitsetav 50 cm3 saag, mis on ideaalne nii langetamiseks kui ka laasimiseks.\",\"breadcrumb\":{\"@id\":\"https:\/\/reginett.ee\/toode\/kettsaag-husqvarna-545g-mark-ii\/#breadcrumb\"},\"inLanguage\":\"ru-RU\",\"potentialAction\":[{\"@type\":\"ReadAction\",\"target\":[\"https:\/\/reginett.ee\/toode\/kettsaag-husqvarna-545g-mark-ii\/\"]}]},{\"@type\":\"ImageObject\",\"inLanguage\":\"ru-RU\",\"@id\":\"https:\/\/reginett.ee\/toode\/kettsaag-husqvarna-545g-mark-ii\/#primaryimage\",\"url\":\"https:\/\/reginett.ee\/wp-content\/uploads\/2020\/11\/Husqvarna-545G-Mark-II.-scaled.jpg\",\"contentUrl\":\"https:\/\/reginett.ee\/wp-content\/uploads\/2020\/11\/Husqvarna-545G-Mark-II.-scaled.jpg\",\"width\":2560,\"height\":1571,\"caption\":\"Husqvarna 545G Mark II\"},{\"@type\":\"BreadcrumbList\",\"@id\":\"https:\/\/reginett.ee\/toode\/kettsaag-husqvarna-545g-mark-ii\/#breadcrumb\",\"itemListElement\":[{\"@type\":\"ListItem\",\"position\":1,\"name\":\"Home\",\"item\":\"https:\/\/reginett.ee\/ru\/\"},{\"@type\":\"ListItem\",\"position\":2,\"name\":\"Tooted\",\"item\":\"https:\/\/reginett.ee\/tooted\/\"},{\"@type\":\"ListItem\",\"position\":3,\"name\":\"Kettsaag Husqvarna 545G Mark II\"}]},{\"@type\":\"WebSite\",\"@id\":\"https:\/\/reginett.ee\/#website\",\"url\":\"https:\/\/reginett.ee\/\",\"name\":\"Reginett\",\"description\":\"Parimad robotniidukid\",\"potentialAction\":[{\"@type\":\"SearchAction\",\"target\":{\"@type\":\"EntryPoint\",\"urlTemplate\":\"https:\/\/reginett.ee\/?s={search_term_string}\"},\"query-input\":{\"@type\":\"PropertyValueSpecification\",\"valueRequired\":true,\"valueName\":\"search_term_string\"}}],\"inLanguage\":\"ru-RU\"}]}<\/script>\n<!-- \/ Yoast SEO plugin. -->","yoast_head_json":{"title":"Kettsaag Husqvarna 545G Mark II ainult 549.- Reginetist","description":"Kettsaag Husqvarna 545G Mark II on j\u00f5uline ja lihtsasti k\u00e4sitsetav 50 cm3 saag, mis on ideaalne nii langetamiseks kui ka laasimiseks.","robots":{"index":"index","follow":"follow","max-snippet":"max-snippet:-1","max-image-preview":"max-image-preview:large","max-video-preview":"max-video-preview:-1"},"canonical":"https:\/\/reginett.ee\/toode\/kettsaag-husqvarna-545g-mark-ii\/","og_locale":"ru_RU","og_type":"article","og_title":"Kettsaag Husqvarna 545G Mark II ainult 549.- Reginetist","og_description":"Kettsaag Husqvarna 545G Mark II on j\u00f5uline ja lihtsasti k\u00e4sitsetav 50 cm3 saag, mis on ideaalne nii langetamiseks kui ka laasimiseks.","og_url":"https:\/\/reginett.ee\/toode\/kettsaag-husqvarna-545g-mark-ii\/","og_site_name":"Reginett","article_modified_time":"2026-01-26T11:46:26+00:00","og_image":[{"width":2560,"height":1571,"url":"https:\/\/reginett.ee\/wp-content\/uploads\/2020\/11\/Husqvarna-545G-Mark-II.-scaled.jpg","type":"image\/jpeg"}],"twitter_card":"summary_large_image","twitter_misc":{"\u041f\u0440\u0438\u043c\u0435\u0440\u043d\u043e\u0435 \u0432\u0440\u0435\u043c\u044f \u0434\u043b\u044f \u0447\u0442\u0435\u043d\u0438\u044f":"1 \u043c\u0438\u043d\u0443\u0442\u0430"},"schema":{"@context":"https:\/\/schema.org","@graph":[{"@type":"WebPage","@id":"https:\/\/reginett.ee\/toode\/kettsaag-husqvarna-545g-mark-ii\/","url":"https:\/\/reginett.ee\/toode\/kettsaag-husqvarna-545g-mark-ii\/","name":"Kettsaag Husqvarna 545G Mark II ainult 549.- Reginetist","isPartOf":{"@id":"https:\/\/reginett.ee\/#website"},"primaryImageOfPage":{"@id":"https:\/\/reginett.ee\/toode\/kettsaag-husqvarna-545g-mark-ii\/#primaryimage"},"image":{"@id":"https:\/\/reginett.ee\/toode\/kettsaag-husqvarna-545g-mark-ii\/#primaryimage"},"thumbnailUrl":"https:\/\/reginett.ee\/wp-content\/uploads\/2020\/11\/Husqvarna-545G-Mark-II.-scaled.jpg","datePublished":"2026-01-25T15:26:03+00:00","dateModified":"2026-01-26T11:46:26+00:00","description":"Kettsaag Husqvarna 545G Mark II on j\u00f5uline ja lihtsasti k\u00e4sitsetav 50 cm3 saag, mis on ideaalne nii langetamiseks kui ka laasimiseks.","breadcrumb":{"@id":"https:\/\/reginett.ee\/toode\/kettsaag-husqvarna-545g-mark-ii\/#breadcrumb"},"inLanguage":"ru-RU","potentialAction":[{"@type":"ReadAction","target":["https:\/\/reginett.ee\/toode\/kettsaag-husqvarna-545g-mark-ii\/"]}]},{"@type":"ImageObject","inLanguage":"ru-RU","@id":"https:\/\/reginett.ee\/toode\/kettsaag-husqvarna-545g-mark-ii\/#primaryimage","url":"https:\/\/reginett.ee\/wp-content\/uploads\/2020\/11\/Husqvarna-545G-Mark-II.-scaled.jpg","contentUrl":"https:\/\/reginett.ee\/wp-content\/uploads\/2020\/11\/Husqvarna-545G-Mark-II.-scaled.jpg","width":2560,"height":1571,"caption":"Husqvarna 545G Mark II"},{"@type":"BreadcrumbList","@id":"https:\/\/reginett.ee\/toode\/kettsaag-husqvarna-545g-mark-ii\/#breadcrumb","itemListElement":[{"@type":"ListItem","position":1,"name":"Home","item":"https:\/\/reginett.ee\/ru\/"},{"@type":"ListItem","position":2,"name":"Tooted","item":"https:\/\/reginett.ee\/tooted\/"},{"@type":"ListItem","position":3,"name":"Kettsaag Husqvarna 545G Mark II"}]},{"@type":"WebSite","@id":"https:\/\/reginett.ee\/#website","url":"https:\/\/reginett.ee\/","name":"Reginett","description":"Parimad robotniidukid","potentialAction":[{"@type":"SearchAction","target":{"@type":"EntryPoint","urlTemplate":"https:\/\/reginett.ee\/?s={search_term_string}"},"query-input":{"@type":"PropertyValueSpecification","valueRequired":true,"valueName":"search_term_string"}}],"inLanguage":"ru-RU"}]}},"brands":[{"id":147,"name":"Husqvarna","slug":"husqvarna"}],"_links":{"self":[{"href":"https:\/\/reginett.ee\/ru\/wp-json\/wp\/v2\/product\/52377","targetHints":{"allow":["GET"]}}],"collection":[{"href":"https:\/\/reginett.ee\/ru\/wp-json\/wp\/v2\/product"}],"about":[{"href":"https:\/\/reginett.ee\/ru\/wp-json\/wp\/v2\/types\/product"}],"replies":[{"embeddable":true,"href":"https:\/\/reginett.ee\/ru\/wp-json\/wp\/v2\/comments?post=52377"}],"wp:featuredmedia":[{"embeddable":true,"href":"https:\/\/reginett.ee\/ru\/wp-json\/wp\/v2\/media\/52379"}],"wp:attachment":[{"href":"https:\/\/reginett.ee\/ru\/wp-json\/wp\/v2\/media?parent=52377"}],"wp:term":[{"taxonomy":"pwb-brand","embeddable":true,"href":"https:\/\/reginett.ee\/ru\/wp-json\/wp\/v2\/pwb-brand?post=52377"},{"taxonomy":"product_brand","embeddable":true,"href":"https:\/\/reginett.ee\/ru\/wp-json\/wp\/v2\/product_brand?post=52377"},{"taxonomy":"product_cat","embeddable":true,"href":"https:\/\/reginett.ee\/ru\/wp-json\/wp\/v2\/product_cat?post=52377"},{"taxonomy":"product_tag","embeddable":true,"href":"https:\/\/reginett.ee\/ru\/wp-json\/wp\/v2\/product_tag?post=52377"}],"curies":[{"name":"wp","href":"https:\/\/api.w.org\/{rel}","templated":true}]}}