{"id":52232,"date":"2024-03-30T10:02:13","date_gmt":"2024-03-30T07:02:13","guid":{"rendered":"https:\/\/reginett.ee\/?post_type=product&#038;p=52232"},"modified":"2026-04-02T12:20:12","modified_gmt":"2026-04-02T09:20:12","slug":"nullpoorderaadiusega-niiduk-toro-titan-zxm5475hd-myride","status":"publish","type":"product","link":"https:\/\/reginett.ee\/ru\/toode\/nullpoorderaadiusega-niiduk-toro-titan-zxm5475hd-myride\/","title":{"rendered":"Nullp\u00f6\u00f6rderaadiusega niiduk TORO Titan ZXM5475 MyRIDE\u00ae Kohler V-Twin"},"content":{"rendered":"<p>TORO Titan ZXM5475HD MyRide on nii hea man\u00f6\u00f6verdusv\u00f5imega, et v\u00f5ite senise niitmise aja poolitada!<\/p>\n<p>K\u00f5ige kiirem niidutehnika.<\/p>\n<p>Spetsiaalselt projekteeritud kiireks, teov\u00f5imeliseks ja k\u00f5rgkvaliteediliseks niitmiseks. Kaks lihtsalt kasutatavat juhtimiskangi asendavad murutraktori juhtimis-seadmeid \u2013 rooli, gaasipedaali ja pidurit.<\/p>\n<h3><span style=\"color: #808080;\"><strong>137 cm (54\u201c) keevis l\u00f5ikekorpus<\/strong><\/span><\/h3>\n<p>\u00dclitugev l\u00f5ikekorpus on ehitatud hakkama saama karmides tingimustes ja pakkuma t\u00f5eliselt head niidukvaliteeti. 11,4 cm s\u00fcgav, fabritseeritud keeviskorpus on v\u00e4ljakutseteks valmis. L\u00f5ikekorpuse esiserv on tugevdatud Toro \u201eBull-Nose\u201c kommerts t\u00fc\u00fcpi kaitserauaga. Kolm maapinda kopeerivad tugiratast ees ja kaks t\u00f5kist taga aitavad v\u00e4ltida ebatasasel murul pinnasesse l\u00f5ikamist. Loo oma naturaalne v\u00e4etis, lisades Recycling Kit <sup>\u00ae<\/sup>\u00a0mult\u0161ikate.<\/p>\n<h3><span style=\"color: #808080;\"><strong>MyRide iste<\/strong><\/span><\/h3>\n<p>Toro MyRide istekoha s\u00fcsteem on t\u00f5eliselt mugavuse liider. Istme vedrustus aitab juhti istmel paigal hoida, kui liiklemine toimub ebatasasel maastikul. Istumist on veelgi pehmendatud unikaalse seadistatava vedrustusega. Iste on reguleeritav ette-ja tahapoole, aidates leida teile just sobiv kaugus.\u00a0 Standard varustuses on reguleeritavad k\u00e4etoed.<\/p>\n<h3><strong>Hydro-Gear HG-ZT2800 k\u00e4igukast<\/strong><\/h3>\n<p>HG-ZT2800 h\u00fcdrostaatiline j\u00f5u\u00fclekanne on sisemiselt hooldusvaba, varustatud kaitsekattega spin-on h\u00fcdrofiltritega. K\u00e4igukastile on projekteeritud v\u00e4hem v\u00f5imalikke lekkepunkte nii v\u00f5ib kasutaja kindel olla, et masina j\u00f5u\u00fclekanne on praktiliselt kuulikindel.<\/p>\n<h3><span style=\"color: #808080;\"><strong>22 \u201cx 10\u2033 tagumised rehvid<\/strong><\/span><\/h3>\n<p>Need suured ja laiad rehvid v\u00f5imaldavad sujuvamat s\u00f5itu ebatasasel pinnal kui v\u00e4iksema l\u00e4bim\u00f5\u00f5duga rehvid. Rehvi laius aitab v\u00e4hendada survet pinnasele. Spetsiaalne rehvimuster tagab \u00f5ige veoj\u00f5u ja v\u00e4hendab haljasaladel murulapi \u00fcles rebimist.<\/p>\n<p>&nbsp;<\/p>\n<p>&nbsp;<\/p>\n","protected":false},"excerpt":{"rendered":"<p><!--more-->TORO Titan ZXM5475HD MyRide on nii hea man\u00f6\u00f6verdusv\u00f5imega, et v\u00f5ite senise niitmise aja poolitada!<\/p>\n<p>K\u00f5ige kiirem niidutehnika. Spetsiaalselt projekteeritud kiireks, teov\u00f5imeliseks ja k\u00f5rgkvaliteediliseks niitmiseks. Kaks lihtsalt kasutatavat juhtimiskangi asendavad murutraktori juhtimis-seadmeid \u2013 rooli, gaasipedaali ja pidurit.<\/p>\n","protected":false},"featured_media":52789,"comment_status":"open","ping_status":"closed","template":"","meta":{"_acf_changed":false,"_et_pb_use_builder":"","_et_pb_old_content":"","_et_gb_content_width":"","inline_featured_image":false},"pwb-brand":[148],"product_brand":[],"product_cat":[26,149,57],"product_tag":[417,93,416,159,94],"class_list":{"0":"post-52232","1":"product","2":"type-product","3":"status-publish","4":"has-post-thumbnail","6":"pwb-brand-toro","7":"product_cat-murutraktorid","8":"product_cat-toro","9":"product_cat-zeroturnid","10":"product_tag-kohler","11":"product_tag-nullpoorderaadiusega","12":"product_tag-titan","13":"product_tag-toro","14":"product_tag-zeroturn","15":"product_shipping_class-rasked-asjad","17":"first","18":"instock","19":"sale","20":"shipping-taxable","21":"purchasable","22":"product-type-simple"},"acf":[],"yoast_head":"<!-- This site is optimized with the Yoast SEO plugin v26.6 - https:\/\/yoast.com\/wordpress\/plugins\/seo\/ -->\n<title>Zeroturn TORO Titan ZXM5475HD MyRIDE Reginetist<\/title>\n<meta name=\"description\" content=\"TORO Titan ZXM5475HD MyRide on nii hea man\u00f6\u00f6verdusv\u00f5imega, et v\u00f5ite senise niitmise aja poolitada! K\u00f5ige kiirem niidutehnika.\" \/>\n<meta name=\"robots\" content=\"index, follow, max-snippet:-1, max-image-preview:large, max-video-preview:-1\" \/>\n<link rel=\"canonical\" href=\"https:\/\/reginett.ee\/toode\/nullpoorderaadiusega-niiduk-toro-titan-zxm5475hd-myride\/\" \/>\n<meta property=\"og:locale\" content=\"ru_RU\" \/>\n<meta property=\"og:type\" content=\"article\" \/>\n<meta property=\"og:title\" content=\"Zeroturn TORO Titan ZXM5475HD MyRIDE Reginetist\" \/>\n<meta property=\"og:description\" content=\"TORO Titan ZXM5475HD MyRide on nii hea man\u00f6\u00f6verdusv\u00f5imega, et v\u00f5ite senise niitmise aja poolitada! K\u00f5ige kiirem niidutehnika.\" \/>\n<meta property=\"og:url\" content=\"https:\/\/reginett.ee\/toode\/nullpoorderaadiusega-niiduk-toro-titan-zxm5475hd-myride\/\" \/>\n<meta property=\"og:site_name\" content=\"Reginett\" \/>\n<meta property=\"article:modified_time\" content=\"2026-04-02T09:20:12+00:00\" \/>\n<meta property=\"og:image\" content=\"https:\/\/reginett.ee\/wp-content\/uploads\/2020\/07\/Toro-Titan.jpg\" \/>\n\t<meta property=\"og:image:width\" content=\"680\" \/>\n\t<meta property=\"og:image:height\" content=\"372\" \/>\n\t<meta property=\"og:image:type\" content=\"image\/jpeg\" \/>\n<meta name=\"twitter:card\" content=\"summary_large_image\" \/>\n<meta name=\"twitter:label1\" content=\"\u041f\u0440\u0438\u043c\u0435\u0440\u043d\u043e\u0435 \u0432\u0440\u0435\u043c\u044f \u0434\u043b\u044f \u0447\u0442\u0435\u043d\u0438\u044f\" \/>\n\t<meta name=\"twitter:data1\" content=\"2 \u043c\u0438\u043d\u0443\u0442\u044b\" \/>\n<script type=\"application\/ld+json\" class=\"yoast-schema-graph\">{\"@context\":\"https:\/\/schema.org\",\"@graph\":[{\"@type\":\"WebPage\",\"@id\":\"https:\/\/reginett.ee\/toode\/nullpoorderaadiusega-niiduk-toro-titan-zxm5475hd-myride\/\",\"url\":\"https:\/\/reginett.ee\/toode\/nullpoorderaadiusega-niiduk-toro-titan-zxm5475hd-myride\/\",\"name\":\"Zeroturn TORO Titan ZXM5475HD MyRIDE Reginetist\",\"isPartOf\":{\"@id\":\"https:\/\/reginett.ee\/#website\"},\"primaryImageOfPage\":{\"@id\":\"https:\/\/reginett.ee\/toode\/nullpoorderaadiusega-niiduk-toro-titan-zxm5475hd-myride\/#primaryimage\"},\"image\":{\"@id\":\"https:\/\/reginett.ee\/toode\/nullpoorderaadiusega-niiduk-toro-titan-zxm5475hd-myride\/#primaryimage\"},\"thumbnailUrl\":\"https:\/\/reginett.ee\/wp-content\/uploads\/2020\/07\/Toro-Titan.jpg\",\"datePublished\":\"2024-03-30T07:02:13+00:00\",\"dateModified\":\"2026-04-02T09:20:12+00:00\",\"description\":\"TORO Titan ZXM5475HD MyRide on nii hea man\u00f6\u00f6verdusv\u00f5imega, et v\u00f5ite senise niitmise aja poolitada! K\u00f5ige kiirem niidutehnika.\",\"breadcrumb\":{\"@id\":\"https:\/\/reginett.ee\/toode\/nullpoorderaadiusega-niiduk-toro-titan-zxm5475hd-myride\/#breadcrumb\"},\"inLanguage\":\"ru-RU\",\"potentialAction\":[{\"@type\":\"ReadAction\",\"target\":[\"https:\/\/reginett.ee\/toode\/nullpoorderaadiusega-niiduk-toro-titan-zxm5475hd-myride\/\"]}]},{\"@type\":\"ImageObject\",\"inLanguage\":\"ru-RU\",\"@id\":\"https:\/\/reginett.ee\/toode\/nullpoorderaadiusega-niiduk-toro-titan-zxm5475hd-myride\/#primaryimage\",\"url\":\"https:\/\/reginett.ee\/wp-content\/uploads\/2020\/07\/Toro-Titan.jpg\",\"contentUrl\":\"https:\/\/reginett.ee\/wp-content\/uploads\/2020\/07\/Toro-Titan.jpg\",\"width\":680,\"height\":372,\"caption\":\"Toro Titan\"},{\"@type\":\"BreadcrumbList\",\"@id\":\"https:\/\/reginett.ee\/toode\/nullpoorderaadiusega-niiduk-toro-titan-zxm5475hd-myride\/#breadcrumb\",\"itemListElement\":[{\"@type\":\"ListItem\",\"position\":1,\"name\":\"Home\",\"item\":\"https:\/\/reginett.ee\/ru\/\"},{\"@type\":\"ListItem\",\"position\":2,\"name\":\"Tooted\",\"item\":\"https:\/\/reginett.ee\/tooted\/\"},{\"@type\":\"ListItem\",\"position\":3,\"name\":\"Nullp\u00f6\u00f6rderaadiusega niiduk TORO Titan ZXM5475 MyRIDE\u00ae Kohler V-Twin\"}]},{\"@type\":\"WebSite\",\"@id\":\"https:\/\/reginett.ee\/#website\",\"url\":\"https:\/\/reginett.ee\/\",\"name\":\"Reginett\",\"description\":\"Parimad robotniidukid\",\"potentialAction\":[{\"@type\":\"SearchAction\",\"target\":{\"@type\":\"EntryPoint\",\"urlTemplate\":\"https:\/\/reginett.ee\/?s={search_term_string}\"},\"query-input\":{\"@type\":\"PropertyValueSpecification\",\"valueRequired\":true,\"valueName\":\"search_term_string\"}}],\"inLanguage\":\"ru-RU\"}]}<\/script>\n<!-- \/ Yoast SEO plugin. -->","yoast_head_json":{"title":"Zeroturn TORO Titan ZXM5475HD MyRIDE Reginetist","description":"TORO Titan ZXM5475HD MyRide on nii hea man\u00f6\u00f6verdusv\u00f5imega, et v\u00f5ite senise niitmise aja poolitada! K\u00f5ige kiirem niidutehnika.","robots":{"index":"index","follow":"follow","max-snippet":"max-snippet:-1","max-image-preview":"max-image-preview:large","max-video-preview":"max-video-preview:-1"},"canonical":"https:\/\/reginett.ee\/toode\/nullpoorderaadiusega-niiduk-toro-titan-zxm5475hd-myride\/","og_locale":"ru_RU","og_type":"article","og_title":"Zeroturn TORO Titan ZXM5475HD MyRIDE Reginetist","og_description":"TORO Titan ZXM5475HD MyRide on nii hea man\u00f6\u00f6verdusv\u00f5imega, et v\u00f5ite senise niitmise aja poolitada! K\u00f5ige kiirem niidutehnika.","og_url":"https:\/\/reginett.ee\/toode\/nullpoorderaadiusega-niiduk-toro-titan-zxm5475hd-myride\/","og_site_name":"Reginett","article_modified_time":"2026-04-02T09:20:12+00:00","og_image":[{"width":680,"height":372,"url":"https:\/\/reginett.ee\/wp-content\/uploads\/2020\/07\/Toro-Titan.jpg","type":"image\/jpeg"}],"twitter_card":"summary_large_image","twitter_misc":{"\u041f\u0440\u0438\u043c\u0435\u0440\u043d\u043e\u0435 \u0432\u0440\u0435\u043c\u044f \u0434\u043b\u044f \u0447\u0442\u0435\u043d\u0438\u044f":"2 \u043c\u0438\u043d\u0443\u0442\u044b"},"schema":{"@context":"https:\/\/schema.org","@graph":[{"@type":"WebPage","@id":"https:\/\/reginett.ee\/toode\/nullpoorderaadiusega-niiduk-toro-titan-zxm5475hd-myride\/","url":"https:\/\/reginett.ee\/toode\/nullpoorderaadiusega-niiduk-toro-titan-zxm5475hd-myride\/","name":"Zeroturn TORO Titan ZXM5475HD MyRIDE Reginetist","isPartOf":{"@id":"https:\/\/reginett.ee\/#website"},"primaryImageOfPage":{"@id":"https:\/\/reginett.ee\/toode\/nullpoorderaadiusega-niiduk-toro-titan-zxm5475hd-myride\/#primaryimage"},"image":{"@id":"https:\/\/reginett.ee\/toode\/nullpoorderaadiusega-niiduk-toro-titan-zxm5475hd-myride\/#primaryimage"},"thumbnailUrl":"https:\/\/reginett.ee\/wp-content\/uploads\/2020\/07\/Toro-Titan.jpg","datePublished":"2024-03-30T07:02:13+00:00","dateModified":"2026-04-02T09:20:12+00:00","description":"TORO Titan ZXM5475HD MyRide on nii hea man\u00f6\u00f6verdusv\u00f5imega, et v\u00f5ite senise niitmise aja poolitada! K\u00f5ige kiirem niidutehnika.","breadcrumb":{"@id":"https:\/\/reginett.ee\/toode\/nullpoorderaadiusega-niiduk-toro-titan-zxm5475hd-myride\/#breadcrumb"},"inLanguage":"ru-RU","potentialAction":[{"@type":"ReadAction","target":["https:\/\/reginett.ee\/toode\/nullpoorderaadiusega-niiduk-toro-titan-zxm5475hd-myride\/"]}]},{"@type":"ImageObject","inLanguage":"ru-RU","@id":"https:\/\/reginett.ee\/toode\/nullpoorderaadiusega-niiduk-toro-titan-zxm5475hd-myride\/#primaryimage","url":"https:\/\/reginett.ee\/wp-content\/uploads\/2020\/07\/Toro-Titan.jpg","contentUrl":"https:\/\/reginett.ee\/wp-content\/uploads\/2020\/07\/Toro-Titan.jpg","width":680,"height":372,"caption":"Toro Titan"},{"@type":"BreadcrumbList","@id":"https:\/\/reginett.ee\/toode\/nullpoorderaadiusega-niiduk-toro-titan-zxm5475hd-myride\/#breadcrumb","itemListElement":[{"@type":"ListItem","position":1,"name":"Home","item":"https:\/\/reginett.ee\/ru\/"},{"@type":"ListItem","position":2,"name":"Tooted","item":"https:\/\/reginett.ee\/tooted\/"},{"@type":"ListItem","position":3,"name":"Nullp\u00f6\u00f6rderaadiusega niiduk TORO Titan ZXM5475 MyRIDE\u00ae Kohler V-Twin"}]},{"@type":"WebSite","@id":"https:\/\/reginett.ee\/#website","url":"https:\/\/reginett.ee\/","name":"Reginett","description":"Parimad robotniidukid","potentialAction":[{"@type":"SearchAction","target":{"@type":"EntryPoint","urlTemplate":"https:\/\/reginett.ee\/?s={search_term_string}"},"query-input":{"@type":"PropertyValueSpecification","valueRequired":true,"valueName":"search_term_string"}}],"inLanguage":"ru-RU"}]}},"brands":[{"id":148,"name":"Toro","slug":"toro"}],"_links":{"self":[{"href":"https:\/\/reginett.ee\/ru\/wp-json\/wp\/v2\/product\/52232","targetHints":{"allow":["GET"]}}],"collection":[{"href":"https:\/\/reginett.ee\/ru\/wp-json\/wp\/v2\/product"}],"about":[{"href":"https:\/\/reginett.ee\/ru\/wp-json\/wp\/v2\/types\/product"}],"replies":[{"embeddable":true,"href":"https:\/\/reginett.ee\/ru\/wp-json\/wp\/v2\/comments?post=52232"}],"wp:featuredmedia":[{"embeddable":true,"href":"https:\/\/reginett.ee\/ru\/wp-json\/wp\/v2\/media\/52789"}],"wp:attachment":[{"href":"https:\/\/reginett.ee\/ru\/wp-json\/wp\/v2\/media?parent=52232"}],"wp:term":[{"taxonomy":"pwb-brand","embeddable":true,"href":"https:\/\/reginett.ee\/ru\/wp-json\/wp\/v2\/pwb-brand?post=52232"},{"taxonomy":"product_brand","embeddable":true,"href":"https:\/\/reginett.ee\/ru\/wp-json\/wp\/v2\/product_brand?post=52232"},{"taxonomy":"product_cat","embeddable":true,"href":"https:\/\/reginett.ee\/ru\/wp-json\/wp\/v2\/product_cat?post=52232"},{"taxonomy":"product_tag","embeddable":true,"href":"https:\/\/reginett.ee\/ru\/wp-json\/wp\/v2\/product_tag?post=52232"}],"curies":[{"name":"wp","href":"https:\/\/api.w.org\/{rel}","templated":true}]}}