{"id":52200,"date":"2025-07-20T13:01:50","date_gmt":"2025-07-20T10:01:50","guid":{"rendered":"https:\/\/reginett.ee\/?post_type=product&#038;p=52200"},"modified":"2025-08-01T11:04:02","modified_gmt":"2025-08-01T08:04:02","slug":"robotniiduki-maja-lillekastiga-valge","status":"publish","type":"product","link":"https:\/\/reginett.ee\/ru\/toode\/robotniiduki-maja-lillekastiga-valge\/","title":{"rendered":"Robotniiduki maja lillekastiga valge"},"content":{"rendered":"<p>Uudne ja elegantne taimekastiga maja robotniidukile.<\/p>\n<p>Sobib enamikele robotniidukitele.<\/p>\n<p>Valikus hall ja valge.<\/p>\n<p>\u00dcldm\u00f5\u00f5t: 790x730x560 mm<br \/>\nGaraa\u017e: 750x655x350 mm<\/p>\n","protected":false},"excerpt":{"rendered":"<p>Uudne ja elegantne taimekastiga maja robotniidukile.<\/p>\n<p>Sobib enamikele robotniidukitele.<\/p>\n<p>Valikus hall ja valge.<\/p>\n<p>\u00dcldm\u00f5\u00f5t: 790x730x560 mm<br \/>\nGaraa\u017e: 750x655x350 mm<\/p>\n","protected":false},"featured_media":52201,"comment_status":"open","ping_status":"closed","template":"","meta":{"_acf_changed":false,"_et_pb_use_builder":"","_et_pb_old_content":"","_et_gb_content_width":"","inline_featured_image":false},"pwb-brand":[],"product_brand":[],"product_cat":[480,134,19,120],"product_tag":[],"class_list":{"0":"post-52200","1":"product","2":"type-product","3":"status-publish","4":"has-post-thumbnail","6":"product_cat-aiatoo","7":"product_cat-eripakkumised","8":"product_cat-robotniidukid","9":"product_cat-robotniidukite-lisatarvikud","10":"product_shipping_class-rasked-asjad","12":"first","13":"instock","14":"sale","15":"shipping-taxable","16":"purchasable","17":"product-type-simple"},"acf":[],"yoast_head":"<!-- This site is optimized with the Yoast SEO plugin v26.6 - https:\/\/yoast.com\/wordpress\/plugins\/seo\/ -->\n<title>Robotniiduki maja lillekastiga. Mururobotite lisatarvikud Reginetist<\/title>\n<meta name=\"description\" content=\"Uudne ja elegantne taimekastiga maja robotniidukile.Sobib enamikele robotniidukitele.Valikus hall ja valge.\" \/>\n<meta name=\"robots\" content=\"index, follow, max-snippet:-1, max-image-preview:large, max-video-preview:-1\" \/>\n<link rel=\"canonical\" href=\"https:\/\/reginett.ee\/toode\/robotniiduki-maja-lillekastiga-valge\/\" \/>\n<meta property=\"og:locale\" content=\"ru_RU\" \/>\n<meta property=\"og:type\" content=\"article\" \/>\n<meta property=\"og:title\" content=\"Robotniiduki maja lillekastiga. Mururobotite lisatarvikud Reginetist\" \/>\n<meta property=\"og:description\" content=\"Uudne ja elegantne taimekastiga maja robotniidukile.Sobib enamikele robotniidukitele.Valikus hall ja valge.\" \/>\n<meta property=\"og:url\" content=\"https:\/\/reginett.ee\/toode\/robotniiduki-maja-lillekastiga-valge\/\" \/>\n<meta property=\"og:site_name\" content=\"Reginett\" \/>\n<meta property=\"article:modified_time\" content=\"2025-08-01T08:04:02+00:00\" \/>\n<meta property=\"og:image\" content=\"https:\/\/reginett.ee\/wp-content\/uploads\/2020\/07\/Robotniiduki-maja-lillekastiga-valge.jpg\" \/>\n\t<meta property=\"og:image:width\" content=\"1280\" \/>\n\t<meta property=\"og:image:height\" content=\"960\" \/>\n\t<meta property=\"og:image:type\" content=\"image\/jpeg\" \/>\n<meta name=\"twitter:card\" content=\"summary_large_image\" \/>\n<script type=\"application\/ld+json\" class=\"yoast-schema-graph\">{\"@context\":\"https:\/\/schema.org\",\"@graph\":[{\"@type\":\"WebPage\",\"@id\":\"https:\/\/reginett.ee\/toode\/robotniiduki-maja-lillekastiga-valge\/\",\"url\":\"https:\/\/reginett.ee\/toode\/robotniiduki-maja-lillekastiga-valge\/\",\"name\":\"Robotniiduki maja lillekastiga. Mururobotite lisatarvikud Reginetist\",\"isPartOf\":{\"@id\":\"https:\/\/reginett.ee\/#website\"},\"primaryImageOfPage\":{\"@id\":\"https:\/\/reginett.ee\/toode\/robotniiduki-maja-lillekastiga-valge\/#primaryimage\"},\"image\":{\"@id\":\"https:\/\/reginett.ee\/toode\/robotniiduki-maja-lillekastiga-valge\/#primaryimage\"},\"thumbnailUrl\":\"https:\/\/reginett.ee\/wp-content\/uploads\/2020\/07\/Robotniiduki-maja-lillekastiga-valge.jpg\",\"datePublished\":\"2025-07-20T10:01:50+00:00\",\"dateModified\":\"2025-08-01T08:04:02+00:00\",\"description\":\"Uudne ja elegantne taimekastiga maja robotniidukile.Sobib enamikele robotniidukitele.Valikus hall ja valge.\",\"breadcrumb\":{\"@id\":\"https:\/\/reginett.ee\/toode\/robotniiduki-maja-lillekastiga-valge\/#breadcrumb\"},\"inLanguage\":\"ru-RU\",\"potentialAction\":[{\"@type\":\"ReadAction\",\"target\":[\"https:\/\/reginett.ee\/toode\/robotniiduki-maja-lillekastiga-valge\/\"]}]},{\"@type\":\"ImageObject\",\"inLanguage\":\"ru-RU\",\"@id\":\"https:\/\/reginett.ee\/toode\/robotniiduki-maja-lillekastiga-valge\/#primaryimage\",\"url\":\"https:\/\/reginett.ee\/wp-content\/uploads\/2020\/07\/Robotniiduki-maja-lillekastiga-valge.jpg\",\"contentUrl\":\"https:\/\/reginett.ee\/wp-content\/uploads\/2020\/07\/Robotniiduki-maja-lillekastiga-valge.jpg\",\"width\":1280,\"height\":960,\"caption\":\"Robotniiduki maja\"},{\"@type\":\"BreadcrumbList\",\"@id\":\"https:\/\/reginett.ee\/toode\/robotniiduki-maja-lillekastiga-valge\/#breadcrumb\",\"itemListElement\":[{\"@type\":\"ListItem\",\"position\":1,\"name\":\"Home\",\"item\":\"https:\/\/reginett.ee\/ru\/\"},{\"@type\":\"ListItem\",\"position\":2,\"name\":\"Tooted\",\"item\":\"https:\/\/reginett.ee\/tooted\/\"},{\"@type\":\"ListItem\",\"position\":3,\"name\":\"Robotniiduki maja lillekastiga valge\"}]},{\"@type\":\"WebSite\",\"@id\":\"https:\/\/reginett.ee\/#website\",\"url\":\"https:\/\/reginett.ee\/\",\"name\":\"Reginett\",\"description\":\"Parimad robotniidukid\",\"potentialAction\":[{\"@type\":\"SearchAction\",\"target\":{\"@type\":\"EntryPoint\",\"urlTemplate\":\"https:\/\/reginett.ee\/?s={search_term_string}\"},\"query-input\":{\"@type\":\"PropertyValueSpecification\",\"valueRequired\":true,\"valueName\":\"search_term_string\"}}],\"inLanguage\":\"ru-RU\"}]}<\/script>\n<!-- \/ Yoast SEO plugin. -->","yoast_head_json":{"title":"Robotniiduki maja lillekastiga. Mururobotite lisatarvikud Reginetist","description":"Uudne ja elegantne taimekastiga maja robotniidukile.Sobib enamikele robotniidukitele.Valikus hall ja valge.","robots":{"index":"index","follow":"follow","max-snippet":"max-snippet:-1","max-image-preview":"max-image-preview:large","max-video-preview":"max-video-preview:-1"},"canonical":"https:\/\/reginett.ee\/toode\/robotniiduki-maja-lillekastiga-valge\/","og_locale":"ru_RU","og_type":"article","og_title":"Robotniiduki maja lillekastiga. Mururobotite lisatarvikud Reginetist","og_description":"Uudne ja elegantne taimekastiga maja robotniidukile.Sobib enamikele robotniidukitele.Valikus hall ja valge.","og_url":"https:\/\/reginett.ee\/toode\/robotniiduki-maja-lillekastiga-valge\/","og_site_name":"Reginett","article_modified_time":"2025-08-01T08:04:02+00:00","og_image":[{"width":1280,"height":960,"url":"https:\/\/reginett.ee\/wp-content\/uploads\/2020\/07\/Robotniiduki-maja-lillekastiga-valge.jpg","type":"image\/jpeg"}],"twitter_card":"summary_large_image","schema":{"@context":"https:\/\/schema.org","@graph":[{"@type":"WebPage","@id":"https:\/\/reginett.ee\/toode\/robotniiduki-maja-lillekastiga-valge\/","url":"https:\/\/reginett.ee\/toode\/robotniiduki-maja-lillekastiga-valge\/","name":"Robotniiduki maja lillekastiga. Mururobotite lisatarvikud Reginetist","isPartOf":{"@id":"https:\/\/reginett.ee\/#website"},"primaryImageOfPage":{"@id":"https:\/\/reginett.ee\/toode\/robotniiduki-maja-lillekastiga-valge\/#primaryimage"},"image":{"@id":"https:\/\/reginett.ee\/toode\/robotniiduki-maja-lillekastiga-valge\/#primaryimage"},"thumbnailUrl":"https:\/\/reginett.ee\/wp-content\/uploads\/2020\/07\/Robotniiduki-maja-lillekastiga-valge.jpg","datePublished":"2025-07-20T10:01:50+00:00","dateModified":"2025-08-01T08:04:02+00:00","description":"Uudne ja elegantne taimekastiga maja robotniidukile.Sobib enamikele robotniidukitele.Valikus hall ja valge.","breadcrumb":{"@id":"https:\/\/reginett.ee\/toode\/robotniiduki-maja-lillekastiga-valge\/#breadcrumb"},"inLanguage":"ru-RU","potentialAction":[{"@type":"ReadAction","target":["https:\/\/reginett.ee\/toode\/robotniiduki-maja-lillekastiga-valge\/"]}]},{"@type":"ImageObject","inLanguage":"ru-RU","@id":"https:\/\/reginett.ee\/toode\/robotniiduki-maja-lillekastiga-valge\/#primaryimage","url":"https:\/\/reginett.ee\/wp-content\/uploads\/2020\/07\/Robotniiduki-maja-lillekastiga-valge.jpg","contentUrl":"https:\/\/reginett.ee\/wp-content\/uploads\/2020\/07\/Robotniiduki-maja-lillekastiga-valge.jpg","width":1280,"height":960,"caption":"Robotniiduki maja"},{"@type":"BreadcrumbList","@id":"https:\/\/reginett.ee\/toode\/robotniiduki-maja-lillekastiga-valge\/#breadcrumb","itemListElement":[{"@type":"ListItem","position":1,"name":"Home","item":"https:\/\/reginett.ee\/ru\/"},{"@type":"ListItem","position":2,"name":"Tooted","item":"https:\/\/reginett.ee\/tooted\/"},{"@type":"ListItem","position":3,"name":"Robotniiduki maja lillekastiga valge"}]},{"@type":"WebSite","@id":"https:\/\/reginett.ee\/#website","url":"https:\/\/reginett.ee\/","name":"Reginett","description":"Parimad robotniidukid","potentialAction":[{"@type":"SearchAction","target":{"@type":"EntryPoint","urlTemplate":"https:\/\/reginett.ee\/?s={search_term_string}"},"query-input":{"@type":"PropertyValueSpecification","valueRequired":true,"valueName":"search_term_string"}}],"inLanguage":"ru-RU"}]}},"brands":[],"_links":{"self":[{"href":"https:\/\/reginett.ee\/ru\/wp-json\/wp\/v2\/product\/52200","targetHints":{"allow":["GET"]}}],"collection":[{"href":"https:\/\/reginett.ee\/ru\/wp-json\/wp\/v2\/product"}],"about":[{"href":"https:\/\/reginett.ee\/ru\/wp-json\/wp\/v2\/types\/product"}],"replies":[{"embeddable":true,"href":"https:\/\/reginett.ee\/ru\/wp-json\/wp\/v2\/comments?post=52200"}],"wp:featuredmedia":[{"embeddable":true,"href":"https:\/\/reginett.ee\/ru\/wp-json\/wp\/v2\/media\/52201"}],"wp:attachment":[{"href":"https:\/\/reginett.ee\/ru\/wp-json\/wp\/v2\/media?parent=52200"}],"wp:term":[{"taxonomy":"pwb-brand","embeddable":true,"href":"https:\/\/reginett.ee\/ru\/wp-json\/wp\/v2\/pwb-brand?post=52200"},{"taxonomy":"product_brand","embeddable":true,"href":"https:\/\/reginett.ee\/ru\/wp-json\/wp\/v2\/product_brand?post=52200"},{"taxonomy":"product_cat","embeddable":true,"href":"https:\/\/reginett.ee\/ru\/wp-json\/wp\/v2\/product_cat?post=52200"},{"taxonomy":"product_tag","embeddable":true,"href":"https:\/\/reginett.ee\/ru\/wp-json\/wp\/v2\/product_tag?post=52200"}],"curies":[{"name":"wp","href":"https:\/\/api.w.org\/{rel}","templated":true}]}}