{"id":52187,"date":"2020-07-09T13:07:40","date_gmt":"2020-07-09T10:07:40","guid":{"rendered":"https:\/\/reginett.ee\/?post_type=product&#038;p=52187"},"modified":"2025-07-03T13:26:55","modified_gmt":"2025-07-03T10:26:55","slug":"rohuloikur-husqvarna-129r","status":"publish","type":"product","link":"https:\/\/reginett.ee\/ru\/toode\/rohuloikur-husqvarna-129r\/","title":{"rendered":"Rohul\u00f5ikur Husqvarna 129R"},"content":{"rendered":"<p>Husqvarna mitmek\u00fclgne kerge rohul\u00f5ikur 129R pakub v\u00f5imsust ja mugavust kodukasutajale. Mudelil 129R on v\u00f5imas 27 cm<sup>3<\/sup> mootor, mis on \u00fchendatud kasutuslihtsusega. T\u00e4nu Smart Start\u00ae-ile on seda lihtne k\u00e4ivitada, k\u00e4ep\u00e4rased juhikud ja automaatne k\u00e4ivitusl\u00fcliti \u2013 funktsioon, mis taastab k\u00e4ivitamise lihtsustamiseks automaatselt sissel\u00fclitatud asendi. 129R juurde kuulub kombikaitse, T25 trimmipea, rohutera Grass 255-4 ja topelt k\u00e4epidemed, mis h\u00f5lbustavad niitmist.<\/p>\n<p>&nbsp;<\/p>\n<div class=\"col-sm-3 description\">\n<h3 class=\"h4 description-headline\">Standard kanderihmad<\/h3>\n<div class=\"description-text-wrapper\"><span class=\"description-text\">Standard kanderihmad kergematele rohul\u00f5ikuritele. <\/span><\/div>\n<\/div>\n<div>\n<div class=\"col-sm-3 description\">\n<h3 class=\"h4 description-headline\">L\u00e4bipaistev k\u00fctusepaak<\/h3>\n<div class=\"description-text-wrapper\"><span class=\"description-text\">L\u00e4bipaistev k\u00fctusepaak mugavaks k\u00fctuse taseme j\u00e4lgimiseks. <\/span><\/div>\n<\/div>\n<\/div>\n<div>\n<div class=\"col-sm-3 description\">\n<h3 class=\"h4 description-headline\">Suur ulatus<\/h3>\n<div class=\"description-text-wrapper\"><span class=\"description-text\">Sirge vars ulatub kaugele. <\/span><\/div>\n<div><\/div>\n<div>\n<div class=\"col-sm-3 description\">\n<h3 class=\"h4 description-headline\">Tap &#8216;n Go<\/h3>\n<p class=\"h4 description-headline\"><span class=\"description-text\">Kahe j\u00f5hviga, kiirelt laetav ja vastupidav Tap &#8216;n Go trimmipea. <\/span><\/p>\n<p>&nbsp;<\/p>\n<\/div>\n<\/div>\n<\/div>\n<\/div>\n","protected":false},"excerpt":{"rendered":"<p>Husqvarna mitmek\u00fclgne kerge rohul\u00f5ikur 129R pakub v\u00f5imsust ja mugavust kodukasutajale. Mudelil 129R on v\u00f5imas 27 cm<sup>3<\/sup> mootor, mis on \u00fchendatud kasutuslihtsusega. T\u00e4nu Smart Start\u00ae-ile on seda lihtne k\u00e4ivitada, k\u00e4ep\u00e4rased juhikud ja automaatne k\u00e4ivitusl\u00fcliti \u2013 funktsioon, mis taastab k\u00e4ivitamise lihtsustamiseks automaatselt sissel\u00fclitatud asendi. 129R juurde kuulub kombikaitse, T25 trimmipea, rohutera Grass 255-4 ja topelt k\u00e4epidemed, mis h\u00f5lbustavad niitmist.<\/p>\n","protected":false},"featured_media":52188,"comment_status":"open","ping_status":"closed","template":"","meta":{"_acf_changed":false,"_et_pb_use_builder":"","_et_pb_old_content":"","_et_gb_content_width":"","inline_featured_image":false},"pwb-brand":[],"product_brand":[],"product_cat":[54],"product_tag":[],"class_list":{"0":"post-52187","1":"product","2":"type-product","3":"status-publish","4":"has-post-thumbnail","6":"product_cat-trimmerid-ja-vosaloikurid","7":"product_shipping_class-soodsam-kuller-15-eur","9":"first","10":"instock","11":"shipping-taxable","12":"purchasable","13":"product-type-simple"},"acf":[],"yoast_head":"<!-- This site is optimized with the Yoast SEO plugin v26.6 - https:\/\/yoast.com\/wordpress\/plugins\/seo\/ -->\n<title>Rohul\u00f5ikur Husqvarna 129R - Reginett<\/title>\n<meta name=\"robots\" content=\"index, follow, max-snippet:-1, max-image-preview:large, max-video-preview:-1\" \/>\n<link rel=\"canonical\" href=\"https:\/\/reginett.ee\/toode\/rohuloikur-husqvarna-129r\/\" \/>\n<meta property=\"og:locale\" content=\"ru_RU\" \/>\n<meta property=\"og:type\" content=\"article\" \/>\n<meta property=\"og:title\" content=\"Rohul\u00f5ikur Husqvarna 129R - Reginett\" \/>\n<meta property=\"og:description\" content=\"Husqvarna mitmek\u00fclgne kerge rohul\u00f5ikur 129R pakub v\u00f5imsust ja mugavust kodukasutajale. Mudelil 129R on v\u00f5imas 27 cm3 mootor, mis on \u00fchendatud kasutuslihtsusega. T\u00e4nu Smart Start\u00ae-ile on seda lihtne k\u00e4ivitada, k\u00e4ep\u00e4rased juhikud ja automaatne k\u00e4ivitusl\u00fcliti \u2013 funktsioon, mis taastab k\u00e4ivitamise lihtsustamiseks automaatselt sissel\u00fclitatud asendi. 129R juurde kuulub kombikaitse, T25 trimmipea, rohutera Grass 255-4 ja topelt k\u00e4epidemed, mis h\u00f5lbustavad niitmist.\" \/>\n<meta property=\"og:url\" content=\"https:\/\/reginett.ee\/toode\/rohuloikur-husqvarna-129r\/\" \/>\n<meta property=\"og:site_name\" content=\"Reginett\" \/>\n<meta property=\"article:modified_time\" content=\"2025-07-03T10:26:55+00:00\" \/>\n<meta property=\"og:image\" content=\"https:\/\/reginett.ee\/wp-content\/uploads\/2020\/07\/Husqvarna-129R-scaled.jpg\" \/>\n\t<meta property=\"og:image:width\" content=\"2560\" \/>\n\t<meta property=\"og:image:height\" content=\"1370\" \/>\n\t<meta property=\"og:image:type\" content=\"image\/jpeg\" \/>\n<meta name=\"twitter:card\" content=\"summary_large_image\" \/>\n<meta name=\"twitter:label1\" content=\"\u041f\u0440\u0438\u043c\u0435\u0440\u043d\u043e\u0435 \u0432\u0440\u0435\u043c\u044f \u0434\u043b\u044f \u0447\u0442\u0435\u043d\u0438\u044f\" \/>\n\t<meta name=\"twitter:data1\" content=\"1 \u043c\u0438\u043d\u0443\u0442\u0430\" \/>\n<script type=\"application\/ld+json\" class=\"yoast-schema-graph\">{\"@context\":\"https:\/\/schema.org\",\"@graph\":[{\"@type\":\"WebPage\",\"@id\":\"https:\/\/reginett.ee\/toode\/rohuloikur-husqvarna-129r\/\",\"url\":\"https:\/\/reginett.ee\/toode\/rohuloikur-husqvarna-129r\/\",\"name\":\"Rohul\u00f5ikur Husqvarna 129R - Reginett\",\"isPartOf\":{\"@id\":\"https:\/\/reginett.ee\/#website\"},\"primaryImageOfPage\":{\"@id\":\"https:\/\/reginett.ee\/toode\/rohuloikur-husqvarna-129r\/#primaryimage\"},\"image\":{\"@id\":\"https:\/\/reginett.ee\/toode\/rohuloikur-husqvarna-129r\/#primaryimage\"},\"thumbnailUrl\":\"https:\/\/reginett.ee\/wp-content\/uploads\/2020\/07\/Husqvarna-129R-scaled.jpg\",\"datePublished\":\"2020-07-09T10:07:40+00:00\",\"dateModified\":\"2025-07-03T10:26:55+00:00\",\"breadcrumb\":{\"@id\":\"https:\/\/reginett.ee\/toode\/rohuloikur-husqvarna-129r\/#breadcrumb\"},\"inLanguage\":\"ru-RU\",\"potentialAction\":[{\"@type\":\"ReadAction\",\"target\":[\"https:\/\/reginett.ee\/toode\/rohuloikur-husqvarna-129r\/\"]}]},{\"@type\":\"ImageObject\",\"inLanguage\":\"ru-RU\",\"@id\":\"https:\/\/reginett.ee\/toode\/rohuloikur-husqvarna-129r\/#primaryimage\",\"url\":\"https:\/\/reginett.ee\/wp-content\/uploads\/2020\/07\/Husqvarna-129R-scaled.jpg\",\"contentUrl\":\"https:\/\/reginett.ee\/wp-content\/uploads\/2020\/07\/Husqvarna-129R-scaled.jpg\",\"width\":2560,\"height\":1370,\"caption\":\"Husqvarna 129R\"},{\"@type\":\"BreadcrumbList\",\"@id\":\"https:\/\/reginett.ee\/toode\/rohuloikur-husqvarna-129r\/#breadcrumb\",\"itemListElement\":[{\"@type\":\"ListItem\",\"position\":1,\"name\":\"Home\",\"item\":\"https:\/\/reginett.ee\/ru\/\"},{\"@type\":\"ListItem\",\"position\":2,\"name\":\"Tooted\",\"item\":\"https:\/\/reginett.ee\/tooted\/\"},{\"@type\":\"ListItem\",\"position\":3,\"name\":\"Rohul\u00f5ikur Husqvarna 129R\"}]},{\"@type\":\"WebSite\",\"@id\":\"https:\/\/reginett.ee\/#website\",\"url\":\"https:\/\/reginett.ee\/\",\"name\":\"Reginett\",\"description\":\"Parimad robotniidukid\",\"potentialAction\":[{\"@type\":\"SearchAction\",\"target\":{\"@type\":\"EntryPoint\",\"urlTemplate\":\"https:\/\/reginett.ee\/?s={search_term_string}\"},\"query-input\":{\"@type\":\"PropertyValueSpecification\",\"valueRequired\":true,\"valueName\":\"search_term_string\"}}],\"inLanguage\":\"ru-RU\"}]}<\/script>\n<!-- \/ Yoast SEO plugin. -->","yoast_head_json":{"title":"Rohul\u00f5ikur Husqvarna 129R - Reginett","robots":{"index":"index","follow":"follow","max-snippet":"max-snippet:-1","max-image-preview":"max-image-preview:large","max-video-preview":"max-video-preview:-1"},"canonical":"https:\/\/reginett.ee\/toode\/rohuloikur-husqvarna-129r\/","og_locale":"ru_RU","og_type":"article","og_title":"Rohul\u00f5ikur Husqvarna 129R - Reginett","og_description":"Husqvarna mitmek\u00fclgne kerge rohul\u00f5ikur 129R pakub v\u00f5imsust ja mugavust kodukasutajale. Mudelil 129R on v\u00f5imas 27 cm3 mootor, mis on \u00fchendatud kasutuslihtsusega. T\u00e4nu Smart Start\u00ae-ile on seda lihtne k\u00e4ivitada, k\u00e4ep\u00e4rased juhikud ja automaatne k\u00e4ivitusl\u00fcliti \u2013 funktsioon, mis taastab k\u00e4ivitamise lihtsustamiseks automaatselt sissel\u00fclitatud asendi. 129R juurde kuulub kombikaitse, T25 trimmipea, rohutera Grass 255-4 ja topelt k\u00e4epidemed, mis h\u00f5lbustavad niitmist.","og_url":"https:\/\/reginett.ee\/toode\/rohuloikur-husqvarna-129r\/","og_site_name":"Reginett","article_modified_time":"2025-07-03T10:26:55+00:00","og_image":[{"width":2560,"height":1370,"url":"https:\/\/reginett.ee\/wp-content\/uploads\/2020\/07\/Husqvarna-129R-scaled.jpg","type":"image\/jpeg"}],"twitter_card":"summary_large_image","twitter_misc":{"\u041f\u0440\u0438\u043c\u0435\u0440\u043d\u043e\u0435 \u0432\u0440\u0435\u043c\u044f \u0434\u043b\u044f \u0447\u0442\u0435\u043d\u0438\u044f":"1 \u043c\u0438\u043d\u0443\u0442\u0430"},"schema":{"@context":"https:\/\/schema.org","@graph":[{"@type":"WebPage","@id":"https:\/\/reginett.ee\/toode\/rohuloikur-husqvarna-129r\/","url":"https:\/\/reginett.ee\/toode\/rohuloikur-husqvarna-129r\/","name":"Rohul\u00f5ikur Husqvarna 129R - Reginett","isPartOf":{"@id":"https:\/\/reginett.ee\/#website"},"primaryImageOfPage":{"@id":"https:\/\/reginett.ee\/toode\/rohuloikur-husqvarna-129r\/#primaryimage"},"image":{"@id":"https:\/\/reginett.ee\/toode\/rohuloikur-husqvarna-129r\/#primaryimage"},"thumbnailUrl":"https:\/\/reginett.ee\/wp-content\/uploads\/2020\/07\/Husqvarna-129R-scaled.jpg","datePublished":"2020-07-09T10:07:40+00:00","dateModified":"2025-07-03T10:26:55+00:00","breadcrumb":{"@id":"https:\/\/reginett.ee\/toode\/rohuloikur-husqvarna-129r\/#breadcrumb"},"inLanguage":"ru-RU","potentialAction":[{"@type":"ReadAction","target":["https:\/\/reginett.ee\/toode\/rohuloikur-husqvarna-129r\/"]}]},{"@type":"ImageObject","inLanguage":"ru-RU","@id":"https:\/\/reginett.ee\/toode\/rohuloikur-husqvarna-129r\/#primaryimage","url":"https:\/\/reginett.ee\/wp-content\/uploads\/2020\/07\/Husqvarna-129R-scaled.jpg","contentUrl":"https:\/\/reginett.ee\/wp-content\/uploads\/2020\/07\/Husqvarna-129R-scaled.jpg","width":2560,"height":1370,"caption":"Husqvarna 129R"},{"@type":"BreadcrumbList","@id":"https:\/\/reginett.ee\/toode\/rohuloikur-husqvarna-129r\/#breadcrumb","itemListElement":[{"@type":"ListItem","position":1,"name":"Home","item":"https:\/\/reginett.ee\/ru\/"},{"@type":"ListItem","position":2,"name":"Tooted","item":"https:\/\/reginett.ee\/tooted\/"},{"@type":"ListItem","position":3,"name":"Rohul\u00f5ikur Husqvarna 129R"}]},{"@type":"WebSite","@id":"https:\/\/reginett.ee\/#website","url":"https:\/\/reginett.ee\/","name":"Reginett","description":"Parimad robotniidukid","potentialAction":[{"@type":"SearchAction","target":{"@type":"EntryPoint","urlTemplate":"https:\/\/reginett.ee\/?s={search_term_string}"},"query-input":{"@type":"PropertyValueSpecification","valueRequired":true,"valueName":"search_term_string"}}],"inLanguage":"ru-RU"}]}},"brands":[],"_links":{"self":[{"href":"https:\/\/reginett.ee\/ru\/wp-json\/wp\/v2\/product\/52187","targetHints":{"allow":["GET"]}}],"collection":[{"href":"https:\/\/reginett.ee\/ru\/wp-json\/wp\/v2\/product"}],"about":[{"href":"https:\/\/reginett.ee\/ru\/wp-json\/wp\/v2\/types\/product"}],"replies":[{"embeddable":true,"href":"https:\/\/reginett.ee\/ru\/wp-json\/wp\/v2\/comments?post=52187"}],"wp:featuredmedia":[{"embeddable":true,"href":"https:\/\/reginett.ee\/ru\/wp-json\/wp\/v2\/media\/52188"}],"wp:attachment":[{"href":"https:\/\/reginett.ee\/ru\/wp-json\/wp\/v2\/media?parent=52187"}],"wp:term":[{"taxonomy":"pwb-brand","embeddable":true,"href":"https:\/\/reginett.ee\/ru\/wp-json\/wp\/v2\/pwb-brand?post=52187"},{"taxonomy":"product_brand","embeddable":true,"href":"https:\/\/reginett.ee\/ru\/wp-json\/wp\/v2\/product_brand?post=52187"},{"taxonomy":"product_cat","embeddable":true,"href":"https:\/\/reginett.ee\/ru\/wp-json\/wp\/v2\/product_cat?post=52187"},{"taxonomy":"product_tag","embeddable":true,"href":"https:\/\/reginett.ee\/ru\/wp-json\/wp\/v2\/product_tag?post=52187"}],"curies":[{"name":"wp","href":"https:\/\/api.w.org\/{rel}","templated":true}]}}