{"id":52185,"date":"2026-04-13T10:31:45","date_gmt":"2026-04-13T07:31:45","guid":{"rendered":"https:\/\/reginett.ee\/?post_type=product&#038;p=52185"},"modified":"2026-04-15T09:26:54","modified_gmt":"2026-04-15T06:26:54","slug":"kettsaag-husqvarna-435","status":"publish","type":"product","link":"https:\/\/reginett.ee\/ru\/toode\/kettsaag-husqvarna-435\/","title":{"rendered":"Kettsaag Husqvarna 435 II"},"content":{"rendered":"<p><strong>Husqvarna 435 II<\/strong> on kerge ja t\u00f5hus teise generatsiooni universaalsaag, sobiv neile kes soovivad saagi, mis oleks eriti kergelt k\u00e4ivituv ja k\u00e4sitsetav. Kergem k\u00e4ivitus ja lihtsalt avatavad paagikorgid.X-Torq\u00ae mootor on k\u00fctuses\u00e4\u00e4stlik ja eraldab oluliselt v\u00e4hem heitmeid kui tavap\u00e4rased 2-taktilised mootorid. Kerge k\u00e4ivitamise tagavad Smart Start\u00ae, k\u00fctusepump ja kombineeritud k\u00e4ivitus- ning stopl\u00fcliti.<\/p>\n<div class=\"col-sm-3 description\">\n<h3 class=\"h4 description-headline\">X-Torq\u00ae<\/h3>\n<div class=\"description-text-wrapper\"><span class=\"description-text\">V\u00e4iksem k\u00fctusekulu ja heitgaaside hulk, mis vastavad maailma karmimatele keskkonnan\u00f5uetele. <\/span><\/div>\n<div>\n<div class=\"col-sm-3 description\">\n<h3 class=\"h4 description-headline\">Langetusm\u00e4rgised<\/h3>\n<div class=\"description-text-wrapper\"><span class=\"description-text\">Eraldi m\u00e4rgised t\u00e4pseks suunatud langetamiseks. <\/span><\/div>\n<div><\/div>\n<div>\n<div class=\"col-sm-3 description\">\n<h3 class=\"h4 description-headline\">Kiirkinnitusega \u00f5hufilter<\/h3>\n<div class=\"description-text-wrapper\"><span class=\"description-text\">Lihtsustab \u00f5hufiltri vahetamist ja puhastamist. <\/span><\/div>\n<div><\/div>\n<div>\n<div class=\"col-sm-3 description\">\n<h3 class=\"h4 description-headline\">Air Injection<\/h3>\n<div class=\"description-text-wrapper\"><span class=\"description-text\">\u00d5hu eelpuhastus. T\u00e4nu tsentrifugaalsele \u00f5hupuhastusele vajab filter harvem puhastamist. <\/span><\/div>\n<\/div>\n<\/div>\n<\/div>\n<\/div>\n<\/div>\n<\/div>\n<\/div>\n<p>&nbsp;<\/p>\n","protected":false},"excerpt":{"rendered":"<p><strong>Husqvarna 435<\/strong> on kerge ja t\u00f5hus teise generatsiooni universaalsaag, sobiv neile kes soovivad saagi, mis oleks eriti kergelt k\u00e4ivituv ja k\u00e4sitsetav. Kergem k\u00e4ivitus ja lihtsalt avatavad paagikorgid.X-Torq\u00ae mootor on k\u00fctuses\u00e4\u00e4stlik ja eraldab oluliselt v\u00e4hem heitmeid kui tavap\u00e4rased 2-taktilised mootorid. Kerge k\u00e4ivitamise tagavad Smart Start\u00ae, k\u00fctusepump ja kombineeritud k\u00e4ivitus- ning stopl\u00fcliti.<\/p>\n","protected":false},"featured_media":52186,"comment_status":"open","ping_status":"closed","template":"","meta":{"_acf_changed":false,"_et_pb_use_builder":"off","_et_pb_old_content":"Husqvarna 435 II on kerge ja t\u00f5hus teise generatsiooni universaalsaag, sobiv neile kes soovivad saagi, mis oleks eriti kergelt k\u00e4ivituv ja k\u00e4sitsetav. Kergem k\u00e4ivitus ja lihtsalt avatavad paagikorgid.X-Torq\u00ae mootor on k\u00fctuses\u00e4\u00e4stlik ja eraldab oluliselt v\u00e4hem heitmeid kui tavap\u00e4rased 2-taktilised mootorid. Kerge k\u00e4ivitamise tagavad Smart Start\u00ae, k\u00fctusepump ja kombineeritud k\u00e4ivitus- ning stopl\u00fcliti.\r\n<div class=\"col-sm-3 description\">\r\n<h3 class=\"h4 description-headline\">X-Torq\u00ae<\/h3>\r\n<div class=\"description-text-wrapper\"><span class=\"description-text\">V\u00e4iksem k\u00fctusekulu ja heitgaaside hulk, mis vastavad maailma karmimatele keskkonnan\u00f5uetele. <\/span><\/div>\r\n<div>\r\n<div class=\"col-sm-3 description\">\r\n<h3 class=\"h4 description-headline\">Langetusm\u00e4rgised<\/h3>\r\n<div class=\"description-text-wrapper\"><span class=\"description-text\">Eraldi m\u00e4rgised t\u00e4pseks suunatud langetamiseks. <\/span><\/div>\r\n<div><\/div>\r\n<div>\r\n<div class=\"col-sm-3 description\">\r\n<h3 class=\"h4 description-headline\">Kiirkinnitusega \u00f5hufilter<\/h3>\r\n<div class=\"description-text-wrapper\"><span class=\"description-text\">Lihtsustab \u00f5hufiltri vahetamist ja puhastamist. <\/span><\/div>\r\n<div><\/div>\r\n<div>\r\n<div class=\"col-sm-3 description\">\r\n<h3 class=\"h4 description-headline\">Air Injection<\/h3>\r\n<div class=\"description-text-wrapper\"><span class=\"description-text\">\u00d5hu eelpuhastus. T\u00e4nu tsentrifugaalsele \u00f5hupuhastusele vajab filter harvem puhastamist. <\/span><\/div>\r\n<\/div>\r\n<\/div>\r\n<\/div>\r\n<\/div>\r\n<\/div>\r\n<\/div>\r\n<\/div>\r\n\u00a0","_et_gb_content_width":"","inline_featured_image":false},"pwb-brand":[147],"product_brand":[],"product_cat":[134,37,42],"product_tag":[61,62],"class_list":{"0":"post-52185","1":"product","2":"type-product","3":"status-publish","4":"has-post-thumbnail","6":"pwb-brand-husqvarna","7":"product_cat-eripakkumised","8":"product_cat-husqvarna","9":"product_cat-kettsaed","10":"product_tag-kettsaag","11":"product_tag-mootorsaag","13":"first","14":"instock","15":"sale","16":"shipping-taxable","17":"purchasable","18":"product-type-simple"},"acf":[],"yoast_head":"<!-- This site is optimized with the Yoast SEO plugin v26.6 - https:\/\/yoast.com\/wordpress\/plugins\/seo\/ -->\n<title>Kettsaag Husqvarna 435 II. Parimad mootorsaed Reginetist<\/title>\n<meta name=\"description\" content=\"Husqvarna 435 II on kerge ja t\u00f5hus teise generatsiooni universaalsaag, sobiv neile kes soovivad saagi, mis oleks eriti kergelt k\u00e4ivituv\" \/>\n<meta name=\"robots\" content=\"index, follow, max-snippet:-1, max-image-preview:large, max-video-preview:-1\" \/>\n<link rel=\"canonical\" href=\"https:\/\/reginett.ee\/toode\/kettsaag-husqvarna-435\/\" \/>\n<meta property=\"og:locale\" content=\"ru_RU\" \/>\n<meta property=\"og:type\" content=\"article\" \/>\n<meta property=\"og:title\" content=\"Kettsaag Husqvarna 435 II. Parimad mootorsaed Reginetist\" \/>\n<meta property=\"og:description\" content=\"Husqvarna 435 II on kerge ja t\u00f5hus teise generatsiooni universaalsaag, sobiv neile kes soovivad saagi, mis oleks eriti kergelt k\u00e4ivituv\" \/>\n<meta property=\"og:url\" content=\"https:\/\/reginett.ee\/toode\/kettsaag-husqvarna-435\/\" \/>\n<meta property=\"og:site_name\" content=\"Reginett\" \/>\n<meta property=\"article:modified_time\" content=\"2026-04-15T06:26:54+00:00\" \/>\n<meta property=\"og:image\" content=\"https:\/\/reginett.ee\/wp-content\/uploads\/2020\/07\/Husqvarna-435-scaled.jpg\" \/>\n\t<meta property=\"og:image:width\" content=\"2560\" \/>\n\t<meta property=\"og:image:height\" content=\"1293\" \/>\n\t<meta property=\"og:image:type\" content=\"image\/jpeg\" \/>\n<meta name=\"twitter:card\" content=\"summary_large_image\" \/>\n<meta name=\"twitter:label1\" content=\"\u041f\u0440\u0438\u043c\u0435\u0440\u043d\u043e\u0435 \u0432\u0440\u0435\u043c\u044f \u0434\u043b\u044f \u0447\u0442\u0435\u043d\u0438\u044f\" \/>\n\t<meta name=\"twitter:data1\" content=\"1 \u043c\u0438\u043d\u0443\u0442\u0430\" \/>\n<script type=\"application\/ld+json\" class=\"yoast-schema-graph\">{\"@context\":\"https:\/\/schema.org\",\"@graph\":[{\"@type\":\"WebPage\",\"@id\":\"https:\/\/reginett.ee\/toode\/kettsaag-husqvarna-435\/\",\"url\":\"https:\/\/reginett.ee\/toode\/kettsaag-husqvarna-435\/\",\"name\":\"Kettsaag Husqvarna 435 II. Parimad mootorsaed Reginetist\",\"isPartOf\":{\"@id\":\"https:\/\/reginett.ee\/#website\"},\"primaryImageOfPage\":{\"@id\":\"https:\/\/reginett.ee\/toode\/kettsaag-husqvarna-435\/#primaryimage\"},\"image\":{\"@id\":\"https:\/\/reginett.ee\/toode\/kettsaag-husqvarna-435\/#primaryimage\"},\"thumbnailUrl\":\"https:\/\/reginett.ee\/wp-content\/uploads\/2020\/07\/Husqvarna-435-scaled.jpg\",\"datePublished\":\"2026-04-13T07:31:45+00:00\",\"dateModified\":\"2026-04-15T06:26:54+00:00\",\"description\":\"Husqvarna 435 II on kerge ja t\u00f5hus teise generatsiooni universaalsaag, sobiv neile kes soovivad saagi, mis oleks eriti kergelt k\u00e4ivituv\",\"breadcrumb\":{\"@id\":\"https:\/\/reginett.ee\/toode\/kettsaag-husqvarna-435\/#breadcrumb\"},\"inLanguage\":\"ru-RU\",\"potentialAction\":[{\"@type\":\"ReadAction\",\"target\":[\"https:\/\/reginett.ee\/toode\/kettsaag-husqvarna-435\/\"]}]},{\"@type\":\"ImageObject\",\"inLanguage\":\"ru-RU\",\"@id\":\"https:\/\/reginett.ee\/toode\/kettsaag-husqvarna-435\/#primaryimage\",\"url\":\"https:\/\/reginett.ee\/wp-content\/uploads\/2020\/07\/Husqvarna-435-scaled.jpg\",\"contentUrl\":\"https:\/\/reginett.ee\/wp-content\/uploads\/2020\/07\/Husqvarna-435-scaled.jpg\",\"width\":2560,\"height\":1293,\"caption\":\"Husqvarna 435\"},{\"@type\":\"BreadcrumbList\",\"@id\":\"https:\/\/reginett.ee\/toode\/kettsaag-husqvarna-435\/#breadcrumb\",\"itemListElement\":[{\"@type\":\"ListItem\",\"position\":1,\"name\":\"Home\",\"item\":\"https:\/\/reginett.ee\/ru\/\"},{\"@type\":\"ListItem\",\"position\":2,\"name\":\"Tooted\",\"item\":\"https:\/\/reginett.ee\/tooted\/\"},{\"@type\":\"ListItem\",\"position\":3,\"name\":\"Kettsaag Husqvarna 435 II\"}]},{\"@type\":\"WebSite\",\"@id\":\"https:\/\/reginett.ee\/#website\",\"url\":\"https:\/\/reginett.ee\/\",\"name\":\"Reginett\",\"description\":\"Parimad robotniidukid\",\"potentialAction\":[{\"@type\":\"SearchAction\",\"target\":{\"@type\":\"EntryPoint\",\"urlTemplate\":\"https:\/\/reginett.ee\/?s={search_term_string}\"},\"query-input\":{\"@type\":\"PropertyValueSpecification\",\"valueRequired\":true,\"valueName\":\"search_term_string\"}}],\"inLanguage\":\"ru-RU\"}]}<\/script>\n<!-- \/ Yoast SEO plugin. -->","yoast_head_json":{"title":"Kettsaag Husqvarna 435 II. Parimad mootorsaed Reginetist","description":"Husqvarna 435 II on kerge ja t\u00f5hus teise generatsiooni universaalsaag, sobiv neile kes soovivad saagi, mis oleks eriti kergelt k\u00e4ivituv","robots":{"index":"index","follow":"follow","max-snippet":"max-snippet:-1","max-image-preview":"max-image-preview:large","max-video-preview":"max-video-preview:-1"},"canonical":"https:\/\/reginett.ee\/toode\/kettsaag-husqvarna-435\/","og_locale":"ru_RU","og_type":"article","og_title":"Kettsaag Husqvarna 435 II. Parimad mootorsaed Reginetist","og_description":"Husqvarna 435 II on kerge ja t\u00f5hus teise generatsiooni universaalsaag, sobiv neile kes soovivad saagi, mis oleks eriti kergelt k\u00e4ivituv","og_url":"https:\/\/reginett.ee\/toode\/kettsaag-husqvarna-435\/","og_site_name":"Reginett","article_modified_time":"2026-04-15T06:26:54+00:00","og_image":[{"width":2560,"height":1293,"url":"https:\/\/reginett.ee\/wp-content\/uploads\/2020\/07\/Husqvarna-435-scaled.jpg","type":"image\/jpeg"}],"twitter_card":"summary_large_image","twitter_misc":{"\u041f\u0440\u0438\u043c\u0435\u0440\u043d\u043e\u0435 \u0432\u0440\u0435\u043c\u044f \u0434\u043b\u044f \u0447\u0442\u0435\u043d\u0438\u044f":"1 \u043c\u0438\u043d\u0443\u0442\u0430"},"schema":{"@context":"https:\/\/schema.org","@graph":[{"@type":"WebPage","@id":"https:\/\/reginett.ee\/toode\/kettsaag-husqvarna-435\/","url":"https:\/\/reginett.ee\/toode\/kettsaag-husqvarna-435\/","name":"Kettsaag Husqvarna 435 II. Parimad mootorsaed Reginetist","isPartOf":{"@id":"https:\/\/reginett.ee\/#website"},"primaryImageOfPage":{"@id":"https:\/\/reginett.ee\/toode\/kettsaag-husqvarna-435\/#primaryimage"},"image":{"@id":"https:\/\/reginett.ee\/toode\/kettsaag-husqvarna-435\/#primaryimage"},"thumbnailUrl":"https:\/\/reginett.ee\/wp-content\/uploads\/2020\/07\/Husqvarna-435-scaled.jpg","datePublished":"2026-04-13T07:31:45+00:00","dateModified":"2026-04-15T06:26:54+00:00","description":"Husqvarna 435 II on kerge ja t\u00f5hus teise generatsiooni universaalsaag, sobiv neile kes soovivad saagi, mis oleks eriti kergelt k\u00e4ivituv","breadcrumb":{"@id":"https:\/\/reginett.ee\/toode\/kettsaag-husqvarna-435\/#breadcrumb"},"inLanguage":"ru-RU","potentialAction":[{"@type":"ReadAction","target":["https:\/\/reginett.ee\/toode\/kettsaag-husqvarna-435\/"]}]},{"@type":"ImageObject","inLanguage":"ru-RU","@id":"https:\/\/reginett.ee\/toode\/kettsaag-husqvarna-435\/#primaryimage","url":"https:\/\/reginett.ee\/wp-content\/uploads\/2020\/07\/Husqvarna-435-scaled.jpg","contentUrl":"https:\/\/reginett.ee\/wp-content\/uploads\/2020\/07\/Husqvarna-435-scaled.jpg","width":2560,"height":1293,"caption":"Husqvarna 435"},{"@type":"BreadcrumbList","@id":"https:\/\/reginett.ee\/toode\/kettsaag-husqvarna-435\/#breadcrumb","itemListElement":[{"@type":"ListItem","position":1,"name":"Home","item":"https:\/\/reginett.ee\/ru\/"},{"@type":"ListItem","position":2,"name":"Tooted","item":"https:\/\/reginett.ee\/tooted\/"},{"@type":"ListItem","position":3,"name":"Kettsaag Husqvarna 435 II"}]},{"@type":"WebSite","@id":"https:\/\/reginett.ee\/#website","url":"https:\/\/reginett.ee\/","name":"Reginett","description":"Parimad robotniidukid","potentialAction":[{"@type":"SearchAction","target":{"@type":"EntryPoint","urlTemplate":"https:\/\/reginett.ee\/?s={search_term_string}"},"query-input":{"@type":"PropertyValueSpecification","valueRequired":true,"valueName":"search_term_string"}}],"inLanguage":"ru-RU"}]}},"brands":[{"id":147,"name":"Husqvarna","slug":"husqvarna"}],"_links":{"self":[{"href":"https:\/\/reginett.ee\/ru\/wp-json\/wp\/v2\/product\/52185","targetHints":{"allow":["GET"]}}],"collection":[{"href":"https:\/\/reginett.ee\/ru\/wp-json\/wp\/v2\/product"}],"about":[{"href":"https:\/\/reginett.ee\/ru\/wp-json\/wp\/v2\/types\/product"}],"replies":[{"embeddable":true,"href":"https:\/\/reginett.ee\/ru\/wp-json\/wp\/v2\/comments?post=52185"}],"wp:featuredmedia":[{"embeddable":true,"href":"https:\/\/reginett.ee\/ru\/wp-json\/wp\/v2\/media\/52186"}],"wp:attachment":[{"href":"https:\/\/reginett.ee\/ru\/wp-json\/wp\/v2\/media?parent=52185"}],"wp:term":[{"taxonomy":"pwb-brand","embeddable":true,"href":"https:\/\/reginett.ee\/ru\/wp-json\/wp\/v2\/pwb-brand?post=52185"},{"taxonomy":"product_brand","embeddable":true,"href":"https:\/\/reginett.ee\/ru\/wp-json\/wp\/v2\/product_brand?post=52185"},{"taxonomy":"product_cat","embeddable":true,"href":"https:\/\/reginett.ee\/ru\/wp-json\/wp\/v2\/product_cat?post=52185"},{"taxonomy":"product_tag","embeddable":true,"href":"https:\/\/reginett.ee\/ru\/wp-json\/wp\/v2\/product_tag?post=52185"}],"curies":[{"name":"wp","href":"https:\/\/api.w.org\/{rel}","templated":true}]}}