{"id":51942,"date":"2020-04-25T10:34:04","date_gmt":"2020-04-25T07:34:04","guid":{"rendered":"https:\/\/reginett.ee\/?post_type=product&#038;p=51942"},"modified":"2026-01-09T13:37:43","modified_gmt":"2026-01-09T10:37:43","slug":"akuga-multitooriist-ego-ph1400e-ainult-mootor","status":"publish","type":"product","link":"https:\/\/reginett.ee\/ru\/toode\/akuga-multitooriist-ego-ph1400e-ainult-mootor\/","title":{"rendered":"Akuga multit\u00f6\u00f6riist EGO PH1400E ainult mootor"},"content":{"rendered":"<p>EGO POWER+ Multi Tool on t\u00f5eliselt universaalne t\u00f6\u00f6riist. \u00dcks mootor k\u00e4itab ja kontrollib erinevaid seadmeid. Selle toiteallikaks on v\u00f5imsaim turul olev aku. Sama aku sobib k\u00f5ikidele EGO POWER+ sarja t\u00f6\u00f6riistadele.<\/p>\n<ul>\n<li>Ainult mootor<\/li>\n<\/ul>\n<p>* harjavaba mootor<br \/>\n* vastup\u00e4eva p\u00f6\u00f6rlev v\u00f5ll<br \/>\n* kaks sujuvalt reguleeritavat kiirusvahemikku<br \/>\n* terasest veov\u00f5ll<br \/>\n* traksid<br \/>\n* v\u00f5tmevaba lisaseadmete \u00fchendamine<br \/>\n* 2,7 kg<\/p>\n<h3><span style=\"color: #008000;\"><strong>BENSIINIMOOTORI V\u00d5IMSUS ILMA BENSIINITA !<\/strong><\/span><\/h3>\n<p>Vaheta fossiilk\u00fctused puhtama, rohelisema energia vastu. EGO Power+ pakub bensiinimootorile v\u00f5rdelist v\u00f5imsust, ilma sellega kaasneva m\u00fcra, sekelduste ja m\u00fcrgiste heitgaasideta.<br \/>\nEGO unikaalne patenteeritud Arc liitiumaku on ehitatud nagu ei \u00fckski teine aku. Seet\u00f5ttu toimib ta ka nagu ei \u00fckski teine aku. Disainitud algusest peale nii, et see oleks v\u00f5rdne bensiinimootori poolt pakutava v\u00f5imsusega, on EGO Power+ 56V Arc liitiumakul uuenduslik disain aku jahutamise maksimeerimiseks. Erinevalt tavap\u00e4rastest tellisekujulistest akudest, kus akuelemendid on kokku pakitud, kuumenevad \u00fcle ja l\u00fclituvad v\u00e4lja, hajutab EGO unikaalne Arc disain kuumust t\u00f5husamalt.<br \/>\nK\u00f5ik akuelemendid on \u00fcmbritsetud unikaalse Keep Cool\u2122 materjaliga, mis neelab soojusenergiat ja hoiab elemente kauem nende optimaalsel temperatuuril.<br \/>\nEGO Power+ Arc 56V liitiumaku kasutab intelligentset energiahaldust, et iga akuelementi pidevalt j\u00e4lgida ja optimeerida, et saaksite alati parima v\u00f5imsuse, j\u00f5udluse ja t\u00f6\u00f6aja.<br \/>\nErinevalt teistest tootjatest, paigaldatakse meie akud jahutamise tagamiseks t\u00f6\u00f6riistadest v\u00e4ljapoole, mitte nende sisse. Tolmu ja niiskuse eest kaitseb neid vaikkate ning l\u00f6\u00f6ke ja vibratsiooni neelav korpus.<br \/>\nKui tuleb aeg akut laadida, on EGO Power+ Arc Lithium 56V liitiumaku k\u00f5ige kiiremini laetav aku.<br \/>\n\u00dcks ja sama Arc liitiumaku sobib kasutamiseks k\u00f5ikide EGO Power+ tootesarja t\u00f6\u00f6riistadega. Kl\u00f5psake aku k\u00fclge ja olete t\u00f6\u00f6tamiseks valmis.<br \/>\nK\u00f5ikidel EGO Power+ toodetel on kodukasutajatele 5-aastane garantii t\u00f6\u00f6riistade ja 3-aastane garantii akude puhul. Profikasutajatele kehtib garantii 12 kuud.<br \/>\nLEEBEM TEIE K\u00c4TELE, K\u00d5RVADELE, RAHAKOTILE JA KESKKONNALE.<\/p>\n<p>EGO Power+ s\u00fcsteem pakub bensiinimootoriga v\u00f5rdelist v\u00f5imsust, ilma selle negatiivsete k\u00fclgedeta. See on lihtsam, puhtam, vaiksem ja v\u00e4iksema vibratsiooni t\u00f5ttu on seda mugavam kasutada. V\u00e4iksemad k\u00e4itus- ja hoolduskulud t\u00e4hendavad \u00fcleminekul EGO Power+ s\u00fcsteemile pikaajalist s\u00e4\u00e4stmist. Lisaks, kuna kasutamisel ei teki heitgaase, saate anda oma panuse keskkonnam\u00f5jude v\u00e4hendamisele.<\/p>\n","protected":false},"excerpt":{"rendered":"<p>EGO POWER+ Multi Tool on t\u00f5eliselt universaalne t\u00f6\u00f6riist. \u00dcks mootor k\u00e4itab ja kontrollib erinevaid seadmeid. Selle toiteallikaks on v\u00f5imsaim turul olev aku. Sama aku sobib k\u00f5ikidele EGO POWER+ sarja t\u00f6\u00f6riistadele.<br \/>\nAinult mootor<\/p>\n<p>* harjavaba mootor<br \/>\n* vastup\u00e4eva p\u00f6\u00f6rlev v\u00f5ll<br \/>\n* kaks sujuvalt reguleeritavat kiirusvahemikku<br \/>\n* terasest veov\u00f5ll<br \/>\n* traksid<br \/>\n* v\u00f5tmevaba lisaseadmete \u00fchendamine<br \/>\n* 2,7 kg<\/p>\n","protected":false},"featured_media":52840,"comment_status":"open","ping_status":"closed","template":"","meta":{"_acf_changed":false,"_et_pb_use_builder":"","_et_pb_old_content":"","_et_gb_content_width":"","inline_featured_image":false},"pwb-brand":[],"product_brand":[],"product_cat":[48,153],"product_tag":[143],"class_list":{"0":"post-51942","1":"product","2":"type-product","3":"status-publish","4":"has-post-thumbnail","6":"product_cat-akutooted","7":"product_cat-ego","8":"product_tag-akutooriist","9":"product_shipping_class-soodsam-kuller-15-eur","11":"first","12":"instock","13":"shipping-taxable","14":"purchasable","15":"product-type-simple"},"acf":[],"yoast_head":"<!-- This site is optimized with the Yoast SEO plugin v26.6 - https:\/\/yoast.com\/wordpress\/plugins\/seo\/ -->\n<title>Akuga multit\u00f6\u00f6riist EGO PH1400E ainult mootor - Reginett<\/title>\n<meta name=\"robots\" content=\"index, follow, max-snippet:-1, max-image-preview:large, max-video-preview:-1\" \/>\n<link rel=\"canonical\" href=\"https:\/\/reginett.ee\/toode\/akuga-multitooriist-ego-ph1400e-ainult-mootor\/\" \/>\n<meta property=\"og:locale\" content=\"ru_RU\" \/>\n<meta property=\"og:type\" content=\"article\" \/>\n<meta property=\"og:title\" content=\"Akuga multit\u00f6\u00f6riist EGO PH1400E ainult mootor - Reginett\" \/>\n<meta property=\"og:description\" content=\"EGO POWER+ Multi Tool on t\u00f5eliselt universaalne t\u00f6\u00f6riist. \u00dcks mootor k\u00e4itab ja kontrollib erinevaid seadmeid. Selle toiteallikaks on v\u00f5imsaim turul olev aku. Sama aku sobib k\u00f5ikidele EGO POWER+ sarja t\u00f6\u00f6riistadele. Ainult mootor  * harjavaba mootor * vastup\u00e4eva p\u00f6\u00f6rlev v\u00f5ll * kaks sujuvalt reguleeritavat kiirusvahemikku * terasest veov\u00f5ll * traksid * v\u00f5tmevaba lisaseadmete \u00fchendamine * 2,7 kg\" \/>\n<meta property=\"og:url\" content=\"https:\/\/reginett.ee\/toode\/akuga-multitooriist-ego-ph1400e-ainult-mootor\/\" \/>\n<meta property=\"og:site_name\" content=\"Reginett\" \/>\n<meta property=\"article:modified_time\" content=\"2026-01-09T10:37:43+00:00\" \/>\n<meta property=\"og:image\" content=\"https:\/\/reginett.ee\/wp-content\/uploads\/2020\/04\/Multitool-mootor-EGO.jpg\" \/>\n\t<meta property=\"og:image:width\" content=\"680\" \/>\n\t<meta property=\"og:image:height\" content=\"372\" \/>\n\t<meta property=\"og:image:type\" content=\"image\/jpeg\" \/>\n<meta name=\"twitter:card\" content=\"summary_large_image\" \/>\n<meta name=\"twitter:label1\" content=\"\u041f\u0440\u0438\u043c\u0435\u0440\u043d\u043e\u0435 \u0432\u0440\u0435\u043c\u044f \u0434\u043b\u044f \u0447\u0442\u0435\u043d\u0438\u044f\" \/>\n\t<meta name=\"twitter:data1\" content=\"2 \u043c\u0438\u043d\u0443\u0442\u044b\" \/>\n<script type=\"application\/ld+json\" class=\"yoast-schema-graph\">{\"@context\":\"https:\/\/schema.org\",\"@graph\":[{\"@type\":\"WebPage\",\"@id\":\"https:\/\/reginett.ee\/toode\/akuga-multitooriist-ego-ph1400e-ainult-mootor\/\",\"url\":\"https:\/\/reginett.ee\/toode\/akuga-multitooriist-ego-ph1400e-ainult-mootor\/\",\"name\":\"Akuga multit\u00f6\u00f6riist EGO PH1400E ainult mootor - Reginett\",\"isPartOf\":{\"@id\":\"https:\/\/reginett.ee\/#website\"},\"primaryImageOfPage\":{\"@id\":\"https:\/\/reginett.ee\/toode\/akuga-multitooriist-ego-ph1400e-ainult-mootor\/#primaryimage\"},\"image\":{\"@id\":\"https:\/\/reginett.ee\/toode\/akuga-multitooriist-ego-ph1400e-ainult-mootor\/#primaryimage\"},\"thumbnailUrl\":\"https:\/\/reginett.ee\/wp-content\/uploads\/2020\/04\/Multitool-mootor-EGO.jpg\",\"datePublished\":\"2020-04-25T07:34:04+00:00\",\"dateModified\":\"2026-01-09T10:37:43+00:00\",\"breadcrumb\":{\"@id\":\"https:\/\/reginett.ee\/toode\/akuga-multitooriist-ego-ph1400e-ainult-mootor\/#breadcrumb\"},\"inLanguage\":\"ru-RU\",\"potentialAction\":[{\"@type\":\"ReadAction\",\"target\":[\"https:\/\/reginett.ee\/toode\/akuga-multitooriist-ego-ph1400e-ainult-mootor\/\"]}]},{\"@type\":\"ImageObject\",\"inLanguage\":\"ru-RU\",\"@id\":\"https:\/\/reginett.ee\/toode\/akuga-multitooriist-ego-ph1400e-ainult-mootor\/#primaryimage\",\"url\":\"https:\/\/reginett.ee\/wp-content\/uploads\/2020\/04\/Multitool-mootor-EGO.jpg\",\"contentUrl\":\"https:\/\/reginett.ee\/wp-content\/uploads\/2020\/04\/Multitool-mootor-EGO.jpg\",\"width\":680,\"height\":372,\"caption\":\"Multitool mootor EGO\"},{\"@type\":\"BreadcrumbList\",\"@id\":\"https:\/\/reginett.ee\/toode\/akuga-multitooriist-ego-ph1400e-ainult-mootor\/#breadcrumb\",\"itemListElement\":[{\"@type\":\"ListItem\",\"position\":1,\"name\":\"Home\",\"item\":\"https:\/\/reginett.ee\/ru\/\"},{\"@type\":\"ListItem\",\"position\":2,\"name\":\"Tooted\",\"item\":\"https:\/\/reginett.ee\/tooted\/\"},{\"@type\":\"ListItem\",\"position\":3,\"name\":\"Akuga multit\u00f6\u00f6riist EGO PH1400E ainult mootor\"}]},{\"@type\":\"WebSite\",\"@id\":\"https:\/\/reginett.ee\/#website\",\"url\":\"https:\/\/reginett.ee\/\",\"name\":\"Reginett\",\"description\":\"Parimad robotniidukid\",\"potentialAction\":[{\"@type\":\"SearchAction\",\"target\":{\"@type\":\"EntryPoint\",\"urlTemplate\":\"https:\/\/reginett.ee\/?s={search_term_string}\"},\"query-input\":{\"@type\":\"PropertyValueSpecification\",\"valueRequired\":true,\"valueName\":\"search_term_string\"}}],\"inLanguage\":\"ru-RU\"}]}<\/script>\n<!-- \/ Yoast SEO plugin. -->","yoast_head_json":{"title":"Akuga multit\u00f6\u00f6riist EGO PH1400E ainult mootor - Reginett","robots":{"index":"index","follow":"follow","max-snippet":"max-snippet:-1","max-image-preview":"max-image-preview:large","max-video-preview":"max-video-preview:-1"},"canonical":"https:\/\/reginett.ee\/toode\/akuga-multitooriist-ego-ph1400e-ainult-mootor\/","og_locale":"ru_RU","og_type":"article","og_title":"Akuga multit\u00f6\u00f6riist EGO PH1400E ainult mootor - Reginett","og_description":"EGO POWER+ Multi Tool on t\u00f5eliselt universaalne t\u00f6\u00f6riist. \u00dcks mootor k\u00e4itab ja kontrollib erinevaid seadmeid. Selle toiteallikaks on v\u00f5imsaim turul olev aku. Sama aku sobib k\u00f5ikidele EGO POWER+ sarja t\u00f6\u00f6riistadele. Ainult mootor  * harjavaba mootor * vastup\u00e4eva p\u00f6\u00f6rlev v\u00f5ll * kaks sujuvalt reguleeritavat kiirusvahemikku * terasest veov\u00f5ll * traksid * v\u00f5tmevaba lisaseadmete \u00fchendamine * 2,7 kg","og_url":"https:\/\/reginett.ee\/toode\/akuga-multitooriist-ego-ph1400e-ainult-mootor\/","og_site_name":"Reginett","article_modified_time":"2026-01-09T10:37:43+00:00","og_image":[{"width":680,"height":372,"url":"https:\/\/reginett.ee\/wp-content\/uploads\/2020\/04\/Multitool-mootor-EGO.jpg","type":"image\/jpeg"}],"twitter_card":"summary_large_image","twitter_misc":{"\u041f\u0440\u0438\u043c\u0435\u0440\u043d\u043e\u0435 \u0432\u0440\u0435\u043c\u044f \u0434\u043b\u044f \u0447\u0442\u0435\u043d\u0438\u044f":"2 \u043c\u0438\u043d\u0443\u0442\u044b"},"schema":{"@context":"https:\/\/schema.org","@graph":[{"@type":"WebPage","@id":"https:\/\/reginett.ee\/toode\/akuga-multitooriist-ego-ph1400e-ainult-mootor\/","url":"https:\/\/reginett.ee\/toode\/akuga-multitooriist-ego-ph1400e-ainult-mootor\/","name":"Akuga multit\u00f6\u00f6riist EGO PH1400E ainult mootor - Reginett","isPartOf":{"@id":"https:\/\/reginett.ee\/#website"},"primaryImageOfPage":{"@id":"https:\/\/reginett.ee\/toode\/akuga-multitooriist-ego-ph1400e-ainult-mootor\/#primaryimage"},"image":{"@id":"https:\/\/reginett.ee\/toode\/akuga-multitooriist-ego-ph1400e-ainult-mootor\/#primaryimage"},"thumbnailUrl":"https:\/\/reginett.ee\/wp-content\/uploads\/2020\/04\/Multitool-mootor-EGO.jpg","datePublished":"2020-04-25T07:34:04+00:00","dateModified":"2026-01-09T10:37:43+00:00","breadcrumb":{"@id":"https:\/\/reginett.ee\/toode\/akuga-multitooriist-ego-ph1400e-ainult-mootor\/#breadcrumb"},"inLanguage":"ru-RU","potentialAction":[{"@type":"ReadAction","target":["https:\/\/reginett.ee\/toode\/akuga-multitooriist-ego-ph1400e-ainult-mootor\/"]}]},{"@type":"ImageObject","inLanguage":"ru-RU","@id":"https:\/\/reginett.ee\/toode\/akuga-multitooriist-ego-ph1400e-ainult-mootor\/#primaryimage","url":"https:\/\/reginett.ee\/wp-content\/uploads\/2020\/04\/Multitool-mootor-EGO.jpg","contentUrl":"https:\/\/reginett.ee\/wp-content\/uploads\/2020\/04\/Multitool-mootor-EGO.jpg","width":680,"height":372,"caption":"Multitool mootor EGO"},{"@type":"BreadcrumbList","@id":"https:\/\/reginett.ee\/toode\/akuga-multitooriist-ego-ph1400e-ainult-mootor\/#breadcrumb","itemListElement":[{"@type":"ListItem","position":1,"name":"Home","item":"https:\/\/reginett.ee\/ru\/"},{"@type":"ListItem","position":2,"name":"Tooted","item":"https:\/\/reginett.ee\/tooted\/"},{"@type":"ListItem","position":3,"name":"Akuga multit\u00f6\u00f6riist EGO PH1400E ainult mootor"}]},{"@type":"WebSite","@id":"https:\/\/reginett.ee\/#website","url":"https:\/\/reginett.ee\/","name":"Reginett","description":"Parimad robotniidukid","potentialAction":[{"@type":"SearchAction","target":{"@type":"EntryPoint","urlTemplate":"https:\/\/reginett.ee\/?s={search_term_string}"},"query-input":{"@type":"PropertyValueSpecification","valueRequired":true,"valueName":"search_term_string"}}],"inLanguage":"ru-RU"}]}},"brands":[],"_links":{"self":[{"href":"https:\/\/reginett.ee\/ru\/wp-json\/wp\/v2\/product\/51942","targetHints":{"allow":["GET"]}}],"collection":[{"href":"https:\/\/reginett.ee\/ru\/wp-json\/wp\/v2\/product"}],"about":[{"href":"https:\/\/reginett.ee\/ru\/wp-json\/wp\/v2\/types\/product"}],"replies":[{"embeddable":true,"href":"https:\/\/reginett.ee\/ru\/wp-json\/wp\/v2\/comments?post=51942"}],"wp:featuredmedia":[{"embeddable":true,"href":"https:\/\/reginett.ee\/ru\/wp-json\/wp\/v2\/media\/52840"}],"wp:attachment":[{"href":"https:\/\/reginett.ee\/ru\/wp-json\/wp\/v2\/media?parent=51942"}],"wp:term":[{"taxonomy":"pwb-brand","embeddable":true,"href":"https:\/\/reginett.ee\/ru\/wp-json\/wp\/v2\/pwb-brand?post=51942"},{"taxonomy":"product_brand","embeddable":true,"href":"https:\/\/reginett.ee\/ru\/wp-json\/wp\/v2\/product_brand?post=51942"},{"taxonomy":"product_cat","embeddable":true,"href":"https:\/\/reginett.ee\/ru\/wp-json\/wp\/v2\/product_cat?post=51942"},{"taxonomy":"product_tag","embeddable":true,"href":"https:\/\/reginett.ee\/ru\/wp-json\/wp\/v2\/product_tag?post=51942"}],"curies":[{"name":"wp","href":"https:\/\/api.w.org\/{rel}","templated":true}]}}