{"id":51934,"date":"2023-08-30T09:53:50","date_gmt":"2023-08-30T06:53:50","guid":{"rendered":"https:\/\/reginett.ee\/?post_type=product&#038;p=51934"},"modified":"2023-08-31T15:57:23","modified_gmt":"2023-08-31T12:57:23","slug":"akulehepuhur-ego-lb6000e","status":"publish","type":"product","link":"https:\/\/reginett.ee\/ru\/toode\/akulehepuhur-ego-lb6000e\/","title":{"rendered":"Akulehepuhur EGO LB6000E"},"content":{"rendered":"<p><strong>Akulehepuhur EGO LB6000E POWER+<\/strong> on k\u00f5ige v\u00f5imsam m\u00fc\u00fcgil olev akutoitel \u00f5huluud ja \u00fchtlasi esimene, mis toimib paremini kui paljud esmaklassilised bensiini toitel t\u00f6\u00f6tavad mudelid.<\/p>\n<p>Selle toiteallikaks on v\u00f5imsaim turul olev aku. EGO POWER+ \u00f5huluua j\u00f5udlus \u00fcletab bensiini toitel t\u00f6\u00f6tavate mudelite j\u00f5udlust, kuid seda ilma m\u00fcra ja heitgaasideta. EGO POWER+ \u00f5huluua omaduste hulka kuulub: * suurim v\u00e4ljalastava \u00f5hu hulk (cm3\/min) v\u00f5rreldes turul olevate elektriliste ja bensiini toitel t\u00f6\u00f6tavate mudelitega * ventilaatori konstruktsioon, mis on inspiratsiooni saanud aeronautika tehnoloogiast, tagamaks parima turul saadaoleva v\u00f5imsuse * efektiivne harjavaba mootor, mis tagab kerge kaalu, kompaktse disaini, pikema t\u00f6\u00f6aja, madala vibratsioonitaseme ja pikema mootori eluea.<\/p>\n<p>* Aku ja laadija ei kuulu komplekti!<\/p>\n","protected":false},"excerpt":{"rendered":"<p>EGO LB6000E POWER+ \u00f5huluud on k\u00f5ige v\u00f5imsam m\u00fc\u00fcgil olev akutoitel \u00f5huluud ja \u00fchtlasi esimene, mis toimib paremini kui paljud esmaklassilised bensiini toitel t\u00f6\u00f6tavad mudelid. Selle toiteallikaks on v\u00f5imsaim turul olev aku. EGO POWER+ \u00f5huluua j\u00f5udlus \u00fcletab bensiini toitel t\u00f6\u00f6tavate mudelite j\u00f5udlust, kuid seda ilma m\u00fcra ja heitgaasideta.<\/p>\n","protected":false},"featured_media":52718,"comment_status":"open","ping_status":"closed","template":"","meta":{"_acf_changed":false,"_et_pb_use_builder":"off","_et_pb_old_content":"EGO LB6000E POWER+ \u00f5huluud on k\u00f5ige v\u00f5imsam m\u00fc\u00fcgil olev akutoitel \u00f5huluud ja \u00fchtlasi esimene, mis toimib paremini kui paljud esmaklassilised bensiini toitel t\u00f6\u00f6tavad mudelid. Selle toiteallikaks on v\u00f5imsaim turul olev aku. EGO POWER+ \u00f5huluua j\u00f5udlus \u00fcletab bensiini toitel t\u00f6\u00f6tavate mudelite j\u00f5udlust, kuid seda ilma m\u00fcra ja heitgaasideta.\r\n\r\nEGO POWER+ \u00f5huluua omaduste hulka kuulub:\r\n* suurim v\u00e4ljalastava \u00f5hu hulk (cm3\/min) v\u00f5rreldes turul olevate elektriliste ja bensiini toitel t\u00f6\u00f6tavate mudelitega\r\n* ventilaatori konstruktsioon, mis on inspiratsiooni saanud aeronautika tehnoloogiast, tagamaks parima turul saadaoleva v\u00f5imsuse\r\n* efektiivne harjavaba mootor, mis tagab kerge kaalu, kompaktse disaini, pikema t\u00f6\u00f6aja, madala vibratsioonitaseme ja pikema mootori eluea.","_et_gb_content_width":"","inline_featured_image":false},"pwb-brand":[486],"product_brand":[],"product_cat":[48,153,134,50],"product_tag":[142,74],"class_list":{"0":"post-51934","1":"product","2":"type-product","3":"status-publish","4":"has-post-thumbnail","6":"pwb-brand-ego","7":"product_cat-akutooted","8":"product_cat-ego","9":"product_cat-eripakkumised","10":"product_cat-lehepuhurid","11":"product_tag-akuga-lehepuhur","12":"product_tag-akutooriistad","13":"product_shipping_class-rasked-asjad","15":"first","16":"instock","17":"sale","18":"shipping-taxable","19":"purchasable","20":"product-type-simple"},"acf":[],"yoast_head":"<!-- This site is optimized with the Yoast SEO plugin v26.6 - https:\/\/yoast.com\/wordpress\/plugins\/seo\/ -->\n<title>Akulehepuhur EGO LB6000E. Parimad lehepuhurid Reginetist<\/title>\n<meta name=\"description\" content=\"EGO LB6000E POWER+ \u00f5huluud on k\u00f5ige v\u00f5imsam m\u00fc\u00fcgil olev akutoitel \u00f5huluud ja \u00fchtlasi esimene, mis toimib paremini kui paljud esmaklassilised\" \/>\n<meta name=\"robots\" content=\"index, follow, max-snippet:-1, max-image-preview:large, max-video-preview:-1\" \/>\n<link rel=\"canonical\" href=\"https:\/\/reginett.ee\/toode\/akulehepuhur-ego-lb6000e\/\" \/>\n<meta property=\"og:locale\" content=\"ru_RU\" \/>\n<meta property=\"og:type\" content=\"article\" \/>\n<meta property=\"og:title\" content=\"Akulehepuhur EGO LB6000E. Parimad lehepuhurid Reginetist\" \/>\n<meta property=\"og:description\" content=\"EGO LB6000E POWER+ \u00f5huluud on k\u00f5ige v\u00f5imsam m\u00fc\u00fcgil olev akutoitel \u00f5huluud ja \u00fchtlasi esimene, mis toimib paremini kui paljud esmaklassilised\" \/>\n<meta property=\"og:url\" content=\"https:\/\/reginett.ee\/toode\/akulehepuhur-ego-lb6000e\/\" \/>\n<meta property=\"og:site_name\" content=\"Reginett\" \/>\n<meta property=\"article:modified_time\" content=\"2023-08-31T12:57:23+00:00\" \/>\n<meta property=\"og:image\" content=\"https:\/\/reginett.ee\/wp-content\/uploads\/2020\/04\/Akupuhur-EGO-LB6000.jpg\" \/>\n\t<meta property=\"og:image:width\" content=\"680\" \/>\n\t<meta property=\"og:image:height\" content=\"372\" \/>\n\t<meta property=\"og:image:type\" content=\"image\/jpeg\" \/>\n<meta name=\"twitter:card\" content=\"summary_large_image\" \/>\n<meta name=\"twitter:label1\" content=\"\u041f\u0440\u0438\u043c\u0435\u0440\u043d\u043e\u0435 \u0432\u0440\u0435\u043c\u044f \u0434\u043b\u044f \u0447\u0442\u0435\u043d\u0438\u044f\" \/>\n\t<meta name=\"twitter:data1\" content=\"1 \u043c\u0438\u043d\u0443\u0442\u0430\" \/>\n<script type=\"application\/ld+json\" class=\"yoast-schema-graph\">{\"@context\":\"https:\/\/schema.org\",\"@graph\":[{\"@type\":\"WebPage\",\"@id\":\"https:\/\/reginett.ee\/toode\/akulehepuhur-ego-lb6000e\/\",\"url\":\"https:\/\/reginett.ee\/toode\/akulehepuhur-ego-lb6000e\/\",\"name\":\"Akulehepuhur EGO LB6000E. Parimad lehepuhurid Reginetist\",\"isPartOf\":{\"@id\":\"https:\/\/reginett.ee\/#website\"},\"primaryImageOfPage\":{\"@id\":\"https:\/\/reginett.ee\/toode\/akulehepuhur-ego-lb6000e\/#primaryimage\"},\"image\":{\"@id\":\"https:\/\/reginett.ee\/toode\/akulehepuhur-ego-lb6000e\/#primaryimage\"},\"thumbnailUrl\":\"https:\/\/reginett.ee\/wp-content\/uploads\/2020\/04\/Akupuhur-EGO-LB6000.jpg\",\"datePublished\":\"2023-08-30T06:53:50+00:00\",\"dateModified\":\"2023-08-31T12:57:23+00:00\",\"description\":\"EGO LB6000E POWER+ \u00f5huluud on k\u00f5ige v\u00f5imsam m\u00fc\u00fcgil olev akutoitel \u00f5huluud ja \u00fchtlasi esimene, mis toimib paremini kui paljud esmaklassilised\",\"breadcrumb\":{\"@id\":\"https:\/\/reginett.ee\/toode\/akulehepuhur-ego-lb6000e\/#breadcrumb\"},\"inLanguage\":\"ru-RU\",\"potentialAction\":[{\"@type\":\"ReadAction\",\"target\":[\"https:\/\/reginett.ee\/toode\/akulehepuhur-ego-lb6000e\/\"]}]},{\"@type\":\"ImageObject\",\"inLanguage\":\"ru-RU\",\"@id\":\"https:\/\/reginett.ee\/toode\/akulehepuhur-ego-lb6000e\/#primaryimage\",\"url\":\"https:\/\/reginett.ee\/wp-content\/uploads\/2020\/04\/Akupuhur-EGO-LB6000.jpg\",\"contentUrl\":\"https:\/\/reginett.ee\/wp-content\/uploads\/2020\/04\/Akupuhur-EGO-LB6000.jpg\",\"width\":680,\"height\":372,\"caption\":\"Akupuhur EGO LB6000\"},{\"@type\":\"BreadcrumbList\",\"@id\":\"https:\/\/reginett.ee\/toode\/akulehepuhur-ego-lb6000e\/#breadcrumb\",\"itemListElement\":[{\"@type\":\"ListItem\",\"position\":1,\"name\":\"Home\",\"item\":\"https:\/\/reginett.ee\/ru\/\"},{\"@type\":\"ListItem\",\"position\":2,\"name\":\"Tooted\",\"item\":\"https:\/\/reginett.ee\/tooted\/\"},{\"@type\":\"ListItem\",\"position\":3,\"name\":\"Akulehepuhur EGO LB6000E\"}]},{\"@type\":\"WebSite\",\"@id\":\"https:\/\/reginett.ee\/#website\",\"url\":\"https:\/\/reginett.ee\/\",\"name\":\"Reginett\",\"description\":\"Parimad robotniidukid\",\"potentialAction\":[{\"@type\":\"SearchAction\",\"target\":{\"@type\":\"EntryPoint\",\"urlTemplate\":\"https:\/\/reginett.ee\/?s={search_term_string}\"},\"query-input\":{\"@type\":\"PropertyValueSpecification\",\"valueRequired\":true,\"valueName\":\"search_term_string\"}}],\"inLanguage\":\"ru-RU\"}]}<\/script>\n<!-- \/ Yoast SEO plugin. -->","yoast_head_json":{"title":"Akulehepuhur EGO LB6000E. Parimad lehepuhurid Reginetist","description":"EGO LB6000E POWER+ \u00f5huluud on k\u00f5ige v\u00f5imsam m\u00fc\u00fcgil olev akutoitel \u00f5huluud ja \u00fchtlasi esimene, mis toimib paremini kui paljud esmaklassilised","robots":{"index":"index","follow":"follow","max-snippet":"max-snippet:-1","max-image-preview":"max-image-preview:large","max-video-preview":"max-video-preview:-1"},"canonical":"https:\/\/reginett.ee\/toode\/akulehepuhur-ego-lb6000e\/","og_locale":"ru_RU","og_type":"article","og_title":"Akulehepuhur EGO LB6000E. Parimad lehepuhurid Reginetist","og_description":"EGO LB6000E POWER+ \u00f5huluud on k\u00f5ige v\u00f5imsam m\u00fc\u00fcgil olev akutoitel \u00f5huluud ja \u00fchtlasi esimene, mis toimib paremini kui paljud esmaklassilised","og_url":"https:\/\/reginett.ee\/toode\/akulehepuhur-ego-lb6000e\/","og_site_name":"Reginett","article_modified_time":"2023-08-31T12:57:23+00:00","og_image":[{"width":680,"height":372,"url":"https:\/\/reginett.ee\/wp-content\/uploads\/2020\/04\/Akupuhur-EGO-LB6000.jpg","type":"image\/jpeg"}],"twitter_card":"summary_large_image","twitter_misc":{"\u041f\u0440\u0438\u043c\u0435\u0440\u043d\u043e\u0435 \u0432\u0440\u0435\u043c\u044f \u0434\u043b\u044f \u0447\u0442\u0435\u043d\u0438\u044f":"1 \u043c\u0438\u043d\u0443\u0442\u0430"},"schema":{"@context":"https:\/\/schema.org","@graph":[{"@type":"WebPage","@id":"https:\/\/reginett.ee\/toode\/akulehepuhur-ego-lb6000e\/","url":"https:\/\/reginett.ee\/toode\/akulehepuhur-ego-lb6000e\/","name":"Akulehepuhur EGO LB6000E. Parimad lehepuhurid Reginetist","isPartOf":{"@id":"https:\/\/reginett.ee\/#website"},"primaryImageOfPage":{"@id":"https:\/\/reginett.ee\/toode\/akulehepuhur-ego-lb6000e\/#primaryimage"},"image":{"@id":"https:\/\/reginett.ee\/toode\/akulehepuhur-ego-lb6000e\/#primaryimage"},"thumbnailUrl":"https:\/\/reginett.ee\/wp-content\/uploads\/2020\/04\/Akupuhur-EGO-LB6000.jpg","datePublished":"2023-08-30T06:53:50+00:00","dateModified":"2023-08-31T12:57:23+00:00","description":"EGO LB6000E POWER+ \u00f5huluud on k\u00f5ige v\u00f5imsam m\u00fc\u00fcgil olev akutoitel \u00f5huluud ja \u00fchtlasi esimene, mis toimib paremini kui paljud esmaklassilised","breadcrumb":{"@id":"https:\/\/reginett.ee\/toode\/akulehepuhur-ego-lb6000e\/#breadcrumb"},"inLanguage":"ru-RU","potentialAction":[{"@type":"ReadAction","target":["https:\/\/reginett.ee\/toode\/akulehepuhur-ego-lb6000e\/"]}]},{"@type":"ImageObject","inLanguage":"ru-RU","@id":"https:\/\/reginett.ee\/toode\/akulehepuhur-ego-lb6000e\/#primaryimage","url":"https:\/\/reginett.ee\/wp-content\/uploads\/2020\/04\/Akupuhur-EGO-LB6000.jpg","contentUrl":"https:\/\/reginett.ee\/wp-content\/uploads\/2020\/04\/Akupuhur-EGO-LB6000.jpg","width":680,"height":372,"caption":"Akupuhur EGO LB6000"},{"@type":"BreadcrumbList","@id":"https:\/\/reginett.ee\/toode\/akulehepuhur-ego-lb6000e\/#breadcrumb","itemListElement":[{"@type":"ListItem","position":1,"name":"Home","item":"https:\/\/reginett.ee\/ru\/"},{"@type":"ListItem","position":2,"name":"Tooted","item":"https:\/\/reginett.ee\/tooted\/"},{"@type":"ListItem","position":3,"name":"Akulehepuhur EGO LB6000E"}]},{"@type":"WebSite","@id":"https:\/\/reginett.ee\/#website","url":"https:\/\/reginett.ee\/","name":"Reginett","description":"Parimad robotniidukid","potentialAction":[{"@type":"SearchAction","target":{"@type":"EntryPoint","urlTemplate":"https:\/\/reginett.ee\/?s={search_term_string}"},"query-input":{"@type":"PropertyValueSpecification","valueRequired":true,"valueName":"search_term_string"}}],"inLanguage":"ru-RU"}]}},"brands":[{"id":486,"name":"EGO","slug":"ego"}],"_links":{"self":[{"href":"https:\/\/reginett.ee\/ru\/wp-json\/wp\/v2\/product\/51934","targetHints":{"allow":["GET"]}}],"collection":[{"href":"https:\/\/reginett.ee\/ru\/wp-json\/wp\/v2\/product"}],"about":[{"href":"https:\/\/reginett.ee\/ru\/wp-json\/wp\/v2\/types\/product"}],"replies":[{"embeddable":true,"href":"https:\/\/reginett.ee\/ru\/wp-json\/wp\/v2\/comments?post=51934"}],"wp:featuredmedia":[{"embeddable":true,"href":"https:\/\/reginett.ee\/ru\/wp-json\/wp\/v2\/media\/52718"}],"wp:attachment":[{"href":"https:\/\/reginett.ee\/ru\/wp-json\/wp\/v2\/media?parent=51934"}],"wp:term":[{"taxonomy":"pwb-brand","embeddable":true,"href":"https:\/\/reginett.ee\/ru\/wp-json\/wp\/v2\/pwb-brand?post=51934"},{"taxonomy":"product_brand","embeddable":true,"href":"https:\/\/reginett.ee\/ru\/wp-json\/wp\/v2\/product_brand?post=51934"},{"taxonomy":"product_cat","embeddable":true,"href":"https:\/\/reginett.ee\/ru\/wp-json\/wp\/v2\/product_cat?post=51934"},{"taxonomy":"product_tag","embeddable":true,"href":"https:\/\/reginett.ee\/ru\/wp-json\/wp\/v2\/product_tag?post=51934"}],"curies":[{"name":"wp","href":"https:\/\/api.w.org\/{rel}","templated":true}]}}