{"id":51918,"date":"2020-04-23T20:05:48","date_gmt":"2020-04-23T20:05:48","guid":{"rendered":"https:\/\/reginett.ee\/?post_type=product&#038;p=51918"},"modified":"2020-11-24T10:55:09","modified_gmt":"2020-11-24T10:55:09","slug":"akulaadija-ego-kiir","status":"publish","type":"product","link":"https:\/\/reginett.ee\/ru\/toode\/akulaadija-ego-kiir\/","title":{"rendered":"Akulaadija EGO kiir"},"content":{"rendered":"<p>EGO POWER+ akutehnoloogia pakub kiireimaid laadimisaegasid ning suurimat v\u00f5imsust. Vaikselt, mugavalt, keskkonda s\u00e4\u00e4stvalt.<\/p>\n<p>* 2,5 Ah aku laadimisaeg 30 min<br \/>\n* 5,0 Ah aku laadimisaeg 40 min<br \/>\n* 7,5 Ah aku laadimisaeg 60 min<\/p>\n","protected":false},"excerpt":{"rendered":"<p>EGO POWER+ akutehnoloogia pakub kiireimaid laadimisaegasid ning suurimat v\u00f5imsust. Vaikselt, mugavalt, keskkonda s\u00e4\u00e4stvalt.<\/p>\n<p>* 2,5 Ah aku laadimisaeg 30 min<br \/>\n* 5,0 Ah aku laadimisaeg 40 min<br \/>\n* 7,5 Ah aku laadimisaeg 60 min<\/p>\n","protected":false},"featured_media":52768,"comment_status":"open","ping_status":"closed","template":"","meta":{"_acf_changed":false,"_et_pb_use_builder":"","_et_pb_old_content":"","_et_gb_content_width":"","inline_featured_image":false},"pwb-brand":[],"product_brand":[],"product_cat":[48,153,27],"product_tag":[73,74],"class_list":{"0":"post-51918","1":"product","2":"type-product","3":"status-publish","4":"has-post-thumbnail","6":"product_cat-akutooted","7":"product_cat-ego","8":"product_cat-tooriistad-ja-tarvikud","9":"product_tag-aku","10":"product_tag-akutooriistad","12":"first","13":"instock","14":"shipping-taxable","15":"purchasable","16":"product-type-simple"},"acf":[],"yoast_head":"<!-- This site is optimized with the Yoast SEO plugin v26.6 - https:\/\/yoast.com\/wordpress\/plugins\/seo\/ -->\n<title>Akulaadija EGO kiir - Reginett<\/title>\n<meta name=\"robots\" content=\"index, follow, max-snippet:-1, max-image-preview:large, max-video-preview:-1\" \/>\n<link rel=\"canonical\" href=\"https:\/\/reginett.ee\/toode\/akulaadija-ego-kiir\/\" \/>\n<meta property=\"og:locale\" content=\"ru_RU\" \/>\n<meta property=\"og:type\" content=\"article\" \/>\n<meta property=\"og:title\" content=\"Akulaadija EGO kiir - Reginett\" \/>\n<meta property=\"og:description\" content=\"EGO POWER+ akutehnoloogia pakub kiireimaid laadimisaegasid ning suurimat v\u00f5imsust. Vaikselt, mugavalt, keskkonda s\u00e4\u00e4stvalt.  * 2,5 Ah aku laadimisaeg 30 min * 5,0 Ah aku laadimisaeg 40 min * 7,5 Ah aku laadimisaeg 60 min\" \/>\n<meta property=\"og:url\" content=\"https:\/\/reginett.ee\/toode\/akulaadija-ego-kiir\/\" \/>\n<meta property=\"og:site_name\" content=\"Reginett\" \/>\n<meta property=\"article:modified_time\" content=\"2020-11-24T10:55:09+00:00\" \/>\n<meta property=\"og:image\" content=\"https:\/\/reginett.ee\/wp-content\/uploads\/2020\/04\/Akulaadija-EGO-kiir.jpg\" \/>\n\t<meta property=\"og:image:width\" content=\"680\" \/>\n\t<meta property=\"og:image:height\" content=\"372\" \/>\n\t<meta property=\"og:image:type\" content=\"image\/jpeg\" \/>\n<meta name=\"twitter:card\" content=\"summary_large_image\" \/>\n<script type=\"application\/ld+json\" class=\"yoast-schema-graph\">{\"@context\":\"https:\/\/schema.org\",\"@graph\":[{\"@type\":\"WebPage\",\"@id\":\"https:\/\/reginett.ee\/toode\/akulaadija-ego-kiir\/\",\"url\":\"https:\/\/reginett.ee\/toode\/akulaadija-ego-kiir\/\",\"name\":\"Akulaadija EGO kiir - Reginett\",\"isPartOf\":{\"@id\":\"https:\/\/reginett.ee\/#website\"},\"primaryImageOfPage\":{\"@id\":\"https:\/\/reginett.ee\/toode\/akulaadija-ego-kiir\/#primaryimage\"},\"image\":{\"@id\":\"https:\/\/reginett.ee\/toode\/akulaadija-ego-kiir\/#primaryimage\"},\"thumbnailUrl\":\"https:\/\/reginett.ee\/wp-content\/uploads\/2020\/04\/Akulaadija-EGO-kiir.jpg\",\"datePublished\":\"2020-04-23T20:05:48+00:00\",\"dateModified\":\"2020-11-24T10:55:09+00:00\",\"breadcrumb\":{\"@id\":\"https:\/\/reginett.ee\/toode\/akulaadija-ego-kiir\/#breadcrumb\"},\"inLanguage\":\"ru-RU\",\"potentialAction\":[{\"@type\":\"ReadAction\",\"target\":[\"https:\/\/reginett.ee\/toode\/akulaadija-ego-kiir\/\"]}]},{\"@type\":\"ImageObject\",\"inLanguage\":\"ru-RU\",\"@id\":\"https:\/\/reginett.ee\/toode\/akulaadija-ego-kiir\/#primaryimage\",\"url\":\"https:\/\/reginett.ee\/wp-content\/uploads\/2020\/04\/Akulaadija-EGO-kiir.jpg\",\"contentUrl\":\"https:\/\/reginett.ee\/wp-content\/uploads\/2020\/04\/Akulaadija-EGO-kiir.jpg\",\"width\":680,\"height\":372,\"caption\":\"Akulaadija EGO kiir\"},{\"@type\":\"BreadcrumbList\",\"@id\":\"https:\/\/reginett.ee\/toode\/akulaadija-ego-kiir\/#breadcrumb\",\"itemListElement\":[{\"@type\":\"ListItem\",\"position\":1,\"name\":\"Home\",\"item\":\"https:\/\/reginett.ee\/ru\/\"},{\"@type\":\"ListItem\",\"position\":2,\"name\":\"Tooted\",\"item\":\"https:\/\/reginett.ee\/tooted\/\"},{\"@type\":\"ListItem\",\"position\":3,\"name\":\"Akulaadija EGO kiir\"}]},{\"@type\":\"WebSite\",\"@id\":\"https:\/\/reginett.ee\/#website\",\"url\":\"https:\/\/reginett.ee\/\",\"name\":\"Reginett\",\"description\":\"Parimad robotniidukid\",\"potentialAction\":[{\"@type\":\"SearchAction\",\"target\":{\"@type\":\"EntryPoint\",\"urlTemplate\":\"https:\/\/reginett.ee\/?s={search_term_string}\"},\"query-input\":{\"@type\":\"PropertyValueSpecification\",\"valueRequired\":true,\"valueName\":\"search_term_string\"}}],\"inLanguage\":\"ru-RU\"}]}<\/script>\n<!-- \/ Yoast SEO plugin. -->","yoast_head_json":{"title":"Akulaadija EGO kiir - Reginett","robots":{"index":"index","follow":"follow","max-snippet":"max-snippet:-1","max-image-preview":"max-image-preview:large","max-video-preview":"max-video-preview:-1"},"canonical":"https:\/\/reginett.ee\/toode\/akulaadija-ego-kiir\/","og_locale":"ru_RU","og_type":"article","og_title":"Akulaadija EGO kiir - Reginett","og_description":"EGO POWER+ akutehnoloogia pakub kiireimaid laadimisaegasid ning suurimat v\u00f5imsust. Vaikselt, mugavalt, keskkonda s\u00e4\u00e4stvalt.  * 2,5 Ah aku laadimisaeg 30 min * 5,0 Ah aku laadimisaeg 40 min * 7,5 Ah aku laadimisaeg 60 min","og_url":"https:\/\/reginett.ee\/toode\/akulaadija-ego-kiir\/","og_site_name":"Reginett","article_modified_time":"2020-11-24T10:55:09+00:00","og_image":[{"width":680,"height":372,"url":"https:\/\/reginett.ee\/wp-content\/uploads\/2020\/04\/Akulaadija-EGO-kiir.jpg","type":"image\/jpeg"}],"twitter_card":"summary_large_image","schema":{"@context":"https:\/\/schema.org","@graph":[{"@type":"WebPage","@id":"https:\/\/reginett.ee\/toode\/akulaadija-ego-kiir\/","url":"https:\/\/reginett.ee\/toode\/akulaadija-ego-kiir\/","name":"Akulaadija EGO kiir - Reginett","isPartOf":{"@id":"https:\/\/reginett.ee\/#website"},"primaryImageOfPage":{"@id":"https:\/\/reginett.ee\/toode\/akulaadija-ego-kiir\/#primaryimage"},"image":{"@id":"https:\/\/reginett.ee\/toode\/akulaadija-ego-kiir\/#primaryimage"},"thumbnailUrl":"https:\/\/reginett.ee\/wp-content\/uploads\/2020\/04\/Akulaadija-EGO-kiir.jpg","datePublished":"2020-04-23T20:05:48+00:00","dateModified":"2020-11-24T10:55:09+00:00","breadcrumb":{"@id":"https:\/\/reginett.ee\/toode\/akulaadija-ego-kiir\/#breadcrumb"},"inLanguage":"ru-RU","potentialAction":[{"@type":"ReadAction","target":["https:\/\/reginett.ee\/toode\/akulaadija-ego-kiir\/"]}]},{"@type":"ImageObject","inLanguage":"ru-RU","@id":"https:\/\/reginett.ee\/toode\/akulaadija-ego-kiir\/#primaryimage","url":"https:\/\/reginett.ee\/wp-content\/uploads\/2020\/04\/Akulaadija-EGO-kiir.jpg","contentUrl":"https:\/\/reginett.ee\/wp-content\/uploads\/2020\/04\/Akulaadija-EGO-kiir.jpg","width":680,"height":372,"caption":"Akulaadija EGO kiir"},{"@type":"BreadcrumbList","@id":"https:\/\/reginett.ee\/toode\/akulaadija-ego-kiir\/#breadcrumb","itemListElement":[{"@type":"ListItem","position":1,"name":"Home","item":"https:\/\/reginett.ee\/ru\/"},{"@type":"ListItem","position":2,"name":"Tooted","item":"https:\/\/reginett.ee\/tooted\/"},{"@type":"ListItem","position":3,"name":"Akulaadija EGO kiir"}]},{"@type":"WebSite","@id":"https:\/\/reginett.ee\/#website","url":"https:\/\/reginett.ee\/","name":"Reginett","description":"Parimad robotniidukid","potentialAction":[{"@type":"SearchAction","target":{"@type":"EntryPoint","urlTemplate":"https:\/\/reginett.ee\/?s={search_term_string}"},"query-input":{"@type":"PropertyValueSpecification","valueRequired":true,"valueName":"search_term_string"}}],"inLanguage":"ru-RU"}]}},"brands":[],"_links":{"self":[{"href":"https:\/\/reginett.ee\/ru\/wp-json\/wp\/v2\/product\/51918","targetHints":{"allow":["GET"]}}],"collection":[{"href":"https:\/\/reginett.ee\/ru\/wp-json\/wp\/v2\/product"}],"about":[{"href":"https:\/\/reginett.ee\/ru\/wp-json\/wp\/v2\/types\/product"}],"replies":[{"embeddable":true,"href":"https:\/\/reginett.ee\/ru\/wp-json\/wp\/v2\/comments?post=51918"}],"wp:featuredmedia":[{"embeddable":true,"href":"https:\/\/reginett.ee\/ru\/wp-json\/wp\/v2\/media\/52768"}],"wp:attachment":[{"href":"https:\/\/reginett.ee\/ru\/wp-json\/wp\/v2\/media?parent=51918"}],"wp:term":[{"taxonomy":"pwb-brand","embeddable":true,"href":"https:\/\/reginett.ee\/ru\/wp-json\/wp\/v2\/pwb-brand?post=51918"},{"taxonomy":"product_brand","embeddable":true,"href":"https:\/\/reginett.ee\/ru\/wp-json\/wp\/v2\/product_brand?post=51918"},{"taxonomy":"product_cat","embeddable":true,"href":"https:\/\/reginett.ee\/ru\/wp-json\/wp\/v2\/product_cat?post=51918"},{"taxonomy":"product_tag","embeddable":true,"href":"https:\/\/reginett.ee\/ru\/wp-json\/wp\/v2\/product_tag?post=51918"}],"curies":[{"name":"wp","href":"https:\/\/api.w.org\/{rel}","templated":true}]}}