{"id":51915,"date":"2025-05-25T19:59:27","date_gmt":"2025-05-25T16:59:27","guid":{"rendered":"https:\/\/reginett.ee\/?post_type=product&#038;p=51915"},"modified":"2025-06-03T11:32:16","modified_gmt":"2025-06-03T08:32:16","slug":"akuga-muruniiduk-ego-lm1903-sp","status":"publish","type":"product","link":"https:\/\/reginett.ee\/ru\/toode\/akuga-muruniiduk-ego-lm1903-sp\/","title":{"rendered":"Akuga muruniiduk EGO LM1903E-SP"},"content":{"rendered":"<p><strong><span style=\"color: #008000;\">BENSIINIMOOTORI V\u00d5IMSUS ILMA BENSIINITA !<\/span><\/strong><\/p>\n<p>&nbsp;<\/p>\n<h3><span style=\"color: #808080;\"><span style=\"color: #333333;\">Muruniiduk EGO LM1903-SP on iseliikuv akuniiduk. Komplektis 5,0 Ah aku ja laadija<\/span>!<\/span><\/h3>\n<p>Maailm on muutumas. Fossiilk\u00fctused vahetatakse v\u00e4lja puhtama, rohelisema energia vastu. EGO Power+ pakub bensiinimootorile v\u00f5rdelist v\u00f5imsust, ilma sellega kaasneva m\u00fcra, sekelduste ja m\u00fcrgiste heitgaasideta. EGO Arc 56V liitiumaku tehnoloogia pakub uut j\u00f5udlustaset, andes teile usaldusv\u00e4\u00e4rse vajamineva v\u00f5imsuse, et saaksite t\u00f6\u00f6tada, kuni t\u00f6\u00f6 tehtud saab. Mugav kasutada, muljetavaldava t\u00f6\u00f6aja ning kiire laadimisajaga, pakub see \u00fclimat kasutusmugavust. Te ei pea enam bensiinijaama k\u00fctuse j\u00e4rele minema ega muretsema kergs\u00fcttivate vedelike ladustamise p\u00e4rast.&#187;<\/p>\n<h3>EGO ARC LIITIUMAKU PAKUB T\u00d6\u00d6STUSHARU SUURIMAT ENERGIAMAHTUVUST.<\/h3>\n<p>EGO unikaalne patenteeritud Arc liitiumaku on ehitatud nagu ei \u00fckski teine aku. Seet\u00f5ttu toimib ta ka nagu ei \u00fckski teine aku. Disainitud algusest peale nii, et see oleks v\u00f5rdne bensiinimootori poolt pakutava v\u00f5imsusega, on EGO Power+ 56V Arc liitiumakul uuenduslik disain aku jahutamise maksimeerimiseks. Erinevalt tavap\u00e4rastest tellisekujulistest akudest, kus akuelemendid on kokku pakitud, kuumenevad \u00fcle ja l\u00fclituvad v\u00e4lja, hajutab EGO unikaalne Arc disain kuumust t\u00f5husamalt. Keep Cool\u2122 jahutustehnoloogia Mitte ainult uuenduslik Arc disain ei aita \u00fclekuumenemist \u00e4ra hoida. K\u00f5ik akuelemendid on \u00fcmbritsetud unikaalse Keep Cool\u2122 materjaliga, mis neelab soojusenergiat ja hoiab elemente kauem nende optimaalsel temperatuuril. Intelligentne v\u00f5imsus EGO Power+ Arc 56V liitiumaku kasutab intelligentset energiahaldust, et iga akuelementi pidevalt j\u00e4lgida ja optimeerida, et saaksite alati parima v\u00f5imsuse, j\u00f5udluse ja t\u00f6\u00f6aja. V\u00e4liselt paigaldatav aku Erinevalt teistest tootjatest, paigaldatakse meie akud jahutamise tagamiseks t\u00f6\u00f6riistadest v\u00e4ljapoole, mitte nende sisse. Tolmu ja niiskuse eest kaitseb neid vaikkate ning l\u00f6\u00f6ke ja vibratsiooni neelav korpus. Kiire laadimine See aku pole mitte ainult t\u00f6\u00f6stusharu suurima energiamahtuvusega kaasaskantav aku. See t\u00e4hendab ka seda, et kui tuleb aeg akut laadida, on EGO Power+ Arc Lithium 56V liitiumaku k\u00f5ige kiiremini laetav aku. T\u00f5eline paindlikkus \u00dcks ja sama Arc liitiumaku sobib kasutamiseks k\u00f5ikide EGO Power+ tootesarja t\u00f6\u00f6riistadega. Kl\u00f5psake aku k\u00fclge ja olete t\u00f6\u00f6tamiseks valmis.<\/p>\n<h3>MEELERAHU<\/h3>\n<p>K\u00f5ikidel EGO Power+ toodetel on kodukasutajatele 5-aastane garantii t\u00f6\u00f6riistade ja 3-aastane garantii akude puhul. Profikasutajatele kehtib garantii 12 kuud.<\/p>\n<h3>LEEBEM TEIE K\u00c4TELE, K\u00d5RVADELE, RAHAKOTILE JA KESKKONNALE.<\/h3>\n<p>EGO Power+ s\u00fcsteem pakub bensiinimootoriga v\u00f5rdelist v\u00f5imsust, ilma selle negatiivsete k\u00fclgedeta. See on lihtsam, puhtam, vaiksem ja v\u00e4iksema vibratsiooni t\u00f5ttu on seda mugavam kasutada. V\u00e4iksemad k\u00e4itus- ja hoolduskulud t\u00e4hendavad \u00fcleminekul EGO Power+ s\u00fcsteemile pikaajalist s\u00e4\u00e4stmist. Lisaks, kuna kasutamisel ei teki heitgaase, saate anda oma panuse keskkonnam\u00f5jude v\u00e4hendamisele.<\/p>\n<h3>V\u00c4HEM VIBRATSIOONI, V\u00c4HEM M\u00dcRA, KASUTAJAS\u00d5BRALIKUM<\/h3>\n<p>Isikuid, kes kasutavad regulaarselt k\u00e4eshoitavaid masinaid, ohustab k\u00e4e-k\u00e4sivarre vibratsiooni (HAV) s\u00fcndroom. Tuntud ka \u2018Vibratsiooni valges\u00f5rmsuse\u2019 nime all, p\u00f5hjustab see veresoonte, n\u00e4rvide ja liigeste valulikke ja vigastavaid h\u00e4ireid. Ent HAV-s\u00fcndroom on ennetatav. \u00dcheks selle v\u00e4ltimise viisiks on valida t\u00f6\u00f6riistad, mis vibreerivad v\u00e4hem kui traditsioonilised bensiinil t\u00f6\u00f6tavad t\u00f6\u00f6riistad &#8212; nagu n\u00e4iteks EGO Power+ tootesarja t\u00f6\u00f6riistad. Disainitud just sellisel moel, et saaksite t\u00f6\u00f6tada mugavalt terve p\u00e4eva Sujuvalt t\u00f6\u00f6tava elektrimootoriga ja v\u00e4hem liikuvate osadega on EGO Power+ muruniidukid, hekil\u00f5ikurid, j\u00f5hvtrimmerid, v\u00f5sal\u00f5ikurid, kettsaed ja multit\u00f6\u00f6riistad m\u00f5eldud t\u00f6\u00f6tamiseks madala vibratsioonitasemega, sageli alla m\u00e4\u00e4ratud 2,5m\/s2 kokkupuute rakendusv\u00e4\u00e4rtust (EAV) ja tugevasti allapool kokkupuute piirv\u00e4\u00e4rtust (ELV). Samuti on nad palju vaiksemad EGO Power+ tootesari on palju vaiksem kui bensiinimootoril t\u00f6\u00f6tavad alternatiivsed t\u00f6\u00f6riistad, mis v\u00e4hendab v\u00f5imalike kahjustuste ohtu, eriti pikaajalise kasutamise korral.<\/p>\n","protected":false},"excerpt":{"rendered":"<p><strong>Iseliikuv akuniiduk. Komplektis aku ja laadija!<\/strong><\/p>\n<p>Maailm on muutumas. Fossiilk\u00fctused vahetatakse v\u00e4lja puhtama, rohelisema energia vastu. EGO Power+ pakub bensiinimootorile v\u00f5rdelist v\u00f5imsust, ilma sellega kaasneva m\u00fcra, sekelduste ja m\u00fcrgiste heitgaasideta. EGO Arc 56V liitiumaku tehnoloogia pakub uut j\u00f5udlustaset, andes teile usaldusv\u00e4\u00e4rse vajamineva v\u00f5imsuse, et saaksite t\u00f6\u00f6tada, kuni t\u00f6\u00f6 tehtud saab. Mugav kasutada, muljetavaldava t\u00f6\u00f6aja ning kiire laadimisajaga, pakub see \u00fclimat kasutusmugavust. Te ei pea enam bensiinijaama k\u00fctuse j\u00e4rele minema ega muretsema kergs\u00fcttivate vedelike ladustamise p\u00e4rast.&#187;<\/p>\n","protected":false},"featured_media":52841,"comment_status":"open","ping_status":"closed","template":"","meta":{"_acf_changed":false,"_et_pb_use_builder":"","_et_pb_old_content":"","_et_gb_content_width":"","inline_featured_image":false},"pwb-brand":[],"product_brand":[],"product_cat":[48,153,134,25],"product_tag":[140],"class_list":{"0":"post-51915","1":"product","2":"type-product","3":"status-publish","4":"has-post-thumbnail","6":"product_cat-akutooted","7":"product_cat-ego","8":"product_cat-eripakkumised","9":"product_cat-muruniidukid","10":"product_tag-akuga-muruniiduk","11":"product_shipping_class-rasked-asjad","13":"first","14":"instock","15":"sale","16":"shipping-taxable","17":"purchasable","18":"product-type-simple"},"acf":[],"yoast_head":"<!-- This site is optimized with the Yoast SEO plugin v26.6 - https:\/\/yoast.com\/wordpress\/plugins\/seo\/ -->\n<title>Akuga muruniiduk EGO LM1903-SP. Parimad EGO akutooted<\/title>\n<meta name=\"description\" content=\"Muruniiduk EGO LM1903-SP on iseliikuv akuniiduk. Komplektis 5,0 Ah aku ja laadija! Maailm on muutumas. Fossiilk\u00fctused vahetatakse v\u00e4lja.\" \/>\n<meta name=\"robots\" content=\"index, follow, max-snippet:-1, max-image-preview:large, max-video-preview:-1\" \/>\n<link rel=\"canonical\" href=\"https:\/\/reginett.ee\/toode\/akuga-muruniiduk-ego-lm1903-sp\/\" \/>\n<meta property=\"og:locale\" content=\"ru_RU\" \/>\n<meta property=\"og:type\" content=\"article\" \/>\n<meta property=\"og:title\" content=\"Akuga muruniiduk EGO LM1903-SP. Parimad EGO akutooted\" \/>\n<meta property=\"og:description\" content=\"Muruniiduk EGO LM1903-SP on iseliikuv akuniiduk. Komplektis 5,0 Ah aku ja laadija! Maailm on muutumas. Fossiilk\u00fctused vahetatakse v\u00e4lja.\" \/>\n<meta property=\"og:url\" content=\"https:\/\/reginett.ee\/toode\/akuga-muruniiduk-ego-lm1903-sp\/\" \/>\n<meta property=\"og:site_name\" content=\"Reginett\" \/>\n<meta property=\"article:modified_time\" content=\"2025-06-03T08:32:16+00:00\" \/>\n<meta property=\"og:image\" content=\"https:\/\/reginett.ee\/wp-content\/uploads\/2020\/04\/EGO-LM1903.jpg\" \/>\n\t<meta property=\"og:image:width\" content=\"680\" \/>\n\t<meta property=\"og:image:height\" content=\"372\" \/>\n\t<meta property=\"og:image:type\" content=\"image\/jpeg\" \/>\n<meta name=\"twitter:card\" content=\"summary_large_image\" \/>\n<meta name=\"twitter:label1\" content=\"\u041f\u0440\u0438\u043c\u0435\u0440\u043d\u043e\u0435 \u0432\u0440\u0435\u043c\u044f \u0434\u043b\u044f \u0447\u0442\u0435\u043d\u0438\u044f\" \/>\n\t<meta name=\"twitter:data1\" content=\"3 \u043c\u0438\u043d\u0443\u0442\u044b\" \/>\n<script type=\"application\/ld+json\" class=\"yoast-schema-graph\">{\"@context\":\"https:\/\/schema.org\",\"@graph\":[{\"@type\":\"WebPage\",\"@id\":\"https:\/\/reginett.ee\/toode\/akuga-muruniiduk-ego-lm1903-sp\/\",\"url\":\"https:\/\/reginett.ee\/toode\/akuga-muruniiduk-ego-lm1903-sp\/\",\"name\":\"Akuga muruniiduk EGO LM1903-SP. Parimad EGO akutooted\",\"isPartOf\":{\"@id\":\"https:\/\/reginett.ee\/#website\"},\"primaryImageOfPage\":{\"@id\":\"https:\/\/reginett.ee\/toode\/akuga-muruniiduk-ego-lm1903-sp\/#primaryimage\"},\"image\":{\"@id\":\"https:\/\/reginett.ee\/toode\/akuga-muruniiduk-ego-lm1903-sp\/#primaryimage\"},\"thumbnailUrl\":\"https:\/\/reginett.ee\/wp-content\/uploads\/2020\/04\/EGO-LM1903.jpg\",\"datePublished\":\"2025-05-25T16:59:27+00:00\",\"dateModified\":\"2025-06-03T08:32:16+00:00\",\"description\":\"Muruniiduk EGO LM1903-SP on iseliikuv akuniiduk. Komplektis 5,0 Ah aku ja laadija! Maailm on muutumas. Fossiilk\u00fctused vahetatakse v\u00e4lja.\",\"breadcrumb\":{\"@id\":\"https:\/\/reginett.ee\/toode\/akuga-muruniiduk-ego-lm1903-sp\/#breadcrumb\"},\"inLanguage\":\"ru-RU\",\"potentialAction\":[{\"@type\":\"ReadAction\",\"target\":[\"https:\/\/reginett.ee\/toode\/akuga-muruniiduk-ego-lm1903-sp\/\"]}]},{\"@type\":\"ImageObject\",\"inLanguage\":\"ru-RU\",\"@id\":\"https:\/\/reginett.ee\/toode\/akuga-muruniiduk-ego-lm1903-sp\/#primaryimage\",\"url\":\"https:\/\/reginett.ee\/wp-content\/uploads\/2020\/04\/EGO-LM1903.jpg\",\"contentUrl\":\"https:\/\/reginett.ee\/wp-content\/uploads\/2020\/04\/EGO-LM1903.jpg\",\"width\":680,\"height\":372,\"caption\":\"EGO LM1903\"},{\"@type\":\"BreadcrumbList\",\"@id\":\"https:\/\/reginett.ee\/toode\/akuga-muruniiduk-ego-lm1903-sp\/#breadcrumb\",\"itemListElement\":[{\"@type\":\"ListItem\",\"position\":1,\"name\":\"Home\",\"item\":\"https:\/\/reginett.ee\/ru\/\"},{\"@type\":\"ListItem\",\"position\":2,\"name\":\"Tooted\",\"item\":\"https:\/\/reginett.ee\/tooted\/\"},{\"@type\":\"ListItem\",\"position\":3,\"name\":\"Akuga muruniiduk EGO LM1903E-SP\"}]},{\"@type\":\"WebSite\",\"@id\":\"https:\/\/reginett.ee\/#website\",\"url\":\"https:\/\/reginett.ee\/\",\"name\":\"Reginett\",\"description\":\"Parimad robotniidukid\",\"potentialAction\":[{\"@type\":\"SearchAction\",\"target\":{\"@type\":\"EntryPoint\",\"urlTemplate\":\"https:\/\/reginett.ee\/?s={search_term_string}\"},\"query-input\":{\"@type\":\"PropertyValueSpecification\",\"valueRequired\":true,\"valueName\":\"search_term_string\"}}],\"inLanguage\":\"ru-RU\"}]}<\/script>\n<!-- \/ Yoast SEO plugin. -->","yoast_head_json":{"title":"Akuga muruniiduk EGO LM1903-SP. Parimad EGO akutooted","description":"Muruniiduk EGO LM1903-SP on iseliikuv akuniiduk. Komplektis 5,0 Ah aku ja laadija! Maailm on muutumas. Fossiilk\u00fctused vahetatakse v\u00e4lja.","robots":{"index":"index","follow":"follow","max-snippet":"max-snippet:-1","max-image-preview":"max-image-preview:large","max-video-preview":"max-video-preview:-1"},"canonical":"https:\/\/reginett.ee\/toode\/akuga-muruniiduk-ego-lm1903-sp\/","og_locale":"ru_RU","og_type":"article","og_title":"Akuga muruniiduk EGO LM1903-SP. Parimad EGO akutooted","og_description":"Muruniiduk EGO LM1903-SP on iseliikuv akuniiduk. Komplektis 5,0 Ah aku ja laadija! Maailm on muutumas. Fossiilk\u00fctused vahetatakse v\u00e4lja.","og_url":"https:\/\/reginett.ee\/toode\/akuga-muruniiduk-ego-lm1903-sp\/","og_site_name":"Reginett","article_modified_time":"2025-06-03T08:32:16+00:00","og_image":[{"width":680,"height":372,"url":"https:\/\/reginett.ee\/wp-content\/uploads\/2020\/04\/EGO-LM1903.jpg","type":"image\/jpeg"}],"twitter_card":"summary_large_image","twitter_misc":{"\u041f\u0440\u0438\u043c\u0435\u0440\u043d\u043e\u0435 \u0432\u0440\u0435\u043c\u044f \u0434\u043b\u044f \u0447\u0442\u0435\u043d\u0438\u044f":"3 \u043c\u0438\u043d\u0443\u0442\u044b"},"schema":{"@context":"https:\/\/schema.org","@graph":[{"@type":"WebPage","@id":"https:\/\/reginett.ee\/toode\/akuga-muruniiduk-ego-lm1903-sp\/","url":"https:\/\/reginett.ee\/toode\/akuga-muruniiduk-ego-lm1903-sp\/","name":"Akuga muruniiduk EGO LM1903-SP. Parimad EGO akutooted","isPartOf":{"@id":"https:\/\/reginett.ee\/#website"},"primaryImageOfPage":{"@id":"https:\/\/reginett.ee\/toode\/akuga-muruniiduk-ego-lm1903-sp\/#primaryimage"},"image":{"@id":"https:\/\/reginett.ee\/toode\/akuga-muruniiduk-ego-lm1903-sp\/#primaryimage"},"thumbnailUrl":"https:\/\/reginett.ee\/wp-content\/uploads\/2020\/04\/EGO-LM1903.jpg","datePublished":"2025-05-25T16:59:27+00:00","dateModified":"2025-06-03T08:32:16+00:00","description":"Muruniiduk EGO LM1903-SP on iseliikuv akuniiduk. Komplektis 5,0 Ah aku ja laadija! Maailm on muutumas. Fossiilk\u00fctused vahetatakse v\u00e4lja.","breadcrumb":{"@id":"https:\/\/reginett.ee\/toode\/akuga-muruniiduk-ego-lm1903-sp\/#breadcrumb"},"inLanguage":"ru-RU","potentialAction":[{"@type":"ReadAction","target":["https:\/\/reginett.ee\/toode\/akuga-muruniiduk-ego-lm1903-sp\/"]}]},{"@type":"ImageObject","inLanguage":"ru-RU","@id":"https:\/\/reginett.ee\/toode\/akuga-muruniiduk-ego-lm1903-sp\/#primaryimage","url":"https:\/\/reginett.ee\/wp-content\/uploads\/2020\/04\/EGO-LM1903.jpg","contentUrl":"https:\/\/reginett.ee\/wp-content\/uploads\/2020\/04\/EGO-LM1903.jpg","width":680,"height":372,"caption":"EGO LM1903"},{"@type":"BreadcrumbList","@id":"https:\/\/reginett.ee\/toode\/akuga-muruniiduk-ego-lm1903-sp\/#breadcrumb","itemListElement":[{"@type":"ListItem","position":1,"name":"Home","item":"https:\/\/reginett.ee\/ru\/"},{"@type":"ListItem","position":2,"name":"Tooted","item":"https:\/\/reginett.ee\/tooted\/"},{"@type":"ListItem","position":3,"name":"Akuga muruniiduk EGO LM1903E-SP"}]},{"@type":"WebSite","@id":"https:\/\/reginett.ee\/#website","url":"https:\/\/reginett.ee\/","name":"Reginett","description":"Parimad robotniidukid","potentialAction":[{"@type":"SearchAction","target":{"@type":"EntryPoint","urlTemplate":"https:\/\/reginett.ee\/?s={search_term_string}"},"query-input":{"@type":"PropertyValueSpecification","valueRequired":true,"valueName":"search_term_string"}}],"inLanguage":"ru-RU"}]}},"brands":[],"_links":{"self":[{"href":"https:\/\/reginett.ee\/ru\/wp-json\/wp\/v2\/product\/51915","targetHints":{"allow":["GET"]}}],"collection":[{"href":"https:\/\/reginett.ee\/ru\/wp-json\/wp\/v2\/product"}],"about":[{"href":"https:\/\/reginett.ee\/ru\/wp-json\/wp\/v2\/types\/product"}],"replies":[{"embeddable":true,"href":"https:\/\/reginett.ee\/ru\/wp-json\/wp\/v2\/comments?post=51915"}],"wp:featuredmedia":[{"embeddable":true,"href":"https:\/\/reginett.ee\/ru\/wp-json\/wp\/v2\/media\/52841"}],"wp:attachment":[{"href":"https:\/\/reginett.ee\/ru\/wp-json\/wp\/v2\/media?parent=51915"}],"wp:term":[{"taxonomy":"pwb-brand","embeddable":true,"href":"https:\/\/reginett.ee\/ru\/wp-json\/wp\/v2\/pwb-brand?post=51915"},{"taxonomy":"product_brand","embeddable":true,"href":"https:\/\/reginett.ee\/ru\/wp-json\/wp\/v2\/product_brand?post=51915"},{"taxonomy":"product_cat","embeddable":true,"href":"https:\/\/reginett.ee\/ru\/wp-json\/wp\/v2\/product_cat?post=51915"},{"taxonomy":"product_tag","embeddable":true,"href":"https:\/\/reginett.ee\/ru\/wp-json\/wp\/v2\/product_tag?post=51915"}],"curies":[{"name":"wp","href":"https:\/\/api.w.org\/{rel}","templated":true}]}}