{"id":51908,"date":"2020-04-22T09:07:43","date_gmt":"2020-04-22T09:07:43","guid":{"rendered":"https:\/\/reginett.ee\/?post_type=product&#038;p=51908"},"modified":"2025-04-25T09:14:39","modified_gmt":"2025-04-25T06:14:39","slug":"aku-ego-power-75ah","status":"publish","type":"product","link":"https:\/\/reginett.ee\/ru\/toode\/aku-ego-power-75ah\/","title":{"rendered":"Aku EGO Power+ 7,5Ah"},"content":{"rendered":"<p>EGO aku kaarjas kuju v\u00f5imaldab k\u00f5iki aku elemente nii laadimise kui ka t\u00f6\u00f6tamise ajal jahutada, v\u00f5imaldades kiirema laadimise ja pikema t\u00f6\u00f6aja. Elektroonika j\u00e4lgib eraldi k\u00f5ikide elementide seisukorda, tagades nii turvalisuse ja maksimaalse eluea. LED- n\u00e4idik aku t\u00e4ituvuse j\u00e4lgimiseks. P\u00f5rutuskindel, veekindel.<\/p>\n<p>* Laadimisaeg kiirlaadijaga 60 min<br \/>\n* Laadimisaeg standardlaadijaga 145 min<br \/>\n* Mahutavus 420Wh<\/p>\n","protected":false},"excerpt":{"rendered":"<p>EGO aku kaarjas kuju v\u00f5imaldab k\u00f5iki aku elemente nii laadimise kui ka t\u00f6\u00f6tamise ajal jahutada, v\u00f5imaldades kiirema laadimise ja pikema t\u00f6\u00f6aja. Elektroonika j\u00e4lgib eraldi k\u00f5ikide elementide seisukorda, tagades nii turvalisuse ja maksimaalse eluea. LED- n\u00e4idik aku t\u00e4ituvuse j\u00e4lgimiseks. P\u00f5rutuskindel, veekindel.<\/p>\n","protected":false},"featured_media":51909,"comment_status":"open","ping_status":"closed","template":"","meta":{"_acf_changed":false,"_et_pb_use_builder":"","_et_pb_old_content":"","_et_gb_content_width":"","inline_featured_image":false},"pwb-brand":[486],"product_brand":[],"product_cat":[48,153,27],"product_tag":[73,74],"class_list":{"0":"post-51908","1":"product","2":"type-product","3":"status-publish","4":"has-post-thumbnail","6":"pwb-brand-ego","7":"product_cat-akutooted","8":"product_cat-ego","9":"product_cat-tooriistad-ja-tarvikud","10":"product_tag-aku","11":"product_tag-akutooriistad","13":"first","14":"instock","15":"shipping-taxable","16":"purchasable","17":"product-type-simple"},"acf":[],"yoast_head":"<!-- This site is optimized with the Yoast SEO plugin v26.6 - https:\/\/yoast.com\/wordpress\/plugins\/seo\/ -->\n<title>Aku EGO Power+ 7,5Ah - Reginett<\/title>\n<meta name=\"robots\" content=\"index, follow, max-snippet:-1, max-image-preview:large, max-video-preview:-1\" \/>\n<link rel=\"canonical\" href=\"https:\/\/reginett.ee\/toode\/aku-ego-power-75ah\/\" \/>\n<meta property=\"og:locale\" content=\"ru_RU\" \/>\n<meta property=\"og:type\" content=\"article\" \/>\n<meta property=\"og:title\" content=\"Aku EGO Power+ 7,5Ah - Reginett\" \/>\n<meta property=\"og:description\" content=\"EGO aku kaarjas kuju v\u00f5imaldab k\u00f5iki aku elemente nii laadimise kui ka t\u00f6\u00f6tamise ajal jahutada, v\u00f5imaldades kiirema laadimise ja pikema t\u00f6\u00f6aja. Elektroonika j\u00e4lgib eraldi k\u00f5ikide elementide seisukorda, tagades nii turvalisuse ja maksimaalse eluea. LED- n\u00e4idik aku t\u00e4ituvuse j\u00e4lgimiseks. P\u00f5rutuskindel, veekindel.\" \/>\n<meta property=\"og:url\" content=\"https:\/\/reginett.ee\/toode\/aku-ego-power-75ah\/\" \/>\n<meta property=\"og:site_name\" content=\"Reginett\" \/>\n<meta property=\"article:modified_time\" content=\"2025-04-25T06:14:39+00:00\" \/>\n<meta property=\"og:image\" content=\"https:\/\/reginett.ee\/wp-content\/uploads\/2020\/04\/Aku_EGO-POWER-75-300x200-1.png\" \/>\n\t<meta property=\"og:image:width\" content=\"300\" \/>\n\t<meta property=\"og:image:height\" content=\"200\" \/>\n\t<meta property=\"og:image:type\" content=\"image\/png\" \/>\n<meta name=\"twitter:card\" content=\"summary_large_image\" \/>\n<script type=\"application\/ld+json\" class=\"yoast-schema-graph\">{\"@context\":\"https:\/\/schema.org\",\"@graph\":[{\"@type\":\"WebPage\",\"@id\":\"https:\/\/reginett.ee\/toode\/aku-ego-power-75ah\/\",\"url\":\"https:\/\/reginett.ee\/toode\/aku-ego-power-75ah\/\",\"name\":\"Aku EGO Power+ 7,5Ah - Reginett\",\"isPartOf\":{\"@id\":\"https:\/\/reginett.ee\/#website\"},\"primaryImageOfPage\":{\"@id\":\"https:\/\/reginett.ee\/toode\/aku-ego-power-75ah\/#primaryimage\"},\"image\":{\"@id\":\"https:\/\/reginett.ee\/toode\/aku-ego-power-75ah\/#primaryimage\"},\"thumbnailUrl\":\"https:\/\/reginett.ee\/wp-content\/uploads\/2020\/04\/Aku_EGO-POWER-75-300x200-1.png\",\"datePublished\":\"2020-04-22T09:07:43+00:00\",\"dateModified\":\"2025-04-25T06:14:39+00:00\",\"breadcrumb\":{\"@id\":\"https:\/\/reginett.ee\/toode\/aku-ego-power-75ah\/#breadcrumb\"},\"inLanguage\":\"ru-RU\",\"potentialAction\":[{\"@type\":\"ReadAction\",\"target\":[\"https:\/\/reginett.ee\/toode\/aku-ego-power-75ah\/\"]}]},{\"@type\":\"ImageObject\",\"inLanguage\":\"ru-RU\",\"@id\":\"https:\/\/reginett.ee\/toode\/aku-ego-power-75ah\/#primaryimage\",\"url\":\"https:\/\/reginett.ee\/wp-content\/uploads\/2020\/04\/Aku_EGO-POWER-75-300x200-1.png\",\"contentUrl\":\"https:\/\/reginett.ee\/wp-content\/uploads\/2020\/04\/Aku_EGO-POWER-75-300x200-1.png\",\"width\":300,\"height\":200,\"caption\":\"Aku EGO POWER 7,5Ah\"},{\"@type\":\"BreadcrumbList\",\"@id\":\"https:\/\/reginett.ee\/toode\/aku-ego-power-75ah\/#breadcrumb\",\"itemListElement\":[{\"@type\":\"ListItem\",\"position\":1,\"name\":\"Home\",\"item\":\"https:\/\/reginett.ee\/ru\/\"},{\"@type\":\"ListItem\",\"position\":2,\"name\":\"Tooted\",\"item\":\"https:\/\/reginett.ee\/tooted\/\"},{\"@type\":\"ListItem\",\"position\":3,\"name\":\"Aku EGO Power+ 7,5Ah\"}]},{\"@type\":\"WebSite\",\"@id\":\"https:\/\/reginett.ee\/#website\",\"url\":\"https:\/\/reginett.ee\/\",\"name\":\"Reginett\",\"description\":\"Parimad robotniidukid\",\"potentialAction\":[{\"@type\":\"SearchAction\",\"target\":{\"@type\":\"EntryPoint\",\"urlTemplate\":\"https:\/\/reginett.ee\/?s={search_term_string}\"},\"query-input\":{\"@type\":\"PropertyValueSpecification\",\"valueRequired\":true,\"valueName\":\"search_term_string\"}}],\"inLanguage\":\"ru-RU\"}]}<\/script>\n<!-- \/ Yoast SEO plugin. -->","yoast_head_json":{"title":"Aku EGO Power+ 7,5Ah - Reginett","robots":{"index":"index","follow":"follow","max-snippet":"max-snippet:-1","max-image-preview":"max-image-preview:large","max-video-preview":"max-video-preview:-1"},"canonical":"https:\/\/reginett.ee\/toode\/aku-ego-power-75ah\/","og_locale":"ru_RU","og_type":"article","og_title":"Aku EGO Power+ 7,5Ah - Reginett","og_description":"EGO aku kaarjas kuju v\u00f5imaldab k\u00f5iki aku elemente nii laadimise kui ka t\u00f6\u00f6tamise ajal jahutada, v\u00f5imaldades kiirema laadimise ja pikema t\u00f6\u00f6aja. Elektroonika j\u00e4lgib eraldi k\u00f5ikide elementide seisukorda, tagades nii turvalisuse ja maksimaalse eluea. LED- n\u00e4idik aku t\u00e4ituvuse j\u00e4lgimiseks. P\u00f5rutuskindel, veekindel.","og_url":"https:\/\/reginett.ee\/toode\/aku-ego-power-75ah\/","og_site_name":"Reginett","article_modified_time":"2025-04-25T06:14:39+00:00","og_image":[{"width":300,"height":200,"url":"https:\/\/reginett.ee\/wp-content\/uploads\/2020\/04\/Aku_EGO-POWER-75-300x200-1.png","type":"image\/png"}],"twitter_card":"summary_large_image","schema":{"@context":"https:\/\/schema.org","@graph":[{"@type":"WebPage","@id":"https:\/\/reginett.ee\/toode\/aku-ego-power-75ah\/","url":"https:\/\/reginett.ee\/toode\/aku-ego-power-75ah\/","name":"Aku EGO Power+ 7,5Ah - Reginett","isPartOf":{"@id":"https:\/\/reginett.ee\/#website"},"primaryImageOfPage":{"@id":"https:\/\/reginett.ee\/toode\/aku-ego-power-75ah\/#primaryimage"},"image":{"@id":"https:\/\/reginett.ee\/toode\/aku-ego-power-75ah\/#primaryimage"},"thumbnailUrl":"https:\/\/reginett.ee\/wp-content\/uploads\/2020\/04\/Aku_EGO-POWER-75-300x200-1.png","datePublished":"2020-04-22T09:07:43+00:00","dateModified":"2025-04-25T06:14:39+00:00","breadcrumb":{"@id":"https:\/\/reginett.ee\/toode\/aku-ego-power-75ah\/#breadcrumb"},"inLanguage":"ru-RU","potentialAction":[{"@type":"ReadAction","target":["https:\/\/reginett.ee\/toode\/aku-ego-power-75ah\/"]}]},{"@type":"ImageObject","inLanguage":"ru-RU","@id":"https:\/\/reginett.ee\/toode\/aku-ego-power-75ah\/#primaryimage","url":"https:\/\/reginett.ee\/wp-content\/uploads\/2020\/04\/Aku_EGO-POWER-75-300x200-1.png","contentUrl":"https:\/\/reginett.ee\/wp-content\/uploads\/2020\/04\/Aku_EGO-POWER-75-300x200-1.png","width":300,"height":200,"caption":"Aku EGO POWER 7,5Ah"},{"@type":"BreadcrumbList","@id":"https:\/\/reginett.ee\/toode\/aku-ego-power-75ah\/#breadcrumb","itemListElement":[{"@type":"ListItem","position":1,"name":"Home","item":"https:\/\/reginett.ee\/ru\/"},{"@type":"ListItem","position":2,"name":"Tooted","item":"https:\/\/reginett.ee\/tooted\/"},{"@type":"ListItem","position":3,"name":"Aku EGO Power+ 7,5Ah"}]},{"@type":"WebSite","@id":"https:\/\/reginett.ee\/#website","url":"https:\/\/reginett.ee\/","name":"Reginett","description":"Parimad robotniidukid","potentialAction":[{"@type":"SearchAction","target":{"@type":"EntryPoint","urlTemplate":"https:\/\/reginett.ee\/?s={search_term_string}"},"query-input":{"@type":"PropertyValueSpecification","valueRequired":true,"valueName":"search_term_string"}}],"inLanguage":"ru-RU"}]}},"brands":[{"id":486,"name":"EGO","slug":"ego"}],"_links":{"self":[{"href":"https:\/\/reginett.ee\/ru\/wp-json\/wp\/v2\/product\/51908","targetHints":{"allow":["GET"]}}],"collection":[{"href":"https:\/\/reginett.ee\/ru\/wp-json\/wp\/v2\/product"}],"about":[{"href":"https:\/\/reginett.ee\/ru\/wp-json\/wp\/v2\/types\/product"}],"replies":[{"embeddable":true,"href":"https:\/\/reginett.ee\/ru\/wp-json\/wp\/v2\/comments?post=51908"}],"wp:featuredmedia":[{"embeddable":true,"href":"https:\/\/reginett.ee\/ru\/wp-json\/wp\/v2\/media\/51909"}],"wp:attachment":[{"href":"https:\/\/reginett.ee\/ru\/wp-json\/wp\/v2\/media?parent=51908"}],"wp:term":[{"taxonomy":"pwb-brand","embeddable":true,"href":"https:\/\/reginett.ee\/ru\/wp-json\/wp\/v2\/pwb-brand?post=51908"},{"taxonomy":"product_brand","embeddable":true,"href":"https:\/\/reginett.ee\/ru\/wp-json\/wp\/v2\/product_brand?post=51908"},{"taxonomy":"product_cat","embeddable":true,"href":"https:\/\/reginett.ee\/ru\/wp-json\/wp\/v2\/product_cat?post=51908"},{"taxonomy":"product_tag","embeddable":true,"href":"https:\/\/reginett.ee\/ru\/wp-json\/wp\/v2\/product_tag?post=51908"}],"curies":[{"name":"wp","href":"https:\/\/api.w.org\/{rel}","templated":true}]}}