{"id":51896,"date":"2022-03-05T15:19:39","date_gmt":"2022-03-05T12:19:39","guid":{"rendered":"https:\/\/reginett.ee\/?post_type=product&#038;p=51896"},"modified":"2023-07-30T09:23:23","modified_gmt":"2023-07-30T06:23:23","slug":"robottolmuimeja-vorwerk-kobold-vr300","status":"publish","type":"product","link":"https:\/\/reginett.ee\/ru\/toode\/robottolmuimeja-vorwerk-kobold-vr300\/","title":{"rendered":"Robottolmuimeja Vorwerk Kobold VR300"},"content":{"rendered":"<h2><span style=\"color: #993300;\"><strong>Ajakirja DIGI testiv\u00f5itja!<\/strong><\/span><\/h2>\n<p><strong>Vorwerk Kobold VR300<\/strong> kolmanda p\u00f5lvkonna mudel, millele on lisandunud t\u00e4ielik nutijuhtimine Android ja iOS (Apple) seadmete abil . Mobiilirakenduse abil on robot \u00fchendatud kodusesse WIFI-v\u00f5rku ning v\u00f5imaldab t\u00e4ielikku \u00fclevaadet roboti t\u00f6\u00f6st. Otse telefoni ekraanilt on robotile v\u00f5imalik m\u00e4\u00e4rata keelualad, millesse liikumist soovite v\u00e4listada.<\/p>\n<h3>K\u00d5RGTEHNOLOOGILINE IGAS DETAILIS<\/h3>\n<p>Lasernavigeerimiss\u00fcsteemi ning enam kui tosina sensori abil suudab navigeerida iga takistuse \u00fcmber:<br \/>\nKobold VR300 navigeerib m\u00f6\u00f6da tube s\u00fcstemaatiliselt samaaegse positsioneerimise ning kaardistamise SLAM tehnoloogiat kasutades (simultaneous localisation and mapping).<br \/>\nKolm esiosas paiknevat ultraheliandurit aitavad tuvastada l\u00e4bipaistvaid v\u00f5i peegelduvaid takistusi.<br \/>\nUltraheliandureid assisteerivad p\u00f5rkeraua all asuvad kontaktsensorid, mis tagavad minimaalse puudutuse enne takistuse \u00fcmber liikumist.<br \/>\nInfrapuna sensorid roboti k\u00fcljel ning all aitavad tuvastada trepiastmeid ja on abiks piki seina liikumisel.<br \/>\nSuudab \u00fcletada kuni 2 cm k\u00f5rgused takistused.<\/p>\n<p>T\u00e4nu tugevale imuj\u00f5ule t\u00f6\u00f6tab Kobold VR300 veenvalt igal vaibal ning k\u00f5val p\u00f5randakattel. See suudab koristada kogu elamise, j\u00e4ttes sulle vabaduse tegeleda asjadega, mida sa naudid.<br \/>\nV\u00f5imas Liitiumioonaku suudab t\u00f6\u00f6tada \u00fche laadimisega kuni 60 minutit ja ECO re\u017eiimis kuni 90 minutit ning koristada kuni 120m2 ala. Aku t\u00fchjenemisel liigub robot iseseisvalt laadija juurde ning j\u00e4tkab peale laadimist t\u00f6\u00f6d sealt, kus see pooleli j\u00e4i.<br \/>\nSee intelligentne robot ei avalda muljet mitte ainult oma t\u00e4pse navigeerimistehnoloogiaga. See saavutab ka suurep\u00e4rase tulemuse. \u00dclimalt efektiivne ja vastupidav mootor tekitab tugeva imemisj\u00f5u ning uue ehitusega hari v\u00f5imaldab isegi senisest paremat puhastustulemust. 1800 p\u00f6\u00f6ret minutis p\u00f6\u00f6rlev peahari tagab s\u00fcvapuhastuse vaipkatetel.<br \/>\nNUTIRAKENDUSE V\u00d5IMALUSED<\/p>\n<h3>RUUMI PLAAN<\/h3>\n<p>Esmase t\u00f6\u00f6tamise ajal uurib robot elamist rida rea j\u00e4rel ning salvestab tulemused ruumi plaani. J\u00e4rgmiste koristamiste k\u00e4igus j\u00e4rgib Kobold VR300 sama rada, tagades optimaalse koristustulemuse igal korral.<\/p>\n<h3>VIRTUAALSED KEELUJOONED (NO-GO LINES)<\/h3>\n<p>M\u00f5ned alad v\u00f5ivad olla isegi robotile raskesti ligip\u00e4\u00e4setavad. Need on v\u00f5imalik mobiilirakenduse abil m\u00e4rkida selliselt, et need on koristamise alast v\u00e4lja j\u00e4etud.<\/p>\n<h3>TEAVITUSED MOBIILILE<\/h3>\n<p>Soovi korral saab Kobold VR300 teavitada koristamise l\u00f5petamisest, saates teavituse otse mobiilse seadme ekraanile. Teavitus sisaldab infot, millised alad on koristatud ja kui kaua selleks aega kulus. Selliselt oled alati kursis, mida robot teeb. Samaviisi teavitab robot v\u00f5imalikest vigadest ning annab otseviite v\u00f5imalikele lahendustele.<\/p>\n<h3>KOHTPUHASTUS<\/h3>\n<p>K\u00fclaliste j\u00e4rel on m\u00f5ned kohad eriti mustad? Pole probleem! Kohtpuhastuse \u2018Spot Cleaning\u2019 funktsiooniga p\u00fcsib Kobold VR300 v\u00e4iksemal alal (2 m x 2 m v\u00f5i 4 m x 4 m).<\/p>\n","protected":false},"excerpt":{"rendered":"<h2><span style=\"color: #993300;\"><strong>Ajakirja DIGI testiv\u00f5itja!<\/strong><\/span><\/h2>\n<p><strong>Vorwerk Kobold VR300<\/strong> kolmanda p\u00f5lvkonna robottolmuimeja mudel, millele on lisandunud t\u00e4ielik nutijuhtimine Android ja iOS (Apple) seadmete abil . Mobiilirakenduse abil on robot \u00fchendatud kodusesse WIFI-v\u00f5rku ning v\u00f5imaldab t\u00e4ielikku \u00fclevaadet roboti t\u00f6\u00f6st. Otse telefoni ekraanilt on robotile v\u00f5imalik m\u00e4\u00e4rata keelualad, millesse liikumist soovite v\u00e4listada.<\/p>\n","protected":false},"featured_media":56794,"comment_status":"open","ping_status":"closed","template":"","meta":{"_acf_changed":false,"_et_pb_use_builder":"","_et_pb_old_content":"","_et_gb_content_width":"","inline_featured_image":false},"pwb-brand":[524],"product_brand":[],"product_cat":[28],"product_tag":[138,112],"class_list":{"0":"post-51896","1":"product","2":"type-product","3":"status-publish","4":"has-post-thumbnail","6":"pwb-brand-sabo","7":"product_cat-puhastustehnika","8":"product_tag-robottolmuimeja","9":"product_tag-tolmuimeja","11":"first","12":"outofstock","13":"sale","14":"shipping-taxable","15":"purchasable","16":"product-type-simple"},"acf":[],"yoast_head":"<!-- This site is optimized with the Yoast SEO plugin v26.6 - https:\/\/yoast.com\/wordpress\/plugins\/seo\/ -->\n<title>Robottolmuimeja Vorwerk Kobold VR300. Parim robottolmuimeja<\/title>\n<meta name=\"description\" content=\"Vorwerk Kobold VR300 kolmanda p\u00f5lvkonna mudel, millele on lisandunud t\u00e4ielik nutijuhtimine Android ja iOS (Apple) seadmete abil .\" \/>\n<meta name=\"robots\" content=\"index, follow, max-snippet:-1, max-image-preview:large, max-video-preview:-1\" \/>\n<link rel=\"canonical\" href=\"https:\/\/reginett.ee\/toode\/robottolmuimeja-vorwerk-kobold-vr300\/\" \/>\n<meta property=\"og:locale\" content=\"ru_RU\" \/>\n<meta property=\"og:type\" content=\"article\" \/>\n<meta property=\"og:title\" content=\"Robottolmuimeja Vorwerk Kobold VR300. Parim robottolmuimeja\" \/>\n<meta property=\"og:description\" content=\"Vorwerk Kobold VR300 kolmanda p\u00f5lvkonna mudel, millele on lisandunud t\u00e4ielik nutijuhtimine Android ja iOS (Apple) seadmete abil .\" \/>\n<meta property=\"og:url\" content=\"https:\/\/reginett.ee\/toode\/robottolmuimeja-vorwerk-kobold-vr300\/\" \/>\n<meta property=\"og:site_name\" content=\"Reginett\" \/>\n<meta property=\"article:modified_time\" content=\"2023-07-30T06:23:23+00:00\" \/>\n<meta property=\"og:image\" content=\"https:\/\/reginett.ee\/wp-content\/uploads\/2020\/04\/Vorwerk-Kobold-VR300-Reginett.jpg\" \/>\n\t<meta property=\"og:image:width\" content=\"768\" \/>\n\t<meta property=\"og:image:height\" content=\"512\" \/>\n\t<meta property=\"og:image:type\" content=\"image\/jpeg\" \/>\n<meta name=\"twitter:card\" content=\"summary_large_image\" \/>\n<meta name=\"twitter:label1\" content=\"\u041f\u0440\u0438\u043c\u0435\u0440\u043d\u043e\u0435 \u0432\u0440\u0435\u043c\u044f \u0434\u043b\u044f \u0447\u0442\u0435\u043d\u0438\u044f\" \/>\n\t<meta name=\"twitter:data1\" content=\"2 \u043c\u0438\u043d\u0443\u0442\u044b\" \/>\n<script type=\"application\/ld+json\" class=\"yoast-schema-graph\">{\"@context\":\"https:\/\/schema.org\",\"@graph\":[{\"@type\":\"WebPage\",\"@id\":\"https:\/\/reginett.ee\/toode\/robottolmuimeja-vorwerk-kobold-vr300\/\",\"url\":\"https:\/\/reginett.ee\/toode\/robottolmuimeja-vorwerk-kobold-vr300\/\",\"name\":\"Robottolmuimeja Vorwerk Kobold VR300. Parim robottolmuimeja\",\"isPartOf\":{\"@id\":\"https:\/\/reginett.ee\/#website\"},\"primaryImageOfPage\":{\"@id\":\"https:\/\/reginett.ee\/toode\/robottolmuimeja-vorwerk-kobold-vr300\/#primaryimage\"},\"image\":{\"@id\":\"https:\/\/reginett.ee\/toode\/robottolmuimeja-vorwerk-kobold-vr300\/#primaryimage\"},\"thumbnailUrl\":\"https:\/\/reginett.ee\/wp-content\/uploads\/2020\/04\/Vorwerk-Kobold-VR300-Reginett.jpg\",\"datePublished\":\"2022-03-05T12:19:39+00:00\",\"dateModified\":\"2023-07-30T06:23:23+00:00\",\"description\":\"Vorwerk Kobold VR300 kolmanda p\u00f5lvkonna mudel, millele on lisandunud t\u00e4ielik nutijuhtimine Android ja iOS (Apple) seadmete abil .\",\"breadcrumb\":{\"@id\":\"https:\/\/reginett.ee\/toode\/robottolmuimeja-vorwerk-kobold-vr300\/#breadcrumb\"},\"inLanguage\":\"ru-RU\",\"potentialAction\":[{\"@type\":\"ReadAction\",\"target\":[\"https:\/\/reginett.ee\/toode\/robottolmuimeja-vorwerk-kobold-vr300\/\"]}]},{\"@type\":\"ImageObject\",\"inLanguage\":\"ru-RU\",\"@id\":\"https:\/\/reginett.ee\/toode\/robottolmuimeja-vorwerk-kobold-vr300\/#primaryimage\",\"url\":\"https:\/\/reginett.ee\/wp-content\/uploads\/2020\/04\/Vorwerk-Kobold-VR300-Reginett.jpg\",\"contentUrl\":\"https:\/\/reginett.ee\/wp-content\/uploads\/2020\/04\/Vorwerk-Kobold-VR300-Reginett.jpg\",\"width\":768,\"height\":512},{\"@type\":\"BreadcrumbList\",\"@id\":\"https:\/\/reginett.ee\/toode\/robottolmuimeja-vorwerk-kobold-vr300\/#breadcrumb\",\"itemListElement\":[{\"@type\":\"ListItem\",\"position\":1,\"name\":\"Home\",\"item\":\"https:\/\/reginett.ee\/ru\/\"},{\"@type\":\"ListItem\",\"position\":2,\"name\":\"Tooted\",\"item\":\"https:\/\/reginett.ee\/tooted\/\"},{\"@type\":\"ListItem\",\"position\":3,\"name\":\"Robottolmuimeja Vorwerk Kobold VR300\"}]},{\"@type\":\"WebSite\",\"@id\":\"https:\/\/reginett.ee\/#website\",\"url\":\"https:\/\/reginett.ee\/\",\"name\":\"Reginett\",\"description\":\"Parimad robotniidukid\",\"potentialAction\":[{\"@type\":\"SearchAction\",\"target\":{\"@type\":\"EntryPoint\",\"urlTemplate\":\"https:\/\/reginett.ee\/?s={search_term_string}\"},\"query-input\":{\"@type\":\"PropertyValueSpecification\",\"valueRequired\":true,\"valueName\":\"search_term_string\"}}],\"inLanguage\":\"ru-RU\"}]}<\/script>\n<!-- \/ Yoast SEO plugin. -->","yoast_head_json":{"title":"Robottolmuimeja Vorwerk Kobold VR300. Parim robottolmuimeja","description":"Vorwerk Kobold VR300 kolmanda p\u00f5lvkonna mudel, millele on lisandunud t\u00e4ielik nutijuhtimine Android ja iOS (Apple) seadmete abil .","robots":{"index":"index","follow":"follow","max-snippet":"max-snippet:-1","max-image-preview":"max-image-preview:large","max-video-preview":"max-video-preview:-1"},"canonical":"https:\/\/reginett.ee\/toode\/robottolmuimeja-vorwerk-kobold-vr300\/","og_locale":"ru_RU","og_type":"article","og_title":"Robottolmuimeja Vorwerk Kobold VR300. Parim robottolmuimeja","og_description":"Vorwerk Kobold VR300 kolmanda p\u00f5lvkonna mudel, millele on lisandunud t\u00e4ielik nutijuhtimine Android ja iOS (Apple) seadmete abil .","og_url":"https:\/\/reginett.ee\/toode\/robottolmuimeja-vorwerk-kobold-vr300\/","og_site_name":"Reginett","article_modified_time":"2023-07-30T06:23:23+00:00","og_image":[{"width":768,"height":512,"url":"https:\/\/reginett.ee\/wp-content\/uploads\/2020\/04\/Vorwerk-Kobold-VR300-Reginett.jpg","type":"image\/jpeg"}],"twitter_card":"summary_large_image","twitter_misc":{"\u041f\u0440\u0438\u043c\u0435\u0440\u043d\u043e\u0435 \u0432\u0440\u0435\u043c\u044f \u0434\u043b\u044f \u0447\u0442\u0435\u043d\u0438\u044f":"2 \u043c\u0438\u043d\u0443\u0442\u044b"},"schema":{"@context":"https:\/\/schema.org","@graph":[{"@type":"WebPage","@id":"https:\/\/reginett.ee\/toode\/robottolmuimeja-vorwerk-kobold-vr300\/","url":"https:\/\/reginett.ee\/toode\/robottolmuimeja-vorwerk-kobold-vr300\/","name":"Robottolmuimeja Vorwerk Kobold VR300. Parim robottolmuimeja","isPartOf":{"@id":"https:\/\/reginett.ee\/#website"},"primaryImageOfPage":{"@id":"https:\/\/reginett.ee\/toode\/robottolmuimeja-vorwerk-kobold-vr300\/#primaryimage"},"image":{"@id":"https:\/\/reginett.ee\/toode\/robottolmuimeja-vorwerk-kobold-vr300\/#primaryimage"},"thumbnailUrl":"https:\/\/reginett.ee\/wp-content\/uploads\/2020\/04\/Vorwerk-Kobold-VR300-Reginett.jpg","datePublished":"2022-03-05T12:19:39+00:00","dateModified":"2023-07-30T06:23:23+00:00","description":"Vorwerk Kobold VR300 kolmanda p\u00f5lvkonna mudel, millele on lisandunud t\u00e4ielik nutijuhtimine Android ja iOS (Apple) seadmete abil .","breadcrumb":{"@id":"https:\/\/reginett.ee\/toode\/robottolmuimeja-vorwerk-kobold-vr300\/#breadcrumb"},"inLanguage":"ru-RU","potentialAction":[{"@type":"ReadAction","target":["https:\/\/reginett.ee\/toode\/robottolmuimeja-vorwerk-kobold-vr300\/"]}]},{"@type":"ImageObject","inLanguage":"ru-RU","@id":"https:\/\/reginett.ee\/toode\/robottolmuimeja-vorwerk-kobold-vr300\/#primaryimage","url":"https:\/\/reginett.ee\/wp-content\/uploads\/2020\/04\/Vorwerk-Kobold-VR300-Reginett.jpg","contentUrl":"https:\/\/reginett.ee\/wp-content\/uploads\/2020\/04\/Vorwerk-Kobold-VR300-Reginett.jpg","width":768,"height":512},{"@type":"BreadcrumbList","@id":"https:\/\/reginett.ee\/toode\/robottolmuimeja-vorwerk-kobold-vr300\/#breadcrumb","itemListElement":[{"@type":"ListItem","position":1,"name":"Home","item":"https:\/\/reginett.ee\/ru\/"},{"@type":"ListItem","position":2,"name":"Tooted","item":"https:\/\/reginett.ee\/tooted\/"},{"@type":"ListItem","position":3,"name":"Robottolmuimeja Vorwerk Kobold VR300"}]},{"@type":"WebSite","@id":"https:\/\/reginett.ee\/#website","url":"https:\/\/reginett.ee\/","name":"Reginett","description":"Parimad robotniidukid","potentialAction":[{"@type":"SearchAction","target":{"@type":"EntryPoint","urlTemplate":"https:\/\/reginett.ee\/?s={search_term_string}"},"query-input":{"@type":"PropertyValueSpecification","valueRequired":true,"valueName":"search_term_string"}}],"inLanguage":"ru-RU"}]}},"brands":[{"id":524,"name":"SABO","slug":"sabo"}],"_links":{"self":[{"href":"https:\/\/reginett.ee\/ru\/wp-json\/wp\/v2\/product\/51896","targetHints":{"allow":["GET"]}}],"collection":[{"href":"https:\/\/reginett.ee\/ru\/wp-json\/wp\/v2\/product"}],"about":[{"href":"https:\/\/reginett.ee\/ru\/wp-json\/wp\/v2\/types\/product"}],"replies":[{"embeddable":true,"href":"https:\/\/reginett.ee\/ru\/wp-json\/wp\/v2\/comments?post=51896"}],"wp:featuredmedia":[{"embeddable":true,"href":"https:\/\/reginett.ee\/ru\/wp-json\/wp\/v2\/media\/56794"}],"wp:attachment":[{"href":"https:\/\/reginett.ee\/ru\/wp-json\/wp\/v2\/media?parent=51896"}],"wp:term":[{"taxonomy":"pwb-brand","embeddable":true,"href":"https:\/\/reginett.ee\/ru\/wp-json\/wp\/v2\/pwb-brand?post=51896"},{"taxonomy":"product_brand","embeddable":true,"href":"https:\/\/reginett.ee\/ru\/wp-json\/wp\/v2\/product_brand?post=51896"},{"taxonomy":"product_cat","embeddable":true,"href":"https:\/\/reginett.ee\/ru\/wp-json\/wp\/v2\/product_cat?post=51896"},{"taxonomy":"product_tag","embeddable":true,"href":"https:\/\/reginett.ee\/ru\/wp-json\/wp\/v2\/product_tag?post=51896"}],"curies":[{"name":"wp","href":"https:\/\/api.w.org\/{rel}","templated":true}]}}