{"id":51892,"date":"2024-01-02T19:44:04","date_gmt":"2024-01-02T16:44:04","guid":{"rendered":"https:\/\/reginett.ee\/?post_type=product&#038;p=51892"},"modified":"2026-02-14T10:36:44","modified_gmt":"2026-02-14T07:36:44","slug":"omblusmasin-singer-1505m-uus","status":"publish","type":"product","link":"https:\/\/reginett.ee\/ru\/toode\/omblusmasin-singer-1505m-uus\/","title":{"rendered":"\u00d5mblusmasin Singer 1605M"},"content":{"rendered":"<p><strong>\u00d5mblusmasin Singer 1605M<\/strong>\u00a0 on uus, t\u00e4nap\u00e4evane elementaarne, lihtne ja soodne \u00f5mblusmasin. 6 erinevat pistet ja 4-etapiline n\u00f6\u00f6pauk.<\/p>\n<p>Kaasas 3 pressjalga ja muud vajalikud tarvikud, et alustada \u00f5mblemisega.<\/p>\n<p>Vabavars koos tarvikute sahtliga. Vertikaalne poolis\u00fcsteem.<\/p>\n<p>\u00d5litatav.<\/p>\n<p>Kaasas piltjuhend.<\/p>\n","protected":false},"excerpt":{"rendered":"<p>\u00d5mblusmasin Singer 1605M\u00a0 on uus, t\u00e4nap\u00e4evane elementaarne, lihtne ja soodne \u00f5mblusmasin. 6 erinevat pistet ja 4-etapiline n\u00f6\u00f6pauk. Kaasas 3 pressjalga ja muud vajalikud tarvikud, et alustada \u00f5mblemisega. Vabavars koos tarvikute sahtliga. Vertikaalne poolis\u00fcsteem. \u00d5litatav.<\/p>\n","protected":false},"featured_media":63049,"comment_status":"open","ping_status":"closed","template":"","meta":{"_acf_changed":false,"_et_pb_use_builder":"","_et_pb_old_content":"","_et_gb_content_width":"","inline_featured_image":false},"pwb-brand":[588],"product_brand":[],"product_cat":[134,55,152],"product_tag":[754,102,265,589,195],"class_list":{"0":"post-51892","1":"product","2":"type-product","3":"status-publish","4":"has-post-thumbnail","6":"pwb-brand-singer","7":"product_cat-eripakkumised","8":"product_cat-omblusmasinad-ja-tarvikud","9":"product_cat-singer","10":"product_tag-754","11":"product_tag-omblusmasin","12":"product_tag-singer","13":"product_tag-singer-omblusmasin","14":"product_tag-soodne-omblusmasin","16":"first","17":"outofstock","18":"sale","19":"shipping-taxable","20":"purchasable","21":"product-type-simple"},"acf":[],"yoast_head":"<!-- This site is optimized with the Yoast SEO plugin v26.6 - https:\/\/yoast.com\/wordpress\/plugins\/seo\/ -->\n<title>\u00d5mblusmasin Singer 1605M. Singer \u00f5mblusmasinad Reginetist<\/title>\n<meta name=\"description\" content=\"\u00d5mblusmasin Singer 1605M\u00a0 on uus, t\u00e4nap\u00e4evane elementaarne, lihtne ja soodne \u00f5mblusmasin. 6 erinevat pistet ja 4-etapiline n\u00f6\u00f6pauk.\" \/>\n<meta name=\"robots\" content=\"index, follow, max-snippet:-1, max-image-preview:large, max-video-preview:-1\" \/>\n<link rel=\"canonical\" href=\"https:\/\/reginett.ee\/toode\/omblusmasin-singer-1505m-uus\/\" \/>\n<meta property=\"og:locale\" content=\"ru_RU\" \/>\n<meta property=\"og:type\" content=\"article\" \/>\n<meta property=\"og:title\" content=\"\u00d5mblusmasin Singer 1605M. Singer \u00f5mblusmasinad Reginetist\" \/>\n<meta property=\"og:description\" content=\"\u00d5mblusmasin Singer 1605M\u00a0 on uus, t\u00e4nap\u00e4evane elementaarne, lihtne ja soodne \u00f5mblusmasin. 6 erinevat pistet ja 4-etapiline n\u00f6\u00f6pauk.\" \/>\n<meta property=\"og:url\" content=\"https:\/\/reginett.ee\/toode\/omblusmasin-singer-1505m-uus\/\" \/>\n<meta property=\"og:site_name\" content=\"Reginett\" \/>\n<meta property=\"article:modified_time\" content=\"2026-02-14T07:36:44+00:00\" \/>\n<meta property=\"og:image\" content=\"https:\/\/reginett.ee\/wp-content\/uploads\/2024\/01\/Omblusmasin-SInger-1605M.webp\" \/>\n\t<meta property=\"og:image:width\" content=\"1200\" \/>\n\t<meta property=\"og:image:height\" content=\"777\" \/>\n\t<meta property=\"og:image:type\" content=\"image\/webp\" \/>\n<meta name=\"twitter:card\" content=\"summary_large_image\" \/>\n<meta name=\"twitter:label1\" content=\"\u041f\u0440\u0438\u043c\u0435\u0440\u043d\u043e\u0435 \u0432\u0440\u0435\u043c\u044f \u0434\u043b\u044f \u0447\u0442\u0435\u043d\u0438\u044f\" \/>\n\t<meta name=\"twitter:data1\" content=\"1 \u043c\u0438\u043d\u0443\u0442\u0430\" \/>\n<script type=\"application\/ld+json\" class=\"yoast-schema-graph\">{\"@context\":\"https:\/\/schema.org\",\"@graph\":[{\"@type\":\"WebPage\",\"@id\":\"https:\/\/reginett.ee\/toode\/omblusmasin-singer-1505m-uus\/\",\"url\":\"https:\/\/reginett.ee\/toode\/omblusmasin-singer-1505m-uus\/\",\"name\":\"\u00d5mblusmasin Singer 1605M. Singer \u00f5mblusmasinad Reginetist\",\"isPartOf\":{\"@id\":\"https:\/\/reginett.ee\/#website\"},\"primaryImageOfPage\":{\"@id\":\"https:\/\/reginett.ee\/toode\/omblusmasin-singer-1505m-uus\/#primaryimage\"},\"image\":{\"@id\":\"https:\/\/reginett.ee\/toode\/omblusmasin-singer-1505m-uus\/#primaryimage\"},\"thumbnailUrl\":\"https:\/\/reginett.ee\/wp-content\/uploads\/2024\/01\/Omblusmasin-SInger-1605M.webp\",\"datePublished\":\"2024-01-02T16:44:04+00:00\",\"dateModified\":\"2026-02-14T07:36:44+00:00\",\"description\":\"\u00d5mblusmasin Singer 1605M\u00a0 on uus, t\u00e4nap\u00e4evane elementaarne, lihtne ja soodne \u00f5mblusmasin. 6 erinevat pistet ja 4-etapiline n\u00f6\u00f6pauk.\",\"breadcrumb\":{\"@id\":\"https:\/\/reginett.ee\/toode\/omblusmasin-singer-1505m-uus\/#breadcrumb\"},\"inLanguage\":\"ru-RU\",\"potentialAction\":[{\"@type\":\"ReadAction\",\"target\":[\"https:\/\/reginett.ee\/toode\/omblusmasin-singer-1505m-uus\/\"]}]},{\"@type\":\"ImageObject\",\"inLanguage\":\"ru-RU\",\"@id\":\"https:\/\/reginett.ee\/toode\/omblusmasin-singer-1505m-uus\/#primaryimage\",\"url\":\"https:\/\/reginett.ee\/wp-content\/uploads\/2024\/01\/Omblusmasin-SInger-1605M.webp\",\"contentUrl\":\"https:\/\/reginett.ee\/wp-content\/uploads\/2024\/01\/Omblusmasin-SInger-1605M.webp\",\"width\":1200,\"height\":777},{\"@type\":\"BreadcrumbList\",\"@id\":\"https:\/\/reginett.ee\/toode\/omblusmasin-singer-1505m-uus\/#breadcrumb\",\"itemListElement\":[{\"@type\":\"ListItem\",\"position\":1,\"name\":\"Home\",\"item\":\"https:\/\/reginett.ee\/ru\/\"},{\"@type\":\"ListItem\",\"position\":2,\"name\":\"Tooted\",\"item\":\"https:\/\/reginett.ee\/tooted\/\"},{\"@type\":\"ListItem\",\"position\":3,\"name\":\"\u00d5mblusmasin Singer 1605M\"}]},{\"@type\":\"WebSite\",\"@id\":\"https:\/\/reginett.ee\/#website\",\"url\":\"https:\/\/reginett.ee\/\",\"name\":\"Reginett\",\"description\":\"Parimad robotniidukid\",\"potentialAction\":[{\"@type\":\"SearchAction\",\"target\":{\"@type\":\"EntryPoint\",\"urlTemplate\":\"https:\/\/reginett.ee\/?s={search_term_string}\"},\"query-input\":{\"@type\":\"PropertyValueSpecification\",\"valueRequired\":true,\"valueName\":\"search_term_string\"}}],\"inLanguage\":\"ru-RU\"}]}<\/script>\n<!-- \/ Yoast SEO plugin. -->","yoast_head_json":{"title":"\u00d5mblusmasin Singer 1605M. Singer \u00f5mblusmasinad Reginetist","description":"\u00d5mblusmasin Singer 1605M\u00a0 on uus, t\u00e4nap\u00e4evane elementaarne, lihtne ja soodne \u00f5mblusmasin. 6 erinevat pistet ja 4-etapiline n\u00f6\u00f6pauk.","robots":{"index":"index","follow":"follow","max-snippet":"max-snippet:-1","max-image-preview":"max-image-preview:large","max-video-preview":"max-video-preview:-1"},"canonical":"https:\/\/reginett.ee\/toode\/omblusmasin-singer-1505m-uus\/","og_locale":"ru_RU","og_type":"article","og_title":"\u00d5mblusmasin Singer 1605M. Singer \u00f5mblusmasinad Reginetist","og_description":"\u00d5mblusmasin Singer 1605M\u00a0 on uus, t\u00e4nap\u00e4evane elementaarne, lihtne ja soodne \u00f5mblusmasin. 6 erinevat pistet ja 4-etapiline n\u00f6\u00f6pauk.","og_url":"https:\/\/reginett.ee\/toode\/omblusmasin-singer-1505m-uus\/","og_site_name":"Reginett","article_modified_time":"2026-02-14T07:36:44+00:00","og_image":[{"width":1200,"height":777,"url":"https:\/\/reginett.ee\/wp-content\/uploads\/2024\/01\/Omblusmasin-SInger-1605M.webp","type":"image\/webp"}],"twitter_card":"summary_large_image","twitter_misc":{"\u041f\u0440\u0438\u043c\u0435\u0440\u043d\u043e\u0435 \u0432\u0440\u0435\u043c\u044f \u0434\u043b\u044f \u0447\u0442\u0435\u043d\u0438\u044f":"1 \u043c\u0438\u043d\u0443\u0442\u0430"},"schema":{"@context":"https:\/\/schema.org","@graph":[{"@type":"WebPage","@id":"https:\/\/reginett.ee\/toode\/omblusmasin-singer-1505m-uus\/","url":"https:\/\/reginett.ee\/toode\/omblusmasin-singer-1505m-uus\/","name":"\u00d5mblusmasin Singer 1605M. Singer \u00f5mblusmasinad Reginetist","isPartOf":{"@id":"https:\/\/reginett.ee\/#website"},"primaryImageOfPage":{"@id":"https:\/\/reginett.ee\/toode\/omblusmasin-singer-1505m-uus\/#primaryimage"},"image":{"@id":"https:\/\/reginett.ee\/toode\/omblusmasin-singer-1505m-uus\/#primaryimage"},"thumbnailUrl":"https:\/\/reginett.ee\/wp-content\/uploads\/2024\/01\/Omblusmasin-SInger-1605M.webp","datePublished":"2024-01-02T16:44:04+00:00","dateModified":"2026-02-14T07:36:44+00:00","description":"\u00d5mblusmasin Singer 1605M\u00a0 on uus, t\u00e4nap\u00e4evane elementaarne, lihtne ja soodne \u00f5mblusmasin. 6 erinevat pistet ja 4-etapiline n\u00f6\u00f6pauk.","breadcrumb":{"@id":"https:\/\/reginett.ee\/toode\/omblusmasin-singer-1505m-uus\/#breadcrumb"},"inLanguage":"ru-RU","potentialAction":[{"@type":"ReadAction","target":["https:\/\/reginett.ee\/toode\/omblusmasin-singer-1505m-uus\/"]}]},{"@type":"ImageObject","inLanguage":"ru-RU","@id":"https:\/\/reginett.ee\/toode\/omblusmasin-singer-1505m-uus\/#primaryimage","url":"https:\/\/reginett.ee\/wp-content\/uploads\/2024\/01\/Omblusmasin-SInger-1605M.webp","contentUrl":"https:\/\/reginett.ee\/wp-content\/uploads\/2024\/01\/Omblusmasin-SInger-1605M.webp","width":1200,"height":777},{"@type":"BreadcrumbList","@id":"https:\/\/reginett.ee\/toode\/omblusmasin-singer-1505m-uus\/#breadcrumb","itemListElement":[{"@type":"ListItem","position":1,"name":"Home","item":"https:\/\/reginett.ee\/ru\/"},{"@type":"ListItem","position":2,"name":"Tooted","item":"https:\/\/reginett.ee\/tooted\/"},{"@type":"ListItem","position":3,"name":"\u00d5mblusmasin Singer 1605M"}]},{"@type":"WebSite","@id":"https:\/\/reginett.ee\/#website","url":"https:\/\/reginett.ee\/","name":"Reginett","description":"Parimad robotniidukid","potentialAction":[{"@type":"SearchAction","target":{"@type":"EntryPoint","urlTemplate":"https:\/\/reginett.ee\/?s={search_term_string}"},"query-input":{"@type":"PropertyValueSpecification","valueRequired":true,"valueName":"search_term_string"}}],"inLanguage":"ru-RU"}]}},"brands":[{"id":588,"name":"Singer","slug":"singer"}],"_links":{"self":[{"href":"https:\/\/reginett.ee\/ru\/wp-json\/wp\/v2\/product\/51892","targetHints":{"allow":["GET"]}}],"collection":[{"href":"https:\/\/reginett.ee\/ru\/wp-json\/wp\/v2\/product"}],"about":[{"href":"https:\/\/reginett.ee\/ru\/wp-json\/wp\/v2\/types\/product"}],"replies":[{"embeddable":true,"href":"https:\/\/reginett.ee\/ru\/wp-json\/wp\/v2\/comments?post=51892"}],"wp:featuredmedia":[{"embeddable":true,"href":"https:\/\/reginett.ee\/ru\/wp-json\/wp\/v2\/media\/63049"}],"wp:attachment":[{"href":"https:\/\/reginett.ee\/ru\/wp-json\/wp\/v2\/media?parent=51892"}],"wp:term":[{"taxonomy":"pwb-brand","embeddable":true,"href":"https:\/\/reginett.ee\/ru\/wp-json\/wp\/v2\/pwb-brand?post=51892"},{"taxonomy":"product_brand","embeddable":true,"href":"https:\/\/reginett.ee\/ru\/wp-json\/wp\/v2\/product_brand?post=51892"},{"taxonomy":"product_cat","embeddable":true,"href":"https:\/\/reginett.ee\/ru\/wp-json\/wp\/v2\/product_cat?post=51892"},{"taxonomy":"product_tag","embeddable":true,"href":"https:\/\/reginett.ee\/ru\/wp-json\/wp\/v2\/product_tag?post=51892"}],"curies":[{"name":"wp","href":"https:\/\/api.w.org\/{rel}","templated":true}]}}