{"id":51883,"date":"2020-11-04T19:13:53","date_gmt":"2020-11-04T16:13:53","guid":{"rendered":"https:\/\/reginett.ee\/?post_type=product&#038;p=51883"},"modified":"2022-01-12T19:04:00","modified_gmt":"2022-01-12T16:04:00","slug":"omblusmasin-pfaff-ambition-610-uus","status":"publish","type":"product","link":"https:\/\/reginett.ee\/ru\/toode\/omblusmasin-pfaff-ambition-610-uus\/","title":{"rendered":"\u00d5mblusmasin PFAFF Ambition 610"},"content":{"rendered":"<p>PFAFF Ambition 610 mudelil on 110 pistet. Lai t\u00f6\u00f6pind ja suur valik 7 mm pisted 6 automaatset n\u00f6\u00f6pauku 2 t\u00e4hestikku Kahe riides\u00f6\u00f6tja s\u00fcsteem -IDT on kohe masina k\u00fcljes. Kiirkinnitusega pressjalg. Reguleeritav pressjala surve. 1 m\u00e4lu oma pistete salvestamiseks. 29 n\u00f5ela asendit. N\u00f5ela niidistaja, pealtlaetav poolipesa, \u00f5livaba. Elektrooniline n\u00f5elaj\u00f5u kontroll. 2 LED valgustit. Kaasas k\u00f5va plastikust kate!<\/p>\n","protected":false},"excerpt":{"rendered":"<p>PFAFF Ambition 610 mudelil on 110 pistet. Lai t\u00f6\u00f6pind ja suur valik 7 mm pisted 6 automaatset n\u00f6\u00f6pauku 2 t\u00e4hestikku Kahe riides\u00f6\u00f6tja s\u00fcsteem -IDT on kohe masina k\u00fcljes. Kiirkinnitusega pressjalg. Reguleeritav pressjala surve. 1 m\u00e4lu oma pistete salvestamiseks. 29 n\u00f5ela asendit. N\u00f5ela niidistaja, pealtlaetav poolipesa, \u00f5livaba. Elektrooniline n\u00f5elaj\u00f5u kontroll. 2 LED valgustit. Kaasas k\u00f5va plastikust kate!<\/p>\n","protected":false},"featured_media":51885,"comment_status":"open","ping_status":"closed","template":"","meta":{"_acf_changed":false,"_et_pb_use_builder":"","_et_pb_old_content":"","_et_gb_content_width":"","inline_featured_image":false},"pwb-brand":[],"product_brand":[],"product_cat":[55,155],"product_tag":[102],"class_list":{"0":"post-51883","1":"product","2":"type-product","3":"status-publish","4":"has-post-thumbnail","6":"product_cat-omblusmasinad-ja-tarvikud","7":"product_cat-pfaff","8":"product_tag-omblusmasin","10":"first","11":"instock","12":"shipping-taxable","13":"purchasable","14":"product-type-simple"},"acf":[],"yoast_head":"<!-- This site is optimized with the Yoast SEO plugin v26.6 - https:\/\/yoast.com\/wordpress\/plugins\/seo\/ -->\n<title>\u00d5mblusmasin PFAFF Ambition 610 - Reginett<\/title>\n<meta name=\"robots\" content=\"index, follow, max-snippet:-1, max-image-preview:large, max-video-preview:-1\" \/>\n<link rel=\"canonical\" href=\"https:\/\/reginett.ee\/toode\/omblusmasin-pfaff-ambition-610-uus\/\" \/>\n<meta property=\"og:locale\" content=\"ru_RU\" \/>\n<meta property=\"og:type\" content=\"article\" \/>\n<meta property=\"og:title\" content=\"\u00d5mblusmasin PFAFF Ambition 610 - Reginett\" \/>\n<meta property=\"og:description\" content=\"PFAFF Ambition 610 mudelil on 110 pistet. Lai t\u00f6\u00f6pind ja suur valik 7 mm pisted 6 automaatset n\u00f6\u00f6pauku 2 t\u00e4hestikku Kahe riides\u00f6\u00f6tja s\u00fcsteem -IDT on kohe masina k\u00fcljes. Kiirkinnitusega pressjalg. Reguleeritav pressjala surve. 1 m\u00e4lu oma pistete salvestamiseks. 29 n\u00f5ela asendit. N\u00f5ela niidistaja, pealtlaetav poolipesa, \u00f5livaba. Elektrooniline n\u00f5elaj\u00f5u kontroll. 2 LED valgustit. Kaasas k\u00f5va plastikust kate!\" \/>\n<meta property=\"og:url\" content=\"https:\/\/reginett.ee\/toode\/omblusmasin-pfaff-ambition-610-uus\/\" \/>\n<meta property=\"og:site_name\" content=\"Reginett\" \/>\n<meta property=\"article:modified_time\" content=\"2022-01-12T16:04:00+00:00\" \/>\n<meta property=\"og:image\" content=\"https:\/\/reginett.ee\/wp-content\/uploads\/2020\/04\/medium_ambition_610q.jpg\" \/>\n\t<meta property=\"og:image:width\" content=\"360\" \/>\n\t<meta property=\"og:image:height\" content=\"201\" \/>\n\t<meta property=\"og:image:type\" content=\"image\/jpeg\" \/>\n<meta name=\"twitter:card\" content=\"summary_large_image\" \/>\n<script type=\"application\/ld+json\" class=\"yoast-schema-graph\">{\"@context\":\"https:\/\/schema.org\",\"@graph\":[{\"@type\":\"WebPage\",\"@id\":\"https:\/\/reginett.ee\/toode\/omblusmasin-pfaff-ambition-610-uus\/\",\"url\":\"https:\/\/reginett.ee\/toode\/omblusmasin-pfaff-ambition-610-uus\/\",\"name\":\"\u00d5mblusmasin PFAFF Ambition 610 - Reginett\",\"isPartOf\":{\"@id\":\"https:\/\/reginett.ee\/#website\"},\"primaryImageOfPage\":{\"@id\":\"https:\/\/reginett.ee\/toode\/omblusmasin-pfaff-ambition-610-uus\/#primaryimage\"},\"image\":{\"@id\":\"https:\/\/reginett.ee\/toode\/omblusmasin-pfaff-ambition-610-uus\/#primaryimage\"},\"thumbnailUrl\":\"https:\/\/reginett.ee\/wp-content\/uploads\/2020\/04\/medium_ambition_610q.jpg\",\"datePublished\":\"2020-11-04T16:13:53+00:00\",\"dateModified\":\"2022-01-12T16:04:00+00:00\",\"breadcrumb\":{\"@id\":\"https:\/\/reginett.ee\/toode\/omblusmasin-pfaff-ambition-610-uus\/#breadcrumb\"},\"inLanguage\":\"ru-RU\",\"potentialAction\":[{\"@type\":\"ReadAction\",\"target\":[\"https:\/\/reginett.ee\/toode\/omblusmasin-pfaff-ambition-610-uus\/\"]}]},{\"@type\":\"ImageObject\",\"inLanguage\":\"ru-RU\",\"@id\":\"https:\/\/reginett.ee\/toode\/omblusmasin-pfaff-ambition-610-uus\/#primaryimage\",\"url\":\"https:\/\/reginett.ee\/wp-content\/uploads\/2020\/04\/medium_ambition_610q.jpg\",\"contentUrl\":\"https:\/\/reginett.ee\/wp-content\/uploads\/2020\/04\/medium_ambition_610q.jpg\",\"width\":360,\"height\":201,\"caption\":\"PFAFF Ambition 610\"},{\"@type\":\"BreadcrumbList\",\"@id\":\"https:\/\/reginett.ee\/toode\/omblusmasin-pfaff-ambition-610-uus\/#breadcrumb\",\"itemListElement\":[{\"@type\":\"ListItem\",\"position\":1,\"name\":\"Home\",\"item\":\"https:\/\/reginett.ee\/ru\/\"},{\"@type\":\"ListItem\",\"position\":2,\"name\":\"Tooted\",\"item\":\"https:\/\/reginett.ee\/tooted\/\"},{\"@type\":\"ListItem\",\"position\":3,\"name\":\"\u00d5mblusmasin PFAFF Ambition 610\"}]},{\"@type\":\"WebSite\",\"@id\":\"https:\/\/reginett.ee\/#website\",\"url\":\"https:\/\/reginett.ee\/\",\"name\":\"Reginett\",\"description\":\"Parimad robotniidukid\",\"potentialAction\":[{\"@type\":\"SearchAction\",\"target\":{\"@type\":\"EntryPoint\",\"urlTemplate\":\"https:\/\/reginett.ee\/?s={search_term_string}\"},\"query-input\":{\"@type\":\"PropertyValueSpecification\",\"valueRequired\":true,\"valueName\":\"search_term_string\"}}],\"inLanguage\":\"ru-RU\"}]}<\/script>\n<!-- \/ Yoast SEO plugin. -->","yoast_head_json":{"title":"\u00d5mblusmasin PFAFF Ambition 610 - Reginett","robots":{"index":"index","follow":"follow","max-snippet":"max-snippet:-1","max-image-preview":"max-image-preview:large","max-video-preview":"max-video-preview:-1"},"canonical":"https:\/\/reginett.ee\/toode\/omblusmasin-pfaff-ambition-610-uus\/","og_locale":"ru_RU","og_type":"article","og_title":"\u00d5mblusmasin PFAFF Ambition 610 - Reginett","og_description":"PFAFF Ambition 610 mudelil on 110 pistet. Lai t\u00f6\u00f6pind ja suur valik 7 mm pisted 6 automaatset n\u00f6\u00f6pauku 2 t\u00e4hestikku Kahe riides\u00f6\u00f6tja s\u00fcsteem -IDT on kohe masina k\u00fcljes. Kiirkinnitusega pressjalg. Reguleeritav pressjala surve. 1 m\u00e4lu oma pistete salvestamiseks. 29 n\u00f5ela asendit. N\u00f5ela niidistaja, pealtlaetav poolipesa, \u00f5livaba. Elektrooniline n\u00f5elaj\u00f5u kontroll. 2 LED valgustit. Kaasas k\u00f5va plastikust kate!","og_url":"https:\/\/reginett.ee\/toode\/omblusmasin-pfaff-ambition-610-uus\/","og_site_name":"Reginett","article_modified_time":"2022-01-12T16:04:00+00:00","og_image":[{"width":360,"height":201,"url":"https:\/\/reginett.ee\/wp-content\/uploads\/2020\/04\/medium_ambition_610q.jpg","type":"image\/jpeg"}],"twitter_card":"summary_large_image","schema":{"@context":"https:\/\/schema.org","@graph":[{"@type":"WebPage","@id":"https:\/\/reginett.ee\/toode\/omblusmasin-pfaff-ambition-610-uus\/","url":"https:\/\/reginett.ee\/toode\/omblusmasin-pfaff-ambition-610-uus\/","name":"\u00d5mblusmasin PFAFF Ambition 610 - Reginett","isPartOf":{"@id":"https:\/\/reginett.ee\/#website"},"primaryImageOfPage":{"@id":"https:\/\/reginett.ee\/toode\/omblusmasin-pfaff-ambition-610-uus\/#primaryimage"},"image":{"@id":"https:\/\/reginett.ee\/toode\/omblusmasin-pfaff-ambition-610-uus\/#primaryimage"},"thumbnailUrl":"https:\/\/reginett.ee\/wp-content\/uploads\/2020\/04\/medium_ambition_610q.jpg","datePublished":"2020-11-04T16:13:53+00:00","dateModified":"2022-01-12T16:04:00+00:00","breadcrumb":{"@id":"https:\/\/reginett.ee\/toode\/omblusmasin-pfaff-ambition-610-uus\/#breadcrumb"},"inLanguage":"ru-RU","potentialAction":[{"@type":"ReadAction","target":["https:\/\/reginett.ee\/toode\/omblusmasin-pfaff-ambition-610-uus\/"]}]},{"@type":"ImageObject","inLanguage":"ru-RU","@id":"https:\/\/reginett.ee\/toode\/omblusmasin-pfaff-ambition-610-uus\/#primaryimage","url":"https:\/\/reginett.ee\/wp-content\/uploads\/2020\/04\/medium_ambition_610q.jpg","contentUrl":"https:\/\/reginett.ee\/wp-content\/uploads\/2020\/04\/medium_ambition_610q.jpg","width":360,"height":201,"caption":"PFAFF Ambition 610"},{"@type":"BreadcrumbList","@id":"https:\/\/reginett.ee\/toode\/omblusmasin-pfaff-ambition-610-uus\/#breadcrumb","itemListElement":[{"@type":"ListItem","position":1,"name":"Home","item":"https:\/\/reginett.ee\/ru\/"},{"@type":"ListItem","position":2,"name":"Tooted","item":"https:\/\/reginett.ee\/tooted\/"},{"@type":"ListItem","position":3,"name":"\u00d5mblusmasin PFAFF Ambition 610"}]},{"@type":"WebSite","@id":"https:\/\/reginett.ee\/#website","url":"https:\/\/reginett.ee\/","name":"Reginett","description":"Parimad robotniidukid","potentialAction":[{"@type":"SearchAction","target":{"@type":"EntryPoint","urlTemplate":"https:\/\/reginett.ee\/?s={search_term_string}"},"query-input":{"@type":"PropertyValueSpecification","valueRequired":true,"valueName":"search_term_string"}}],"inLanguage":"ru-RU"}]}},"brands":[],"_links":{"self":[{"href":"https:\/\/reginett.ee\/ru\/wp-json\/wp\/v2\/product\/51883","targetHints":{"allow":["GET"]}}],"collection":[{"href":"https:\/\/reginett.ee\/ru\/wp-json\/wp\/v2\/product"}],"about":[{"href":"https:\/\/reginett.ee\/ru\/wp-json\/wp\/v2\/types\/product"}],"replies":[{"embeddable":true,"href":"https:\/\/reginett.ee\/ru\/wp-json\/wp\/v2\/comments?post=51883"}],"wp:featuredmedia":[{"embeddable":true,"href":"https:\/\/reginett.ee\/ru\/wp-json\/wp\/v2\/media\/51885"}],"wp:attachment":[{"href":"https:\/\/reginett.ee\/ru\/wp-json\/wp\/v2\/media?parent=51883"}],"wp:term":[{"taxonomy":"pwb-brand","embeddable":true,"href":"https:\/\/reginett.ee\/ru\/wp-json\/wp\/v2\/pwb-brand?post=51883"},{"taxonomy":"product_brand","embeddable":true,"href":"https:\/\/reginett.ee\/ru\/wp-json\/wp\/v2\/product_brand?post=51883"},{"taxonomy":"product_cat","embeddable":true,"href":"https:\/\/reginett.ee\/ru\/wp-json\/wp\/v2\/product_cat?post=51883"},{"taxonomy":"product_tag","embeddable":true,"href":"https:\/\/reginett.ee\/ru\/wp-json\/wp\/v2\/product_tag?post=51883"}],"curies":[{"name":"wp","href":"https:\/\/api.w.org\/{rel}","templated":true}]}}