{"id":51874,"date":"2020-04-21T18:43:49","date_gmt":"2020-04-21T15:43:49","guid":{"rendered":"https:\/\/reginett.ee\/?post_type=product&#038;p=51874"},"modified":"2023-04-19T13:32:30","modified_gmt":"2023-04-19T10:32:30","slug":"overlokmasin-husqvarna-viking-amber-air-s-400-uus","status":"publish","type":"product","link":"https:\/\/reginett.ee\/ru\/toode\/overlokmasin-husqvarna-viking-amber-air-s-400-uus\/","title":{"rendered":"Overlokmasin Husqvarna Viking AMBER\u2122 Air S | 400 UUS!"},"content":{"rendered":"<p>AMBER\u2122 Air S | 400. Naudi \u00f5huga niidistuss\u00fcsteemi HUSQVARNA\u00ae VIKING\u00ae AMBER\u2122 Air S | 400 overlok masinaga.<br \/>\nOMADUSED<br \/>\n\u00d5huga niidistatavad haarajad. Vajutades kangi on masin niidistatud.<br \/>\nSisseehitatud n\u00f5elasilma niidistajad. N\u00fc\u00fcd on ka overloki n\u00f5elu lihtne niidistada.<br \/>\n15 pistet<br \/>\nDifferentsiaals\u00f6\u00f6de \u2013 reguleerib riide ettes\u00f6\u00f6det vastavalt sinu vajadustele ja materjallle.<br \/>\nLED valgustus<\/p>\n","protected":false},"excerpt":{"rendered":"<p>AMBER\u2122 Air S | 400. Naudi \u00f5huga niidistuss\u00fcsteemi HUSQVARNA\u00ae VIKING\u00ae AMBER\u2122 Air S | 400 overlok masinaga.<br \/>\nOMADUSED<br \/>\n\u00d5huga niidistatavad haarajad. Vajutades kangi on masin niidistatud.<br \/>\nSisseehitatud n\u00f5elasilma niidistajad. N\u00fc\u00fcd on ka overloki n\u00f5elu lihtne niidistada.<br \/>\n15 pistet<br \/>\nDifferentsiaals\u00f6\u00f6de \u2013 reguleerib riide ettes\u00f6\u00f6det vastavalt sinu vajadustele ja materjallle.<br \/>\nLED valgustus<\/p>\n","protected":false},"featured_media":51876,"comment_status":"open","ping_status":"closed","template":"","meta":{"_acf_changed":false,"_et_pb_use_builder":"","_et_pb_old_content":"","_et_gb_content_width":"","inline_featured_image":false},"pwb-brand":[],"product_brand":[],"product_cat":[151,55],"product_tag":[102,136],"class_list":{"0":"post-51874","1":"product","2":"type-product","3":"status-publish","4":"has-post-thumbnail","6":"product_cat-husqvarna-viking","7":"product_cat-omblusmasinad-ja-tarvikud","8":"product_tag-omblusmasin","9":"product_tag-overlok","11":"first","12":"outofstock","13":"shipping-taxable","14":"purchasable","15":"product-type-simple"},"acf":[],"yoast_head":"<!-- This site is optimized with the Yoast SEO plugin v26.6 - https:\/\/yoast.com\/wordpress\/plugins\/seo\/ -->\n<title>Overlokmasin Husqvarna Viking AMBER\u2122 Air S | 400 UUS! - Reginett<\/title>\n<meta name=\"robots\" content=\"index, follow, max-snippet:-1, max-image-preview:large, max-video-preview:-1\" \/>\n<link rel=\"canonical\" href=\"https:\/\/reginett.ee\/toode\/overlokmasin-husqvarna-viking-amber-air-s-400-uus\/\" \/>\n<meta property=\"og:locale\" content=\"ru_RU\" \/>\n<meta property=\"og:type\" content=\"article\" \/>\n<meta property=\"og:title\" content=\"Overlokmasin Husqvarna Viking AMBER\u2122 Air S | 400 UUS! - Reginett\" \/>\n<meta property=\"og:description\" content=\"AMBER\u2122 Air S | 400. Naudi \u00f5huga niidistuss\u00fcsteemi HUSQVARNA\u00ae VIKING\u00ae AMBER\u2122 Air S | 400 overlok masinaga. OMADUSED \u00d5huga niidistatavad haarajad. Vajutades kangi on masin niidistatud. Sisseehitatud n\u00f5elasilma niidistajad. N\u00fc\u00fcd on ka overloki n\u00f5elu lihtne niidistada. 15 pistet Differentsiaals\u00f6\u00f6de \u2013 reguleerib riide ettes\u00f6\u00f6det vastavalt sinu vajadustele ja materjallle. LED valgustus\" \/>\n<meta property=\"og:url\" content=\"https:\/\/reginett.ee\/toode\/overlokmasin-husqvarna-viking-amber-air-s-400-uus\/\" \/>\n<meta property=\"og:site_name\" content=\"Reginett\" \/>\n<meta property=\"article:modified_time\" content=\"2023-04-19T10:32:30+00:00\" \/>\n<meta property=\"og:image\" content=\"https:\/\/reginett.ee\/wp-content\/uploads\/2020\/04\/medium_air_s400.jpg\" \/>\n\t<meta property=\"og:image:width\" content=\"360\" \/>\n\t<meta property=\"og:image:height\" content=\"210\" \/>\n\t<meta property=\"og:image:type\" content=\"image\/jpeg\" \/>\n<meta name=\"twitter:card\" content=\"summary_large_image\" \/>\n<script type=\"application\/ld+json\" class=\"yoast-schema-graph\">{\"@context\":\"https:\/\/schema.org\",\"@graph\":[{\"@type\":\"WebPage\",\"@id\":\"https:\/\/reginett.ee\/toode\/overlokmasin-husqvarna-viking-amber-air-s-400-uus\/\",\"url\":\"https:\/\/reginett.ee\/toode\/overlokmasin-husqvarna-viking-amber-air-s-400-uus\/\",\"name\":\"Overlokmasin Husqvarna Viking AMBER\u2122 Air S | 400 UUS! - Reginett\",\"isPartOf\":{\"@id\":\"https:\/\/reginett.ee\/#website\"},\"primaryImageOfPage\":{\"@id\":\"https:\/\/reginett.ee\/toode\/overlokmasin-husqvarna-viking-amber-air-s-400-uus\/#primaryimage\"},\"image\":{\"@id\":\"https:\/\/reginett.ee\/toode\/overlokmasin-husqvarna-viking-amber-air-s-400-uus\/#primaryimage\"},\"thumbnailUrl\":\"https:\/\/reginett.ee\/wp-content\/uploads\/2020\/04\/medium_air_s400.jpg\",\"datePublished\":\"2020-04-21T15:43:49+00:00\",\"dateModified\":\"2023-04-19T10:32:30+00:00\",\"breadcrumb\":{\"@id\":\"https:\/\/reginett.ee\/toode\/overlokmasin-husqvarna-viking-amber-air-s-400-uus\/#breadcrumb\"},\"inLanguage\":\"ru-RU\",\"potentialAction\":[{\"@type\":\"ReadAction\",\"target\":[\"https:\/\/reginett.ee\/toode\/overlokmasin-husqvarna-viking-amber-air-s-400-uus\/\"]}]},{\"@type\":\"ImageObject\",\"inLanguage\":\"ru-RU\",\"@id\":\"https:\/\/reginett.ee\/toode\/overlokmasin-husqvarna-viking-amber-air-s-400-uus\/#primaryimage\",\"url\":\"https:\/\/reginett.ee\/wp-content\/uploads\/2020\/04\/medium_air_s400.jpg\",\"contentUrl\":\"https:\/\/reginett.ee\/wp-content\/uploads\/2020\/04\/medium_air_s400.jpg\",\"width\":360,\"height\":210},{\"@type\":\"BreadcrumbList\",\"@id\":\"https:\/\/reginett.ee\/toode\/overlokmasin-husqvarna-viking-amber-air-s-400-uus\/#breadcrumb\",\"itemListElement\":[{\"@type\":\"ListItem\",\"position\":1,\"name\":\"Home\",\"item\":\"https:\/\/reginett.ee\/ru\/\"},{\"@type\":\"ListItem\",\"position\":2,\"name\":\"Tooted\",\"item\":\"https:\/\/reginett.ee\/tooted\/\"},{\"@type\":\"ListItem\",\"position\":3,\"name\":\"Overlokmasin Husqvarna Viking AMBER\u2122 Air S | 400 UUS!\"}]},{\"@type\":\"WebSite\",\"@id\":\"https:\/\/reginett.ee\/#website\",\"url\":\"https:\/\/reginett.ee\/\",\"name\":\"Reginett\",\"description\":\"Parimad robotniidukid\",\"potentialAction\":[{\"@type\":\"SearchAction\",\"target\":{\"@type\":\"EntryPoint\",\"urlTemplate\":\"https:\/\/reginett.ee\/?s={search_term_string}\"},\"query-input\":{\"@type\":\"PropertyValueSpecification\",\"valueRequired\":true,\"valueName\":\"search_term_string\"}}],\"inLanguage\":\"ru-RU\"}]}<\/script>\n<!-- \/ Yoast SEO plugin. -->","yoast_head_json":{"title":"Overlokmasin Husqvarna Viking AMBER\u2122 Air S | 400 UUS! - Reginett","robots":{"index":"index","follow":"follow","max-snippet":"max-snippet:-1","max-image-preview":"max-image-preview:large","max-video-preview":"max-video-preview:-1"},"canonical":"https:\/\/reginett.ee\/toode\/overlokmasin-husqvarna-viking-amber-air-s-400-uus\/","og_locale":"ru_RU","og_type":"article","og_title":"Overlokmasin Husqvarna Viking AMBER\u2122 Air S | 400 UUS! - Reginett","og_description":"AMBER\u2122 Air S | 400. Naudi \u00f5huga niidistuss\u00fcsteemi HUSQVARNA\u00ae VIKING\u00ae AMBER\u2122 Air S | 400 overlok masinaga. OMADUSED \u00d5huga niidistatavad haarajad. Vajutades kangi on masin niidistatud. Sisseehitatud n\u00f5elasilma niidistajad. N\u00fc\u00fcd on ka overloki n\u00f5elu lihtne niidistada. 15 pistet Differentsiaals\u00f6\u00f6de \u2013 reguleerib riide ettes\u00f6\u00f6det vastavalt sinu vajadustele ja materjallle. LED valgustus","og_url":"https:\/\/reginett.ee\/toode\/overlokmasin-husqvarna-viking-amber-air-s-400-uus\/","og_site_name":"Reginett","article_modified_time":"2023-04-19T10:32:30+00:00","og_image":[{"width":360,"height":210,"url":"https:\/\/reginett.ee\/wp-content\/uploads\/2020\/04\/medium_air_s400.jpg","type":"image\/jpeg"}],"twitter_card":"summary_large_image","schema":{"@context":"https:\/\/schema.org","@graph":[{"@type":"WebPage","@id":"https:\/\/reginett.ee\/toode\/overlokmasin-husqvarna-viking-amber-air-s-400-uus\/","url":"https:\/\/reginett.ee\/toode\/overlokmasin-husqvarna-viking-amber-air-s-400-uus\/","name":"Overlokmasin Husqvarna Viking AMBER\u2122 Air S | 400 UUS! - Reginett","isPartOf":{"@id":"https:\/\/reginett.ee\/#website"},"primaryImageOfPage":{"@id":"https:\/\/reginett.ee\/toode\/overlokmasin-husqvarna-viking-amber-air-s-400-uus\/#primaryimage"},"image":{"@id":"https:\/\/reginett.ee\/toode\/overlokmasin-husqvarna-viking-amber-air-s-400-uus\/#primaryimage"},"thumbnailUrl":"https:\/\/reginett.ee\/wp-content\/uploads\/2020\/04\/medium_air_s400.jpg","datePublished":"2020-04-21T15:43:49+00:00","dateModified":"2023-04-19T10:32:30+00:00","breadcrumb":{"@id":"https:\/\/reginett.ee\/toode\/overlokmasin-husqvarna-viking-amber-air-s-400-uus\/#breadcrumb"},"inLanguage":"ru-RU","potentialAction":[{"@type":"ReadAction","target":["https:\/\/reginett.ee\/toode\/overlokmasin-husqvarna-viking-amber-air-s-400-uus\/"]}]},{"@type":"ImageObject","inLanguage":"ru-RU","@id":"https:\/\/reginett.ee\/toode\/overlokmasin-husqvarna-viking-amber-air-s-400-uus\/#primaryimage","url":"https:\/\/reginett.ee\/wp-content\/uploads\/2020\/04\/medium_air_s400.jpg","contentUrl":"https:\/\/reginett.ee\/wp-content\/uploads\/2020\/04\/medium_air_s400.jpg","width":360,"height":210},{"@type":"BreadcrumbList","@id":"https:\/\/reginett.ee\/toode\/overlokmasin-husqvarna-viking-amber-air-s-400-uus\/#breadcrumb","itemListElement":[{"@type":"ListItem","position":1,"name":"Home","item":"https:\/\/reginett.ee\/ru\/"},{"@type":"ListItem","position":2,"name":"Tooted","item":"https:\/\/reginett.ee\/tooted\/"},{"@type":"ListItem","position":3,"name":"Overlokmasin Husqvarna Viking AMBER\u2122 Air S | 400 UUS!"}]},{"@type":"WebSite","@id":"https:\/\/reginett.ee\/#website","url":"https:\/\/reginett.ee\/","name":"Reginett","description":"Parimad robotniidukid","potentialAction":[{"@type":"SearchAction","target":{"@type":"EntryPoint","urlTemplate":"https:\/\/reginett.ee\/?s={search_term_string}"},"query-input":{"@type":"PropertyValueSpecification","valueRequired":true,"valueName":"search_term_string"}}],"inLanguage":"ru-RU"}]}},"brands":[],"_links":{"self":[{"href":"https:\/\/reginett.ee\/ru\/wp-json\/wp\/v2\/product\/51874","targetHints":{"allow":["GET"]}}],"collection":[{"href":"https:\/\/reginett.ee\/ru\/wp-json\/wp\/v2\/product"}],"about":[{"href":"https:\/\/reginett.ee\/ru\/wp-json\/wp\/v2\/types\/product"}],"replies":[{"embeddable":true,"href":"https:\/\/reginett.ee\/ru\/wp-json\/wp\/v2\/comments?post=51874"}],"wp:featuredmedia":[{"embeddable":true,"href":"https:\/\/reginett.ee\/ru\/wp-json\/wp\/v2\/media\/51876"}],"wp:attachment":[{"href":"https:\/\/reginett.ee\/ru\/wp-json\/wp\/v2\/media?parent=51874"}],"wp:term":[{"taxonomy":"pwb-brand","embeddable":true,"href":"https:\/\/reginett.ee\/ru\/wp-json\/wp\/v2\/pwb-brand?post=51874"},{"taxonomy":"product_brand","embeddable":true,"href":"https:\/\/reginett.ee\/ru\/wp-json\/wp\/v2\/product_brand?post=51874"},{"taxonomy":"product_cat","embeddable":true,"href":"https:\/\/reginett.ee\/ru\/wp-json\/wp\/v2\/product_cat?post=51874"},{"taxonomy":"product_tag","embeddable":true,"href":"https:\/\/reginett.ee\/ru\/wp-json\/wp\/v2\/product_tag?post=51874"}],"curies":[{"name":"wp","href":"https:\/\/api.w.org\/{rel}","templated":true}]}}