{"id":51870,"date":"2022-09-01T18:22:22","date_gmt":"2022-09-01T15:22:22","guid":{"rendered":"https:\/\/reginett.ee\/?post_type=product&#038;p=51870"},"modified":"2024-11-14T18:43:32","modified_gmt":"2024-11-14T15:43:32","slug":"overlokmasin-huskylock-s21","status":"publish","type":"product","link":"https:\/\/reginett.ee\/ru\/toode\/overlokmasin-huskylock-s21\/","title":{"rendered":"Overlokmasin Huskylock S21"},"content":{"rendered":"<p><strong>Husqvarna Huskylock S21<\/strong> on mitmek\u00fclgne suure t\u00f6\u00f6pinnaga overlokmasin, millel on lisana kaasas ka pikendus-laienduslaud.<\/p>\n<p>21 pistet sh. 3mm, 6mm ja kolmekordne katte\u00f5mblus. Kett\u00f5mblus, 2-,3-,4 niidi \u00e4\u00e4restus, 2-, 3-niidi rullpalistus. Lihtne seadistada overlokipistetelt katte\u00f5mblusele. Automaatne niidipinge reguleering vastavalt valitud pistele. Diferentsiaals\u00f6\u00f6de. Reguleeritav piste pikkus, l\u00f5ikelaius ja pressjala surve. 2 kiirust \u2013 kuni 1100 pistet\/min. Lihtne niidistada. Kaasas niidistuse DVD, tarvikutekarp ja prahisahtel.<\/p>\n<p>Lisana saadaval erinevaid pressjalgu ja tarvikuid.<\/p>\n","protected":false},"excerpt":{"rendered":"<p><strong>Husqvarna Huskylock S21<\/strong> on mitmek\u00fclgne suure t\u00f6\u00f6pinnaga overlokk millel on lisana kaasas ka pikenduslaienduslaud.<\/p>\n<p>21 pistet sh. 3mm, 6mm ja kolmekordne katte\u00f5mblus. Kett\u00f5mblus, 2-,3-,4 niidi \u00e4\u00e4restus, 2-, 3-niidi rullpalistus. Lihtne seadistada overlokipistetelt katte\u00f5mblusele. Automaatne niidipinge reguleering vastavalt valitud pistele. Diferentsiaals\u00f6\u00f6de. Reguleeritav piste pikkus, l\u00f5ikelaius ja pressjala surve. 2 kiirust \u2013 kuni 1100 pistet\/min. Lihtne niidistada. Kaasas niidistuse DVD, tarvikutekarp ja prahisahtel.<\/p>\n<p>Lisana saadaval erinevaid pressjalgu ja tarvikuid.<\/p>\n","protected":false},"featured_media":51871,"comment_status":"open","ping_status":"closed","template":"","meta":{"_acf_changed":false,"_et_pb_use_builder":"","_et_pb_old_content":"","_et_gb_content_width":"","inline_featured_image":false},"pwb-brand":[],"product_brand":[],"product_cat":[151,55],"product_tag":[102,136],"class_list":{"0":"post-51870","1":"product","2":"type-product","3":"status-publish","4":"has-post-thumbnail","6":"product_cat-husqvarna-viking","7":"product_cat-omblusmasinad-ja-tarvikud","8":"product_tag-omblusmasin","9":"product_tag-overlok","11":"first","12":"outofstock","13":"sale","14":"shipping-taxable","15":"purchasable","16":"product-type-simple"},"acf":[],"yoast_head":"<!-- This site is optimized with the Yoast SEO plugin v26.6 - https:\/\/yoast.com\/wordpress\/plugins\/seo\/ -->\n<title>Overlokmasin Huskylock S21. Erinevad overlokid Tartus Reginetist<\/title>\n<meta name=\"description\" content=\"Husqvarna Huskylock S21 on mitmek\u00fclgne suure t\u00f6\u00f6pinnaga overlokmasin, millel on lisana kaasas ka pikendus-laienduslaud. 21 pistet\" \/>\n<meta name=\"robots\" content=\"index, follow, max-snippet:-1, max-image-preview:large, max-video-preview:-1\" \/>\n<link rel=\"canonical\" href=\"https:\/\/reginett.ee\/toode\/overlokmasin-huskylock-s21\/\" \/>\n<meta property=\"og:locale\" content=\"ru_RU\" \/>\n<meta property=\"og:type\" content=\"article\" \/>\n<meta property=\"og:title\" content=\"Overlokmasin Huskylock S21. Erinevad overlokid Tartus Reginetist\" \/>\n<meta property=\"og:description\" content=\"Husqvarna Huskylock S21 on mitmek\u00fclgne suure t\u00f6\u00f6pinnaga overlokmasin, millel on lisana kaasas ka pikendus-laienduslaud. 21 pistet\" \/>\n<meta property=\"og:url\" content=\"https:\/\/reginett.ee\/toode\/overlokmasin-huskylock-s21\/\" \/>\n<meta property=\"og:site_name\" content=\"Reginett\" \/>\n<meta property=\"article:modified_time\" content=\"2024-11-14T15:43:32+00:00\" \/>\n<meta property=\"og:image\" content=\"https:\/\/reginett.ee\/wp-content\/uploads\/2020\/04\/Huskylock-S21.jpg\" \/>\n\t<meta property=\"og:image:width\" content=\"512\" \/>\n\t<meta property=\"og:image:height\" content=\"432\" \/>\n\t<meta property=\"og:image:type\" content=\"image\/jpeg\" \/>\n<meta name=\"twitter:card\" content=\"summary_large_image\" \/>\n<meta name=\"twitter:label1\" content=\"\u041f\u0440\u0438\u043c\u0435\u0440\u043d\u043e\u0435 \u0432\u0440\u0435\u043c\u044f \u0434\u043b\u044f \u0447\u0442\u0435\u043d\u0438\u044f\" \/>\n\t<meta name=\"twitter:data1\" content=\"1 \u043c\u0438\u043d\u0443\u0442\u0430\" \/>\n<script type=\"application\/ld+json\" class=\"yoast-schema-graph\">{\"@context\":\"https:\/\/schema.org\",\"@graph\":[{\"@type\":\"WebPage\",\"@id\":\"https:\/\/reginett.ee\/toode\/overlokmasin-huskylock-s21\/\",\"url\":\"https:\/\/reginett.ee\/toode\/overlokmasin-huskylock-s21\/\",\"name\":\"Overlokmasin Huskylock S21. Erinevad overlokid Tartus Reginetist\",\"isPartOf\":{\"@id\":\"https:\/\/reginett.ee\/#website\"},\"primaryImageOfPage\":{\"@id\":\"https:\/\/reginett.ee\/toode\/overlokmasin-huskylock-s21\/#primaryimage\"},\"image\":{\"@id\":\"https:\/\/reginett.ee\/toode\/overlokmasin-huskylock-s21\/#primaryimage\"},\"thumbnailUrl\":\"https:\/\/reginett.ee\/wp-content\/uploads\/2020\/04\/Huskylock-S21.jpg\",\"datePublished\":\"2022-09-01T15:22:22+00:00\",\"dateModified\":\"2024-11-14T15:43:32+00:00\",\"description\":\"Husqvarna Huskylock S21 on mitmek\u00fclgne suure t\u00f6\u00f6pinnaga overlokmasin, millel on lisana kaasas ka pikendus-laienduslaud. 21 pistet\",\"breadcrumb\":{\"@id\":\"https:\/\/reginett.ee\/toode\/overlokmasin-huskylock-s21\/#breadcrumb\"},\"inLanguage\":\"ru-RU\",\"potentialAction\":[{\"@type\":\"ReadAction\",\"target\":[\"https:\/\/reginett.ee\/toode\/overlokmasin-huskylock-s21\/\"]}]},{\"@type\":\"ImageObject\",\"inLanguage\":\"ru-RU\",\"@id\":\"https:\/\/reginett.ee\/toode\/overlokmasin-huskylock-s21\/#primaryimage\",\"url\":\"https:\/\/reginett.ee\/wp-content\/uploads\/2020\/04\/Huskylock-S21.jpg\",\"contentUrl\":\"https:\/\/reginett.ee\/wp-content\/uploads\/2020\/04\/Huskylock-S21.jpg\",\"width\":512,\"height\":432,\"caption\":\"Huskylock S21\"},{\"@type\":\"BreadcrumbList\",\"@id\":\"https:\/\/reginett.ee\/toode\/overlokmasin-huskylock-s21\/#breadcrumb\",\"itemListElement\":[{\"@type\":\"ListItem\",\"position\":1,\"name\":\"Home\",\"item\":\"https:\/\/reginett.ee\/ru\/\"},{\"@type\":\"ListItem\",\"position\":2,\"name\":\"Tooted\",\"item\":\"https:\/\/reginett.ee\/tooted\/\"},{\"@type\":\"ListItem\",\"position\":3,\"name\":\"Overlokmasin Huskylock S21\"}]},{\"@type\":\"WebSite\",\"@id\":\"https:\/\/reginett.ee\/#website\",\"url\":\"https:\/\/reginett.ee\/\",\"name\":\"Reginett\",\"description\":\"Parimad robotniidukid\",\"potentialAction\":[{\"@type\":\"SearchAction\",\"target\":{\"@type\":\"EntryPoint\",\"urlTemplate\":\"https:\/\/reginett.ee\/?s={search_term_string}\"},\"query-input\":{\"@type\":\"PropertyValueSpecification\",\"valueRequired\":true,\"valueName\":\"search_term_string\"}}],\"inLanguage\":\"ru-RU\"}]}<\/script>\n<!-- \/ Yoast SEO plugin. -->","yoast_head_json":{"title":"Overlokmasin Huskylock S21. Erinevad overlokid Tartus Reginetist","description":"Husqvarna Huskylock S21 on mitmek\u00fclgne suure t\u00f6\u00f6pinnaga overlokmasin, millel on lisana kaasas ka pikendus-laienduslaud. 21 pistet","robots":{"index":"index","follow":"follow","max-snippet":"max-snippet:-1","max-image-preview":"max-image-preview:large","max-video-preview":"max-video-preview:-1"},"canonical":"https:\/\/reginett.ee\/toode\/overlokmasin-huskylock-s21\/","og_locale":"ru_RU","og_type":"article","og_title":"Overlokmasin Huskylock S21. Erinevad overlokid Tartus Reginetist","og_description":"Husqvarna Huskylock S21 on mitmek\u00fclgne suure t\u00f6\u00f6pinnaga overlokmasin, millel on lisana kaasas ka pikendus-laienduslaud. 21 pistet","og_url":"https:\/\/reginett.ee\/toode\/overlokmasin-huskylock-s21\/","og_site_name":"Reginett","article_modified_time":"2024-11-14T15:43:32+00:00","og_image":[{"width":512,"height":432,"url":"https:\/\/reginett.ee\/wp-content\/uploads\/2020\/04\/Huskylock-S21.jpg","type":"image\/jpeg"}],"twitter_card":"summary_large_image","twitter_misc":{"\u041f\u0440\u0438\u043c\u0435\u0440\u043d\u043e\u0435 \u0432\u0440\u0435\u043c\u044f \u0434\u043b\u044f \u0447\u0442\u0435\u043d\u0438\u044f":"1 \u043c\u0438\u043d\u0443\u0442\u0430"},"schema":{"@context":"https:\/\/schema.org","@graph":[{"@type":"WebPage","@id":"https:\/\/reginett.ee\/toode\/overlokmasin-huskylock-s21\/","url":"https:\/\/reginett.ee\/toode\/overlokmasin-huskylock-s21\/","name":"Overlokmasin Huskylock S21. Erinevad overlokid Tartus Reginetist","isPartOf":{"@id":"https:\/\/reginett.ee\/#website"},"primaryImageOfPage":{"@id":"https:\/\/reginett.ee\/toode\/overlokmasin-huskylock-s21\/#primaryimage"},"image":{"@id":"https:\/\/reginett.ee\/toode\/overlokmasin-huskylock-s21\/#primaryimage"},"thumbnailUrl":"https:\/\/reginett.ee\/wp-content\/uploads\/2020\/04\/Huskylock-S21.jpg","datePublished":"2022-09-01T15:22:22+00:00","dateModified":"2024-11-14T15:43:32+00:00","description":"Husqvarna Huskylock S21 on mitmek\u00fclgne suure t\u00f6\u00f6pinnaga overlokmasin, millel on lisana kaasas ka pikendus-laienduslaud. 21 pistet","breadcrumb":{"@id":"https:\/\/reginett.ee\/toode\/overlokmasin-huskylock-s21\/#breadcrumb"},"inLanguage":"ru-RU","potentialAction":[{"@type":"ReadAction","target":["https:\/\/reginett.ee\/toode\/overlokmasin-huskylock-s21\/"]}]},{"@type":"ImageObject","inLanguage":"ru-RU","@id":"https:\/\/reginett.ee\/toode\/overlokmasin-huskylock-s21\/#primaryimage","url":"https:\/\/reginett.ee\/wp-content\/uploads\/2020\/04\/Huskylock-S21.jpg","contentUrl":"https:\/\/reginett.ee\/wp-content\/uploads\/2020\/04\/Huskylock-S21.jpg","width":512,"height":432,"caption":"Huskylock S21"},{"@type":"BreadcrumbList","@id":"https:\/\/reginett.ee\/toode\/overlokmasin-huskylock-s21\/#breadcrumb","itemListElement":[{"@type":"ListItem","position":1,"name":"Home","item":"https:\/\/reginett.ee\/ru\/"},{"@type":"ListItem","position":2,"name":"Tooted","item":"https:\/\/reginett.ee\/tooted\/"},{"@type":"ListItem","position":3,"name":"Overlokmasin Huskylock S21"}]},{"@type":"WebSite","@id":"https:\/\/reginett.ee\/#website","url":"https:\/\/reginett.ee\/","name":"Reginett","description":"Parimad robotniidukid","potentialAction":[{"@type":"SearchAction","target":{"@type":"EntryPoint","urlTemplate":"https:\/\/reginett.ee\/?s={search_term_string}"},"query-input":{"@type":"PropertyValueSpecification","valueRequired":true,"valueName":"search_term_string"}}],"inLanguage":"ru-RU"}]}},"brands":[],"_links":{"self":[{"href":"https:\/\/reginett.ee\/ru\/wp-json\/wp\/v2\/product\/51870","targetHints":{"allow":["GET"]}}],"collection":[{"href":"https:\/\/reginett.ee\/ru\/wp-json\/wp\/v2\/product"}],"about":[{"href":"https:\/\/reginett.ee\/ru\/wp-json\/wp\/v2\/types\/product"}],"replies":[{"embeddable":true,"href":"https:\/\/reginett.ee\/ru\/wp-json\/wp\/v2\/comments?post=51870"}],"wp:featuredmedia":[{"embeddable":true,"href":"https:\/\/reginett.ee\/ru\/wp-json\/wp\/v2\/media\/51871"}],"wp:attachment":[{"href":"https:\/\/reginett.ee\/ru\/wp-json\/wp\/v2\/media?parent=51870"}],"wp:term":[{"taxonomy":"pwb-brand","embeddable":true,"href":"https:\/\/reginett.ee\/ru\/wp-json\/wp\/v2\/pwb-brand?post=51870"},{"taxonomy":"product_brand","embeddable":true,"href":"https:\/\/reginett.ee\/ru\/wp-json\/wp\/v2\/product_brand?post=51870"},{"taxonomy":"product_cat","embeddable":true,"href":"https:\/\/reginett.ee\/ru\/wp-json\/wp\/v2\/product_cat?post=51870"},{"taxonomy":"product_tag","embeddable":true,"href":"https:\/\/reginett.ee\/ru\/wp-json\/wp\/v2\/product_tag?post=51870"}],"curies":[{"name":"wp","href":"https:\/\/api.w.org\/{rel}","templated":true}]}}