{"id":51864,"date":"2022-02-20T18:05:33","date_gmt":"2022-02-20T15:05:33","guid":{"rendered":"https:\/\/reginett.ee\/?post_type=product&#038;p=51864"},"modified":"2024-10-01T11:48:55","modified_gmt":"2024-10-01T08:48:55","slug":"omblusmasin-husqvarna-opal-650","status":"publish","type":"product","link":"https:\/\/reginett.ee\/ru\/toode\/omblusmasin-husqvarna-opal-650\/","title":{"rendered":"\u00d5mblusmasin Husqvarna Opal 650"},"content":{"rendered":"<p><strong>Husqvarna Opal 650<\/strong> on mugav ja rohkete v\u00f5imalustega, graafilise infoekraani ja laia t\u00f6\u00f6pinnaga kompuuter \u00f5mblusmasin, millel on 160 erinevat tava- ja dekoratiivpistet, mida saab p\u00f6\u00f6rata, suurendada ja neid \u00fchendada ning masina m\u00e4llu programmeerida. 4 m\u00e4lu oma lemmikpistete salvestamiseks.<\/p>\n<p>Lisaks on Husqvarna Opal 650 masinal 7 automaatset n\u00f6\u00f6pauku ja 3 sorti t\u00e4hed\/numbrid. Muudetavad piste pikkus kuni 6mm ja -laius kuni 7mm.<\/p>\n<p>\u00d5mbluss\u00f5lm \u2013 Fix ,\u00f5mblemise peatamine \u2013 Stop ja n\u00f5el \u00fclal\/all nupud. \u00d5mblusn\u00f5ustaja. N\u00f5elasilma niidistaja. 3 niidinuga. 3 Led pirni.<\/p>\n<p>Sel \u00f5mblusmasinal on pressjala surve regulaator. 29 n\u00f5elaasendit. Elektrooniline j\u00f5u\u00fclekanne muudab Opal 650 masina v\u00e4ga v\u00f5imekaks.<\/p>\n<p>5 kiirust. Vabavars+ plastkate. Ei vaja \u00f5litamist \u2013 kindel ja lihtne pealtlaetav poolipesa. Eraldi saadaval suur valik lisavarustust.<\/p>\n","protected":false},"excerpt":{"rendered":"<p><strong>Husqvarna Opal 650<\/strong> on mugav ja rohkete v\u00f5imalustega, graafilise infoekraani ja laia t\u00f6\u00f6pinnaga kompuuter \u00f5mblusmasin, millel on 160 erinevat tava- ja dekoratiivpistet, mida saab p\u00f6\u00f6rata, suurendada ja neid \u00fchendada ning masina m\u00e4llu programmeerida. 4 m\u00e4lu oma lemmikpistete salvestamiseks. Lisaks on 7 automaatset n\u00f6\u00f6pauku ja 3 sorti t\u00e4hed\/numbrid.<\/p>\n","protected":false},"featured_media":51865,"comment_status":"open","ping_status":"closed","template":"","meta":{"_acf_changed":false,"_et_pb_use_builder":"","_et_pb_old_content":"","_et_gb_content_width":"","inline_featured_image":false},"pwb-brand":[],"product_brand":[],"product_cat":[134,151,55],"product_tag":[102,345],"class_list":{"0":"post-51864","1":"product","2":"type-product","3":"status-publish","4":"has-post-thumbnail","6":"product_cat-eripakkumised","7":"product_cat-husqvarna-viking","8":"product_cat-omblusmasinad-ja-tarvikud","9":"product_tag-omblusmasin","10":"product_tag-opal-650","12":"first","13":"instock","14":"sale","15":"shipping-taxable","16":"purchasable","17":"product-type-simple"},"acf":[],"yoast_head":"<!-- This site is optimized with the Yoast SEO plugin v26.6 - https:\/\/yoast.com\/wordpress\/plugins\/seo\/ -->\n<title>\u00d5mblusmasin Husqvarna Opal 650. Parimad \u00f5mblusmasinad Tartus<\/title>\n<meta name=\"description\" content=\"Husqvarna Opal 650 on mugav ja rohkete v\u00f5imalustega, graafilise infoekraani ja laia t\u00f6\u00f6pinnaga kompuuter \u00f5mblusmasin, millel on 160\" \/>\n<meta name=\"robots\" content=\"index, follow, max-snippet:-1, max-image-preview:large, max-video-preview:-1\" \/>\n<link rel=\"canonical\" href=\"https:\/\/reginett.ee\/toode\/omblusmasin-husqvarna-opal-650\/\" \/>\n<meta property=\"og:locale\" content=\"ru_RU\" \/>\n<meta property=\"og:type\" content=\"article\" \/>\n<meta property=\"og:title\" content=\"\u00d5mblusmasin Husqvarna Opal 650. Parimad \u00f5mblusmasinad Tartus\" \/>\n<meta property=\"og:description\" content=\"Husqvarna Opal 650 on mugav ja rohkete v\u00f5imalustega, graafilise infoekraani ja laia t\u00f6\u00f6pinnaga kompuuter \u00f5mblusmasin, millel on 160\" \/>\n<meta property=\"og:url\" content=\"https:\/\/reginett.ee\/toode\/omblusmasin-husqvarna-opal-650\/\" \/>\n<meta property=\"og:site_name\" content=\"Reginett\" \/>\n<meta property=\"article:modified_time\" content=\"2024-10-01T08:48:55+00:00\" \/>\n<meta property=\"og:image\" content=\"https:\/\/reginett.ee\/wp-content\/uploads\/2020\/04\/Opal-650.jpg\" \/>\n\t<meta property=\"og:image:width\" content=\"579\" \/>\n\t<meta property=\"og:image:height\" content=\"338\" \/>\n\t<meta property=\"og:image:type\" content=\"image\/jpeg\" \/>\n<meta name=\"twitter:card\" content=\"summary_large_image\" \/>\n<meta name=\"twitter:label1\" content=\"\u041f\u0440\u0438\u043c\u0435\u0440\u043d\u043e\u0435 \u0432\u0440\u0435\u043c\u044f \u0434\u043b\u044f \u0447\u0442\u0435\u043d\u0438\u044f\" \/>\n\t<meta name=\"twitter:data1\" content=\"1 \u043c\u0438\u043d\u0443\u0442\u0430\" \/>\n<script type=\"application\/ld+json\" class=\"yoast-schema-graph\">{\"@context\":\"https:\/\/schema.org\",\"@graph\":[{\"@type\":\"WebPage\",\"@id\":\"https:\/\/reginett.ee\/toode\/omblusmasin-husqvarna-opal-650\/\",\"url\":\"https:\/\/reginett.ee\/toode\/omblusmasin-husqvarna-opal-650\/\",\"name\":\"\u00d5mblusmasin Husqvarna Opal 650. Parimad \u00f5mblusmasinad Tartus\",\"isPartOf\":{\"@id\":\"https:\/\/reginett.ee\/#website\"},\"primaryImageOfPage\":{\"@id\":\"https:\/\/reginett.ee\/toode\/omblusmasin-husqvarna-opal-650\/#primaryimage\"},\"image\":{\"@id\":\"https:\/\/reginett.ee\/toode\/omblusmasin-husqvarna-opal-650\/#primaryimage\"},\"thumbnailUrl\":\"https:\/\/reginett.ee\/wp-content\/uploads\/2020\/04\/Opal-650.jpg\",\"datePublished\":\"2022-02-20T15:05:33+00:00\",\"dateModified\":\"2024-10-01T08:48:55+00:00\",\"description\":\"Husqvarna Opal 650 on mugav ja rohkete v\u00f5imalustega, graafilise infoekraani ja laia t\u00f6\u00f6pinnaga kompuuter \u00f5mblusmasin, millel on 160\",\"breadcrumb\":{\"@id\":\"https:\/\/reginett.ee\/toode\/omblusmasin-husqvarna-opal-650\/#breadcrumb\"},\"inLanguage\":\"ru-RU\",\"potentialAction\":[{\"@type\":\"ReadAction\",\"target\":[\"https:\/\/reginett.ee\/toode\/omblusmasin-husqvarna-opal-650\/\"]}]},{\"@type\":\"ImageObject\",\"inLanguage\":\"ru-RU\",\"@id\":\"https:\/\/reginett.ee\/toode\/omblusmasin-husqvarna-opal-650\/#primaryimage\",\"url\":\"https:\/\/reginett.ee\/wp-content\/uploads\/2020\/04\/Opal-650.jpg\",\"contentUrl\":\"https:\/\/reginett.ee\/wp-content\/uploads\/2020\/04\/Opal-650.jpg\",\"width\":579,\"height\":338,\"caption\":\"Opal 650\"},{\"@type\":\"BreadcrumbList\",\"@id\":\"https:\/\/reginett.ee\/toode\/omblusmasin-husqvarna-opal-650\/#breadcrumb\",\"itemListElement\":[{\"@type\":\"ListItem\",\"position\":1,\"name\":\"Home\",\"item\":\"https:\/\/reginett.ee\/ru\/\"},{\"@type\":\"ListItem\",\"position\":2,\"name\":\"Tooted\",\"item\":\"https:\/\/reginett.ee\/tooted\/\"},{\"@type\":\"ListItem\",\"position\":3,\"name\":\"\u00d5mblusmasin Husqvarna Opal 650\"}]},{\"@type\":\"WebSite\",\"@id\":\"https:\/\/reginett.ee\/#website\",\"url\":\"https:\/\/reginett.ee\/\",\"name\":\"Reginett\",\"description\":\"Parimad robotniidukid\",\"potentialAction\":[{\"@type\":\"SearchAction\",\"target\":{\"@type\":\"EntryPoint\",\"urlTemplate\":\"https:\/\/reginett.ee\/?s={search_term_string}\"},\"query-input\":{\"@type\":\"PropertyValueSpecification\",\"valueRequired\":true,\"valueName\":\"search_term_string\"}}],\"inLanguage\":\"ru-RU\"}]}<\/script>\n<!-- \/ Yoast SEO plugin. -->","yoast_head_json":{"title":"\u00d5mblusmasin Husqvarna Opal 650. Parimad \u00f5mblusmasinad Tartus","description":"Husqvarna Opal 650 on mugav ja rohkete v\u00f5imalustega, graafilise infoekraani ja laia t\u00f6\u00f6pinnaga kompuuter \u00f5mblusmasin, millel on 160","robots":{"index":"index","follow":"follow","max-snippet":"max-snippet:-1","max-image-preview":"max-image-preview:large","max-video-preview":"max-video-preview:-1"},"canonical":"https:\/\/reginett.ee\/toode\/omblusmasin-husqvarna-opal-650\/","og_locale":"ru_RU","og_type":"article","og_title":"\u00d5mblusmasin Husqvarna Opal 650. Parimad \u00f5mblusmasinad Tartus","og_description":"Husqvarna Opal 650 on mugav ja rohkete v\u00f5imalustega, graafilise infoekraani ja laia t\u00f6\u00f6pinnaga kompuuter \u00f5mblusmasin, millel on 160","og_url":"https:\/\/reginett.ee\/toode\/omblusmasin-husqvarna-opal-650\/","og_site_name":"Reginett","article_modified_time":"2024-10-01T08:48:55+00:00","og_image":[{"width":579,"height":338,"url":"https:\/\/reginett.ee\/wp-content\/uploads\/2020\/04\/Opal-650.jpg","type":"image\/jpeg"}],"twitter_card":"summary_large_image","twitter_misc":{"\u041f\u0440\u0438\u043c\u0435\u0440\u043d\u043e\u0435 \u0432\u0440\u0435\u043c\u044f \u0434\u043b\u044f \u0447\u0442\u0435\u043d\u0438\u044f":"1 \u043c\u0438\u043d\u0443\u0442\u0430"},"schema":{"@context":"https:\/\/schema.org","@graph":[{"@type":"WebPage","@id":"https:\/\/reginett.ee\/toode\/omblusmasin-husqvarna-opal-650\/","url":"https:\/\/reginett.ee\/toode\/omblusmasin-husqvarna-opal-650\/","name":"\u00d5mblusmasin Husqvarna Opal 650. Parimad \u00f5mblusmasinad Tartus","isPartOf":{"@id":"https:\/\/reginett.ee\/#website"},"primaryImageOfPage":{"@id":"https:\/\/reginett.ee\/toode\/omblusmasin-husqvarna-opal-650\/#primaryimage"},"image":{"@id":"https:\/\/reginett.ee\/toode\/omblusmasin-husqvarna-opal-650\/#primaryimage"},"thumbnailUrl":"https:\/\/reginett.ee\/wp-content\/uploads\/2020\/04\/Opal-650.jpg","datePublished":"2022-02-20T15:05:33+00:00","dateModified":"2024-10-01T08:48:55+00:00","description":"Husqvarna Opal 650 on mugav ja rohkete v\u00f5imalustega, graafilise infoekraani ja laia t\u00f6\u00f6pinnaga kompuuter \u00f5mblusmasin, millel on 160","breadcrumb":{"@id":"https:\/\/reginett.ee\/toode\/omblusmasin-husqvarna-opal-650\/#breadcrumb"},"inLanguage":"ru-RU","potentialAction":[{"@type":"ReadAction","target":["https:\/\/reginett.ee\/toode\/omblusmasin-husqvarna-opal-650\/"]}]},{"@type":"ImageObject","inLanguage":"ru-RU","@id":"https:\/\/reginett.ee\/toode\/omblusmasin-husqvarna-opal-650\/#primaryimage","url":"https:\/\/reginett.ee\/wp-content\/uploads\/2020\/04\/Opal-650.jpg","contentUrl":"https:\/\/reginett.ee\/wp-content\/uploads\/2020\/04\/Opal-650.jpg","width":579,"height":338,"caption":"Opal 650"},{"@type":"BreadcrumbList","@id":"https:\/\/reginett.ee\/toode\/omblusmasin-husqvarna-opal-650\/#breadcrumb","itemListElement":[{"@type":"ListItem","position":1,"name":"Home","item":"https:\/\/reginett.ee\/ru\/"},{"@type":"ListItem","position":2,"name":"Tooted","item":"https:\/\/reginett.ee\/tooted\/"},{"@type":"ListItem","position":3,"name":"\u00d5mblusmasin Husqvarna Opal 650"}]},{"@type":"WebSite","@id":"https:\/\/reginett.ee\/#website","url":"https:\/\/reginett.ee\/","name":"Reginett","description":"Parimad robotniidukid","potentialAction":[{"@type":"SearchAction","target":{"@type":"EntryPoint","urlTemplate":"https:\/\/reginett.ee\/?s={search_term_string}"},"query-input":{"@type":"PropertyValueSpecification","valueRequired":true,"valueName":"search_term_string"}}],"inLanguage":"ru-RU"}]}},"brands":[],"_links":{"self":[{"href":"https:\/\/reginett.ee\/ru\/wp-json\/wp\/v2\/product\/51864","targetHints":{"allow":["GET"]}}],"collection":[{"href":"https:\/\/reginett.ee\/ru\/wp-json\/wp\/v2\/product"}],"about":[{"href":"https:\/\/reginett.ee\/ru\/wp-json\/wp\/v2\/types\/product"}],"replies":[{"embeddable":true,"href":"https:\/\/reginett.ee\/ru\/wp-json\/wp\/v2\/comments?post=51864"}],"wp:featuredmedia":[{"embeddable":true,"href":"https:\/\/reginett.ee\/ru\/wp-json\/wp\/v2\/media\/51865"}],"wp:attachment":[{"href":"https:\/\/reginett.ee\/ru\/wp-json\/wp\/v2\/media?parent=51864"}],"wp:term":[{"taxonomy":"pwb-brand","embeddable":true,"href":"https:\/\/reginett.ee\/ru\/wp-json\/wp\/v2\/pwb-brand?post=51864"},{"taxonomy":"product_brand","embeddable":true,"href":"https:\/\/reginett.ee\/ru\/wp-json\/wp\/v2\/product_brand?post=51864"},{"taxonomy":"product_cat","embeddable":true,"href":"https:\/\/reginett.ee\/ru\/wp-json\/wp\/v2\/product_cat?post=51864"},{"taxonomy":"product_tag","embeddable":true,"href":"https:\/\/reginett.ee\/ru\/wp-json\/wp\/v2\/product_tag?post=51864"}],"curies":[{"name":"wp","href":"https:\/\/api.w.org\/{rel}","templated":true}]}}