{"id":51857,"date":"2021-08-20T17:36:22","date_gmt":"2021-08-20T14:36:22","guid":{"rendered":"https:\/\/reginett.ee\/?post_type=product&#038;p=51857"},"modified":"2024-09-11T10:59:58","modified_gmt":"2024-09-11T07:59:58","slug":"omblusmasin-husqvarna-class-e10","status":"publish","type":"product","link":"https:\/\/reginett.ee\/ru\/toode\/omblusmasin-husqvarna-class-e10\/","title":{"rendered":"\u00d5mblusmasin Husqvarna Class E10"},"content":{"rendered":"<p><strong>Husqvarna Class E10<\/strong> \u00f5mblusmasin on lihtne ja t\u00f6\u00f6kindel \u00f5mblusmasin v\u00e4iksemateks kodusteks \u00f5mblust\u00f6\u00f6deks. Sellel masinal on 21 \u00f5mblusprogrammi: tava\u00f5mblusi, dekoratiivpisteid, venivaid pisteid ja 4 etapiline n\u00f6\u00f6pauk.<br \/>\nHorisontaalne metallist horisontaalne poolipesa.<\/p>\n<p>Reguleeritav niidipinge ja pressjala surve. N\u00f5elasilma niidistaja. \u00d5mbluse pikkuse ja laiuse reguleerimine. Vabavars + tarvikute sahtel. Komplektis lisajalad, tarvikud, pehme kate.<\/p>\n<p>Horisontaalne metallist horisontaalne poolipesa. Reguleeritav niidipinge ja pressjala surve. N\u00f5elasilma niidistaja. \u00d5mbluse pikkuse ja laiuse reguleerimine. Vabavars + tarvikute sahtel. Komplektis lisajalad, tarvikud, pehme kate.<\/p>\n","protected":false},"excerpt":{"rendered":"<p><strong>Husqvarna Class E10<\/strong> \u00f5mblusmasin on lihtne ja t\u00f6\u00f6kindel \u00f5mblusmasin v\u00e4iksemateks kodusteks \u00f5mblust\u00f6\u00f6deks. Sellel masinal on 21 \u00f5mblusprogrammi: tava\u00f5mblusi, dekoratiivpisteid, venivaid pisteid ja 4 etapiline n\u00f6\u00f6pauk.<br \/>\nHorisontaalne metallist horisontaalne poolipesa.<\/p>\n","protected":false},"featured_media":56991,"comment_status":"open","ping_status":"closed","template":"","meta":{"_acf_changed":false,"_et_pb_use_builder":"","_et_pb_old_content":"","_et_gb_content_width":"","inline_featured_image":false},"pwb-brand":[],"product_brand":[],"product_cat":[134,151,55],"product_tag":[102],"class_list":{"0":"post-51857","1":"product","2":"type-product","3":"status-publish","4":"has-post-thumbnail","6":"product_cat-eripakkumised","7":"product_cat-husqvarna-viking","8":"product_cat-omblusmasinad-ja-tarvikud","9":"product_tag-omblusmasin","11":"first","12":"instock","13":"sale","14":"shipping-taxable","15":"purchasable","16":"product-type-simple"},"acf":[],"yoast_head":"<!-- This site is optimized with the Yoast SEO plugin v26.6 - https:\/\/yoast.com\/wordpress\/plugins\/seo\/ -->\n<title>\u00d5mblusmasin Husqvarna Class E10. Parimad \u00f5mblusmasinad.<\/title>\n<meta name=\"description\" content=\"Husqvarna Class E10 \u00f5mblusmasin on lihtne ja t\u00f6\u00f6kindel \u00f5mblusmasin v\u00e4iksemateks kodusteks \u00f5mblust\u00f6\u00f6deks. Sellel masinal on 21\" \/>\n<meta name=\"robots\" content=\"index, follow, max-snippet:-1, max-image-preview:large, max-video-preview:-1\" \/>\n<link rel=\"canonical\" href=\"https:\/\/reginett.ee\/toode\/omblusmasin-husqvarna-class-e10\/\" \/>\n<meta property=\"og:locale\" content=\"ru_RU\" \/>\n<meta property=\"og:type\" content=\"article\" \/>\n<meta property=\"og:title\" content=\"\u00d5mblusmasin Husqvarna Class E10. Parimad \u00f5mblusmasinad.\" \/>\n<meta property=\"og:description\" content=\"Husqvarna Class E10 \u00f5mblusmasin on lihtne ja t\u00f6\u00f6kindel \u00f5mblusmasin v\u00e4iksemateks kodusteks \u00f5mblust\u00f6\u00f6deks. Sellel masinal on 21\" \/>\n<meta property=\"og:url\" content=\"https:\/\/reginett.ee\/toode\/omblusmasin-husqvarna-class-e10\/\" \/>\n<meta property=\"og:site_name\" content=\"Reginett\" \/>\n<meta property=\"article:modified_time\" content=\"2024-09-11T07:59:58+00:00\" \/>\n<meta property=\"og:image\" content=\"https:\/\/reginett.ee\/wp-content\/uploads\/2021\/08\/Husqvarna-E10.jpg\" \/>\n\t<meta property=\"og:image:width\" content=\"680\" \/>\n\t<meta property=\"og:image:height\" content=\"372\" \/>\n\t<meta property=\"og:image:type\" content=\"image\/jpeg\" \/>\n<meta name=\"twitter:card\" content=\"summary_large_image\" \/>\n<meta name=\"twitter:label1\" content=\"\u041f\u0440\u0438\u043c\u0435\u0440\u043d\u043e\u0435 \u0432\u0440\u0435\u043c\u044f \u0434\u043b\u044f \u0447\u0442\u0435\u043d\u0438\u044f\" \/>\n\t<meta name=\"twitter:data1\" content=\"1 \u043c\u0438\u043d\u0443\u0442\u0430\" \/>\n<script type=\"application\/ld+json\" class=\"yoast-schema-graph\">{\"@context\":\"https:\/\/schema.org\",\"@graph\":[{\"@type\":\"WebPage\",\"@id\":\"https:\/\/reginett.ee\/toode\/omblusmasin-husqvarna-class-e10\/\",\"url\":\"https:\/\/reginett.ee\/toode\/omblusmasin-husqvarna-class-e10\/\",\"name\":\"\u00d5mblusmasin Husqvarna Class E10. Parimad \u00f5mblusmasinad.\",\"isPartOf\":{\"@id\":\"https:\/\/reginett.ee\/#website\"},\"primaryImageOfPage\":{\"@id\":\"https:\/\/reginett.ee\/toode\/omblusmasin-husqvarna-class-e10\/#primaryimage\"},\"image\":{\"@id\":\"https:\/\/reginett.ee\/toode\/omblusmasin-husqvarna-class-e10\/#primaryimage\"},\"thumbnailUrl\":\"https:\/\/reginett.ee\/wp-content\/uploads\/2021\/08\/Husqvarna-E10.jpg\",\"datePublished\":\"2021-08-20T14:36:22+00:00\",\"dateModified\":\"2024-09-11T07:59:58+00:00\",\"description\":\"Husqvarna Class E10 \u00f5mblusmasin on lihtne ja t\u00f6\u00f6kindel \u00f5mblusmasin v\u00e4iksemateks kodusteks \u00f5mblust\u00f6\u00f6deks. Sellel masinal on 21\",\"breadcrumb\":{\"@id\":\"https:\/\/reginett.ee\/toode\/omblusmasin-husqvarna-class-e10\/#breadcrumb\"},\"inLanguage\":\"ru-RU\",\"potentialAction\":[{\"@type\":\"ReadAction\",\"target\":[\"https:\/\/reginett.ee\/toode\/omblusmasin-husqvarna-class-e10\/\"]}]},{\"@type\":\"ImageObject\",\"inLanguage\":\"ru-RU\",\"@id\":\"https:\/\/reginett.ee\/toode\/omblusmasin-husqvarna-class-e10\/#primaryimage\",\"url\":\"https:\/\/reginett.ee\/wp-content\/uploads\/2021\/08\/Husqvarna-E10.jpg\",\"contentUrl\":\"https:\/\/reginett.ee\/wp-content\/uploads\/2021\/08\/Husqvarna-E10.jpg\",\"width\":680,\"height\":372,\"caption\":\"Husqvarna E10\"},{\"@type\":\"BreadcrumbList\",\"@id\":\"https:\/\/reginett.ee\/toode\/omblusmasin-husqvarna-class-e10\/#breadcrumb\",\"itemListElement\":[{\"@type\":\"ListItem\",\"position\":1,\"name\":\"Home\",\"item\":\"https:\/\/reginett.ee\/ru\/\"},{\"@type\":\"ListItem\",\"position\":2,\"name\":\"Tooted\",\"item\":\"https:\/\/reginett.ee\/tooted\/\"},{\"@type\":\"ListItem\",\"position\":3,\"name\":\"\u00d5mblusmasin Husqvarna Class E10\"}]},{\"@type\":\"WebSite\",\"@id\":\"https:\/\/reginett.ee\/#website\",\"url\":\"https:\/\/reginett.ee\/\",\"name\":\"Reginett\",\"description\":\"Parimad robotniidukid\",\"potentialAction\":[{\"@type\":\"SearchAction\",\"target\":{\"@type\":\"EntryPoint\",\"urlTemplate\":\"https:\/\/reginett.ee\/?s={search_term_string}\"},\"query-input\":{\"@type\":\"PropertyValueSpecification\",\"valueRequired\":true,\"valueName\":\"search_term_string\"}}],\"inLanguage\":\"ru-RU\"}]}<\/script>\n<!-- \/ Yoast SEO plugin. -->","yoast_head_json":{"title":"\u00d5mblusmasin Husqvarna Class E10. Parimad \u00f5mblusmasinad.","description":"Husqvarna Class E10 \u00f5mblusmasin on lihtne ja t\u00f6\u00f6kindel \u00f5mblusmasin v\u00e4iksemateks kodusteks \u00f5mblust\u00f6\u00f6deks. Sellel masinal on 21","robots":{"index":"index","follow":"follow","max-snippet":"max-snippet:-1","max-image-preview":"max-image-preview:large","max-video-preview":"max-video-preview:-1"},"canonical":"https:\/\/reginett.ee\/toode\/omblusmasin-husqvarna-class-e10\/","og_locale":"ru_RU","og_type":"article","og_title":"\u00d5mblusmasin Husqvarna Class E10. Parimad \u00f5mblusmasinad.","og_description":"Husqvarna Class E10 \u00f5mblusmasin on lihtne ja t\u00f6\u00f6kindel \u00f5mblusmasin v\u00e4iksemateks kodusteks \u00f5mblust\u00f6\u00f6deks. Sellel masinal on 21","og_url":"https:\/\/reginett.ee\/toode\/omblusmasin-husqvarna-class-e10\/","og_site_name":"Reginett","article_modified_time":"2024-09-11T07:59:58+00:00","og_image":[{"width":680,"height":372,"url":"https:\/\/reginett.ee\/wp-content\/uploads\/2021\/08\/Husqvarna-E10.jpg","type":"image\/jpeg"}],"twitter_card":"summary_large_image","twitter_misc":{"\u041f\u0440\u0438\u043c\u0435\u0440\u043d\u043e\u0435 \u0432\u0440\u0435\u043c\u044f \u0434\u043b\u044f \u0447\u0442\u0435\u043d\u0438\u044f":"1 \u043c\u0438\u043d\u0443\u0442\u0430"},"schema":{"@context":"https:\/\/schema.org","@graph":[{"@type":"WebPage","@id":"https:\/\/reginett.ee\/toode\/omblusmasin-husqvarna-class-e10\/","url":"https:\/\/reginett.ee\/toode\/omblusmasin-husqvarna-class-e10\/","name":"\u00d5mblusmasin Husqvarna Class E10. Parimad \u00f5mblusmasinad.","isPartOf":{"@id":"https:\/\/reginett.ee\/#website"},"primaryImageOfPage":{"@id":"https:\/\/reginett.ee\/toode\/omblusmasin-husqvarna-class-e10\/#primaryimage"},"image":{"@id":"https:\/\/reginett.ee\/toode\/omblusmasin-husqvarna-class-e10\/#primaryimage"},"thumbnailUrl":"https:\/\/reginett.ee\/wp-content\/uploads\/2021\/08\/Husqvarna-E10.jpg","datePublished":"2021-08-20T14:36:22+00:00","dateModified":"2024-09-11T07:59:58+00:00","description":"Husqvarna Class E10 \u00f5mblusmasin on lihtne ja t\u00f6\u00f6kindel \u00f5mblusmasin v\u00e4iksemateks kodusteks \u00f5mblust\u00f6\u00f6deks. Sellel masinal on 21","breadcrumb":{"@id":"https:\/\/reginett.ee\/toode\/omblusmasin-husqvarna-class-e10\/#breadcrumb"},"inLanguage":"ru-RU","potentialAction":[{"@type":"ReadAction","target":["https:\/\/reginett.ee\/toode\/omblusmasin-husqvarna-class-e10\/"]}]},{"@type":"ImageObject","inLanguage":"ru-RU","@id":"https:\/\/reginett.ee\/toode\/omblusmasin-husqvarna-class-e10\/#primaryimage","url":"https:\/\/reginett.ee\/wp-content\/uploads\/2021\/08\/Husqvarna-E10.jpg","contentUrl":"https:\/\/reginett.ee\/wp-content\/uploads\/2021\/08\/Husqvarna-E10.jpg","width":680,"height":372,"caption":"Husqvarna E10"},{"@type":"BreadcrumbList","@id":"https:\/\/reginett.ee\/toode\/omblusmasin-husqvarna-class-e10\/#breadcrumb","itemListElement":[{"@type":"ListItem","position":1,"name":"Home","item":"https:\/\/reginett.ee\/ru\/"},{"@type":"ListItem","position":2,"name":"Tooted","item":"https:\/\/reginett.ee\/tooted\/"},{"@type":"ListItem","position":3,"name":"\u00d5mblusmasin Husqvarna Class E10"}]},{"@type":"WebSite","@id":"https:\/\/reginett.ee\/#website","url":"https:\/\/reginett.ee\/","name":"Reginett","description":"Parimad robotniidukid","potentialAction":[{"@type":"SearchAction","target":{"@type":"EntryPoint","urlTemplate":"https:\/\/reginett.ee\/?s={search_term_string}"},"query-input":{"@type":"PropertyValueSpecification","valueRequired":true,"valueName":"search_term_string"}}],"inLanguage":"ru-RU"}]}},"brands":[],"_links":{"self":[{"href":"https:\/\/reginett.ee\/ru\/wp-json\/wp\/v2\/product\/51857","targetHints":{"allow":["GET"]}}],"collection":[{"href":"https:\/\/reginett.ee\/ru\/wp-json\/wp\/v2\/product"}],"about":[{"href":"https:\/\/reginett.ee\/ru\/wp-json\/wp\/v2\/types\/product"}],"replies":[{"embeddable":true,"href":"https:\/\/reginett.ee\/ru\/wp-json\/wp\/v2\/comments?post=51857"}],"wp:featuredmedia":[{"embeddable":true,"href":"https:\/\/reginett.ee\/ru\/wp-json\/wp\/v2\/media\/56991"}],"wp:attachment":[{"href":"https:\/\/reginett.ee\/ru\/wp-json\/wp\/v2\/media?parent=51857"}],"wp:term":[{"taxonomy":"pwb-brand","embeddable":true,"href":"https:\/\/reginett.ee\/ru\/wp-json\/wp\/v2\/pwb-brand?post=51857"},{"taxonomy":"product_brand","embeddable":true,"href":"https:\/\/reginett.ee\/ru\/wp-json\/wp\/v2\/product_brand?post=51857"},{"taxonomy":"product_cat","embeddable":true,"href":"https:\/\/reginett.ee\/ru\/wp-json\/wp\/v2\/product_cat?post=51857"},{"taxonomy":"product_tag","embeddable":true,"href":"https:\/\/reginett.ee\/ru\/wp-json\/wp\/v2\/product_tag?post=51857"}],"curies":[{"name":"wp","href":"https:\/\/api.w.org\/{rel}","templated":true}]}}