{"id":51828,"date":"2020-04-18T14:48:24","date_gmt":"2020-04-18T14:48:24","guid":{"rendered":"https:\/\/reginett.ee\/?post_type=product&#038;p=51828"},"modified":"2020-09-01T12:24:10","modified_gmt":"2020-09-01T12:24:10","slug":"uhendusklemm-laadimisjaamale","status":"publish","type":"product","link":"https:\/\/reginett.ee\/ru\/toode\/uhendusklemm-laadimisjaamale\/","title":{"rendered":"\u00dchendusklemm laadimisjaamale"},"content":{"rendered":"<p>Piirdekaabli \u00fchendusklamber robotniiduki laadimisjaama k\u00fclge.<\/p>\n","protected":false},"excerpt":{"rendered":"<p>Piirdekaabli \u00fchendusklamber robotniiduki laadimisjaama k\u00fclge.<\/p>\n","protected":false},"featured_media":51829,"comment_status":"open","ping_status":"closed","template":"","meta":{"_acf_changed":false,"_et_pb_use_builder":"","_et_pb_old_content":"","_et_gb_content_width":"","inline_featured_image":false},"pwb-brand":[],"product_brand":[],"product_cat":[37,120],"product_tag":[44],"class_list":{"0":"post-51828","1":"product","2":"type-product","3":"status-publish","4":"has-post-thumbnail","6":"product_cat-husqvarna","7":"product_cat-robotniidukite-lisatarvikud","8":"product_tag-robotniiduk","10":"first","11":"instock","12":"shipping-taxable","13":"purchasable","14":"product-type-simple"},"acf":[],"yoast_head":"<!-- This site is optimized with the Yoast SEO plugin v26.6 - https:\/\/yoast.com\/wordpress\/plugins\/seo\/ -->\n<title>\u00dchendusklemm laadimisjaamale - Reginett<\/title>\n<meta name=\"robots\" content=\"index, follow, max-snippet:-1, max-image-preview:large, max-video-preview:-1\" \/>\n<link rel=\"canonical\" href=\"https:\/\/reginett.ee\/toode\/uhendusklemm-laadimisjaamale\/\" \/>\n<meta property=\"og:locale\" content=\"ru_RU\" \/>\n<meta property=\"og:type\" content=\"article\" \/>\n<meta property=\"og:title\" content=\"\u00dchendusklemm laadimisjaamale - Reginett\" \/>\n<meta property=\"og:description\" content=\"Piirdekaabli \u00fchendusklamber robotniiduki laadimisjaama k\u00fclge.\" \/>\n<meta property=\"og:url\" content=\"https:\/\/reginett.ee\/toode\/uhendusklemm-laadimisjaamale\/\" \/>\n<meta property=\"og:site_name\" content=\"Reginett\" \/>\n<meta property=\"article:modified_time\" content=\"2020-09-01T12:24:10+00:00\" \/>\n<meta property=\"og:image\" content=\"https:\/\/reginett.ee\/wp-content\/uploads\/2020\/04\/\u00dchendusklemm-laadimisjaamale.jpg\" \/>\n\t<meta property=\"og:image:width\" content=\"995\" \/>\n\t<meta property=\"og:image:height\" content=\"538\" \/>\n\t<meta property=\"og:image:type\" content=\"image\/jpeg\" \/>\n<meta name=\"twitter:card\" content=\"summary_large_image\" \/>\n<script type=\"application\/ld+json\" class=\"yoast-schema-graph\">{\"@context\":\"https:\/\/schema.org\",\"@graph\":[{\"@type\":\"WebPage\",\"@id\":\"https:\/\/reginett.ee\/toode\/uhendusklemm-laadimisjaamale\/\",\"url\":\"https:\/\/reginett.ee\/toode\/uhendusklemm-laadimisjaamale\/\",\"name\":\"\u00dchendusklemm laadimisjaamale - Reginett\",\"isPartOf\":{\"@id\":\"https:\/\/reginett.ee\/#website\"},\"primaryImageOfPage\":{\"@id\":\"https:\/\/reginett.ee\/toode\/uhendusklemm-laadimisjaamale\/#primaryimage\"},\"image\":{\"@id\":\"https:\/\/reginett.ee\/toode\/uhendusklemm-laadimisjaamale\/#primaryimage\"},\"thumbnailUrl\":\"https:\/\/reginett.ee\/wp-content\/uploads\/2020\/04\/\u00dchendusklemm-laadimisjaamale.jpg\",\"datePublished\":\"2020-04-18T14:48:24+00:00\",\"dateModified\":\"2020-09-01T12:24:10+00:00\",\"breadcrumb\":{\"@id\":\"https:\/\/reginett.ee\/toode\/uhendusklemm-laadimisjaamale\/#breadcrumb\"},\"inLanguage\":\"ru-RU\",\"potentialAction\":[{\"@type\":\"ReadAction\",\"target\":[\"https:\/\/reginett.ee\/toode\/uhendusklemm-laadimisjaamale\/\"]}]},{\"@type\":\"ImageObject\",\"inLanguage\":\"ru-RU\",\"@id\":\"https:\/\/reginett.ee\/toode\/uhendusklemm-laadimisjaamale\/#primaryimage\",\"url\":\"https:\/\/reginett.ee\/wp-content\/uploads\/2020\/04\/\u00dchendusklemm-laadimisjaamale.jpg\",\"contentUrl\":\"https:\/\/reginett.ee\/wp-content\/uploads\/2020\/04\/\u00dchendusklemm-laadimisjaamale.jpg\",\"width\":995,\"height\":538,\"caption\":\"\u00dchendusklemm laadimisjaamale\"},{\"@type\":\"BreadcrumbList\",\"@id\":\"https:\/\/reginett.ee\/toode\/uhendusklemm-laadimisjaamale\/#breadcrumb\",\"itemListElement\":[{\"@type\":\"ListItem\",\"position\":1,\"name\":\"Home\",\"item\":\"https:\/\/reginett.ee\/ru\/\"},{\"@type\":\"ListItem\",\"position\":2,\"name\":\"Tooted\",\"item\":\"https:\/\/reginett.ee\/tooted\/\"},{\"@type\":\"ListItem\",\"position\":3,\"name\":\"\u00dchendusklemm laadimisjaamale\"}]},{\"@type\":\"WebSite\",\"@id\":\"https:\/\/reginett.ee\/#website\",\"url\":\"https:\/\/reginett.ee\/\",\"name\":\"Reginett\",\"description\":\"Parimad robotniidukid\",\"potentialAction\":[{\"@type\":\"SearchAction\",\"target\":{\"@type\":\"EntryPoint\",\"urlTemplate\":\"https:\/\/reginett.ee\/?s={search_term_string}\"},\"query-input\":{\"@type\":\"PropertyValueSpecification\",\"valueRequired\":true,\"valueName\":\"search_term_string\"}}],\"inLanguage\":\"ru-RU\"}]}<\/script>\n<!-- \/ Yoast SEO plugin. -->","yoast_head_json":{"title":"\u00dchendusklemm laadimisjaamale - Reginett","robots":{"index":"index","follow":"follow","max-snippet":"max-snippet:-1","max-image-preview":"max-image-preview:large","max-video-preview":"max-video-preview:-1"},"canonical":"https:\/\/reginett.ee\/toode\/uhendusklemm-laadimisjaamale\/","og_locale":"ru_RU","og_type":"article","og_title":"\u00dchendusklemm laadimisjaamale - Reginett","og_description":"Piirdekaabli \u00fchendusklamber robotniiduki laadimisjaama k\u00fclge.","og_url":"https:\/\/reginett.ee\/toode\/uhendusklemm-laadimisjaamale\/","og_site_name":"Reginett","article_modified_time":"2020-09-01T12:24:10+00:00","og_image":[{"width":995,"height":538,"url":"https:\/\/reginett.ee\/wp-content\/uploads\/2020\/04\/\u00dchendusklemm-laadimisjaamale.jpg","type":"image\/jpeg"}],"twitter_card":"summary_large_image","schema":{"@context":"https:\/\/schema.org","@graph":[{"@type":"WebPage","@id":"https:\/\/reginett.ee\/toode\/uhendusklemm-laadimisjaamale\/","url":"https:\/\/reginett.ee\/toode\/uhendusklemm-laadimisjaamale\/","name":"\u00dchendusklemm laadimisjaamale - Reginett","isPartOf":{"@id":"https:\/\/reginett.ee\/#website"},"primaryImageOfPage":{"@id":"https:\/\/reginett.ee\/toode\/uhendusklemm-laadimisjaamale\/#primaryimage"},"image":{"@id":"https:\/\/reginett.ee\/toode\/uhendusklemm-laadimisjaamale\/#primaryimage"},"thumbnailUrl":"https:\/\/reginett.ee\/wp-content\/uploads\/2020\/04\/\u00dchendusklemm-laadimisjaamale.jpg","datePublished":"2020-04-18T14:48:24+00:00","dateModified":"2020-09-01T12:24:10+00:00","breadcrumb":{"@id":"https:\/\/reginett.ee\/toode\/uhendusklemm-laadimisjaamale\/#breadcrumb"},"inLanguage":"ru-RU","potentialAction":[{"@type":"ReadAction","target":["https:\/\/reginett.ee\/toode\/uhendusklemm-laadimisjaamale\/"]}]},{"@type":"ImageObject","inLanguage":"ru-RU","@id":"https:\/\/reginett.ee\/toode\/uhendusklemm-laadimisjaamale\/#primaryimage","url":"https:\/\/reginett.ee\/wp-content\/uploads\/2020\/04\/\u00dchendusklemm-laadimisjaamale.jpg","contentUrl":"https:\/\/reginett.ee\/wp-content\/uploads\/2020\/04\/\u00dchendusklemm-laadimisjaamale.jpg","width":995,"height":538,"caption":"\u00dchendusklemm laadimisjaamale"},{"@type":"BreadcrumbList","@id":"https:\/\/reginett.ee\/toode\/uhendusklemm-laadimisjaamale\/#breadcrumb","itemListElement":[{"@type":"ListItem","position":1,"name":"Home","item":"https:\/\/reginett.ee\/ru\/"},{"@type":"ListItem","position":2,"name":"Tooted","item":"https:\/\/reginett.ee\/tooted\/"},{"@type":"ListItem","position":3,"name":"\u00dchendusklemm laadimisjaamale"}]},{"@type":"WebSite","@id":"https:\/\/reginett.ee\/#website","url":"https:\/\/reginett.ee\/","name":"Reginett","description":"Parimad robotniidukid","potentialAction":[{"@type":"SearchAction","target":{"@type":"EntryPoint","urlTemplate":"https:\/\/reginett.ee\/?s={search_term_string}"},"query-input":{"@type":"PropertyValueSpecification","valueRequired":true,"valueName":"search_term_string"}}],"inLanguage":"ru-RU"}]}},"brands":[],"_links":{"self":[{"href":"https:\/\/reginett.ee\/ru\/wp-json\/wp\/v2\/product\/51828","targetHints":{"allow":["GET"]}}],"collection":[{"href":"https:\/\/reginett.ee\/ru\/wp-json\/wp\/v2\/product"}],"about":[{"href":"https:\/\/reginett.ee\/ru\/wp-json\/wp\/v2\/types\/product"}],"replies":[{"embeddable":true,"href":"https:\/\/reginett.ee\/ru\/wp-json\/wp\/v2\/comments?post=51828"}],"wp:featuredmedia":[{"embeddable":true,"href":"https:\/\/reginett.ee\/ru\/wp-json\/wp\/v2\/media\/51829"}],"wp:attachment":[{"href":"https:\/\/reginett.ee\/ru\/wp-json\/wp\/v2\/media?parent=51828"}],"wp:term":[{"taxonomy":"pwb-brand","embeddable":true,"href":"https:\/\/reginett.ee\/ru\/wp-json\/wp\/v2\/pwb-brand?post=51828"},{"taxonomy":"product_brand","embeddable":true,"href":"https:\/\/reginett.ee\/ru\/wp-json\/wp\/v2\/product_brand?post=51828"},{"taxonomy":"product_cat","embeddable":true,"href":"https:\/\/reginett.ee\/ru\/wp-json\/wp\/v2\/product_cat?post=51828"},{"taxonomy":"product_tag","embeddable":true,"href":"https:\/\/reginett.ee\/ru\/wp-json\/wp\/v2\/product_tag?post=51828"}],"curies":[{"name":"wp","href":"https:\/\/api.w.org\/{rel}","templated":true}]}}