{"id":51825,"date":"2020-01-18T14:42:41","date_gmt":"2020-01-18T11:42:41","guid":{"rendered":"https:\/\/reginett.ee\/?post_type=product&#038;p=51825"},"modified":"2023-07-30T11:14:32","modified_gmt":"2023-07-30T08:14:32","slug":"uhendusklemm-piirdekaablile","status":"publish","type":"product","link":"https:\/\/reginett.ee\/ru\/toode\/uhendusklemm-piirdekaablile\/","title":{"rendered":"J\u00e4tkuklemm piirdekaablile"},"content":{"rendered":"<p>Robotniiduki piirdekaabli \u00fchendusklemm. Geeliga klemm v\u00f5imaldab katkenud piirdekaabli kiiret ja mugavat parandamist.<\/p>\n<p>&nbsp;<\/p>\n","protected":false},"excerpt":{"rendered":"<p>Robotniiduki piirdekaabli \u00fchendusklemm. Geeliga klemm v\u00f5imaldab katkenud piirdekaabli kiiret ja mugavat parandamist.<\/p>\n","protected":false},"featured_media":51826,"comment_status":"open","ping_status":"closed","template":"","meta":{"_acf_changed":false,"_et_pb_use_builder":"","_et_pb_old_content":"","_et_gb_content_width":"","inline_featured_image":false},"pwb-brand":[],"product_brand":[],"product_cat":[37,120],"product_tag":[44],"class_list":{"0":"post-51825","1":"product","2":"type-product","3":"status-publish","4":"has-post-thumbnail","6":"product_cat-husqvarna","7":"product_cat-robotniidukite-lisatarvikud","8":"product_tag-robotniiduk","10":"first","11":"instock","12":"shipping-taxable","13":"purchasable","14":"product-type-simple"},"acf":[],"yoast_head":"<!-- This site is optimized with the Yoast SEO plugin v26.6 - https:\/\/yoast.com\/wordpress\/plugins\/seo\/ -->\n<title>J\u00e4tkuklemm piirdekaablile - Reginett<\/title>\n<meta name=\"robots\" content=\"index, follow, max-snippet:-1, max-image-preview:large, max-video-preview:-1\" \/>\n<link rel=\"canonical\" href=\"https:\/\/reginett.ee\/toode\/uhendusklemm-piirdekaablile\/\" \/>\n<meta property=\"og:locale\" content=\"ru_RU\" \/>\n<meta property=\"og:type\" content=\"article\" \/>\n<meta property=\"og:title\" content=\"J\u00e4tkuklemm piirdekaablile - Reginett\" \/>\n<meta property=\"og:description\" content=\"Robotniiduki piirdekaabli \u00fchendusklemm. Geeliga klemm v\u00f5imaldab katkenud piirdekaabli kiiret ja mugavat parandamist.\" \/>\n<meta property=\"og:url\" content=\"https:\/\/reginett.ee\/toode\/uhendusklemm-piirdekaablile\/\" \/>\n<meta property=\"og:site_name\" content=\"Reginett\" \/>\n<meta property=\"article:modified_time\" content=\"2023-07-30T08:14:32+00:00\" \/>\n<meta property=\"og:image\" content=\"https:\/\/reginett.ee\/wp-content\/uploads\/2020\/04\/Piirdekaabli-j\u00e4tkulemm.jpg\" \/>\n\t<meta property=\"og:image:width\" content=\"995\" \/>\n\t<meta property=\"og:image:height\" content=\"538\" \/>\n\t<meta property=\"og:image:type\" content=\"image\/jpeg\" \/>\n<meta name=\"twitter:card\" content=\"summary_large_image\" \/>\n<script type=\"application\/ld+json\" class=\"yoast-schema-graph\">{\"@context\":\"https:\/\/schema.org\",\"@graph\":[{\"@type\":\"WebPage\",\"@id\":\"https:\/\/reginett.ee\/toode\/uhendusklemm-piirdekaablile\/\",\"url\":\"https:\/\/reginett.ee\/toode\/uhendusklemm-piirdekaablile\/\",\"name\":\"J\u00e4tkuklemm piirdekaablile - Reginett\",\"isPartOf\":{\"@id\":\"https:\/\/reginett.ee\/#website\"},\"primaryImageOfPage\":{\"@id\":\"https:\/\/reginett.ee\/toode\/uhendusklemm-piirdekaablile\/#primaryimage\"},\"image\":{\"@id\":\"https:\/\/reginett.ee\/toode\/uhendusklemm-piirdekaablile\/#primaryimage\"},\"thumbnailUrl\":\"https:\/\/reginett.ee\/wp-content\/uploads\/2020\/04\/Piirdekaabli-j\u00e4tkulemm.jpg\",\"datePublished\":\"2020-01-18T11:42:41+00:00\",\"dateModified\":\"2023-07-30T08:14:32+00:00\",\"breadcrumb\":{\"@id\":\"https:\/\/reginett.ee\/toode\/uhendusklemm-piirdekaablile\/#breadcrumb\"},\"inLanguage\":\"ru-RU\",\"potentialAction\":[{\"@type\":\"ReadAction\",\"target\":[\"https:\/\/reginett.ee\/toode\/uhendusklemm-piirdekaablile\/\"]}]},{\"@type\":\"ImageObject\",\"inLanguage\":\"ru-RU\",\"@id\":\"https:\/\/reginett.ee\/toode\/uhendusklemm-piirdekaablile\/#primaryimage\",\"url\":\"https:\/\/reginett.ee\/wp-content\/uploads\/2020\/04\/Piirdekaabli-j\u00e4tkulemm.jpg\",\"contentUrl\":\"https:\/\/reginett.ee\/wp-content\/uploads\/2020\/04\/Piirdekaabli-j\u00e4tkulemm.jpg\",\"width\":995,\"height\":538,\"caption\":\"Piirdekaabli j\u00e4tkuklemm\"},{\"@type\":\"BreadcrumbList\",\"@id\":\"https:\/\/reginett.ee\/toode\/uhendusklemm-piirdekaablile\/#breadcrumb\",\"itemListElement\":[{\"@type\":\"ListItem\",\"position\":1,\"name\":\"Home\",\"item\":\"https:\/\/reginett.ee\/ru\/\"},{\"@type\":\"ListItem\",\"position\":2,\"name\":\"Tooted\",\"item\":\"https:\/\/reginett.ee\/tooted\/\"},{\"@type\":\"ListItem\",\"position\":3,\"name\":\"J\u00e4tkuklemm piirdekaablile\"}]},{\"@type\":\"WebSite\",\"@id\":\"https:\/\/reginett.ee\/#website\",\"url\":\"https:\/\/reginett.ee\/\",\"name\":\"Reginett\",\"description\":\"Parimad robotniidukid\",\"potentialAction\":[{\"@type\":\"SearchAction\",\"target\":{\"@type\":\"EntryPoint\",\"urlTemplate\":\"https:\/\/reginett.ee\/?s={search_term_string}\"},\"query-input\":{\"@type\":\"PropertyValueSpecification\",\"valueRequired\":true,\"valueName\":\"search_term_string\"}}],\"inLanguage\":\"ru-RU\"}]}<\/script>\n<!-- \/ Yoast SEO plugin. -->","yoast_head_json":{"title":"J\u00e4tkuklemm piirdekaablile - Reginett","robots":{"index":"index","follow":"follow","max-snippet":"max-snippet:-1","max-image-preview":"max-image-preview:large","max-video-preview":"max-video-preview:-1"},"canonical":"https:\/\/reginett.ee\/toode\/uhendusklemm-piirdekaablile\/","og_locale":"ru_RU","og_type":"article","og_title":"J\u00e4tkuklemm piirdekaablile - Reginett","og_description":"Robotniiduki piirdekaabli \u00fchendusklemm. Geeliga klemm v\u00f5imaldab katkenud piirdekaabli kiiret ja mugavat parandamist.","og_url":"https:\/\/reginett.ee\/toode\/uhendusklemm-piirdekaablile\/","og_site_name":"Reginett","article_modified_time":"2023-07-30T08:14:32+00:00","og_image":[{"width":995,"height":538,"url":"https:\/\/reginett.ee\/wp-content\/uploads\/2020\/04\/Piirdekaabli-j\u00e4tkulemm.jpg","type":"image\/jpeg"}],"twitter_card":"summary_large_image","schema":{"@context":"https:\/\/schema.org","@graph":[{"@type":"WebPage","@id":"https:\/\/reginett.ee\/toode\/uhendusklemm-piirdekaablile\/","url":"https:\/\/reginett.ee\/toode\/uhendusklemm-piirdekaablile\/","name":"J\u00e4tkuklemm piirdekaablile - Reginett","isPartOf":{"@id":"https:\/\/reginett.ee\/#website"},"primaryImageOfPage":{"@id":"https:\/\/reginett.ee\/toode\/uhendusklemm-piirdekaablile\/#primaryimage"},"image":{"@id":"https:\/\/reginett.ee\/toode\/uhendusklemm-piirdekaablile\/#primaryimage"},"thumbnailUrl":"https:\/\/reginett.ee\/wp-content\/uploads\/2020\/04\/Piirdekaabli-j\u00e4tkulemm.jpg","datePublished":"2020-01-18T11:42:41+00:00","dateModified":"2023-07-30T08:14:32+00:00","breadcrumb":{"@id":"https:\/\/reginett.ee\/toode\/uhendusklemm-piirdekaablile\/#breadcrumb"},"inLanguage":"ru-RU","potentialAction":[{"@type":"ReadAction","target":["https:\/\/reginett.ee\/toode\/uhendusklemm-piirdekaablile\/"]}]},{"@type":"ImageObject","inLanguage":"ru-RU","@id":"https:\/\/reginett.ee\/toode\/uhendusklemm-piirdekaablile\/#primaryimage","url":"https:\/\/reginett.ee\/wp-content\/uploads\/2020\/04\/Piirdekaabli-j\u00e4tkulemm.jpg","contentUrl":"https:\/\/reginett.ee\/wp-content\/uploads\/2020\/04\/Piirdekaabli-j\u00e4tkulemm.jpg","width":995,"height":538,"caption":"Piirdekaabli j\u00e4tkuklemm"},{"@type":"BreadcrumbList","@id":"https:\/\/reginett.ee\/toode\/uhendusklemm-piirdekaablile\/#breadcrumb","itemListElement":[{"@type":"ListItem","position":1,"name":"Home","item":"https:\/\/reginett.ee\/ru\/"},{"@type":"ListItem","position":2,"name":"Tooted","item":"https:\/\/reginett.ee\/tooted\/"},{"@type":"ListItem","position":3,"name":"J\u00e4tkuklemm piirdekaablile"}]},{"@type":"WebSite","@id":"https:\/\/reginett.ee\/#website","url":"https:\/\/reginett.ee\/","name":"Reginett","description":"Parimad robotniidukid","potentialAction":[{"@type":"SearchAction","target":{"@type":"EntryPoint","urlTemplate":"https:\/\/reginett.ee\/?s={search_term_string}"},"query-input":{"@type":"PropertyValueSpecification","valueRequired":true,"valueName":"search_term_string"}}],"inLanguage":"ru-RU"}]}},"brands":[],"_links":{"self":[{"href":"https:\/\/reginett.ee\/ru\/wp-json\/wp\/v2\/product\/51825","targetHints":{"allow":["GET"]}}],"collection":[{"href":"https:\/\/reginett.ee\/ru\/wp-json\/wp\/v2\/product"}],"about":[{"href":"https:\/\/reginett.ee\/ru\/wp-json\/wp\/v2\/types\/product"}],"replies":[{"embeddable":true,"href":"https:\/\/reginett.ee\/ru\/wp-json\/wp\/v2\/comments?post=51825"}],"wp:featuredmedia":[{"embeddable":true,"href":"https:\/\/reginett.ee\/ru\/wp-json\/wp\/v2\/media\/51826"}],"wp:attachment":[{"href":"https:\/\/reginett.ee\/ru\/wp-json\/wp\/v2\/media?parent=51825"}],"wp:term":[{"taxonomy":"pwb-brand","embeddable":true,"href":"https:\/\/reginett.ee\/ru\/wp-json\/wp\/v2\/pwb-brand?post=51825"},{"taxonomy":"product_brand","embeddable":true,"href":"https:\/\/reginett.ee\/ru\/wp-json\/wp\/v2\/product_brand?post=51825"},{"taxonomy":"product_cat","embeddable":true,"href":"https:\/\/reginett.ee\/ru\/wp-json\/wp\/v2\/product_cat?post=51825"},{"taxonomy":"product_tag","embeddable":true,"href":"https:\/\/reginett.ee\/ru\/wp-json\/wp\/v2\/product_tag?post=51825"}],"curies":[{"name":"wp","href":"https:\/\/api.w.org\/{rel}","templated":true}]}}