{"id":51816,"date":"2020-01-18T14:12:19","date_gmt":"2020-01-18T11:12:19","guid":{"rendered":"https:\/\/reginett.ee\/?post_type=product&#038;p=51816"},"modified":"2022-05-17T22:01:40","modified_gmt":"2022-05-17T19:01:40","slug":"automower-connect-komplekt","status":"publish","type":"product","link":"https:\/\/reginett.ee\/ru\/toode\/automower-connect-komplekt\/","title":{"rendered":"Automower\u00ae Connect komplekt"},"content":{"rendered":"<p>Automower\u00ae Connect (saadaval App Stores ja Google Play poes) annab teile v\u00f5imaluse kontrollida oma Husqvarna Automower\u00ae-it igal ajal ja igas kohas. Peale programmi installeerimist, mida on v\u00f5imalik teha k\u00f5ikide meie volitatud edasim\u00fc\u00fcjate juures, saate te seadistada robotniiduki niiduk\u00f5rgust, saata ta niitma, parkida ning muuta muid erinevaid seadsitusi. Lisaks saate te j\u00e4lgida oma niiduki t\u00e4pset asukohta l\u00e4bi oma nutitelefoni \u00fcksk\u00f5ik kus maailma otsas. GPS koordinaatide ning veateadete j\u00e4lgimine on lisaks v\u00f5imalik ka l\u00fchis\u00f5numite teel kasutajatel, kes ei oma nutitelefoni.<\/p>\n<p>Sobib:<\/p>\n<p>AUTOMOWER\u00ae 305<\/p>\n<p>AUTOMOWER\u00ae 310<\/p>\n<p>AUTOMOWER\u00ae 315<\/p>\n<p>AUTOMOWER\u00ae 420<\/p>\n<p>AUTOMOWER\u00ae 440<\/p>\n","protected":false},"excerpt":{"rendered":"<p>Automower\u00ae Connect (saadaval App Stores ja Google Play poes) annab teile v\u00f5imaluse kontrollida oma Husqvarna Automower\u00ae-it igal ajal ja igas kohas. Peale programmi installeerimist, mida on v\u00f5imalik teha k\u00f5ikide meie volitatud edasim\u00fc\u00fcjate juures, saate te seadistada robotniiduki niiduk\u00f5rgust, saata ta niitma, parkida ning muuta muid erinevaid seadsitusi. Lisaks saate te j\u00e4lgida oma niiduki t\u00e4pset asukohta l\u00e4bi oma nutitelefoni \u00fcksk\u00f5ik kus maailma otsas. GPS koordinaatide ning veateadete j\u00e4lgimine on lisaks v\u00f5imalik ka l\u00fchis\u00f5numite teel kasutajatel, kes ei oma nutitelefoni.<\/p>\n","protected":false},"featured_media":52845,"comment_status":"open","ping_status":"closed","template":"","meta":{"_acf_changed":false,"_et_pb_use_builder":"","_et_pb_old_content":"","_et_gb_content_width":"","inline_featured_image":false},"pwb-brand":[],"product_brand":[],"product_cat":[37,19,120],"product_tag":[81],"class_list":{"0":"post-51816","1":"product","2":"type-product","3":"status-publish","4":"has-post-thumbnail","6":"product_cat-husqvarna","7":"product_cat-robotniidukid","8":"product_cat-robotniidukite-lisatarvikud","9":"product_tag-robotniidukid","11":"first","12":"instock","13":"shipping-taxable","14":"purchasable","15":"product-type-simple"},"acf":[],"yoast_head":"<!-- This site is optimized with the Yoast SEO plugin v26.6 - https:\/\/yoast.com\/wordpress\/plugins\/seo\/ -->\n<title>Automower\u00ae Connect komplekt. Suur valik tarvikuid robotniidukitele<\/title>\n<meta name=\"description\" content=\"Automower\u00ae Connect (saadaval App Stores ja Google Play poes) annab teile v\u00f5imaluse kontrollida oma Husqvarna Automower\u00ae\" \/>\n<meta name=\"robots\" content=\"index, follow, max-snippet:-1, max-image-preview:large, max-video-preview:-1\" \/>\n<link rel=\"canonical\" href=\"https:\/\/reginett.ee\/toode\/automower-connect-komplekt\/\" \/>\n<meta property=\"og:locale\" content=\"ru_RU\" \/>\n<meta property=\"og:type\" content=\"article\" \/>\n<meta property=\"og:title\" content=\"Automower\u00ae Connect komplekt. Suur valik tarvikuid robotniidukitele\" \/>\n<meta property=\"og:description\" content=\"Automower\u00ae Connect (saadaval App Stores ja Google Play poes) annab teile v\u00f5imaluse kontrollida oma Husqvarna Automower\u00ae\" \/>\n<meta property=\"og:url\" content=\"https:\/\/reginett.ee\/toode\/automower-connect-komplekt\/\" \/>\n<meta property=\"og:site_name\" content=\"Reginett\" \/>\n<meta property=\"article:modified_time\" content=\"2022-05-17T19:01:40+00:00\" \/>\n<meta property=\"og:image\" content=\"https:\/\/reginett.ee\/wp-content\/uploads\/2020\/01\/Automower-Connect.jpg\" \/>\n\t<meta property=\"og:image:width\" content=\"680\" \/>\n\t<meta property=\"og:image:height\" content=\"372\" \/>\n\t<meta property=\"og:image:type\" content=\"image\/jpeg\" \/>\n<meta name=\"twitter:card\" content=\"summary_large_image\" \/>\n<script type=\"application\/ld+json\" class=\"yoast-schema-graph\">{\"@context\":\"https:\/\/schema.org\",\"@graph\":[{\"@type\":\"WebPage\",\"@id\":\"https:\/\/reginett.ee\/toode\/automower-connect-komplekt\/\",\"url\":\"https:\/\/reginett.ee\/toode\/automower-connect-komplekt\/\",\"name\":\"Automower\u00ae Connect komplekt. Suur valik tarvikuid robotniidukitele\",\"isPartOf\":{\"@id\":\"https:\/\/reginett.ee\/#website\"},\"primaryImageOfPage\":{\"@id\":\"https:\/\/reginett.ee\/toode\/automower-connect-komplekt\/#primaryimage\"},\"image\":{\"@id\":\"https:\/\/reginett.ee\/toode\/automower-connect-komplekt\/#primaryimage\"},\"thumbnailUrl\":\"https:\/\/reginett.ee\/wp-content\/uploads\/2020\/01\/Automower-Connect.jpg\",\"datePublished\":\"2020-01-18T11:12:19+00:00\",\"dateModified\":\"2022-05-17T19:01:40+00:00\",\"description\":\"Automower\u00ae Connect (saadaval App Stores ja Google Play poes) annab teile v\u00f5imaluse kontrollida oma Husqvarna Automower\u00ae\",\"breadcrumb\":{\"@id\":\"https:\/\/reginett.ee\/toode\/automower-connect-komplekt\/#breadcrumb\"},\"inLanguage\":\"ru-RU\",\"potentialAction\":[{\"@type\":\"ReadAction\",\"target\":[\"https:\/\/reginett.ee\/toode\/automower-connect-komplekt\/\"]}]},{\"@type\":\"ImageObject\",\"inLanguage\":\"ru-RU\",\"@id\":\"https:\/\/reginett.ee\/toode\/automower-connect-komplekt\/#primaryimage\",\"url\":\"https:\/\/reginett.ee\/wp-content\/uploads\/2020\/01\/Automower-Connect.jpg\",\"contentUrl\":\"https:\/\/reginett.ee\/wp-content\/uploads\/2020\/01\/Automower-Connect.jpg\",\"width\":680,\"height\":372,\"caption\":\"Automower Connect\"},{\"@type\":\"BreadcrumbList\",\"@id\":\"https:\/\/reginett.ee\/toode\/automower-connect-komplekt\/#breadcrumb\",\"itemListElement\":[{\"@type\":\"ListItem\",\"position\":1,\"name\":\"Home\",\"item\":\"https:\/\/reginett.ee\/ru\/\"},{\"@type\":\"ListItem\",\"position\":2,\"name\":\"Tooted\",\"item\":\"https:\/\/reginett.ee\/tooted\/\"},{\"@type\":\"ListItem\",\"position\":3,\"name\":\"Automower\u00ae Connect komplekt\"}]},{\"@type\":\"WebSite\",\"@id\":\"https:\/\/reginett.ee\/#website\",\"url\":\"https:\/\/reginett.ee\/\",\"name\":\"Reginett\",\"description\":\"Parimad robotniidukid\",\"potentialAction\":[{\"@type\":\"SearchAction\",\"target\":{\"@type\":\"EntryPoint\",\"urlTemplate\":\"https:\/\/reginett.ee\/?s={search_term_string}\"},\"query-input\":{\"@type\":\"PropertyValueSpecification\",\"valueRequired\":true,\"valueName\":\"search_term_string\"}}],\"inLanguage\":\"ru-RU\"}]}<\/script>\n<!-- \/ Yoast SEO plugin. -->","yoast_head_json":{"title":"Automower\u00ae Connect komplekt. Suur valik tarvikuid robotniidukitele","description":"Automower\u00ae Connect (saadaval App Stores ja Google Play poes) annab teile v\u00f5imaluse kontrollida oma Husqvarna Automower\u00ae","robots":{"index":"index","follow":"follow","max-snippet":"max-snippet:-1","max-image-preview":"max-image-preview:large","max-video-preview":"max-video-preview:-1"},"canonical":"https:\/\/reginett.ee\/toode\/automower-connect-komplekt\/","og_locale":"ru_RU","og_type":"article","og_title":"Automower\u00ae Connect komplekt. Suur valik tarvikuid robotniidukitele","og_description":"Automower\u00ae Connect (saadaval App Stores ja Google Play poes) annab teile v\u00f5imaluse kontrollida oma Husqvarna Automower\u00ae","og_url":"https:\/\/reginett.ee\/toode\/automower-connect-komplekt\/","og_site_name":"Reginett","article_modified_time":"2022-05-17T19:01:40+00:00","og_image":[{"width":680,"height":372,"url":"https:\/\/reginett.ee\/wp-content\/uploads\/2020\/01\/Automower-Connect.jpg","type":"image\/jpeg"}],"twitter_card":"summary_large_image","schema":{"@context":"https:\/\/schema.org","@graph":[{"@type":"WebPage","@id":"https:\/\/reginett.ee\/toode\/automower-connect-komplekt\/","url":"https:\/\/reginett.ee\/toode\/automower-connect-komplekt\/","name":"Automower\u00ae Connect komplekt. Suur valik tarvikuid robotniidukitele","isPartOf":{"@id":"https:\/\/reginett.ee\/#website"},"primaryImageOfPage":{"@id":"https:\/\/reginett.ee\/toode\/automower-connect-komplekt\/#primaryimage"},"image":{"@id":"https:\/\/reginett.ee\/toode\/automower-connect-komplekt\/#primaryimage"},"thumbnailUrl":"https:\/\/reginett.ee\/wp-content\/uploads\/2020\/01\/Automower-Connect.jpg","datePublished":"2020-01-18T11:12:19+00:00","dateModified":"2022-05-17T19:01:40+00:00","description":"Automower\u00ae Connect (saadaval App Stores ja Google Play poes) annab teile v\u00f5imaluse kontrollida oma Husqvarna Automower\u00ae","breadcrumb":{"@id":"https:\/\/reginett.ee\/toode\/automower-connect-komplekt\/#breadcrumb"},"inLanguage":"ru-RU","potentialAction":[{"@type":"ReadAction","target":["https:\/\/reginett.ee\/toode\/automower-connect-komplekt\/"]}]},{"@type":"ImageObject","inLanguage":"ru-RU","@id":"https:\/\/reginett.ee\/toode\/automower-connect-komplekt\/#primaryimage","url":"https:\/\/reginett.ee\/wp-content\/uploads\/2020\/01\/Automower-Connect.jpg","contentUrl":"https:\/\/reginett.ee\/wp-content\/uploads\/2020\/01\/Automower-Connect.jpg","width":680,"height":372,"caption":"Automower Connect"},{"@type":"BreadcrumbList","@id":"https:\/\/reginett.ee\/toode\/automower-connect-komplekt\/#breadcrumb","itemListElement":[{"@type":"ListItem","position":1,"name":"Home","item":"https:\/\/reginett.ee\/ru\/"},{"@type":"ListItem","position":2,"name":"Tooted","item":"https:\/\/reginett.ee\/tooted\/"},{"@type":"ListItem","position":3,"name":"Automower\u00ae Connect komplekt"}]},{"@type":"WebSite","@id":"https:\/\/reginett.ee\/#website","url":"https:\/\/reginett.ee\/","name":"Reginett","description":"Parimad robotniidukid","potentialAction":[{"@type":"SearchAction","target":{"@type":"EntryPoint","urlTemplate":"https:\/\/reginett.ee\/?s={search_term_string}"},"query-input":{"@type":"PropertyValueSpecification","valueRequired":true,"valueName":"search_term_string"}}],"inLanguage":"ru-RU"}]}},"brands":[],"_links":{"self":[{"href":"https:\/\/reginett.ee\/ru\/wp-json\/wp\/v2\/product\/51816","targetHints":{"allow":["GET"]}}],"collection":[{"href":"https:\/\/reginett.ee\/ru\/wp-json\/wp\/v2\/product"}],"about":[{"href":"https:\/\/reginett.ee\/ru\/wp-json\/wp\/v2\/types\/product"}],"replies":[{"embeddable":true,"href":"https:\/\/reginett.ee\/ru\/wp-json\/wp\/v2\/comments?post=51816"}],"wp:featuredmedia":[{"embeddable":true,"href":"https:\/\/reginett.ee\/ru\/wp-json\/wp\/v2\/media\/52845"}],"wp:attachment":[{"href":"https:\/\/reginett.ee\/ru\/wp-json\/wp\/v2\/media?parent=51816"}],"wp:term":[{"taxonomy":"pwb-brand","embeddable":true,"href":"https:\/\/reginett.ee\/ru\/wp-json\/wp\/v2\/pwb-brand?post=51816"},{"taxonomy":"product_brand","embeddable":true,"href":"https:\/\/reginett.ee\/ru\/wp-json\/wp\/v2\/product_brand?post=51816"},{"taxonomy":"product_cat","embeddable":true,"href":"https:\/\/reginett.ee\/ru\/wp-json\/wp\/v2\/product_cat?post=51816"},{"taxonomy":"product_tag","embeddable":true,"href":"https:\/\/reginett.ee\/ru\/wp-json\/wp\/v2\/product_tag?post=51816"}],"curies":[{"name":"wp","href":"https:\/\/api.w.org\/{rel}","templated":true}]}}