{"id":51810,"date":"2020-04-18T10:03:01","date_gmt":"2020-04-18T07:03:01","guid":{"rendered":"https:\/\/reginett.ee\/?post_type=product&#038;p=51810"},"modified":"2025-11-07T10:45:41","modified_gmt":"2025-11-07T07:45:41","slug":"jarelkaru-agri","status":"publish","type":"product","link":"https:\/\/reginett.ee\/ru\/toode\/jarelkaru-agri\/","title":{"rendered":"J\u00e4relk\u00e4ru AGRI murutraktorile must"},"content":{"rendered":"<p>Metallist j\u00e4relk\u00e4ru AGRI murutraktorile, mille kandev\u00f5ime on kuni 150 kg. Sobib k\u00f5ikidele mudelitele.<br \/>\nSoodne ja vastupidav tagaluugiga kallutav k\u00e4ru on sobiv koduaias kasutamiseks.<\/p>\n<p>&nbsp;<\/p>\n","protected":false},"excerpt":{"rendered":"<p>Metallist j\u00e4relk\u00e4ru AGRI murutraktorile, mille kandev\u00f5ime on kuni 150 kg. Sobib k\u00f5ikidele mudelitele.<br \/>\nSoodne ja vastupidav tagaluugiga kallutav k\u00e4ru on sobiv koduaias kasutamiseks.<\/p>\n","protected":false},"featured_media":57478,"comment_status":"open","ping_status":"closed","template":"","meta":{"_acf_changed":false,"_et_pb_use_builder":"","_et_pb_old_content":"","_et_gb_content_width":"","inline_featured_image":false},"pwb-brand":[147],"product_brand":[],"product_cat":[26,56,27],"product_tag":[405,404,47,91],"class_list":{"0":"post-51810","1":"product","2":"type-product","3":"status-publish","4":"has-post-thumbnail","6":"pwb-brand-husqvarna","7":"product_cat-murutraktorid","8":"product_cat-raiderid","9":"product_cat-tooriistad-ja-tarvikud","10":"product_tag-haagis","11":"product_tag-karu","12":"product_tag-murutraktor","13":"product_tag-raider","14":"product_shipping_class-rasked-asjad","16":"first","17":"outofstock","18":"sale","19":"shipping-taxable","20":"purchasable","21":"product-type-simple"},"acf":[],"yoast_head":"<!-- This site is optimized with the Yoast SEO plugin v26.6 - https:\/\/yoast.com\/wordpress\/plugins\/seo\/ -->\n<title>J\u00e4relk\u00e4ru murutraktorile must. Soodne k\u00e4ru murutraktorile<\/title>\n<meta name=\"description\" content=\"Metallist j\u00e4relk\u00e4ru AGRI murutraktorile, mille kandev\u00f5ime on kuni 150 kg. Sobib k\u00f5ikidele mudelitele.Soodne ja vastupidav tagaluugiga\" \/>\n<meta name=\"robots\" content=\"index, follow, max-snippet:-1, max-image-preview:large, max-video-preview:-1\" \/>\n<link rel=\"canonical\" href=\"https:\/\/reginett.ee\/toode\/jarelkaru-agri\/\" \/>\n<meta property=\"og:locale\" content=\"ru_RU\" \/>\n<meta property=\"og:type\" content=\"article\" \/>\n<meta property=\"og:title\" content=\"J\u00e4relk\u00e4ru murutraktorile must. Soodne k\u00e4ru murutraktorile\" \/>\n<meta property=\"og:description\" content=\"Metallist j\u00e4relk\u00e4ru AGRI murutraktorile, mille kandev\u00f5ime on kuni 150 kg. Sobib k\u00f5ikidele mudelitele.Soodne ja vastupidav tagaluugiga\" \/>\n<meta property=\"og:url\" content=\"https:\/\/reginett.ee\/toode\/jarelkaru-agri\/\" \/>\n<meta property=\"og:site_name\" content=\"Reginett\" \/>\n<meta property=\"article:modified_time\" content=\"2025-11-07T07:45:41+00:00\" \/>\n<meta property=\"og:image\" content=\"https:\/\/reginett.ee\/wp-content\/uploads\/2020\/04\/h310-0708.webp\" \/>\n\t<meta property=\"og:image:width\" content=\"830\" \/>\n\t<meta property=\"og:image:height\" content=\"553\" \/>\n\t<meta property=\"og:image:type\" content=\"image\/webp\" \/>\n<meta name=\"twitter:card\" content=\"summary_large_image\" \/>\n<meta name=\"twitter:label1\" content=\"\u041f\u0440\u0438\u043c\u0435\u0440\u043d\u043e\u0435 \u0432\u0440\u0435\u043c\u044f \u0434\u043b\u044f \u0447\u0442\u0435\u043d\u0438\u044f\" \/>\n\t<meta name=\"twitter:data1\" content=\"1 \u043c\u0438\u043d\u0443\u0442\u0430\" \/>\n<script type=\"application\/ld+json\" class=\"yoast-schema-graph\">{\"@context\":\"https:\/\/schema.org\",\"@graph\":[{\"@type\":\"WebPage\",\"@id\":\"https:\/\/reginett.ee\/toode\/jarelkaru-agri\/\",\"url\":\"https:\/\/reginett.ee\/toode\/jarelkaru-agri\/\",\"name\":\"J\u00e4relk\u00e4ru murutraktorile must. Soodne k\u00e4ru murutraktorile\",\"isPartOf\":{\"@id\":\"https:\/\/reginett.ee\/#website\"},\"primaryImageOfPage\":{\"@id\":\"https:\/\/reginett.ee\/toode\/jarelkaru-agri\/#primaryimage\"},\"image\":{\"@id\":\"https:\/\/reginett.ee\/toode\/jarelkaru-agri\/#primaryimage\"},\"thumbnailUrl\":\"https:\/\/reginett.ee\/wp-content\/uploads\/2020\/04\/h310-0708.webp\",\"datePublished\":\"2020-04-18T07:03:01+00:00\",\"dateModified\":\"2025-11-07T07:45:41+00:00\",\"description\":\"Metallist j\u00e4relk\u00e4ru AGRI murutraktorile, mille kandev\u00f5ime on kuni 150 kg. Sobib k\u00f5ikidele mudelitele.Soodne ja vastupidav tagaluugiga\",\"breadcrumb\":{\"@id\":\"https:\/\/reginett.ee\/toode\/jarelkaru-agri\/#breadcrumb\"},\"inLanguage\":\"ru-RU\",\"potentialAction\":[{\"@type\":\"ReadAction\",\"target\":[\"https:\/\/reginett.ee\/toode\/jarelkaru-agri\/\"]}]},{\"@type\":\"ImageObject\",\"inLanguage\":\"ru-RU\",\"@id\":\"https:\/\/reginett.ee\/toode\/jarelkaru-agri\/#primaryimage\",\"url\":\"https:\/\/reginett.ee\/wp-content\/uploads\/2020\/04\/h310-0708.webp\",\"contentUrl\":\"https:\/\/reginett.ee\/wp-content\/uploads\/2020\/04\/h310-0708.webp\",\"width\":830,\"height\":553,\"caption\":\"j\u00e4relk\u00e4ru murutraktorile\"},{\"@type\":\"BreadcrumbList\",\"@id\":\"https:\/\/reginett.ee\/toode\/jarelkaru-agri\/#breadcrumb\",\"itemListElement\":[{\"@type\":\"ListItem\",\"position\":1,\"name\":\"Home\",\"item\":\"https:\/\/reginett.ee\/ru\/\"},{\"@type\":\"ListItem\",\"position\":2,\"name\":\"Tooted\",\"item\":\"https:\/\/reginett.ee\/tooted\/\"},{\"@type\":\"ListItem\",\"position\":3,\"name\":\"J\u00e4relk\u00e4ru AGRI murutraktorile must\"}]},{\"@type\":\"WebSite\",\"@id\":\"https:\/\/reginett.ee\/#website\",\"url\":\"https:\/\/reginett.ee\/\",\"name\":\"Reginett\",\"description\":\"Parimad robotniidukid\",\"potentialAction\":[{\"@type\":\"SearchAction\",\"target\":{\"@type\":\"EntryPoint\",\"urlTemplate\":\"https:\/\/reginett.ee\/?s={search_term_string}\"},\"query-input\":{\"@type\":\"PropertyValueSpecification\",\"valueRequired\":true,\"valueName\":\"search_term_string\"}}],\"inLanguage\":\"ru-RU\"}]}<\/script>\n<!-- \/ Yoast SEO plugin. -->","yoast_head_json":{"title":"J\u00e4relk\u00e4ru murutraktorile must. Soodne k\u00e4ru murutraktorile","description":"Metallist j\u00e4relk\u00e4ru AGRI murutraktorile, mille kandev\u00f5ime on kuni 150 kg. Sobib k\u00f5ikidele mudelitele.Soodne ja vastupidav tagaluugiga","robots":{"index":"index","follow":"follow","max-snippet":"max-snippet:-1","max-image-preview":"max-image-preview:large","max-video-preview":"max-video-preview:-1"},"canonical":"https:\/\/reginett.ee\/toode\/jarelkaru-agri\/","og_locale":"ru_RU","og_type":"article","og_title":"J\u00e4relk\u00e4ru murutraktorile must. Soodne k\u00e4ru murutraktorile","og_description":"Metallist j\u00e4relk\u00e4ru AGRI murutraktorile, mille kandev\u00f5ime on kuni 150 kg. Sobib k\u00f5ikidele mudelitele.Soodne ja vastupidav tagaluugiga","og_url":"https:\/\/reginett.ee\/toode\/jarelkaru-agri\/","og_site_name":"Reginett","article_modified_time":"2025-11-07T07:45:41+00:00","og_image":[{"width":830,"height":553,"url":"https:\/\/reginett.ee\/wp-content\/uploads\/2020\/04\/h310-0708.webp","type":"image\/webp"}],"twitter_card":"summary_large_image","twitter_misc":{"\u041f\u0440\u0438\u043c\u0435\u0440\u043d\u043e\u0435 \u0432\u0440\u0435\u043c\u044f \u0434\u043b\u044f \u0447\u0442\u0435\u043d\u0438\u044f":"1 \u043c\u0438\u043d\u0443\u0442\u0430"},"schema":{"@context":"https:\/\/schema.org","@graph":[{"@type":"WebPage","@id":"https:\/\/reginett.ee\/toode\/jarelkaru-agri\/","url":"https:\/\/reginett.ee\/toode\/jarelkaru-agri\/","name":"J\u00e4relk\u00e4ru murutraktorile must. Soodne k\u00e4ru murutraktorile","isPartOf":{"@id":"https:\/\/reginett.ee\/#website"},"primaryImageOfPage":{"@id":"https:\/\/reginett.ee\/toode\/jarelkaru-agri\/#primaryimage"},"image":{"@id":"https:\/\/reginett.ee\/toode\/jarelkaru-agri\/#primaryimage"},"thumbnailUrl":"https:\/\/reginett.ee\/wp-content\/uploads\/2020\/04\/h310-0708.webp","datePublished":"2020-04-18T07:03:01+00:00","dateModified":"2025-11-07T07:45:41+00:00","description":"Metallist j\u00e4relk\u00e4ru AGRI murutraktorile, mille kandev\u00f5ime on kuni 150 kg. Sobib k\u00f5ikidele mudelitele.Soodne ja vastupidav tagaluugiga","breadcrumb":{"@id":"https:\/\/reginett.ee\/toode\/jarelkaru-agri\/#breadcrumb"},"inLanguage":"ru-RU","potentialAction":[{"@type":"ReadAction","target":["https:\/\/reginett.ee\/toode\/jarelkaru-agri\/"]}]},{"@type":"ImageObject","inLanguage":"ru-RU","@id":"https:\/\/reginett.ee\/toode\/jarelkaru-agri\/#primaryimage","url":"https:\/\/reginett.ee\/wp-content\/uploads\/2020\/04\/h310-0708.webp","contentUrl":"https:\/\/reginett.ee\/wp-content\/uploads\/2020\/04\/h310-0708.webp","width":830,"height":553,"caption":"j\u00e4relk\u00e4ru murutraktorile"},{"@type":"BreadcrumbList","@id":"https:\/\/reginett.ee\/toode\/jarelkaru-agri\/#breadcrumb","itemListElement":[{"@type":"ListItem","position":1,"name":"Home","item":"https:\/\/reginett.ee\/ru\/"},{"@type":"ListItem","position":2,"name":"Tooted","item":"https:\/\/reginett.ee\/tooted\/"},{"@type":"ListItem","position":3,"name":"J\u00e4relk\u00e4ru AGRI murutraktorile must"}]},{"@type":"WebSite","@id":"https:\/\/reginett.ee\/#website","url":"https:\/\/reginett.ee\/","name":"Reginett","description":"Parimad robotniidukid","potentialAction":[{"@type":"SearchAction","target":{"@type":"EntryPoint","urlTemplate":"https:\/\/reginett.ee\/?s={search_term_string}"},"query-input":{"@type":"PropertyValueSpecification","valueRequired":true,"valueName":"search_term_string"}}],"inLanguage":"ru-RU"}]}},"brands":[{"id":147,"name":"Husqvarna","slug":"husqvarna"}],"_links":{"self":[{"href":"https:\/\/reginett.ee\/ru\/wp-json\/wp\/v2\/product\/51810","targetHints":{"allow":["GET"]}}],"collection":[{"href":"https:\/\/reginett.ee\/ru\/wp-json\/wp\/v2\/product"}],"about":[{"href":"https:\/\/reginett.ee\/ru\/wp-json\/wp\/v2\/types\/product"}],"replies":[{"embeddable":true,"href":"https:\/\/reginett.ee\/ru\/wp-json\/wp\/v2\/comments?post=51810"}],"wp:featuredmedia":[{"embeddable":true,"href":"https:\/\/reginett.ee\/ru\/wp-json\/wp\/v2\/media\/57478"}],"wp:attachment":[{"href":"https:\/\/reginett.ee\/ru\/wp-json\/wp\/v2\/media?parent=51810"}],"wp:term":[{"taxonomy":"pwb-brand","embeddable":true,"href":"https:\/\/reginett.ee\/ru\/wp-json\/wp\/v2\/pwb-brand?post=51810"},{"taxonomy":"product_brand","embeddable":true,"href":"https:\/\/reginett.ee\/ru\/wp-json\/wp\/v2\/product_brand?post=51810"},{"taxonomy":"product_cat","embeddable":true,"href":"https:\/\/reginett.ee\/ru\/wp-json\/wp\/v2\/product_cat?post=51810"},{"taxonomy":"product_tag","embeddable":true,"href":"https:\/\/reginett.ee\/ru\/wp-json\/wp\/v2\/product_tag?post=51810"}],"curies":[{"name":"wp","href":"https:\/\/api.w.org\/{rel}","templated":true}]}}