{"id":51805,"date":"2020-04-17T08:07:14","date_gmt":"2020-04-17T05:07:14","guid":{"rendered":"https:\/\/reginett.ee\/?post_type=product&#038;p=51805"},"modified":"2024-01-11T11:18:15","modified_gmt":"2024-01-11T08:18:15","slug":"jarelkaru-husqvarna-profi","status":"publish","type":"product","link":"https:\/\/reginett.ee\/ru\/toode\/jarelkaru-husqvarna-profi\/","title":{"rendered":"J\u00e4relk\u00e4ru Husqvarna PROFI"},"content":{"rendered":"<p>J\u00e4relk\u00e4ru Profi on vastupidav, kallutav, suurte ratastega k\u00e4ru murutraktorile.<\/p>\n<p>K\u00e4ru kasti m\u00f5\u00f5tmed<br \/>\n125 x 90 x 30 cm<br \/>\nKandev\u00f5ime<br \/>\n225 kg<br \/>\nRatta suurus<br \/>\n16\u2033<br \/>\nBaasmudeli pikkus<br \/>\n178 cm<br \/>\nBaasmudeli laiuis<br \/>\n84 cm<br \/>\nBaasmudeli k\u00f5rgus<br \/>\n74 cm<br \/>\nKaal<br \/>\n42,3 kg<\/p>\n","protected":false},"excerpt":{"rendered":"<p>J\u00e4relk\u00e4ru Profi on vastupidav, kallutav, suurte ratastega k\u00e4ru.<\/p>\n","protected":false},"featured_media":51806,"comment_status":"open","ping_status":"closed","template":"","meta":{"_acf_changed":false,"_et_pb_use_builder":"","_et_pb_old_content":"","_et_gb_content_width":"","inline_featured_image":false},"pwb-brand":[],"product_brand":[],"product_cat":[37,26,56,27],"product_tag":[47],"class_list":{"0":"post-51805","1":"product","2":"type-product","3":"status-publish","4":"has-post-thumbnail","6":"product_cat-husqvarna","7":"product_cat-murutraktorid","8":"product_cat-raiderid","9":"product_cat-tooriistad-ja-tarvikud","10":"product_tag-murutraktor","11":"product_shipping_class-rasked-asjad","13":"first","14":"instock","15":"shipping-taxable","16":"purchasable","17":"product-type-simple"},"acf":[],"yoast_head":"<!-- This site is optimized with the Yoast SEO plugin v26.6 - https:\/\/yoast.com\/wordpress\/plugins\/seo\/ -->\n<title>J - Reginett J<\/title>\n<meta name=\"robots\" content=\"index, follow, max-snippet:-1, max-image-preview:large, max-video-preview:-1\" \/>\n<link rel=\"canonical\" href=\"https:\/\/reginett.ee\/toode\/jarelkaru-husqvarna-profi\/\" \/>\n<meta property=\"og:locale\" content=\"ru_RU\" \/>\n<meta property=\"og:type\" content=\"article\" \/>\n<meta property=\"og:title\" content=\"J - Reginett J\" \/>\n<meta property=\"og:description\" content=\"J\u00e4relk\u00e4ru Profi on vastupidav, kallutav, suurte ratastega k\u00e4ru.\" \/>\n<meta property=\"og:url\" content=\"https:\/\/reginett.ee\/toode\/jarelkaru-husqvarna-profi\/\" \/>\n<meta property=\"og:site_name\" content=\"Reginett\" \/>\n<meta property=\"article:modified_time\" content=\"2024-01-11T08:18:15+00:00\" \/>\n<meta property=\"og:image\" content=\"https:\/\/reginett.ee\/wp-content\/uploads\/2020\/04\/J\u00e4relk\u00e4ru-PROFI.jpg\" \/>\n\t<meta property=\"og:image:width\" content=\"300\" \/>\n\t<meta property=\"og:image:height\" content=\"149\" \/>\n\t<meta property=\"og:image:type\" content=\"image\/jpeg\" \/>\n<meta name=\"twitter:card\" content=\"summary_large_image\" \/>\n<script type=\"application\/ld+json\" class=\"yoast-schema-graph\">{\"@context\":\"https:\/\/schema.org\",\"@graph\":[{\"@type\":\"WebPage\",\"@id\":\"https:\/\/reginett.ee\/toode\/jarelkaru-husqvarna-profi\/\",\"url\":\"https:\/\/reginett.ee\/toode\/jarelkaru-husqvarna-profi\/\",\"name\":\"J - Reginett J\",\"isPartOf\":{\"@id\":\"https:\/\/reginett.ee\/#website\"},\"primaryImageOfPage\":{\"@id\":\"https:\/\/reginett.ee\/toode\/jarelkaru-husqvarna-profi\/#primaryimage\"},\"image\":{\"@id\":\"https:\/\/reginett.ee\/toode\/jarelkaru-husqvarna-profi\/#primaryimage\"},\"thumbnailUrl\":\"https:\/\/reginett.ee\/wp-content\/uploads\/2020\/04\/J\u00e4relk\u00e4ru-PROFI.jpg\",\"datePublished\":\"2020-04-17T05:07:14+00:00\",\"dateModified\":\"2024-01-11T08:18:15+00:00\",\"breadcrumb\":{\"@id\":\"https:\/\/reginett.ee\/toode\/jarelkaru-husqvarna-profi\/#breadcrumb\"},\"inLanguage\":\"ru-RU\",\"potentialAction\":[{\"@type\":\"ReadAction\",\"target\":[\"https:\/\/reginett.ee\/toode\/jarelkaru-husqvarna-profi\/\"]}]},{\"@type\":\"ImageObject\",\"inLanguage\":\"ru-RU\",\"@id\":\"https:\/\/reginett.ee\/toode\/jarelkaru-husqvarna-profi\/#primaryimage\",\"url\":\"https:\/\/reginett.ee\/wp-content\/uploads\/2020\/04\/J\u00e4relk\u00e4ru-PROFI.jpg\",\"contentUrl\":\"https:\/\/reginett.ee\/wp-content\/uploads\/2020\/04\/J\u00e4relk\u00e4ru-PROFI.jpg\",\"width\":300,\"height\":149,\"caption\":\"J\u00e4relk\u00e4ru PROFI\"},{\"@type\":\"BreadcrumbList\",\"@id\":\"https:\/\/reginett.ee\/toode\/jarelkaru-husqvarna-profi\/#breadcrumb\",\"itemListElement\":[{\"@type\":\"ListItem\",\"position\":1,\"name\":\"Home\",\"item\":\"https:\/\/reginett.ee\/ru\/\"},{\"@type\":\"ListItem\",\"position\":2,\"name\":\"Tooted\",\"item\":\"https:\/\/reginett.ee\/tooted\/\"},{\"@type\":\"ListItem\",\"position\":3,\"name\":\"J\u00e4relk\u00e4ru Husqvarna PROFI\"}]},{\"@type\":\"WebSite\",\"@id\":\"https:\/\/reginett.ee\/#website\",\"url\":\"https:\/\/reginett.ee\/\",\"name\":\"Reginett\",\"description\":\"Parimad robotniidukid\",\"potentialAction\":[{\"@type\":\"SearchAction\",\"target\":{\"@type\":\"EntryPoint\",\"urlTemplate\":\"https:\/\/reginett.ee\/?s={search_term_string}\"},\"query-input\":{\"@type\":\"PropertyValueSpecification\",\"valueRequired\":true,\"valueName\":\"search_term_string\"}}],\"inLanguage\":\"ru-RU\"}]}<\/script>\n<!-- \/ Yoast SEO plugin. -->","yoast_head_json":{"title":"J - Reginett J","robots":{"index":"index","follow":"follow","max-snippet":"max-snippet:-1","max-image-preview":"max-image-preview:large","max-video-preview":"max-video-preview:-1"},"canonical":"https:\/\/reginett.ee\/toode\/jarelkaru-husqvarna-profi\/","og_locale":"ru_RU","og_type":"article","og_title":"J - Reginett J","og_description":"J\u00e4relk\u00e4ru Profi on vastupidav, kallutav, suurte ratastega k\u00e4ru.","og_url":"https:\/\/reginett.ee\/toode\/jarelkaru-husqvarna-profi\/","og_site_name":"Reginett","article_modified_time":"2024-01-11T08:18:15+00:00","og_image":[{"width":300,"height":149,"url":"https:\/\/reginett.ee\/wp-content\/uploads\/2020\/04\/J\u00e4relk\u00e4ru-PROFI.jpg","type":"image\/jpeg"}],"twitter_card":"summary_large_image","schema":{"@context":"https:\/\/schema.org","@graph":[{"@type":"WebPage","@id":"https:\/\/reginett.ee\/toode\/jarelkaru-husqvarna-profi\/","url":"https:\/\/reginett.ee\/toode\/jarelkaru-husqvarna-profi\/","name":"J - Reginett J","isPartOf":{"@id":"https:\/\/reginett.ee\/#website"},"primaryImageOfPage":{"@id":"https:\/\/reginett.ee\/toode\/jarelkaru-husqvarna-profi\/#primaryimage"},"image":{"@id":"https:\/\/reginett.ee\/toode\/jarelkaru-husqvarna-profi\/#primaryimage"},"thumbnailUrl":"https:\/\/reginett.ee\/wp-content\/uploads\/2020\/04\/J\u00e4relk\u00e4ru-PROFI.jpg","datePublished":"2020-04-17T05:07:14+00:00","dateModified":"2024-01-11T08:18:15+00:00","breadcrumb":{"@id":"https:\/\/reginett.ee\/toode\/jarelkaru-husqvarna-profi\/#breadcrumb"},"inLanguage":"ru-RU","potentialAction":[{"@type":"ReadAction","target":["https:\/\/reginett.ee\/toode\/jarelkaru-husqvarna-profi\/"]}]},{"@type":"ImageObject","inLanguage":"ru-RU","@id":"https:\/\/reginett.ee\/toode\/jarelkaru-husqvarna-profi\/#primaryimage","url":"https:\/\/reginett.ee\/wp-content\/uploads\/2020\/04\/J\u00e4relk\u00e4ru-PROFI.jpg","contentUrl":"https:\/\/reginett.ee\/wp-content\/uploads\/2020\/04\/J\u00e4relk\u00e4ru-PROFI.jpg","width":300,"height":149,"caption":"J\u00e4relk\u00e4ru PROFI"},{"@type":"BreadcrumbList","@id":"https:\/\/reginett.ee\/toode\/jarelkaru-husqvarna-profi\/#breadcrumb","itemListElement":[{"@type":"ListItem","position":1,"name":"Home","item":"https:\/\/reginett.ee\/ru\/"},{"@type":"ListItem","position":2,"name":"Tooted","item":"https:\/\/reginett.ee\/tooted\/"},{"@type":"ListItem","position":3,"name":"J\u00e4relk\u00e4ru Husqvarna PROFI"}]},{"@type":"WebSite","@id":"https:\/\/reginett.ee\/#website","url":"https:\/\/reginett.ee\/","name":"Reginett","description":"Parimad robotniidukid","potentialAction":[{"@type":"SearchAction","target":{"@type":"EntryPoint","urlTemplate":"https:\/\/reginett.ee\/?s={search_term_string}"},"query-input":{"@type":"PropertyValueSpecification","valueRequired":true,"valueName":"search_term_string"}}],"inLanguage":"ru-RU"}]}},"brands":[],"_links":{"self":[{"href":"https:\/\/reginett.ee\/ru\/wp-json\/wp\/v2\/product\/51805","targetHints":{"allow":["GET"]}}],"collection":[{"href":"https:\/\/reginett.ee\/ru\/wp-json\/wp\/v2\/product"}],"about":[{"href":"https:\/\/reginett.ee\/ru\/wp-json\/wp\/v2\/types\/product"}],"replies":[{"embeddable":true,"href":"https:\/\/reginett.ee\/ru\/wp-json\/wp\/v2\/comments?post=51805"}],"wp:featuredmedia":[{"embeddable":true,"href":"https:\/\/reginett.ee\/ru\/wp-json\/wp\/v2\/media\/51806"}],"wp:attachment":[{"href":"https:\/\/reginett.ee\/ru\/wp-json\/wp\/v2\/media?parent=51805"}],"wp:term":[{"taxonomy":"pwb-brand","embeddable":true,"href":"https:\/\/reginett.ee\/ru\/wp-json\/wp\/v2\/pwb-brand?post=51805"},{"taxonomy":"product_brand","embeddable":true,"href":"https:\/\/reginett.ee\/ru\/wp-json\/wp\/v2\/product_brand?post=51805"},{"taxonomy":"product_cat","embeddable":true,"href":"https:\/\/reginett.ee\/ru\/wp-json\/wp\/v2\/product_cat?post=51805"},{"taxonomy":"product_tag","embeddable":true,"href":"https:\/\/reginett.ee\/ru\/wp-json\/wp\/v2\/product_tag?post=51805"}],"curies":[{"name":"wp","href":"https:\/\/api.w.org\/{rel}","templated":true}]}}