{"id":51766,"date":"2020-04-15T14:52:27","date_gmt":"2020-04-15T14:52:27","guid":{"rendered":"https:\/\/reginett.ee\/?post_type=product&#038;p=51766"},"modified":"2026-05-11T12:44:18","modified_gmt":"2026-05-11T09:44:18","slug":"kaitsepuksid-husqvarna-functional","status":"publish","type":"product","link":"https:\/\/reginett.ee\/ru\/toode\/kaitsepuksid-husqvarna-functional\/","title":{"rendered":"Kaitsep\u00fcksid Husqvarna Functional"},"content":{"rendered":"<p>Husqvarna Functional kaitsep\u00fcksid lihtsamateks metsat\u00f6\u00f6deks. Materjalina on kasutatud vastupidavat Cordura\u00ae kangast. Mugavust lisavad \u00f5hutuslukud s\u00e4\u00e4re tagaosas, tollipulgatasku ning tugevdatud p\u00f5lve- ja pahkluu osa. N\u00e4htavuse parendamiseks lisatud helkurribad.<\/p>\n<h3>Tugevdatud s\u00e4\u00e4re alaosa<\/h3>\n<p>P\u00fcksis\u00e4\u00e4rte otste alaosa on seespoolt tugevdatud v\u00e4ltimaks saekaitsematerjali v\u00f5imalikku rebenemist ja kahjustamist saabaste poolt.<\/p>\n<h3>Tugevdatud p\u00f5lveosa<\/h3>\n<p>Tugevdatud p\u00f5lveosa tihedal kasutusel vastupidavuse tagamiseks<\/p>\n<h3>\u00d5hutuslukud reie tagaosas<\/h3>\n<p>\u00d5hutuslukud reie tagaosas tagavad kasutajale optimaalse kehatemperatuuri ja mugavama t\u00f6\u00f6.<\/p>\n<h3>Tugevdatud s\u00e4\u00e4re alaosa<\/h3>\n<p>Tugevdatud s\u00e4\u00e4re alaosa vastupidavuse tagamiseks tihedal kasutusel<\/p>\n<p>&nbsp;<\/p>\n<p>&nbsp;<\/p>\n","protected":false},"excerpt":{"rendered":"<p>Husqvarna Functional kaitsep\u00fcksid lihtsamateks metsat\u00f6\u00f6deks. Materjalina on kasutatud vastupidavat Cordura\u00ae kangast. Mugavust lisavad \u00f5hutuslukud s\u00e4\u00e4re tagaosas, tollipulgatasku ning tugevdatud p\u00f5lve- ja pahkluu osa. N\u00e4htavuse parendamiseks lisatud helkurribad.<\/p>\n","protected":false},"featured_media":52817,"comment_status":"open","ping_status":"closed","template":"","meta":{"_acf_changed":false,"_et_pb_use_builder":"","_et_pb_old_content":"","_et_gb_content_width":"","inline_featured_image":false},"pwb-brand":[],"product_brand":[],"product_cat":[37,32],"product_tag":[131,124],"class_list":{"0":"post-51766","1":"product","2":"type-product","3":"status-publish","4":"has-post-thumbnail","6":"product_cat-husqvarna","7":"product_cat-riided-ja-kaitsevahendid","8":"product_tag-kaitseriided","9":"product_tag-kaitsevarustus","11":"first","12":"outofstock","13":"shipping-taxable","14":"purchasable","15":"product-type-simple"},"acf":[],"yoast_head":"<!-- This site is optimized with the Yoast SEO plugin v26.6 - https:\/\/yoast.com\/wordpress\/plugins\/seo\/ -->\n<title>Kaitsep\u00fcksid Husqvarna Functional - Reginett<\/title>\n<meta name=\"robots\" content=\"index, follow, max-snippet:-1, max-image-preview:large, max-video-preview:-1\" \/>\n<link rel=\"canonical\" href=\"https:\/\/reginett.ee\/toode\/kaitsepuksid-husqvarna-functional\/\" \/>\n<meta property=\"og:locale\" content=\"ru_RU\" \/>\n<meta property=\"og:type\" content=\"article\" \/>\n<meta property=\"og:title\" content=\"Kaitsep\u00fcksid Husqvarna Functional - Reginett\" \/>\n<meta property=\"og:description\" content=\"Husqvarna Functional kaitsep\u00fcksid lihtsamateks metsat\u00f6\u00f6deks. Materjalina on kasutatud vastupidavat Cordura\u00ae kangast. Mugavust lisavad \u00f5hutuslukud s\u00e4\u00e4re tagaosas, tollipulgatasku ning tugevdatud p\u00f5lve- ja pahkluu osa. N\u00e4htavuse parendamiseks lisatud helkurribad.\" \/>\n<meta property=\"og:url\" content=\"https:\/\/reginett.ee\/toode\/kaitsepuksid-husqvarna-functional\/\" \/>\n<meta property=\"og:site_name\" content=\"Reginett\" \/>\n<meta property=\"article:modified_time\" content=\"2026-05-11T09:44:18+00:00\" \/>\n<meta property=\"og:image\" content=\"https:\/\/reginett.ee\/wp-content\/uploads\/2020\/04\/Kaitsepuksid-Functional.jpg\" \/>\n\t<meta property=\"og:image:width\" content=\"680\" \/>\n\t<meta property=\"og:image:height\" content=\"372\" \/>\n\t<meta property=\"og:image:type\" content=\"image\/jpeg\" \/>\n<meta name=\"twitter:card\" content=\"summary_large_image\" \/>\n<script type=\"application\/ld+json\" class=\"yoast-schema-graph\">{\"@context\":\"https:\/\/schema.org\",\"@graph\":[{\"@type\":\"WebPage\",\"@id\":\"https:\/\/reginett.ee\/toode\/kaitsepuksid-husqvarna-functional\/\",\"url\":\"https:\/\/reginett.ee\/toode\/kaitsepuksid-husqvarna-functional\/\",\"name\":\"Kaitsep\u00fcksid Husqvarna Functional - Reginett\",\"isPartOf\":{\"@id\":\"https:\/\/reginett.ee\/#website\"},\"primaryImageOfPage\":{\"@id\":\"https:\/\/reginett.ee\/toode\/kaitsepuksid-husqvarna-functional\/#primaryimage\"},\"image\":{\"@id\":\"https:\/\/reginett.ee\/toode\/kaitsepuksid-husqvarna-functional\/#primaryimage\"},\"thumbnailUrl\":\"https:\/\/reginett.ee\/wp-content\/uploads\/2020\/04\/Kaitsepuksid-Functional.jpg\",\"datePublished\":\"2020-04-15T14:52:27+00:00\",\"dateModified\":\"2026-05-11T09:44:18+00:00\",\"breadcrumb\":{\"@id\":\"https:\/\/reginett.ee\/toode\/kaitsepuksid-husqvarna-functional\/#breadcrumb\"},\"inLanguage\":\"ru-RU\",\"potentialAction\":[{\"@type\":\"ReadAction\",\"target\":[\"https:\/\/reginett.ee\/toode\/kaitsepuksid-husqvarna-functional\/\"]}]},{\"@type\":\"ImageObject\",\"inLanguage\":\"ru-RU\",\"@id\":\"https:\/\/reginett.ee\/toode\/kaitsepuksid-husqvarna-functional\/#primaryimage\",\"url\":\"https:\/\/reginett.ee\/wp-content\/uploads\/2020\/04\/Kaitsepuksid-Functional.jpg\",\"contentUrl\":\"https:\/\/reginett.ee\/wp-content\/uploads\/2020\/04\/Kaitsepuksid-Functional.jpg\",\"width\":680,\"height\":372,\"caption\":\"Kaitsep\u00fcksid Functional\"},{\"@type\":\"BreadcrumbList\",\"@id\":\"https:\/\/reginett.ee\/toode\/kaitsepuksid-husqvarna-functional\/#breadcrumb\",\"itemListElement\":[{\"@type\":\"ListItem\",\"position\":1,\"name\":\"Home\",\"item\":\"https:\/\/reginett.ee\/ru\/\"},{\"@type\":\"ListItem\",\"position\":2,\"name\":\"Tooted\",\"item\":\"https:\/\/reginett.ee\/tooted\/\"},{\"@type\":\"ListItem\",\"position\":3,\"name\":\"Kaitsep\u00fcksid Husqvarna Functional\"}]},{\"@type\":\"WebSite\",\"@id\":\"https:\/\/reginett.ee\/#website\",\"url\":\"https:\/\/reginett.ee\/\",\"name\":\"Reginett\",\"description\":\"Parimad robotniidukid\",\"potentialAction\":[{\"@type\":\"SearchAction\",\"target\":{\"@type\":\"EntryPoint\",\"urlTemplate\":\"https:\/\/reginett.ee\/?s={search_term_string}\"},\"query-input\":{\"@type\":\"PropertyValueSpecification\",\"valueRequired\":true,\"valueName\":\"search_term_string\"}}],\"inLanguage\":\"ru-RU\"}]}<\/script>\n<!-- \/ Yoast SEO plugin. -->","yoast_head_json":{"title":"Kaitsep\u00fcksid Husqvarna Functional - Reginett","robots":{"index":"index","follow":"follow","max-snippet":"max-snippet:-1","max-image-preview":"max-image-preview:large","max-video-preview":"max-video-preview:-1"},"canonical":"https:\/\/reginett.ee\/toode\/kaitsepuksid-husqvarna-functional\/","og_locale":"ru_RU","og_type":"article","og_title":"Kaitsep\u00fcksid Husqvarna Functional - Reginett","og_description":"Husqvarna Functional kaitsep\u00fcksid lihtsamateks metsat\u00f6\u00f6deks. Materjalina on kasutatud vastupidavat Cordura\u00ae kangast. Mugavust lisavad \u00f5hutuslukud s\u00e4\u00e4re tagaosas, tollipulgatasku ning tugevdatud p\u00f5lve- ja pahkluu osa. N\u00e4htavuse parendamiseks lisatud helkurribad.","og_url":"https:\/\/reginett.ee\/toode\/kaitsepuksid-husqvarna-functional\/","og_site_name":"Reginett","article_modified_time":"2026-05-11T09:44:18+00:00","og_image":[{"width":680,"height":372,"url":"https:\/\/reginett.ee\/wp-content\/uploads\/2020\/04\/Kaitsepuksid-Functional.jpg","type":"image\/jpeg"}],"twitter_card":"summary_large_image","schema":{"@context":"https:\/\/schema.org","@graph":[{"@type":"WebPage","@id":"https:\/\/reginett.ee\/toode\/kaitsepuksid-husqvarna-functional\/","url":"https:\/\/reginett.ee\/toode\/kaitsepuksid-husqvarna-functional\/","name":"Kaitsep\u00fcksid Husqvarna Functional - Reginett","isPartOf":{"@id":"https:\/\/reginett.ee\/#website"},"primaryImageOfPage":{"@id":"https:\/\/reginett.ee\/toode\/kaitsepuksid-husqvarna-functional\/#primaryimage"},"image":{"@id":"https:\/\/reginett.ee\/toode\/kaitsepuksid-husqvarna-functional\/#primaryimage"},"thumbnailUrl":"https:\/\/reginett.ee\/wp-content\/uploads\/2020\/04\/Kaitsepuksid-Functional.jpg","datePublished":"2020-04-15T14:52:27+00:00","dateModified":"2026-05-11T09:44:18+00:00","breadcrumb":{"@id":"https:\/\/reginett.ee\/toode\/kaitsepuksid-husqvarna-functional\/#breadcrumb"},"inLanguage":"ru-RU","potentialAction":[{"@type":"ReadAction","target":["https:\/\/reginett.ee\/toode\/kaitsepuksid-husqvarna-functional\/"]}]},{"@type":"ImageObject","inLanguage":"ru-RU","@id":"https:\/\/reginett.ee\/toode\/kaitsepuksid-husqvarna-functional\/#primaryimage","url":"https:\/\/reginett.ee\/wp-content\/uploads\/2020\/04\/Kaitsepuksid-Functional.jpg","contentUrl":"https:\/\/reginett.ee\/wp-content\/uploads\/2020\/04\/Kaitsepuksid-Functional.jpg","width":680,"height":372,"caption":"Kaitsep\u00fcksid Functional"},{"@type":"BreadcrumbList","@id":"https:\/\/reginett.ee\/toode\/kaitsepuksid-husqvarna-functional\/#breadcrumb","itemListElement":[{"@type":"ListItem","position":1,"name":"Home","item":"https:\/\/reginett.ee\/ru\/"},{"@type":"ListItem","position":2,"name":"Tooted","item":"https:\/\/reginett.ee\/tooted\/"},{"@type":"ListItem","position":3,"name":"Kaitsep\u00fcksid Husqvarna Functional"}]},{"@type":"WebSite","@id":"https:\/\/reginett.ee\/#website","url":"https:\/\/reginett.ee\/","name":"Reginett","description":"Parimad robotniidukid","potentialAction":[{"@type":"SearchAction","target":{"@type":"EntryPoint","urlTemplate":"https:\/\/reginett.ee\/?s={search_term_string}"},"query-input":{"@type":"PropertyValueSpecification","valueRequired":true,"valueName":"search_term_string"}}],"inLanguage":"ru-RU"}]}},"brands":[],"_links":{"self":[{"href":"https:\/\/reginett.ee\/ru\/wp-json\/wp\/v2\/product\/51766","targetHints":{"allow":["GET"]}}],"collection":[{"href":"https:\/\/reginett.ee\/ru\/wp-json\/wp\/v2\/product"}],"about":[{"href":"https:\/\/reginett.ee\/ru\/wp-json\/wp\/v2\/types\/product"}],"replies":[{"embeddable":true,"href":"https:\/\/reginett.ee\/ru\/wp-json\/wp\/v2\/comments?post=51766"}],"wp:featuredmedia":[{"embeddable":true,"href":"https:\/\/reginett.ee\/ru\/wp-json\/wp\/v2\/media\/52817"}],"wp:attachment":[{"href":"https:\/\/reginett.ee\/ru\/wp-json\/wp\/v2\/media?parent=51766"}],"wp:term":[{"taxonomy":"pwb-brand","embeddable":true,"href":"https:\/\/reginett.ee\/ru\/wp-json\/wp\/v2\/pwb-brand?post=51766"},{"taxonomy":"product_brand","embeddable":true,"href":"https:\/\/reginett.ee\/ru\/wp-json\/wp\/v2\/product_brand?post=51766"},{"taxonomy":"product_cat","embeddable":true,"href":"https:\/\/reginett.ee\/ru\/wp-json\/wp\/v2\/product_cat?post=51766"},{"taxonomy":"product_tag","embeddable":true,"href":"https:\/\/reginett.ee\/ru\/wp-json\/wp\/v2\/product_tag?post=51766"}],"curies":[{"name":"wp","href":"https:\/\/api.w.org\/{rel}","templated":true}]}}