{"id":51762,"date":"2020-04-15T14:27:22","date_gmt":"2020-04-15T11:27:22","guid":{"rendered":"https:\/\/reginett.ee\/?post_type=product&#038;p=51762"},"modified":"2024-10-05T15:00:52","modified_gmt":"2024-10-05T12:00:52","slug":"vosaloikaja-jakk-husqvarna-technical","status":"publish","type":"product","link":"https:\/\/reginett.ee\/ru\/toode\/vosaloikaja-jakk-husqvarna-technical\/","title":{"rendered":"V\u00f5sal\u00f5ikaja jakk Husqvarna Technical"},"content":{"rendered":"<p>V\u00f5sal\u00f5ikaja jakk on spetsiaalselt v\u00e4lja t\u00f6\u00f6tatud haljastust\u00f6\u00f6listele, aednikele ja metsat\u00f6\u00f6listele, kes t\u00f6\u00f6tavad kanderihmadega pikki tunde. Taskud lisapehmenduste jaoks \u00f5lgadel, pikendatud seljaosa. Rinnataskud on kergesti ligip\u00e4\u00e4setavad ka kanderihmasid kandes.Tugevdused enim koormust saavates kohtades, mis tagavad riiete vastupidavuse ja pika eluea. Lukuga \u00f5hutusavad jaki kaenlaalustes, \u00f5hutus ka turjaosal. Painutatud k\u00fc\u00fcnarnukiosa tagamaks paremat ergonoomiat ning helkurlogod ja helkurribad tagamaks paremat n\u00e4htavust.<\/p>\n<h3>Tugevdatud kohad<\/h3>\n<p>Vastupidavuse tagamiseks lisatugevdused \u00f5lgadel.<\/p>\n<h3>T\u00f5mblukud \u00f5hutamiseks<\/h3>\n<p>\u00d5hutamiseks m\u00f5eldud t\u00f5mblukk lisab mugavust<\/p>\n<h3>Hea n\u00e4htavus<\/h3>\n<p>Suur osa esiosast on k\u00f5rgn\u00e4htavusega oranzis parema n\u00e4htavuse tagamiseks. Samuti on rinnal helenduv logo.<\/p>\n<p>&nbsp;<\/p>\n","protected":false},"excerpt":{"rendered":"<p>V\u00f5sal\u00f5ikaja jakk on spetsiaalselt v\u00e4lja t\u00f6\u00f6tatud haljastust\u00f6\u00f6listele, aednikele ja metsat\u00f6\u00f6listele, kes t\u00f6\u00f6tavad kanderihmadega pikki tunde. Taskud lisapehmenduste jaoks \u00f5lgadel, pikendatud seljaosa. Rinnataskud on kergesti ligip\u00e4\u00e4setavad ka kanderihmasid kandes.Tugevdused enim koormust saavates kohtades, mis tagavad riiete vastupidavuse ja pika eluea. Lukuga \u00f5hutusavad jaki kaenlaalustes, \u00f5hutus ka turjaosal. Painutatud k\u00fc\u00fcnarnukiosa tagamaks paremat ergonoomiat ning helkurlogod ja helkurribad tagamaks paremat n\u00e4htavust.<\/p>\n","protected":false},"featured_media":52819,"comment_status":"open","ping_status":"closed","template":"","meta":{"_acf_changed":false,"_et_pb_use_builder":"","_et_pb_old_content":"","_et_gb_content_width":"","inline_featured_image":false},"pwb-brand":[],"product_brand":[],"product_cat":[37,32],"product_tag":[131],"class_list":{"0":"post-51762","1":"product","2":"type-product","3":"status-publish","4":"has-post-thumbnail","6":"product_cat-husqvarna","7":"product_cat-riided-ja-kaitsevahendid","8":"product_tag-kaitseriided","10":"first","11":"outofstock","12":"shipping-taxable","13":"purchasable","14":"product-type-simple"},"acf":[],"yoast_head":"<!-- This site is optimized with the Yoast SEO plugin v26.6 - https:\/\/yoast.com\/wordpress\/plugins\/seo\/ -->\n<title>V\u00f5sal\u00f5ikaja jakk Husqvarna Technical - Reginett<\/title>\n<meta name=\"robots\" content=\"index, follow, max-snippet:-1, max-image-preview:large, max-video-preview:-1\" \/>\n<link rel=\"canonical\" href=\"https:\/\/reginett.ee\/toode\/vosaloikaja-jakk-husqvarna-technical\/\" \/>\n<meta property=\"og:locale\" content=\"ru_RU\" \/>\n<meta property=\"og:type\" content=\"article\" \/>\n<meta property=\"og:title\" content=\"V\u00f5sal\u00f5ikaja jakk Husqvarna Technical - Reginett\" \/>\n<meta property=\"og:description\" content=\"V\u00f5sal\u00f5ikaja jakk on spetsiaalselt v\u00e4lja t\u00f6\u00f6tatud haljastust\u00f6\u00f6listele, aednikele ja metsat\u00f6\u00f6listele, kes t\u00f6\u00f6tavad kanderihmadega pikki tunde. Taskud lisapehmenduste jaoks \u00f5lgadel, pikendatud seljaosa. Rinnataskud on kergesti ligip\u00e4\u00e4setavad ka kanderihmasid kandes.Tugevdused enim koormust saavates kohtades, mis tagavad riiete vastupidavuse ja pika eluea. Lukuga \u00f5hutusavad jaki kaenlaalustes, \u00f5hutus ka turjaosal. Painutatud k\u00fc\u00fcnarnukiosa tagamaks paremat ergonoomiat ning helkurlogod ja helkurribad tagamaks paremat n\u00e4htavust.\" \/>\n<meta property=\"og:url\" content=\"https:\/\/reginett.ee\/toode\/vosaloikaja-jakk-husqvarna-technical\/\" \/>\n<meta property=\"og:site_name\" content=\"Reginett\" \/>\n<meta property=\"article:modified_time\" content=\"2024-10-05T12:00:52+00:00\" \/>\n<meta property=\"og:image\" content=\"https:\/\/reginett.ee\/wp-content\/uploads\/2020\/04\/Vosaloikaja-jakk.jpg\" \/>\n\t<meta property=\"og:image:width\" content=\"680\" \/>\n\t<meta property=\"og:image:height\" content=\"372\" \/>\n\t<meta property=\"og:image:type\" content=\"image\/jpeg\" \/>\n<meta name=\"twitter:card\" content=\"summary_large_image\" \/>\n<meta name=\"twitter:label1\" content=\"\u041f\u0440\u0438\u043c\u0435\u0440\u043d\u043e\u0435 \u0432\u0440\u0435\u043c\u044f \u0434\u043b\u044f \u0447\u0442\u0435\u043d\u0438\u044f\" \/>\n\t<meta name=\"twitter:data1\" content=\"1 \u043c\u0438\u043d\u0443\u0442\u0430\" \/>\n<script type=\"application\/ld+json\" class=\"yoast-schema-graph\">{\"@context\":\"https:\/\/schema.org\",\"@graph\":[{\"@type\":\"WebPage\",\"@id\":\"https:\/\/reginett.ee\/toode\/vosaloikaja-jakk-husqvarna-technical\/\",\"url\":\"https:\/\/reginett.ee\/toode\/vosaloikaja-jakk-husqvarna-technical\/\",\"name\":\"V\u00f5sal\u00f5ikaja jakk Husqvarna Technical - Reginett\",\"isPartOf\":{\"@id\":\"https:\/\/reginett.ee\/#website\"},\"primaryImageOfPage\":{\"@id\":\"https:\/\/reginett.ee\/toode\/vosaloikaja-jakk-husqvarna-technical\/#primaryimage\"},\"image\":{\"@id\":\"https:\/\/reginett.ee\/toode\/vosaloikaja-jakk-husqvarna-technical\/#primaryimage\"},\"thumbnailUrl\":\"https:\/\/reginett.ee\/wp-content\/uploads\/2020\/04\/Vosaloikaja-jakk.jpg\",\"datePublished\":\"2020-04-15T11:27:22+00:00\",\"dateModified\":\"2024-10-05T12:00:52+00:00\",\"breadcrumb\":{\"@id\":\"https:\/\/reginett.ee\/toode\/vosaloikaja-jakk-husqvarna-technical\/#breadcrumb\"},\"inLanguage\":\"ru-RU\",\"potentialAction\":[{\"@type\":\"ReadAction\",\"target\":[\"https:\/\/reginett.ee\/toode\/vosaloikaja-jakk-husqvarna-technical\/\"]}]},{\"@type\":\"ImageObject\",\"inLanguage\":\"ru-RU\",\"@id\":\"https:\/\/reginett.ee\/toode\/vosaloikaja-jakk-husqvarna-technical\/#primaryimage\",\"url\":\"https:\/\/reginett.ee\/wp-content\/uploads\/2020\/04\/Vosaloikaja-jakk.jpg\",\"contentUrl\":\"https:\/\/reginett.ee\/wp-content\/uploads\/2020\/04\/Vosaloikaja-jakk.jpg\",\"width\":680,\"height\":372,\"caption\":\"V\u00f5sal\u00f5ikaja jakk\"},{\"@type\":\"BreadcrumbList\",\"@id\":\"https:\/\/reginett.ee\/toode\/vosaloikaja-jakk-husqvarna-technical\/#breadcrumb\",\"itemListElement\":[{\"@type\":\"ListItem\",\"position\":1,\"name\":\"Home\",\"item\":\"https:\/\/reginett.ee\/ru\/\"},{\"@type\":\"ListItem\",\"position\":2,\"name\":\"Tooted\",\"item\":\"https:\/\/reginett.ee\/tooted\/\"},{\"@type\":\"ListItem\",\"position\":3,\"name\":\"V\u00f5sal\u00f5ikaja jakk Husqvarna Technical\"}]},{\"@type\":\"WebSite\",\"@id\":\"https:\/\/reginett.ee\/#website\",\"url\":\"https:\/\/reginett.ee\/\",\"name\":\"Reginett\",\"description\":\"Parimad robotniidukid\",\"potentialAction\":[{\"@type\":\"SearchAction\",\"target\":{\"@type\":\"EntryPoint\",\"urlTemplate\":\"https:\/\/reginett.ee\/?s={search_term_string}\"},\"query-input\":{\"@type\":\"PropertyValueSpecification\",\"valueRequired\":true,\"valueName\":\"search_term_string\"}}],\"inLanguage\":\"ru-RU\"}]}<\/script>\n<!-- \/ Yoast SEO plugin. -->","yoast_head_json":{"title":"V\u00f5sal\u00f5ikaja jakk Husqvarna Technical - Reginett","robots":{"index":"index","follow":"follow","max-snippet":"max-snippet:-1","max-image-preview":"max-image-preview:large","max-video-preview":"max-video-preview:-1"},"canonical":"https:\/\/reginett.ee\/toode\/vosaloikaja-jakk-husqvarna-technical\/","og_locale":"ru_RU","og_type":"article","og_title":"V\u00f5sal\u00f5ikaja jakk Husqvarna Technical - Reginett","og_description":"V\u00f5sal\u00f5ikaja jakk on spetsiaalselt v\u00e4lja t\u00f6\u00f6tatud haljastust\u00f6\u00f6listele, aednikele ja metsat\u00f6\u00f6listele, kes t\u00f6\u00f6tavad kanderihmadega pikki tunde. Taskud lisapehmenduste jaoks \u00f5lgadel, pikendatud seljaosa. Rinnataskud on kergesti ligip\u00e4\u00e4setavad ka kanderihmasid kandes.Tugevdused enim koormust saavates kohtades, mis tagavad riiete vastupidavuse ja pika eluea. Lukuga \u00f5hutusavad jaki kaenlaalustes, \u00f5hutus ka turjaosal. Painutatud k\u00fc\u00fcnarnukiosa tagamaks paremat ergonoomiat ning helkurlogod ja helkurribad tagamaks paremat n\u00e4htavust.","og_url":"https:\/\/reginett.ee\/toode\/vosaloikaja-jakk-husqvarna-technical\/","og_site_name":"Reginett","article_modified_time":"2024-10-05T12:00:52+00:00","og_image":[{"width":680,"height":372,"url":"https:\/\/reginett.ee\/wp-content\/uploads\/2020\/04\/Vosaloikaja-jakk.jpg","type":"image\/jpeg"}],"twitter_card":"summary_large_image","twitter_misc":{"\u041f\u0440\u0438\u043c\u0435\u0440\u043d\u043e\u0435 \u0432\u0440\u0435\u043c\u044f \u0434\u043b\u044f \u0447\u0442\u0435\u043d\u0438\u044f":"1 \u043c\u0438\u043d\u0443\u0442\u0430"},"schema":{"@context":"https:\/\/schema.org","@graph":[{"@type":"WebPage","@id":"https:\/\/reginett.ee\/toode\/vosaloikaja-jakk-husqvarna-technical\/","url":"https:\/\/reginett.ee\/toode\/vosaloikaja-jakk-husqvarna-technical\/","name":"V\u00f5sal\u00f5ikaja jakk Husqvarna Technical - Reginett","isPartOf":{"@id":"https:\/\/reginett.ee\/#website"},"primaryImageOfPage":{"@id":"https:\/\/reginett.ee\/toode\/vosaloikaja-jakk-husqvarna-technical\/#primaryimage"},"image":{"@id":"https:\/\/reginett.ee\/toode\/vosaloikaja-jakk-husqvarna-technical\/#primaryimage"},"thumbnailUrl":"https:\/\/reginett.ee\/wp-content\/uploads\/2020\/04\/Vosaloikaja-jakk.jpg","datePublished":"2020-04-15T11:27:22+00:00","dateModified":"2024-10-05T12:00:52+00:00","breadcrumb":{"@id":"https:\/\/reginett.ee\/toode\/vosaloikaja-jakk-husqvarna-technical\/#breadcrumb"},"inLanguage":"ru-RU","potentialAction":[{"@type":"ReadAction","target":["https:\/\/reginett.ee\/toode\/vosaloikaja-jakk-husqvarna-technical\/"]}]},{"@type":"ImageObject","inLanguage":"ru-RU","@id":"https:\/\/reginett.ee\/toode\/vosaloikaja-jakk-husqvarna-technical\/#primaryimage","url":"https:\/\/reginett.ee\/wp-content\/uploads\/2020\/04\/Vosaloikaja-jakk.jpg","contentUrl":"https:\/\/reginett.ee\/wp-content\/uploads\/2020\/04\/Vosaloikaja-jakk.jpg","width":680,"height":372,"caption":"V\u00f5sal\u00f5ikaja jakk"},{"@type":"BreadcrumbList","@id":"https:\/\/reginett.ee\/toode\/vosaloikaja-jakk-husqvarna-technical\/#breadcrumb","itemListElement":[{"@type":"ListItem","position":1,"name":"Home","item":"https:\/\/reginett.ee\/ru\/"},{"@type":"ListItem","position":2,"name":"Tooted","item":"https:\/\/reginett.ee\/tooted\/"},{"@type":"ListItem","position":3,"name":"V\u00f5sal\u00f5ikaja jakk Husqvarna Technical"}]},{"@type":"WebSite","@id":"https:\/\/reginett.ee\/#website","url":"https:\/\/reginett.ee\/","name":"Reginett","description":"Parimad robotniidukid","potentialAction":[{"@type":"SearchAction","target":{"@type":"EntryPoint","urlTemplate":"https:\/\/reginett.ee\/?s={search_term_string}"},"query-input":{"@type":"PropertyValueSpecification","valueRequired":true,"valueName":"search_term_string"}}],"inLanguage":"ru-RU"}]}},"brands":[],"_links":{"self":[{"href":"https:\/\/reginett.ee\/ru\/wp-json\/wp\/v2\/product\/51762","targetHints":{"allow":["GET"]}}],"collection":[{"href":"https:\/\/reginett.ee\/ru\/wp-json\/wp\/v2\/product"}],"about":[{"href":"https:\/\/reginett.ee\/ru\/wp-json\/wp\/v2\/types\/product"}],"replies":[{"embeddable":true,"href":"https:\/\/reginett.ee\/ru\/wp-json\/wp\/v2\/comments?post=51762"}],"wp:featuredmedia":[{"embeddable":true,"href":"https:\/\/reginett.ee\/ru\/wp-json\/wp\/v2\/media\/52819"}],"wp:attachment":[{"href":"https:\/\/reginett.ee\/ru\/wp-json\/wp\/v2\/media?parent=51762"}],"wp:term":[{"taxonomy":"pwb-brand","embeddable":true,"href":"https:\/\/reginett.ee\/ru\/wp-json\/wp\/v2\/pwb-brand?post=51762"},{"taxonomy":"product_brand","embeddable":true,"href":"https:\/\/reginett.ee\/ru\/wp-json\/wp\/v2\/product_brand?post=51762"},{"taxonomy":"product_cat","embeddable":true,"href":"https:\/\/reginett.ee\/ru\/wp-json\/wp\/v2\/product_cat?post=51762"},{"taxonomy":"product_tag","embeddable":true,"href":"https:\/\/reginett.ee\/ru\/wp-json\/wp\/v2\/product_tag?post=51762"}],"curies":[{"name":"wp","href":"https:\/\/api.w.org\/{rel}","templated":true}]}}