{"id":51760,"date":"2020-01-07T14:16:50","date_gmt":"2020-01-07T14:16:50","guid":{"rendered":"https:\/\/reginett.ee\/?post_type=product&#038;p=51760"},"modified":"2024-01-15T13:10:56","modified_gmt":"2024-01-15T10:10:56","slug":"kaitsepuksid-husqvarna-technical-robust","status":"publish","type":"product","link":"https:\/\/reginett.ee\/ru\/toode\/kaitsepuksid-husqvarna-technical-robust\/","title":{"rendered":"Kaitsep\u00fcksid Husqvarna Technical Robust"},"content":{"rendered":"<p>Husqvarna Technical Robust\u00a0 on kvaliteetsed ja vastupidavad kaitsep\u00fcksid igap\u00e4evaseks metsat\u00f6\u00f6ks.Parima vastupidavuse tagab tugevam kangas p\u00fckste esiosas, tugevdatud pahkluuosa ja jalgevahe, torke ja lumekaitse \u00fcmber pahkluude osa. Veelgi mugavama ja produktiivsema t\u00f6\u00f6 tagab veniv stret\u0161 materjal p\u00fckste tagaosas.<\/p>\n<h3>Tugevdatud p\u00f5lveosa<\/h3>\n<p>Robust p\u00fckstel on tugevdatud p\u00f5lveosa vastupidavuse pikendamiseks<\/p>\n<h3>Tugevdatud pahkluuosa<\/h3>\n<p>Tugevdatud pahkluuosa pikendab p\u00fckste kasutusiga<\/p>\n<h3>\u00d5hutus &#8212; lukk\/lukud reie tagaosas<\/h3>\n<p>\u00d5hutus &#8212; lukk\/lukud reie tagaosas tagavad kasutajale optimaalse kehatemperatuuri ja mugavama t\u00f6\u00f6.<\/p>\n<h3>Torke- ja lumekaitse s\u00e4\u00e4rte \u00fcmber<\/h3>\n<p>Husqvarna Robust p\u00fckstel on torke- ja lumekaitse s\u00e4\u00e4rte \u00fcmber kahjustuste v\u00e4ltimiseks ja lume t\u00f5kestamiseks s\u00e4\u00e4rte sisse.<\/p>\n<h3>Aramide m\u00e9lange<\/h3>\n<p>Komposiitmaterjal, kus on \u00fchendatud h\u00f5\u00f5rdumiskindlad Kevlar\u00ae kiud ja kulumiskindlad Cordura\u00ae kiud, mis muudavad selle materjali v\u00e4ga tugevaks ja sobilikuks kasutamiseks enim koormust saavates kohtades. 240 g\/m2. 45 % Cordura\u00ae \/ 30 % Pol\u00fcamiid \/ 25 % Kevlar\u00ae.<\/p>\n<p>&nbsp;<\/p>\n","protected":false},"excerpt":{"rendered":"<p>Husqvarna Technical Robust on kvaliteetsed ja vastupidavad kaitsep\u00fcksid igap\u00e4evaseks metsat\u00f6\u00f6ks.Parima vastupidavuse tagab tugevam kangas p\u00fckste esiosas, tugevdatud pahkluuosa ja jalgevahe, torke ja lumekaitse \u00fcmber pahkluude osa. Veelgi mugavama ja produktiivsema t\u00f6\u00f6 tagab veniv stret\u0161 materjal p\u00fckste tagaosas.<\/p>\n<p>&nbsp;<\/p>\n","protected":false},"featured_media":52820,"comment_status":"open","ping_status":"closed","template":"","meta":{"_acf_changed":false,"_et_pb_use_builder":"","_et_pb_old_content":"","_et_gb_content_width":"","inline_featured_image":false},"pwb-brand":[147],"product_brand":[],"product_cat":[37,32],"product_tag":[241,131,124,242],"class_list":{"0":"post-51760","1":"product","2":"type-product","3":"status-publish","4":"has-post-thumbnail","6":"pwb-brand-husqvarna","7":"product_cat-husqvarna","8":"product_cat-riided-ja-kaitsevahendid","9":"product_tag-kaitsepuksid","10":"product_tag-kaitseriided","11":"product_tag-kaitsevarustus","12":"product_tag-technical","14":"first","15":"instock","16":"shipping-taxable","17":"purchasable","18":"product-type-variable","19":"has-default-attributes"},"acf":[],"yoast_head":"<!-- This site is optimized with the Yoast SEO plugin v26.6 - https:\/\/yoast.com\/wordpress\/plugins\/seo\/ -->\n<title>Kaitsep\u00fcksid Husqvarna Technical Robust - Reginett<\/title>\n<meta name=\"robots\" content=\"index, follow, max-snippet:-1, max-image-preview:large, max-video-preview:-1\" \/>\n<link rel=\"canonical\" href=\"https:\/\/reginett.ee\/toode\/kaitsepuksid-husqvarna-technical-robust\/\" \/>\n<meta property=\"og:locale\" content=\"ru_RU\" \/>\n<meta property=\"og:type\" content=\"article\" \/>\n<meta property=\"og:title\" content=\"Kaitsep\u00fcksid Husqvarna Technical Robust - Reginett\" \/>\n<meta property=\"og:description\" content=\"Husqvarna Technical Robust on kvaliteetsed ja vastupidavad kaitsep\u00fcksid igap\u00e4evaseks metsat\u00f6\u00f6ks.Parima vastupidavuse tagab tugevam kangas p\u00fckste esiosas, tugevdatud pahkluuosa ja jalgevahe, torke ja lumekaitse \u00fcmber pahkluude osa. Veelgi mugavama ja produktiivsema t\u00f6\u00f6 tagab veniv stret\u0161 materjal p\u00fckste tagaosas.  &nbsp;\" \/>\n<meta property=\"og:url\" content=\"https:\/\/reginett.ee\/toode\/kaitsepuksid-husqvarna-technical-robust\/\" \/>\n<meta property=\"og:site_name\" content=\"Reginett\" \/>\n<meta property=\"article:modified_time\" content=\"2024-01-15T10:10:56+00:00\" \/>\n<meta property=\"og:image\" content=\"https:\/\/reginett.ee\/wp-content\/uploads\/2020\/04\/Kaitsepuksid-Technical-Robust.jpg\" \/>\n\t<meta property=\"og:image:width\" content=\"680\" \/>\n\t<meta property=\"og:image:height\" content=\"372\" \/>\n\t<meta property=\"og:image:type\" content=\"image\/jpeg\" \/>\n<meta name=\"twitter:card\" content=\"summary_large_image\" \/>\n<meta name=\"twitter:label1\" content=\"\u041f\u0440\u0438\u043c\u0435\u0440\u043d\u043e\u0435 \u0432\u0440\u0435\u043c\u044f \u0434\u043b\u044f \u0447\u0442\u0435\u043d\u0438\u044f\" \/>\n\t<meta name=\"twitter:data1\" content=\"1 \u043c\u0438\u043d\u0443\u0442\u0430\" \/>\n<script type=\"application\/ld+json\" class=\"yoast-schema-graph\">{\"@context\":\"https:\/\/schema.org\",\"@graph\":[{\"@type\":\"WebPage\",\"@id\":\"https:\/\/reginett.ee\/toode\/kaitsepuksid-husqvarna-technical-robust\/\",\"url\":\"https:\/\/reginett.ee\/toode\/kaitsepuksid-husqvarna-technical-robust\/\",\"name\":\"Kaitsep\u00fcksid Husqvarna Technical Robust - Reginett\",\"isPartOf\":{\"@id\":\"https:\/\/reginett.ee\/#website\"},\"primaryImageOfPage\":{\"@id\":\"https:\/\/reginett.ee\/toode\/kaitsepuksid-husqvarna-technical-robust\/#primaryimage\"},\"image\":{\"@id\":\"https:\/\/reginett.ee\/toode\/kaitsepuksid-husqvarna-technical-robust\/#primaryimage\"},\"thumbnailUrl\":\"https:\/\/reginett.ee\/wp-content\/uploads\/2020\/04\/Kaitsepuksid-Technical-Robust.jpg\",\"datePublished\":\"2020-01-07T14:16:50+00:00\",\"dateModified\":\"2024-01-15T10:10:56+00:00\",\"breadcrumb\":{\"@id\":\"https:\/\/reginett.ee\/toode\/kaitsepuksid-husqvarna-technical-robust\/#breadcrumb\"},\"inLanguage\":\"ru-RU\",\"potentialAction\":[{\"@type\":\"ReadAction\",\"target\":[\"https:\/\/reginett.ee\/toode\/kaitsepuksid-husqvarna-technical-robust\/\"]}]},{\"@type\":\"ImageObject\",\"inLanguage\":\"ru-RU\",\"@id\":\"https:\/\/reginett.ee\/toode\/kaitsepuksid-husqvarna-technical-robust\/#primaryimage\",\"url\":\"https:\/\/reginett.ee\/wp-content\/uploads\/2020\/04\/Kaitsepuksid-Technical-Robust.jpg\",\"contentUrl\":\"https:\/\/reginett.ee\/wp-content\/uploads\/2020\/04\/Kaitsepuksid-Technical-Robust.jpg\",\"width\":680,\"height\":372,\"caption\":\"Kaitsep\u00fcksid Technical Robust\"},{\"@type\":\"BreadcrumbList\",\"@id\":\"https:\/\/reginett.ee\/toode\/kaitsepuksid-husqvarna-technical-robust\/#breadcrumb\",\"itemListElement\":[{\"@type\":\"ListItem\",\"position\":1,\"name\":\"Home\",\"item\":\"https:\/\/reginett.ee\/ru\/\"},{\"@type\":\"ListItem\",\"position\":2,\"name\":\"Tooted\",\"item\":\"https:\/\/reginett.ee\/tooted\/\"},{\"@type\":\"ListItem\",\"position\":3,\"name\":\"Kaitsep\u00fcksid Husqvarna Technical Robust\"}]},{\"@type\":\"WebSite\",\"@id\":\"https:\/\/reginett.ee\/#website\",\"url\":\"https:\/\/reginett.ee\/\",\"name\":\"Reginett\",\"description\":\"Parimad robotniidukid\",\"potentialAction\":[{\"@type\":\"SearchAction\",\"target\":{\"@type\":\"EntryPoint\",\"urlTemplate\":\"https:\/\/reginett.ee\/?s={search_term_string}\"},\"query-input\":{\"@type\":\"PropertyValueSpecification\",\"valueRequired\":true,\"valueName\":\"search_term_string\"}}],\"inLanguage\":\"ru-RU\"}]}<\/script>\n<!-- \/ Yoast SEO plugin. -->","yoast_head_json":{"title":"Kaitsep\u00fcksid Husqvarna Technical Robust - Reginett","robots":{"index":"index","follow":"follow","max-snippet":"max-snippet:-1","max-image-preview":"max-image-preview:large","max-video-preview":"max-video-preview:-1"},"canonical":"https:\/\/reginett.ee\/toode\/kaitsepuksid-husqvarna-technical-robust\/","og_locale":"ru_RU","og_type":"article","og_title":"Kaitsep\u00fcksid Husqvarna Technical Robust - Reginett","og_description":"Husqvarna Technical Robust on kvaliteetsed ja vastupidavad kaitsep\u00fcksid igap\u00e4evaseks metsat\u00f6\u00f6ks.Parima vastupidavuse tagab tugevam kangas p\u00fckste esiosas, tugevdatud pahkluuosa ja jalgevahe, torke ja lumekaitse \u00fcmber pahkluude osa. Veelgi mugavama ja produktiivsema t\u00f6\u00f6 tagab veniv stret\u0161 materjal p\u00fckste tagaosas.  &nbsp;","og_url":"https:\/\/reginett.ee\/toode\/kaitsepuksid-husqvarna-technical-robust\/","og_site_name":"Reginett","article_modified_time":"2024-01-15T10:10:56+00:00","og_image":[{"width":680,"height":372,"url":"https:\/\/reginett.ee\/wp-content\/uploads\/2020\/04\/Kaitsepuksid-Technical-Robust.jpg","type":"image\/jpeg"}],"twitter_card":"summary_large_image","twitter_misc":{"\u041f\u0440\u0438\u043c\u0435\u0440\u043d\u043e\u0435 \u0432\u0440\u0435\u043c\u044f \u0434\u043b\u044f \u0447\u0442\u0435\u043d\u0438\u044f":"1 \u043c\u0438\u043d\u0443\u0442\u0430"},"schema":{"@context":"https:\/\/schema.org","@graph":[{"@type":"WebPage","@id":"https:\/\/reginett.ee\/toode\/kaitsepuksid-husqvarna-technical-robust\/","url":"https:\/\/reginett.ee\/toode\/kaitsepuksid-husqvarna-technical-robust\/","name":"Kaitsep\u00fcksid Husqvarna Technical Robust - Reginett","isPartOf":{"@id":"https:\/\/reginett.ee\/#website"},"primaryImageOfPage":{"@id":"https:\/\/reginett.ee\/toode\/kaitsepuksid-husqvarna-technical-robust\/#primaryimage"},"image":{"@id":"https:\/\/reginett.ee\/toode\/kaitsepuksid-husqvarna-technical-robust\/#primaryimage"},"thumbnailUrl":"https:\/\/reginett.ee\/wp-content\/uploads\/2020\/04\/Kaitsepuksid-Technical-Robust.jpg","datePublished":"2020-01-07T14:16:50+00:00","dateModified":"2024-01-15T10:10:56+00:00","breadcrumb":{"@id":"https:\/\/reginett.ee\/toode\/kaitsepuksid-husqvarna-technical-robust\/#breadcrumb"},"inLanguage":"ru-RU","potentialAction":[{"@type":"ReadAction","target":["https:\/\/reginett.ee\/toode\/kaitsepuksid-husqvarna-technical-robust\/"]}]},{"@type":"ImageObject","inLanguage":"ru-RU","@id":"https:\/\/reginett.ee\/toode\/kaitsepuksid-husqvarna-technical-robust\/#primaryimage","url":"https:\/\/reginett.ee\/wp-content\/uploads\/2020\/04\/Kaitsepuksid-Technical-Robust.jpg","contentUrl":"https:\/\/reginett.ee\/wp-content\/uploads\/2020\/04\/Kaitsepuksid-Technical-Robust.jpg","width":680,"height":372,"caption":"Kaitsep\u00fcksid Technical Robust"},{"@type":"BreadcrumbList","@id":"https:\/\/reginett.ee\/toode\/kaitsepuksid-husqvarna-technical-robust\/#breadcrumb","itemListElement":[{"@type":"ListItem","position":1,"name":"Home","item":"https:\/\/reginett.ee\/ru\/"},{"@type":"ListItem","position":2,"name":"Tooted","item":"https:\/\/reginett.ee\/tooted\/"},{"@type":"ListItem","position":3,"name":"Kaitsep\u00fcksid Husqvarna Technical Robust"}]},{"@type":"WebSite","@id":"https:\/\/reginett.ee\/#website","url":"https:\/\/reginett.ee\/","name":"Reginett","description":"Parimad robotniidukid","potentialAction":[{"@type":"SearchAction","target":{"@type":"EntryPoint","urlTemplate":"https:\/\/reginett.ee\/?s={search_term_string}"},"query-input":{"@type":"PropertyValueSpecification","valueRequired":true,"valueName":"search_term_string"}}],"inLanguage":"ru-RU"}]}},"brands":[{"id":147,"name":"Husqvarna","slug":"husqvarna"}],"_links":{"self":[{"href":"https:\/\/reginett.ee\/ru\/wp-json\/wp\/v2\/product\/51760","targetHints":{"allow":["GET"]}}],"collection":[{"href":"https:\/\/reginett.ee\/ru\/wp-json\/wp\/v2\/product"}],"about":[{"href":"https:\/\/reginett.ee\/ru\/wp-json\/wp\/v2\/types\/product"}],"replies":[{"embeddable":true,"href":"https:\/\/reginett.ee\/ru\/wp-json\/wp\/v2\/comments?post=51760"}],"wp:featuredmedia":[{"embeddable":true,"href":"https:\/\/reginett.ee\/ru\/wp-json\/wp\/v2\/media\/52820"}],"wp:attachment":[{"href":"https:\/\/reginett.ee\/ru\/wp-json\/wp\/v2\/media?parent=51760"}],"wp:term":[{"taxonomy":"pwb-brand","embeddable":true,"href":"https:\/\/reginett.ee\/ru\/wp-json\/wp\/v2\/pwb-brand?post=51760"},{"taxonomy":"product_brand","embeddable":true,"href":"https:\/\/reginett.ee\/ru\/wp-json\/wp\/v2\/product_brand?post=51760"},{"taxonomy":"product_cat","embeddable":true,"href":"https:\/\/reginett.ee\/ru\/wp-json\/wp\/v2\/product_cat?post=51760"},{"taxonomy":"product_tag","embeddable":true,"href":"https:\/\/reginett.ee\/ru\/wp-json\/wp\/v2\/product_tag?post=51760"}],"curies":[{"name":"wp","href":"https:\/\/api.w.org\/{rel}","templated":true}]}}