{"id":51758,"date":"2020-04-15T13:54:14","date_gmt":"2020-04-15T10:54:14","guid":{"rendered":"https:\/\/reginett.ee\/?post_type=product&#038;p=51758"},"modified":"2024-01-15T12:51:59","modified_gmt":"2024-01-15T09:51:59","slug":"metsatoojakk-husqvarna-technical","status":"publish","type":"product","link":"https:\/\/reginett.ee\/ru\/toode\/metsatoojakk-husqvarna-technical\/","title":{"rendered":"Metsat\u00f6\u00f6jakk Husqvarna Technical"},"content":{"rendered":"<p>Husqvarna Technical on igap\u00e4evaseks metsat\u00f6\u00f6ks m\u00f5eldud jakk, mis on valmistatud vastupidavast, neljas suunas venivast ent kergest kangast. Annab v\u00e4ga hea liikumisvabaduse ning t\u00e4nu \u00f5hutusavadele selja \u00fcla- ja alaosas on t\u00f6\u00f6tamine mugav.<\/p>\n<h3>Reguleerimislukud varruka otstes<\/h3>\n<p>Varrukatel on reguleerimislukud mugavaks kasutajale vastavaks kohandamiseks.<\/p>\n<h3>\u00d5hutusavad selja alaosas<\/h3>\n<p>\u00d5hutusavad selja alaosas tagamaks kasutaja optimaalsema kehatemperatuuri.<\/p>\n<h3>\u00d5hutuslukud kaenla all<\/h3>\n<p>\u00d5hutuslukud kaenla all. Reguleeritav \u00f5hutus vastavalt ilmastikuoludele mugavama t\u00f6\u00f6tamise tagamiseks.<\/p>\n<h3>Stret\u0161 materjalist varrukad<\/h3>\n<p>Elastsest stret\u0161 materjalist varrukad tahavad hea liikuvuse<\/p>\n<h3>Tasku esmaabikomplektile<\/h3>\n<p>Lihtsalt ligip\u00e4\u00e4setav tasku esmaabikomplektile.<\/p>\n<h3>Aramide m\u00e9lange<\/h3>\n<p>Komposiitmaterjal, kus on \u00fchendatud h\u00f5\u00f5rdumiskindlad Kevlar\u00ae kiud ja kulumiskindlad Cordura\u00ae kiud, mis muudavad selle materjali v\u00e4ga tugevaks ja sobilikuks kasutamiseks enim koormust saavates kohtades. 240 g\/m2. 45 % Cordura\u00ae \/ 30 % Pol\u00fcamiid \/ 25 % Kevlar\u00ae.<\/p>\n","protected":false},"excerpt":{"rendered":"<p>Husqvarna Technical on igap\u00e4evaseks metsat\u00f6\u00f6ks m\u00f5eldud jakk, mis on valmistatud vastupidavast, neljas suunas venivast ent kergest kangast. Annab v\u00e4ga hea liikumisvabaduse ning t\u00e4nu \u00f5hutusavadele selja \u00fcla- ja alaosas on t\u00f6\u00f6tamine mugav.<\/p>\n","protected":false},"featured_media":52821,"comment_status":"open","ping_status":"closed","template":"","meta":{"_acf_changed":false,"_et_pb_use_builder":"","_et_pb_old_content":"","_et_gb_content_width":"","inline_featured_image":false},"pwb-brand":[],"product_brand":[],"product_cat":[37,32],"product_tag":[131,124],"class_list":{"0":"post-51758","1":"product","2":"type-product","3":"status-publish","4":"has-post-thumbnail","6":"product_cat-husqvarna","7":"product_cat-riided-ja-kaitsevahendid","8":"product_tag-kaitseriided","9":"product_tag-kaitsevarustus","11":"first","12":"instock","13":"shipping-taxable","14":"purchasable","15":"product-type-simple"},"acf":[],"yoast_head":"<!-- This site is optimized with the Yoast SEO plugin v26.6 - https:\/\/yoast.com\/wordpress\/plugins\/seo\/ -->\n<title>Metsat\u00f6\u00f6jakk Husqvarna Technical - Reginett<\/title>\n<meta name=\"robots\" content=\"index, follow, max-snippet:-1, max-image-preview:large, max-video-preview:-1\" \/>\n<link rel=\"canonical\" href=\"https:\/\/reginett.ee\/toode\/metsatoojakk-husqvarna-technical\/\" \/>\n<meta property=\"og:locale\" content=\"ru_RU\" \/>\n<meta property=\"og:type\" content=\"article\" \/>\n<meta property=\"og:title\" content=\"Metsat\u00f6\u00f6jakk Husqvarna Technical - Reginett\" \/>\n<meta property=\"og:description\" content=\"Husqvarna Technical on igap\u00e4evaseks metsat\u00f6\u00f6ks m\u00f5eldud jakk, mis on valmistatud vastupidavast, neljas suunas venivast ent kergest kangast. Annab v\u00e4ga hea liikumisvabaduse ning t\u00e4nu \u00f5hutusavadele selja \u00fcla- ja alaosas on t\u00f6\u00f6tamine mugav.\" \/>\n<meta property=\"og:url\" content=\"https:\/\/reginett.ee\/toode\/metsatoojakk-husqvarna-technical\/\" \/>\n<meta property=\"og:site_name\" content=\"Reginett\" \/>\n<meta property=\"article:modified_time\" content=\"2024-01-15T09:51:59+00:00\" \/>\n<meta property=\"og:image\" content=\"https:\/\/reginett.ee\/wp-content\/uploads\/2020\/04\/Metsatoojakk-Technical.jpg\" \/>\n\t<meta property=\"og:image:width\" content=\"680\" \/>\n\t<meta property=\"og:image:height\" content=\"372\" \/>\n\t<meta property=\"og:image:type\" content=\"image\/jpeg\" \/>\n<meta name=\"twitter:card\" content=\"summary_large_image\" \/>\n<meta name=\"twitter:label1\" content=\"\u041f\u0440\u0438\u043c\u0435\u0440\u043d\u043e\u0435 \u0432\u0440\u0435\u043c\u044f \u0434\u043b\u044f \u0447\u0442\u0435\u043d\u0438\u044f\" \/>\n\t<meta name=\"twitter:data1\" content=\"1 \u043c\u0438\u043d\u0443\u0442\u0430\" \/>\n<script type=\"application\/ld+json\" class=\"yoast-schema-graph\">{\"@context\":\"https:\/\/schema.org\",\"@graph\":[{\"@type\":\"WebPage\",\"@id\":\"https:\/\/reginett.ee\/toode\/metsatoojakk-husqvarna-technical\/\",\"url\":\"https:\/\/reginett.ee\/toode\/metsatoojakk-husqvarna-technical\/\",\"name\":\"Metsat\u00f6\u00f6jakk Husqvarna Technical - Reginett\",\"isPartOf\":{\"@id\":\"https:\/\/reginett.ee\/#website\"},\"primaryImageOfPage\":{\"@id\":\"https:\/\/reginett.ee\/toode\/metsatoojakk-husqvarna-technical\/#primaryimage\"},\"image\":{\"@id\":\"https:\/\/reginett.ee\/toode\/metsatoojakk-husqvarna-technical\/#primaryimage\"},\"thumbnailUrl\":\"https:\/\/reginett.ee\/wp-content\/uploads\/2020\/04\/Metsatoojakk-Technical.jpg\",\"datePublished\":\"2020-04-15T10:54:14+00:00\",\"dateModified\":\"2024-01-15T09:51:59+00:00\",\"breadcrumb\":{\"@id\":\"https:\/\/reginett.ee\/toode\/metsatoojakk-husqvarna-technical\/#breadcrumb\"},\"inLanguage\":\"ru-RU\",\"potentialAction\":[{\"@type\":\"ReadAction\",\"target\":[\"https:\/\/reginett.ee\/toode\/metsatoojakk-husqvarna-technical\/\"]}]},{\"@type\":\"ImageObject\",\"inLanguage\":\"ru-RU\",\"@id\":\"https:\/\/reginett.ee\/toode\/metsatoojakk-husqvarna-technical\/#primaryimage\",\"url\":\"https:\/\/reginett.ee\/wp-content\/uploads\/2020\/04\/Metsatoojakk-Technical.jpg\",\"contentUrl\":\"https:\/\/reginett.ee\/wp-content\/uploads\/2020\/04\/Metsatoojakk-Technical.jpg\",\"width\":680,\"height\":372,\"caption\":\"Metsat\u00f6\u00f6jakk Technical\"},{\"@type\":\"BreadcrumbList\",\"@id\":\"https:\/\/reginett.ee\/toode\/metsatoojakk-husqvarna-technical\/#breadcrumb\",\"itemListElement\":[{\"@type\":\"ListItem\",\"position\":1,\"name\":\"Home\",\"item\":\"https:\/\/reginett.ee\/ru\/\"},{\"@type\":\"ListItem\",\"position\":2,\"name\":\"Tooted\",\"item\":\"https:\/\/reginett.ee\/tooted\/\"},{\"@type\":\"ListItem\",\"position\":3,\"name\":\"Metsat\u00f6\u00f6jakk Husqvarna Technical\"}]},{\"@type\":\"WebSite\",\"@id\":\"https:\/\/reginett.ee\/#website\",\"url\":\"https:\/\/reginett.ee\/\",\"name\":\"Reginett\",\"description\":\"Parimad robotniidukid\",\"potentialAction\":[{\"@type\":\"SearchAction\",\"target\":{\"@type\":\"EntryPoint\",\"urlTemplate\":\"https:\/\/reginett.ee\/?s={search_term_string}\"},\"query-input\":{\"@type\":\"PropertyValueSpecification\",\"valueRequired\":true,\"valueName\":\"search_term_string\"}}],\"inLanguage\":\"ru-RU\"}]}<\/script>\n<!-- \/ Yoast SEO plugin. -->","yoast_head_json":{"title":"Metsat\u00f6\u00f6jakk Husqvarna Technical - Reginett","robots":{"index":"index","follow":"follow","max-snippet":"max-snippet:-1","max-image-preview":"max-image-preview:large","max-video-preview":"max-video-preview:-1"},"canonical":"https:\/\/reginett.ee\/toode\/metsatoojakk-husqvarna-technical\/","og_locale":"ru_RU","og_type":"article","og_title":"Metsat\u00f6\u00f6jakk Husqvarna Technical - Reginett","og_description":"Husqvarna Technical on igap\u00e4evaseks metsat\u00f6\u00f6ks m\u00f5eldud jakk, mis on valmistatud vastupidavast, neljas suunas venivast ent kergest kangast. Annab v\u00e4ga hea liikumisvabaduse ning t\u00e4nu \u00f5hutusavadele selja \u00fcla- ja alaosas on t\u00f6\u00f6tamine mugav.","og_url":"https:\/\/reginett.ee\/toode\/metsatoojakk-husqvarna-technical\/","og_site_name":"Reginett","article_modified_time":"2024-01-15T09:51:59+00:00","og_image":[{"width":680,"height":372,"url":"https:\/\/reginett.ee\/wp-content\/uploads\/2020\/04\/Metsatoojakk-Technical.jpg","type":"image\/jpeg"}],"twitter_card":"summary_large_image","twitter_misc":{"\u041f\u0440\u0438\u043c\u0435\u0440\u043d\u043e\u0435 \u0432\u0440\u0435\u043c\u044f \u0434\u043b\u044f \u0447\u0442\u0435\u043d\u0438\u044f":"1 \u043c\u0438\u043d\u0443\u0442\u0430"},"schema":{"@context":"https:\/\/schema.org","@graph":[{"@type":"WebPage","@id":"https:\/\/reginett.ee\/toode\/metsatoojakk-husqvarna-technical\/","url":"https:\/\/reginett.ee\/toode\/metsatoojakk-husqvarna-technical\/","name":"Metsat\u00f6\u00f6jakk Husqvarna Technical - Reginett","isPartOf":{"@id":"https:\/\/reginett.ee\/#website"},"primaryImageOfPage":{"@id":"https:\/\/reginett.ee\/toode\/metsatoojakk-husqvarna-technical\/#primaryimage"},"image":{"@id":"https:\/\/reginett.ee\/toode\/metsatoojakk-husqvarna-technical\/#primaryimage"},"thumbnailUrl":"https:\/\/reginett.ee\/wp-content\/uploads\/2020\/04\/Metsatoojakk-Technical.jpg","datePublished":"2020-04-15T10:54:14+00:00","dateModified":"2024-01-15T09:51:59+00:00","breadcrumb":{"@id":"https:\/\/reginett.ee\/toode\/metsatoojakk-husqvarna-technical\/#breadcrumb"},"inLanguage":"ru-RU","potentialAction":[{"@type":"ReadAction","target":["https:\/\/reginett.ee\/toode\/metsatoojakk-husqvarna-technical\/"]}]},{"@type":"ImageObject","inLanguage":"ru-RU","@id":"https:\/\/reginett.ee\/toode\/metsatoojakk-husqvarna-technical\/#primaryimage","url":"https:\/\/reginett.ee\/wp-content\/uploads\/2020\/04\/Metsatoojakk-Technical.jpg","contentUrl":"https:\/\/reginett.ee\/wp-content\/uploads\/2020\/04\/Metsatoojakk-Technical.jpg","width":680,"height":372,"caption":"Metsat\u00f6\u00f6jakk Technical"},{"@type":"BreadcrumbList","@id":"https:\/\/reginett.ee\/toode\/metsatoojakk-husqvarna-technical\/#breadcrumb","itemListElement":[{"@type":"ListItem","position":1,"name":"Home","item":"https:\/\/reginett.ee\/ru\/"},{"@type":"ListItem","position":2,"name":"Tooted","item":"https:\/\/reginett.ee\/tooted\/"},{"@type":"ListItem","position":3,"name":"Metsat\u00f6\u00f6jakk Husqvarna Technical"}]},{"@type":"WebSite","@id":"https:\/\/reginett.ee\/#website","url":"https:\/\/reginett.ee\/","name":"Reginett","description":"Parimad robotniidukid","potentialAction":[{"@type":"SearchAction","target":{"@type":"EntryPoint","urlTemplate":"https:\/\/reginett.ee\/?s={search_term_string}"},"query-input":{"@type":"PropertyValueSpecification","valueRequired":true,"valueName":"search_term_string"}}],"inLanguage":"ru-RU"}]}},"brands":[],"_links":{"self":[{"href":"https:\/\/reginett.ee\/ru\/wp-json\/wp\/v2\/product\/51758","targetHints":{"allow":["GET"]}}],"collection":[{"href":"https:\/\/reginett.ee\/ru\/wp-json\/wp\/v2\/product"}],"about":[{"href":"https:\/\/reginett.ee\/ru\/wp-json\/wp\/v2\/types\/product"}],"replies":[{"embeddable":true,"href":"https:\/\/reginett.ee\/ru\/wp-json\/wp\/v2\/comments?post=51758"}],"wp:featuredmedia":[{"embeddable":true,"href":"https:\/\/reginett.ee\/ru\/wp-json\/wp\/v2\/media\/52821"}],"wp:attachment":[{"href":"https:\/\/reginett.ee\/ru\/wp-json\/wp\/v2\/media?parent=51758"}],"wp:term":[{"taxonomy":"pwb-brand","embeddable":true,"href":"https:\/\/reginett.ee\/ru\/wp-json\/wp\/v2\/pwb-brand?post=51758"},{"taxonomy":"product_brand","embeddable":true,"href":"https:\/\/reginett.ee\/ru\/wp-json\/wp\/v2\/product_brand?post=51758"},{"taxonomy":"product_cat","embeddable":true,"href":"https:\/\/reginett.ee\/ru\/wp-json\/wp\/v2\/product_cat?post=51758"},{"taxonomy":"product_tag","embeddable":true,"href":"https:\/\/reginett.ee\/ru\/wp-json\/wp\/v2\/product_tag?post=51758"}],"curies":[{"name":"wp","href":"https:\/\/api.w.org\/{rel}","templated":true}]}}