{"id":51755,"date":"2020-04-15T13:30:17","date_gmt":"2020-04-15T13:30:17","guid":{"rendered":"https:\/\/reginett.ee\/?post_type=product&#038;p=51755"},"modified":"2024-01-15T12:58:10","modified_gmt":"2024-01-15T09:58:10","slug":"kaitsepuksid-husqvarna-techical-traksidega","status":"publish","type":"product","link":"https:\/\/reginett.ee\/ru\/toode\/kaitsepuksid-husqvarna-techical-traksidega\/","title":{"rendered":"Kaitsep\u00fcksid Husqvarna Techical traksidega"},"content":{"rendered":"<p>Kaitsep\u00fcksid Husqvarna Technical on igap\u00e4eva t\u00f6\u00f6ks m\u00f5eldud mugavad traksidega p\u00fcksid. Valmistamisel kasutatud Aramiid ja Cordura\u00ae materjali. Kerge ning veniv kangas ning eelpainutatud p\u00f5lveosa annavad p\u00fckstele lisamugavust. Hea \u00f5hutuse annavad s\u00e4\u00e4re tagaosas asetsevad \u00f5hutuslukud ning v\u00f5rguga vooderdatud taskud.<\/p>\n<h3>Tugevdatud s\u00e4\u00e4re alaosa<\/h3>\n<p>Tugevdatud s\u00e4\u00e4re alaosa vastupidavuse tagamiseks<\/p>\n<h3>Eel-painutatud p\u00f5lveosa<\/h3>\n<p>Eel-painutatud p\u00f5lveosa tagad mugava liikuvuse.<\/p>\n<h3>\u00d5hutuslukud reie tagaosas<\/h3>\n<p>\u00d5hutuslukud reie tagaosas tagavad kasutajale optimaalse kehatemperatuuri ja mugavama t\u00f6\u00f6.<\/p>\n<h3>Tasku vasakul jalal<\/h3>\n<p>Mugavalt ligip\u00e4\u00e4setav tasku vasakul jalal.<\/p>\n<h3>Aramide m\u00e9lange<\/h3>\n<p>Komposiitmaterjal, kus on \u00fchendatud h\u00f5\u00f5rdumiskindlad Kevlar\u00ae kiud ja kulumiskindlad Cordura\u00ae kiud, mis muudavad selle materjali v\u00e4ga tugevaks ja sobilikuks kasutamiseks enim koormust saavates kohtades. 240 g\/m2. 45 % Cordura\u00ae \/ 30 % Pol\u00fcamiid \/ 25 % Kevlar\u00ae.<\/p>\n<p>&nbsp;<\/p>\n","protected":false},"excerpt":{"rendered":"<p>Kaitsep\u00fcksid Husqvarna Technical on igap\u00e4eva t\u00f6\u00f6ks m\u00f5eldud mugavad traksidega p\u00fcksid. Valmistamisel kasutatud Aramiid ja Cordura\u00ae materjali. Kerge ning veniv kangas ning eelpainutatud p\u00f5lveosa annavad p\u00fckstele lisamugavust. Hea \u00f5hutuse annavad s\u00e4\u00e4re tagaosas asetsevad \u00f5hutuslukud ning v\u00f5rguga vooderdatud taskud.<\/p>\n","protected":false},"featured_media":52822,"comment_status":"open","ping_status":"closed","template":"","meta":{"_acf_changed":false,"_et_pb_use_builder":"","_et_pb_old_content":"","_et_gb_content_width":"","inline_featured_image":false},"pwb-brand":[],"product_brand":[],"product_cat":[37,32],"product_tag":[131,124],"class_list":{"0":"post-51755","1":"product","2":"type-product","3":"status-publish","4":"has-post-thumbnail","6":"product_cat-husqvarna","7":"product_cat-riided-ja-kaitsevahendid","8":"product_tag-kaitseriided","9":"product_tag-kaitsevarustus","11":"first","12":"instock","13":"shipping-taxable","14":"purchasable","15":"product-type-simple"},"acf":[],"yoast_head":"<!-- This site is optimized with the Yoast SEO plugin v26.6 - https:\/\/yoast.com\/wordpress\/plugins\/seo\/ -->\n<title>Kaitsep\u00fcksid Husqvarna Techical traksidega - Reginett<\/title>\n<meta name=\"robots\" content=\"index, follow, max-snippet:-1, max-image-preview:large, max-video-preview:-1\" \/>\n<link rel=\"canonical\" href=\"https:\/\/reginett.ee\/toode\/kaitsepuksid-husqvarna-techical-traksidega\/\" \/>\n<meta property=\"og:locale\" content=\"ru_RU\" \/>\n<meta property=\"og:type\" content=\"article\" \/>\n<meta property=\"og:title\" content=\"Kaitsep\u00fcksid Husqvarna Techical traksidega - Reginett\" \/>\n<meta property=\"og:description\" content=\"Kaitsep\u00fcksid Husqvarna Technical on igap\u00e4eva t\u00f6\u00f6ks m\u00f5eldud mugavad traksidega p\u00fcksid. Valmistamisel kasutatud Aramiid ja Cordura\u00ae materjali. Kerge ning veniv kangas ning eelpainutatud p\u00f5lveosa annavad p\u00fckstele lisamugavust. Hea \u00f5hutuse annavad s\u00e4\u00e4re tagaosas asetsevad \u00f5hutuslukud ning v\u00f5rguga vooderdatud taskud.\" \/>\n<meta property=\"og:url\" content=\"https:\/\/reginett.ee\/toode\/kaitsepuksid-husqvarna-techical-traksidega\/\" \/>\n<meta property=\"og:site_name\" content=\"Reginett\" \/>\n<meta property=\"article:modified_time\" content=\"2024-01-15T09:58:10+00:00\" \/>\n<meta property=\"og:image\" content=\"https:\/\/reginett.ee\/wp-content\/uploads\/2020\/04\/Kaitsepuksid-Technical1.jpg\" \/>\n\t<meta property=\"og:image:width\" content=\"680\" \/>\n\t<meta property=\"og:image:height\" content=\"372\" \/>\n\t<meta property=\"og:image:type\" content=\"image\/jpeg\" \/>\n<meta name=\"twitter:card\" content=\"summary_large_image\" \/>\n<meta name=\"twitter:label1\" content=\"\u041f\u0440\u0438\u043c\u0435\u0440\u043d\u043e\u0435 \u0432\u0440\u0435\u043c\u044f \u0434\u043b\u044f \u0447\u0442\u0435\u043d\u0438\u044f\" \/>\n\t<meta name=\"twitter:data1\" content=\"1 \u043c\u0438\u043d\u0443\u0442\u0430\" \/>\n<script type=\"application\/ld+json\" class=\"yoast-schema-graph\">{\"@context\":\"https:\/\/schema.org\",\"@graph\":[{\"@type\":\"WebPage\",\"@id\":\"https:\/\/reginett.ee\/toode\/kaitsepuksid-husqvarna-techical-traksidega\/\",\"url\":\"https:\/\/reginett.ee\/toode\/kaitsepuksid-husqvarna-techical-traksidega\/\",\"name\":\"Kaitsep\u00fcksid Husqvarna Techical traksidega - Reginett\",\"isPartOf\":{\"@id\":\"https:\/\/reginett.ee\/#website\"},\"primaryImageOfPage\":{\"@id\":\"https:\/\/reginett.ee\/toode\/kaitsepuksid-husqvarna-techical-traksidega\/#primaryimage\"},\"image\":{\"@id\":\"https:\/\/reginett.ee\/toode\/kaitsepuksid-husqvarna-techical-traksidega\/#primaryimage\"},\"thumbnailUrl\":\"https:\/\/reginett.ee\/wp-content\/uploads\/2020\/04\/Kaitsepuksid-Technical1.jpg\",\"datePublished\":\"2020-04-15T13:30:17+00:00\",\"dateModified\":\"2024-01-15T09:58:10+00:00\",\"breadcrumb\":{\"@id\":\"https:\/\/reginett.ee\/toode\/kaitsepuksid-husqvarna-techical-traksidega\/#breadcrumb\"},\"inLanguage\":\"ru-RU\",\"potentialAction\":[{\"@type\":\"ReadAction\",\"target\":[\"https:\/\/reginett.ee\/toode\/kaitsepuksid-husqvarna-techical-traksidega\/\"]}]},{\"@type\":\"ImageObject\",\"inLanguage\":\"ru-RU\",\"@id\":\"https:\/\/reginett.ee\/toode\/kaitsepuksid-husqvarna-techical-traksidega\/#primaryimage\",\"url\":\"https:\/\/reginett.ee\/wp-content\/uploads\/2020\/04\/Kaitsepuksid-Technical1.jpg\",\"contentUrl\":\"https:\/\/reginett.ee\/wp-content\/uploads\/2020\/04\/Kaitsepuksid-Technical1.jpg\",\"width\":680,\"height\":372,\"caption\":\"Kaitsep\u00fcksid Technical\"},{\"@type\":\"BreadcrumbList\",\"@id\":\"https:\/\/reginett.ee\/toode\/kaitsepuksid-husqvarna-techical-traksidega\/#breadcrumb\",\"itemListElement\":[{\"@type\":\"ListItem\",\"position\":1,\"name\":\"Home\",\"item\":\"https:\/\/reginett.ee\/ru\/\"},{\"@type\":\"ListItem\",\"position\":2,\"name\":\"Tooted\",\"item\":\"https:\/\/reginett.ee\/tooted\/\"},{\"@type\":\"ListItem\",\"position\":3,\"name\":\"Kaitsep\u00fcksid Husqvarna Techical traksidega\"}]},{\"@type\":\"WebSite\",\"@id\":\"https:\/\/reginett.ee\/#website\",\"url\":\"https:\/\/reginett.ee\/\",\"name\":\"Reginett\",\"description\":\"Parimad robotniidukid\",\"potentialAction\":[{\"@type\":\"SearchAction\",\"target\":{\"@type\":\"EntryPoint\",\"urlTemplate\":\"https:\/\/reginett.ee\/?s={search_term_string}\"},\"query-input\":{\"@type\":\"PropertyValueSpecification\",\"valueRequired\":true,\"valueName\":\"search_term_string\"}}],\"inLanguage\":\"ru-RU\"}]}<\/script>\n<!-- \/ Yoast SEO plugin. -->","yoast_head_json":{"title":"Kaitsep\u00fcksid Husqvarna Techical traksidega - Reginett","robots":{"index":"index","follow":"follow","max-snippet":"max-snippet:-1","max-image-preview":"max-image-preview:large","max-video-preview":"max-video-preview:-1"},"canonical":"https:\/\/reginett.ee\/toode\/kaitsepuksid-husqvarna-techical-traksidega\/","og_locale":"ru_RU","og_type":"article","og_title":"Kaitsep\u00fcksid Husqvarna Techical traksidega - Reginett","og_description":"Kaitsep\u00fcksid Husqvarna Technical on igap\u00e4eva t\u00f6\u00f6ks m\u00f5eldud mugavad traksidega p\u00fcksid. Valmistamisel kasutatud Aramiid ja Cordura\u00ae materjali. Kerge ning veniv kangas ning eelpainutatud p\u00f5lveosa annavad p\u00fckstele lisamugavust. Hea \u00f5hutuse annavad s\u00e4\u00e4re tagaosas asetsevad \u00f5hutuslukud ning v\u00f5rguga vooderdatud taskud.","og_url":"https:\/\/reginett.ee\/toode\/kaitsepuksid-husqvarna-techical-traksidega\/","og_site_name":"Reginett","article_modified_time":"2024-01-15T09:58:10+00:00","og_image":[{"width":680,"height":372,"url":"https:\/\/reginett.ee\/wp-content\/uploads\/2020\/04\/Kaitsepuksid-Technical1.jpg","type":"image\/jpeg"}],"twitter_card":"summary_large_image","twitter_misc":{"\u041f\u0440\u0438\u043c\u0435\u0440\u043d\u043e\u0435 \u0432\u0440\u0435\u043c\u044f \u0434\u043b\u044f \u0447\u0442\u0435\u043d\u0438\u044f":"1 \u043c\u0438\u043d\u0443\u0442\u0430"},"schema":{"@context":"https:\/\/schema.org","@graph":[{"@type":"WebPage","@id":"https:\/\/reginett.ee\/toode\/kaitsepuksid-husqvarna-techical-traksidega\/","url":"https:\/\/reginett.ee\/toode\/kaitsepuksid-husqvarna-techical-traksidega\/","name":"Kaitsep\u00fcksid Husqvarna Techical traksidega - Reginett","isPartOf":{"@id":"https:\/\/reginett.ee\/#website"},"primaryImageOfPage":{"@id":"https:\/\/reginett.ee\/toode\/kaitsepuksid-husqvarna-techical-traksidega\/#primaryimage"},"image":{"@id":"https:\/\/reginett.ee\/toode\/kaitsepuksid-husqvarna-techical-traksidega\/#primaryimage"},"thumbnailUrl":"https:\/\/reginett.ee\/wp-content\/uploads\/2020\/04\/Kaitsepuksid-Technical1.jpg","datePublished":"2020-04-15T13:30:17+00:00","dateModified":"2024-01-15T09:58:10+00:00","breadcrumb":{"@id":"https:\/\/reginett.ee\/toode\/kaitsepuksid-husqvarna-techical-traksidega\/#breadcrumb"},"inLanguage":"ru-RU","potentialAction":[{"@type":"ReadAction","target":["https:\/\/reginett.ee\/toode\/kaitsepuksid-husqvarna-techical-traksidega\/"]}]},{"@type":"ImageObject","inLanguage":"ru-RU","@id":"https:\/\/reginett.ee\/toode\/kaitsepuksid-husqvarna-techical-traksidega\/#primaryimage","url":"https:\/\/reginett.ee\/wp-content\/uploads\/2020\/04\/Kaitsepuksid-Technical1.jpg","contentUrl":"https:\/\/reginett.ee\/wp-content\/uploads\/2020\/04\/Kaitsepuksid-Technical1.jpg","width":680,"height":372,"caption":"Kaitsep\u00fcksid Technical"},{"@type":"BreadcrumbList","@id":"https:\/\/reginett.ee\/toode\/kaitsepuksid-husqvarna-techical-traksidega\/#breadcrumb","itemListElement":[{"@type":"ListItem","position":1,"name":"Home","item":"https:\/\/reginett.ee\/ru\/"},{"@type":"ListItem","position":2,"name":"Tooted","item":"https:\/\/reginett.ee\/tooted\/"},{"@type":"ListItem","position":3,"name":"Kaitsep\u00fcksid Husqvarna Techical traksidega"}]},{"@type":"WebSite","@id":"https:\/\/reginett.ee\/#website","url":"https:\/\/reginett.ee\/","name":"Reginett","description":"Parimad robotniidukid","potentialAction":[{"@type":"SearchAction","target":{"@type":"EntryPoint","urlTemplate":"https:\/\/reginett.ee\/?s={search_term_string}"},"query-input":{"@type":"PropertyValueSpecification","valueRequired":true,"valueName":"search_term_string"}}],"inLanguage":"ru-RU"}]}},"brands":[],"_links":{"self":[{"href":"https:\/\/reginett.ee\/ru\/wp-json\/wp\/v2\/product\/51755","targetHints":{"allow":["GET"]}}],"collection":[{"href":"https:\/\/reginett.ee\/ru\/wp-json\/wp\/v2\/product"}],"about":[{"href":"https:\/\/reginett.ee\/ru\/wp-json\/wp\/v2\/types\/product"}],"replies":[{"embeddable":true,"href":"https:\/\/reginett.ee\/ru\/wp-json\/wp\/v2\/comments?post=51755"}],"wp:featuredmedia":[{"embeddable":true,"href":"https:\/\/reginett.ee\/ru\/wp-json\/wp\/v2\/media\/52822"}],"wp:attachment":[{"href":"https:\/\/reginett.ee\/ru\/wp-json\/wp\/v2\/media?parent=51755"}],"wp:term":[{"taxonomy":"pwb-brand","embeddable":true,"href":"https:\/\/reginett.ee\/ru\/wp-json\/wp\/v2\/pwb-brand?post=51755"},{"taxonomy":"product_brand","embeddable":true,"href":"https:\/\/reginett.ee\/ru\/wp-json\/wp\/v2\/product_brand?post=51755"},{"taxonomy":"product_cat","embeddable":true,"href":"https:\/\/reginett.ee\/ru\/wp-json\/wp\/v2\/product_cat?post=51755"},{"taxonomy":"product_tag","embeddable":true,"href":"https:\/\/reginett.ee\/ru\/wp-json\/wp\/v2\/product_tag?post=51755"}],"curies":[{"name":"wp","href":"https:\/\/api.w.org\/{rel}","templated":true}]}}