{"id":51753,"date":"2020-04-15T13:11:36","date_gmt":"2020-04-15T13:11:36","guid":{"rendered":"https:\/\/reginett.ee\/?post_type=product&#038;p=51753"},"modified":"2024-01-15T12:57:53","modified_gmt":"2024-01-15T09:57:53","slug":"kaitsepuksid-husqvarna-technical","status":"publish","type":"product","link":"https:\/\/reginett.ee\/ru\/toode\/kaitsepuksid-husqvarna-technical\/","title":{"rendered":"Kaitsep\u00fcksid Husqvarna Technical"},"content":{"rendered":"<p>Husqvarna Technical on igap\u00e4eva t\u00f6\u00f6ks m\u00f5eldud mugavad v\u00e4rvliga p\u00fcksid. Valmistamisel kasutatud Aramiid ja Cordura\u00ae materjali. Kerge ning veniv kangas ning eelpainutatud p\u00f5lveosa annavad p\u00fckstele lisamugavust. Hea \u00f5hutuse annavad s\u00e4\u00e4re tagaosas asetsevad \u00f5hutuslukud ning v\u00f5rguga vooderdatud taskud. Sellel mudelil on saadaval ka 7 cm pikema s\u00e4\u00e4re sisepikkusega p\u00fcksid.<\/p>\n<h3>Tugevdatud p\u00f5lveosa<\/h3>\n<p>Tugevdatud p\u00f5lveosa vastupidavuse pikendamiseks<\/p>\n<h3>Tugevdatud pahkluuosa<\/h3>\n<p>Tugevdatud pahkluuosa pikendab p\u00fckste kasutusiga<\/p>\n<h3>Eel-painutatud p\u00f5lveosa<\/h3>\n<p>Eel-painutatud p\u00f5lveosa tagad mugava liikuvuse.<\/p>\n<h3>\u00d5hutuslukud reie tagaosas<\/h3>\n<p>\u00d5hutuslukud reie tagaosas tagavad kasutajale optimaalse kehatemperatuuri ja mugavama t\u00f6\u00f6.<\/p>\n<h3>Tasku vasakul jalal<\/h3>\n<p>Mugavalt ligip\u00e4\u00e4setav tasku vasakul jalal.<\/p>\n<p>&nbsp;<\/p>\n","protected":false},"excerpt":{"rendered":"<p>Husqvarna Technical on igap\u00e4eva t\u00f6\u00f6ks m\u00f5eldud mugavad v\u00e4rvliga p\u00fcksid. Valmistamisel kasutatud Aramiid ja Cordura\u00ae materjali. Kerge ning veniv kangas ning eelpainutatud p\u00f5lveosa annavad p\u00fckstele lisamugavust. Hea \u00f5hutuse annavad s\u00e4\u00e4re tagaosas asetsevad \u00f5hutuslukud ning v\u00f5rguga vooderdatud taskud. Sellel mudelil on saadaval ka 7 cm pikema s\u00e4\u00e4re sisepikkusega p\u00fcksid. Tugevdatud p\u00f5lveosa Tugevdatud p\u00f5lveosa vastupidavuse pikendamiseks Tugevdatud pahkluuosa [&hellip;]<\/p>\n","protected":false},"featured_media":53191,"comment_status":"open","ping_status":"closed","template":"","meta":{"_acf_changed":false,"_et_pb_use_builder":"","_et_pb_old_content":"","_et_gb_content_width":"","inline_featured_image":false},"pwb-brand":[147],"product_brand":[],"product_cat":[37,32],"product_tag":[131,124],"class_list":{"0":"post-51753","1":"product","2":"type-product","3":"status-publish","4":"has-post-thumbnail","6":"pwb-brand-husqvarna","7":"product_cat-husqvarna","8":"product_cat-riided-ja-kaitsevahendid","9":"product_tag-kaitseriided","10":"product_tag-kaitsevarustus","12":"first","13":"instock","14":"shipping-taxable","15":"purchasable","16":"product-type-simple"},"acf":[],"yoast_head":"<!-- This site is optimized with the Yoast SEO plugin v26.6 - https:\/\/yoast.com\/wordpress\/plugins\/seo\/ -->\n<title>Kaitsep\u00fcksid Husqvarna Technical - Reginett<\/title>\n<meta name=\"robots\" content=\"index, follow, max-snippet:-1, max-image-preview:large, max-video-preview:-1\" \/>\n<link rel=\"canonical\" href=\"https:\/\/reginett.ee\/toode\/kaitsepuksid-husqvarna-technical\/\" \/>\n<meta property=\"og:locale\" content=\"ru_RU\" \/>\n<meta property=\"og:type\" content=\"article\" \/>\n<meta property=\"og:title\" content=\"Kaitsep\u00fcksid Husqvarna Technical - Reginett\" \/>\n<meta property=\"og:description\" content=\"Husqvarna Technical on igap\u00e4eva t\u00f6\u00f6ks m\u00f5eldud mugavad v\u00e4rvliga p\u00fcksid. Valmistamisel kasutatud Aramiid ja Cordura\u00ae materjali. Kerge ning veniv kangas ning eelpainutatud p\u00f5lveosa annavad p\u00fckstele lisamugavust. Hea \u00f5hutuse annavad s\u00e4\u00e4re tagaosas asetsevad \u00f5hutuslukud ning v\u00f5rguga vooderdatud taskud. Sellel mudelil on saadaval ka 7 cm pikema s\u00e4\u00e4re sisepikkusega p\u00fcksid. Tugevdatud p\u00f5lveosa Tugevdatud p\u00f5lveosa vastupidavuse pikendamiseks Tugevdatud pahkluuosa [&hellip;]\" \/>\n<meta property=\"og:url\" content=\"https:\/\/reginett.ee\/toode\/kaitsepuksid-husqvarna-technical\/\" \/>\n<meta property=\"og:site_name\" content=\"Reginett\" \/>\n<meta property=\"article:modified_time\" content=\"2024-01-15T09:57:53+00:00\" \/>\n<meta property=\"og:image\" content=\"https:\/\/reginett.ee\/wp-content\/uploads\/2020\/04\/Husqvarna-Technical-kaitsepuksid-Reginett.jpg\" \/>\n\t<meta property=\"og:image:width\" content=\"680\" \/>\n\t<meta property=\"og:image:height\" content=\"372\" \/>\n\t<meta property=\"og:image:type\" content=\"image\/jpeg\" \/>\n<meta name=\"twitter:card\" content=\"summary_large_image\" \/>\n<meta name=\"twitter:label1\" content=\"\u041f\u0440\u0438\u043c\u0435\u0440\u043d\u043e\u0435 \u0432\u0440\u0435\u043c\u044f \u0434\u043b\u044f \u0447\u0442\u0435\u043d\u0438\u044f\" \/>\n\t<meta name=\"twitter:data1\" content=\"1 \u043c\u0438\u043d\u0443\u0442\u0430\" \/>\n<script type=\"application\/ld+json\" class=\"yoast-schema-graph\">{\"@context\":\"https:\/\/schema.org\",\"@graph\":[{\"@type\":\"WebPage\",\"@id\":\"https:\/\/reginett.ee\/toode\/kaitsepuksid-husqvarna-technical\/\",\"url\":\"https:\/\/reginett.ee\/toode\/kaitsepuksid-husqvarna-technical\/\",\"name\":\"Kaitsep\u00fcksid Husqvarna Technical - Reginett\",\"isPartOf\":{\"@id\":\"https:\/\/reginett.ee\/#website\"},\"primaryImageOfPage\":{\"@id\":\"https:\/\/reginett.ee\/toode\/kaitsepuksid-husqvarna-technical\/#primaryimage\"},\"image\":{\"@id\":\"https:\/\/reginett.ee\/toode\/kaitsepuksid-husqvarna-technical\/#primaryimage\"},\"thumbnailUrl\":\"https:\/\/reginett.ee\/wp-content\/uploads\/2020\/04\/Husqvarna-Technical-kaitsepuksid-Reginett.jpg\",\"datePublished\":\"2020-04-15T13:11:36+00:00\",\"dateModified\":\"2024-01-15T09:57:53+00:00\",\"breadcrumb\":{\"@id\":\"https:\/\/reginett.ee\/toode\/kaitsepuksid-husqvarna-technical\/#breadcrumb\"},\"inLanguage\":\"ru-RU\",\"potentialAction\":[{\"@type\":\"ReadAction\",\"target\":[\"https:\/\/reginett.ee\/toode\/kaitsepuksid-husqvarna-technical\/\"]}]},{\"@type\":\"ImageObject\",\"inLanguage\":\"ru-RU\",\"@id\":\"https:\/\/reginett.ee\/toode\/kaitsepuksid-husqvarna-technical\/#primaryimage\",\"url\":\"https:\/\/reginett.ee\/wp-content\/uploads\/2020\/04\/Husqvarna-Technical-kaitsepuksid-Reginett.jpg\",\"contentUrl\":\"https:\/\/reginett.ee\/wp-content\/uploads\/2020\/04\/Husqvarna-Technical-kaitsepuksid-Reginett.jpg\",\"width\":680,\"height\":372,\"caption\":\"Kaitsep\u00fcksid Husqvarna Technical\"},{\"@type\":\"BreadcrumbList\",\"@id\":\"https:\/\/reginett.ee\/toode\/kaitsepuksid-husqvarna-technical\/#breadcrumb\",\"itemListElement\":[{\"@type\":\"ListItem\",\"position\":1,\"name\":\"Home\",\"item\":\"https:\/\/reginett.ee\/ru\/\"},{\"@type\":\"ListItem\",\"position\":2,\"name\":\"Tooted\",\"item\":\"https:\/\/reginett.ee\/tooted\/\"},{\"@type\":\"ListItem\",\"position\":3,\"name\":\"Kaitsep\u00fcksid Husqvarna Technical\"}]},{\"@type\":\"WebSite\",\"@id\":\"https:\/\/reginett.ee\/#website\",\"url\":\"https:\/\/reginett.ee\/\",\"name\":\"Reginett\",\"description\":\"Parimad robotniidukid\",\"potentialAction\":[{\"@type\":\"SearchAction\",\"target\":{\"@type\":\"EntryPoint\",\"urlTemplate\":\"https:\/\/reginett.ee\/?s={search_term_string}\"},\"query-input\":{\"@type\":\"PropertyValueSpecification\",\"valueRequired\":true,\"valueName\":\"search_term_string\"}}],\"inLanguage\":\"ru-RU\"}]}<\/script>\n<!-- \/ Yoast SEO plugin. -->","yoast_head_json":{"title":"Kaitsep\u00fcksid Husqvarna Technical - Reginett","robots":{"index":"index","follow":"follow","max-snippet":"max-snippet:-1","max-image-preview":"max-image-preview:large","max-video-preview":"max-video-preview:-1"},"canonical":"https:\/\/reginett.ee\/toode\/kaitsepuksid-husqvarna-technical\/","og_locale":"ru_RU","og_type":"article","og_title":"Kaitsep\u00fcksid Husqvarna Technical - Reginett","og_description":"Husqvarna Technical on igap\u00e4eva t\u00f6\u00f6ks m\u00f5eldud mugavad v\u00e4rvliga p\u00fcksid. Valmistamisel kasutatud Aramiid ja Cordura\u00ae materjali. Kerge ning veniv kangas ning eelpainutatud p\u00f5lveosa annavad p\u00fckstele lisamugavust. Hea \u00f5hutuse annavad s\u00e4\u00e4re tagaosas asetsevad \u00f5hutuslukud ning v\u00f5rguga vooderdatud taskud. Sellel mudelil on saadaval ka 7 cm pikema s\u00e4\u00e4re sisepikkusega p\u00fcksid. Tugevdatud p\u00f5lveosa Tugevdatud p\u00f5lveosa vastupidavuse pikendamiseks Tugevdatud pahkluuosa [&hellip;]","og_url":"https:\/\/reginett.ee\/toode\/kaitsepuksid-husqvarna-technical\/","og_site_name":"Reginett","article_modified_time":"2024-01-15T09:57:53+00:00","og_image":[{"width":680,"height":372,"url":"https:\/\/reginett.ee\/wp-content\/uploads\/2020\/04\/Husqvarna-Technical-kaitsepuksid-Reginett.jpg","type":"image\/jpeg"}],"twitter_card":"summary_large_image","twitter_misc":{"\u041f\u0440\u0438\u043c\u0435\u0440\u043d\u043e\u0435 \u0432\u0440\u0435\u043c\u044f \u0434\u043b\u044f \u0447\u0442\u0435\u043d\u0438\u044f":"1 \u043c\u0438\u043d\u0443\u0442\u0430"},"schema":{"@context":"https:\/\/schema.org","@graph":[{"@type":"WebPage","@id":"https:\/\/reginett.ee\/toode\/kaitsepuksid-husqvarna-technical\/","url":"https:\/\/reginett.ee\/toode\/kaitsepuksid-husqvarna-technical\/","name":"Kaitsep\u00fcksid Husqvarna Technical - Reginett","isPartOf":{"@id":"https:\/\/reginett.ee\/#website"},"primaryImageOfPage":{"@id":"https:\/\/reginett.ee\/toode\/kaitsepuksid-husqvarna-technical\/#primaryimage"},"image":{"@id":"https:\/\/reginett.ee\/toode\/kaitsepuksid-husqvarna-technical\/#primaryimage"},"thumbnailUrl":"https:\/\/reginett.ee\/wp-content\/uploads\/2020\/04\/Husqvarna-Technical-kaitsepuksid-Reginett.jpg","datePublished":"2020-04-15T13:11:36+00:00","dateModified":"2024-01-15T09:57:53+00:00","breadcrumb":{"@id":"https:\/\/reginett.ee\/toode\/kaitsepuksid-husqvarna-technical\/#breadcrumb"},"inLanguage":"ru-RU","potentialAction":[{"@type":"ReadAction","target":["https:\/\/reginett.ee\/toode\/kaitsepuksid-husqvarna-technical\/"]}]},{"@type":"ImageObject","inLanguage":"ru-RU","@id":"https:\/\/reginett.ee\/toode\/kaitsepuksid-husqvarna-technical\/#primaryimage","url":"https:\/\/reginett.ee\/wp-content\/uploads\/2020\/04\/Husqvarna-Technical-kaitsepuksid-Reginett.jpg","contentUrl":"https:\/\/reginett.ee\/wp-content\/uploads\/2020\/04\/Husqvarna-Technical-kaitsepuksid-Reginett.jpg","width":680,"height":372,"caption":"Kaitsep\u00fcksid Husqvarna Technical"},{"@type":"BreadcrumbList","@id":"https:\/\/reginett.ee\/toode\/kaitsepuksid-husqvarna-technical\/#breadcrumb","itemListElement":[{"@type":"ListItem","position":1,"name":"Home","item":"https:\/\/reginett.ee\/ru\/"},{"@type":"ListItem","position":2,"name":"Tooted","item":"https:\/\/reginett.ee\/tooted\/"},{"@type":"ListItem","position":3,"name":"Kaitsep\u00fcksid Husqvarna Technical"}]},{"@type":"WebSite","@id":"https:\/\/reginett.ee\/#website","url":"https:\/\/reginett.ee\/","name":"Reginett","description":"Parimad robotniidukid","potentialAction":[{"@type":"SearchAction","target":{"@type":"EntryPoint","urlTemplate":"https:\/\/reginett.ee\/?s={search_term_string}"},"query-input":{"@type":"PropertyValueSpecification","valueRequired":true,"valueName":"search_term_string"}}],"inLanguage":"ru-RU"}]}},"brands":[{"id":147,"name":"Husqvarna","slug":"husqvarna"}],"_links":{"self":[{"href":"https:\/\/reginett.ee\/ru\/wp-json\/wp\/v2\/product\/51753","targetHints":{"allow":["GET"]}}],"collection":[{"href":"https:\/\/reginett.ee\/ru\/wp-json\/wp\/v2\/product"}],"about":[{"href":"https:\/\/reginett.ee\/ru\/wp-json\/wp\/v2\/types\/product"}],"replies":[{"embeddable":true,"href":"https:\/\/reginett.ee\/ru\/wp-json\/wp\/v2\/comments?post=51753"}],"wp:featuredmedia":[{"embeddable":true,"href":"https:\/\/reginett.ee\/ru\/wp-json\/wp\/v2\/media\/53191"}],"wp:attachment":[{"href":"https:\/\/reginett.ee\/ru\/wp-json\/wp\/v2\/media?parent=51753"}],"wp:term":[{"taxonomy":"pwb-brand","embeddable":true,"href":"https:\/\/reginett.ee\/ru\/wp-json\/wp\/v2\/pwb-brand?post=51753"},{"taxonomy":"product_brand","embeddable":true,"href":"https:\/\/reginett.ee\/ru\/wp-json\/wp\/v2\/product_brand?post=51753"},{"taxonomy":"product_cat","embeddable":true,"href":"https:\/\/reginett.ee\/ru\/wp-json\/wp\/v2\/product_cat?post=51753"},{"taxonomy":"product_tag","embeddable":true,"href":"https:\/\/reginett.ee\/ru\/wp-json\/wp\/v2\/product_tag?post=51753"}],"curies":[{"name":"wp","href":"https:\/\/api.w.org\/{rel}","templated":true}]}}