{"id":51738,"date":"2020-04-12T11:20:40","date_gmt":"2020-04-12T08:20:40","guid":{"rendered":"https:\/\/reginett.ee\/?post_type=product&#038;p=51738"},"modified":"2024-01-15T12:35:05","modified_gmt":"2024-01-15T09:35:05","slug":"metsatoojakk-husqvarna-technical-extreme","status":"publish","type":"product","link":"https:\/\/reginett.ee\/ru\/toode\/metsatoojakk-husqvarna-technical-extreme\/","title":{"rendered":"Metsat\u00f6\u00f6jakk Husqvarna Technical Extreme"},"content":{"rendered":"<p>Husqvarna Technical Extreme on t\u00f6\u00f6jakk, mis on m\u00f5eldud kasutamiseks pikkadel t\u00f6\u00f6p\u00e4evadel ja k\u00f5ige n\u00f5udlikumates tingimustes. Kergus, hingav materjal ja eelpainutatud k\u00fc\u00fcnarnukiosad tagavad suurep\u00e4rase liikumisvabaduse ning \u00f5hutusavad seljaosal teevad t\u00f6\u00f6tamise mugavaks. Parima n\u00e4htavuse tagab k\u00f5rgn\u00e4htavusega kangas ning helkurribad.<\/p>\n<h3>Lukuga tasku vasakul varrukal<\/h3>\n<p>Mugavalt ligip\u00e4\u00e4setav lukuga tasku vasakul varrukal.<\/p>\n<h3>Mobiiltelefoni tasku<\/h3>\n<p>Tasku mobiiltelefonile.<\/p>\n<h3>\u00d5hutusavad selja alaosas<\/h3>\n<p>\u00d5hutusavad selja alaosas.<\/p>\n<h3>\u00d5hutuslukud kaenla all<\/h3>\n<p>\u00d5hutuslukud kaenla all. Reguleeritav \u00f5hutus vastavalt ilmastikuoludele mugavama t\u00f6\u00f6tamise tagamiseks.<\/p>\n<h3>Tasku esmaabikomplektile<\/h3>\n<p>Tasku esmaabikomplektile<\/p>\n<h3>Cordura\u00ae reflex<\/h3>\n<p>Kangas, mis peab vastu kulumisele ka k\u00f5ige raskemates kohtades. Helkiv kiud kangas tagab suurep\u00e4rase n\u00e4htavuse ka pimedas ja h\u00e4marates tingimustes. 335 g\/m2. 100 % Polyamide<\/p>\n<h3>Reguleeritavad varrukaotsad<\/h3>\n<p>Kasutajale sobivaks reguleeritavad varrukaotsad<\/p>\n<p>&nbsp;<\/p>\n","protected":false},"excerpt":{"rendered":"<p>Husqvarna Technical Extreme on t\u00f6\u00f6jakk, mis on m\u00f5eldud kasutamiseks pikkadel t\u00f6\u00f6p\u00e4evadel ja k\u00f5ige n\u00f5udlikumates tingimustes. Kergus, hingav materjal ja eelpainutatud k\u00fc\u00fcnarnukiosad tagavad suurep\u00e4rase liikumisvabaduse ning \u00f5hutusavad seljaosal teevad t\u00f6\u00f6tamise mugavaks. Parima n\u00e4htavuse tagab k\u00f5rgn\u00e4htavusega kangas ning helkurribad.<\/p>\n","protected":false},"featured_media":52823,"comment_status":"open","ping_status":"closed","template":"","meta":{"_acf_changed":false,"_et_pb_use_builder":"","_et_pb_old_content":"","_et_gb_content_width":"","inline_featured_image":false},"pwb-brand":[147],"product_brand":[],"product_cat":[37,32],"product_tag":[131,124,133],"class_list":{"0":"post-51738","1":"product","2":"type-product","3":"status-publish","4":"has-post-thumbnail","6":"pwb-brand-husqvarna","7":"product_cat-husqvarna","8":"product_cat-riided-ja-kaitsevahendid","9":"product_tag-kaitseriided","10":"product_tag-kaitsevarustus","11":"product_tag-toojakk","13":"first","14":"instock","15":"shipping-taxable","16":"purchasable","17":"product-type-simple"},"acf":[],"yoast_head":"<!-- This site is optimized with the Yoast SEO plugin v26.6 - https:\/\/yoast.com\/wordpress\/plugins\/seo\/ -->\n<title>Metsat\u00f6\u00f6jakk Husqvarna Technical Extreme. Kaitsevarustus<\/title>\n<meta name=\"description\" content=\"Husqvarna Technical Extreme on t\u00f6\u00f6jakk, mis on m\u00f5eldud kasutamiseks pikkadel t\u00f6\u00f6p\u00e4evadel ja k\u00f5ige n\u00f5udlikumates tingimustes.\" \/>\n<meta name=\"robots\" content=\"index, follow, max-snippet:-1, max-image-preview:large, max-video-preview:-1\" \/>\n<link rel=\"canonical\" href=\"https:\/\/reginett.ee\/toode\/metsatoojakk-husqvarna-technical-extreme\/\" \/>\n<meta property=\"og:locale\" content=\"ru_RU\" \/>\n<meta property=\"og:type\" content=\"article\" \/>\n<meta property=\"og:title\" content=\"Metsat\u00f6\u00f6jakk Husqvarna Technical Extreme. Kaitsevarustus\" \/>\n<meta property=\"og:description\" content=\"Husqvarna Technical Extreme on t\u00f6\u00f6jakk, mis on m\u00f5eldud kasutamiseks pikkadel t\u00f6\u00f6p\u00e4evadel ja k\u00f5ige n\u00f5udlikumates tingimustes.\" \/>\n<meta property=\"og:url\" content=\"https:\/\/reginett.ee\/toode\/metsatoojakk-husqvarna-technical-extreme\/\" \/>\n<meta property=\"og:site_name\" content=\"Reginett\" \/>\n<meta property=\"article:modified_time\" content=\"2024-01-15T09:35:05+00:00\" \/>\n<meta property=\"og:image\" content=\"https:\/\/reginett.ee\/wp-content\/uploads\/2020\/04\/Metsatoojakk-Technical-Extreme.jpg\" \/>\n\t<meta property=\"og:image:width\" content=\"680\" \/>\n\t<meta property=\"og:image:height\" content=\"372\" \/>\n\t<meta property=\"og:image:type\" content=\"image\/jpeg\" \/>\n<meta name=\"twitter:card\" content=\"summary_large_image\" \/>\n<meta name=\"twitter:label1\" content=\"\u041f\u0440\u0438\u043c\u0435\u0440\u043d\u043e\u0435 \u0432\u0440\u0435\u043c\u044f \u0434\u043b\u044f \u0447\u0442\u0435\u043d\u0438\u044f\" \/>\n\t<meta name=\"twitter:data1\" content=\"1 \u043c\u0438\u043d\u0443\u0442\u0430\" \/>\n<script type=\"application\/ld+json\" class=\"yoast-schema-graph\">{\"@context\":\"https:\/\/schema.org\",\"@graph\":[{\"@type\":\"WebPage\",\"@id\":\"https:\/\/reginett.ee\/toode\/metsatoojakk-husqvarna-technical-extreme\/\",\"url\":\"https:\/\/reginett.ee\/toode\/metsatoojakk-husqvarna-technical-extreme\/\",\"name\":\"Metsat\u00f6\u00f6jakk Husqvarna Technical Extreme. Kaitsevarustus\",\"isPartOf\":{\"@id\":\"https:\/\/reginett.ee\/#website\"},\"primaryImageOfPage\":{\"@id\":\"https:\/\/reginett.ee\/toode\/metsatoojakk-husqvarna-technical-extreme\/#primaryimage\"},\"image\":{\"@id\":\"https:\/\/reginett.ee\/toode\/metsatoojakk-husqvarna-technical-extreme\/#primaryimage\"},\"thumbnailUrl\":\"https:\/\/reginett.ee\/wp-content\/uploads\/2020\/04\/Metsatoojakk-Technical-Extreme.jpg\",\"datePublished\":\"2020-04-12T08:20:40+00:00\",\"dateModified\":\"2024-01-15T09:35:05+00:00\",\"description\":\"Husqvarna Technical Extreme on t\u00f6\u00f6jakk, mis on m\u00f5eldud kasutamiseks pikkadel t\u00f6\u00f6p\u00e4evadel ja k\u00f5ige n\u00f5udlikumates tingimustes.\",\"breadcrumb\":{\"@id\":\"https:\/\/reginett.ee\/toode\/metsatoojakk-husqvarna-technical-extreme\/#breadcrumb\"},\"inLanguage\":\"ru-RU\",\"potentialAction\":[{\"@type\":\"ReadAction\",\"target\":[\"https:\/\/reginett.ee\/toode\/metsatoojakk-husqvarna-technical-extreme\/\"]}]},{\"@type\":\"ImageObject\",\"inLanguage\":\"ru-RU\",\"@id\":\"https:\/\/reginett.ee\/toode\/metsatoojakk-husqvarna-technical-extreme\/#primaryimage\",\"url\":\"https:\/\/reginett.ee\/wp-content\/uploads\/2020\/04\/Metsatoojakk-Technical-Extreme.jpg\",\"contentUrl\":\"https:\/\/reginett.ee\/wp-content\/uploads\/2020\/04\/Metsatoojakk-Technical-Extreme.jpg\",\"width\":680,\"height\":372,\"caption\":\"Metsat\u00f6\u00f6jakk Technical Extreme\"},{\"@type\":\"BreadcrumbList\",\"@id\":\"https:\/\/reginett.ee\/toode\/metsatoojakk-husqvarna-technical-extreme\/#breadcrumb\",\"itemListElement\":[{\"@type\":\"ListItem\",\"position\":1,\"name\":\"Home\",\"item\":\"https:\/\/reginett.ee\/ru\/\"},{\"@type\":\"ListItem\",\"position\":2,\"name\":\"Tooted\",\"item\":\"https:\/\/reginett.ee\/tooted\/\"},{\"@type\":\"ListItem\",\"position\":3,\"name\":\"Metsat\u00f6\u00f6jakk Husqvarna Technical Extreme\"}]},{\"@type\":\"WebSite\",\"@id\":\"https:\/\/reginett.ee\/#website\",\"url\":\"https:\/\/reginett.ee\/\",\"name\":\"Reginett\",\"description\":\"Parimad robotniidukid\",\"potentialAction\":[{\"@type\":\"SearchAction\",\"target\":{\"@type\":\"EntryPoint\",\"urlTemplate\":\"https:\/\/reginett.ee\/?s={search_term_string}\"},\"query-input\":{\"@type\":\"PropertyValueSpecification\",\"valueRequired\":true,\"valueName\":\"search_term_string\"}}],\"inLanguage\":\"ru-RU\"}]}<\/script>\n<!-- \/ Yoast SEO plugin. -->","yoast_head_json":{"title":"Metsat\u00f6\u00f6jakk Husqvarna Technical Extreme. Kaitsevarustus","description":"Husqvarna Technical Extreme on t\u00f6\u00f6jakk, mis on m\u00f5eldud kasutamiseks pikkadel t\u00f6\u00f6p\u00e4evadel ja k\u00f5ige n\u00f5udlikumates tingimustes.","robots":{"index":"index","follow":"follow","max-snippet":"max-snippet:-1","max-image-preview":"max-image-preview:large","max-video-preview":"max-video-preview:-1"},"canonical":"https:\/\/reginett.ee\/toode\/metsatoojakk-husqvarna-technical-extreme\/","og_locale":"ru_RU","og_type":"article","og_title":"Metsat\u00f6\u00f6jakk Husqvarna Technical Extreme. Kaitsevarustus","og_description":"Husqvarna Technical Extreme on t\u00f6\u00f6jakk, mis on m\u00f5eldud kasutamiseks pikkadel t\u00f6\u00f6p\u00e4evadel ja k\u00f5ige n\u00f5udlikumates tingimustes.","og_url":"https:\/\/reginett.ee\/toode\/metsatoojakk-husqvarna-technical-extreme\/","og_site_name":"Reginett","article_modified_time":"2024-01-15T09:35:05+00:00","og_image":[{"width":680,"height":372,"url":"https:\/\/reginett.ee\/wp-content\/uploads\/2020\/04\/Metsatoojakk-Technical-Extreme.jpg","type":"image\/jpeg"}],"twitter_card":"summary_large_image","twitter_misc":{"\u041f\u0440\u0438\u043c\u0435\u0440\u043d\u043e\u0435 \u0432\u0440\u0435\u043c\u044f \u0434\u043b\u044f \u0447\u0442\u0435\u043d\u0438\u044f":"1 \u043c\u0438\u043d\u0443\u0442\u0430"},"schema":{"@context":"https:\/\/schema.org","@graph":[{"@type":"WebPage","@id":"https:\/\/reginett.ee\/toode\/metsatoojakk-husqvarna-technical-extreme\/","url":"https:\/\/reginett.ee\/toode\/metsatoojakk-husqvarna-technical-extreme\/","name":"Metsat\u00f6\u00f6jakk Husqvarna Technical Extreme. Kaitsevarustus","isPartOf":{"@id":"https:\/\/reginett.ee\/#website"},"primaryImageOfPage":{"@id":"https:\/\/reginett.ee\/toode\/metsatoojakk-husqvarna-technical-extreme\/#primaryimage"},"image":{"@id":"https:\/\/reginett.ee\/toode\/metsatoojakk-husqvarna-technical-extreme\/#primaryimage"},"thumbnailUrl":"https:\/\/reginett.ee\/wp-content\/uploads\/2020\/04\/Metsatoojakk-Technical-Extreme.jpg","datePublished":"2020-04-12T08:20:40+00:00","dateModified":"2024-01-15T09:35:05+00:00","description":"Husqvarna Technical Extreme on t\u00f6\u00f6jakk, mis on m\u00f5eldud kasutamiseks pikkadel t\u00f6\u00f6p\u00e4evadel ja k\u00f5ige n\u00f5udlikumates tingimustes.","breadcrumb":{"@id":"https:\/\/reginett.ee\/toode\/metsatoojakk-husqvarna-technical-extreme\/#breadcrumb"},"inLanguage":"ru-RU","potentialAction":[{"@type":"ReadAction","target":["https:\/\/reginett.ee\/toode\/metsatoojakk-husqvarna-technical-extreme\/"]}]},{"@type":"ImageObject","inLanguage":"ru-RU","@id":"https:\/\/reginett.ee\/toode\/metsatoojakk-husqvarna-technical-extreme\/#primaryimage","url":"https:\/\/reginett.ee\/wp-content\/uploads\/2020\/04\/Metsatoojakk-Technical-Extreme.jpg","contentUrl":"https:\/\/reginett.ee\/wp-content\/uploads\/2020\/04\/Metsatoojakk-Technical-Extreme.jpg","width":680,"height":372,"caption":"Metsat\u00f6\u00f6jakk Technical Extreme"},{"@type":"BreadcrumbList","@id":"https:\/\/reginett.ee\/toode\/metsatoojakk-husqvarna-technical-extreme\/#breadcrumb","itemListElement":[{"@type":"ListItem","position":1,"name":"Home","item":"https:\/\/reginett.ee\/ru\/"},{"@type":"ListItem","position":2,"name":"Tooted","item":"https:\/\/reginett.ee\/tooted\/"},{"@type":"ListItem","position":3,"name":"Metsat\u00f6\u00f6jakk Husqvarna Technical Extreme"}]},{"@type":"WebSite","@id":"https:\/\/reginett.ee\/#website","url":"https:\/\/reginett.ee\/","name":"Reginett","description":"Parimad robotniidukid","potentialAction":[{"@type":"SearchAction","target":{"@type":"EntryPoint","urlTemplate":"https:\/\/reginett.ee\/?s={search_term_string}"},"query-input":{"@type":"PropertyValueSpecification","valueRequired":true,"valueName":"search_term_string"}}],"inLanguage":"ru-RU"}]}},"brands":[{"id":147,"name":"Husqvarna","slug":"husqvarna"}],"_links":{"self":[{"href":"https:\/\/reginett.ee\/ru\/wp-json\/wp\/v2\/product\/51738","targetHints":{"allow":["GET"]}}],"collection":[{"href":"https:\/\/reginett.ee\/ru\/wp-json\/wp\/v2\/product"}],"about":[{"href":"https:\/\/reginett.ee\/ru\/wp-json\/wp\/v2\/types\/product"}],"replies":[{"embeddable":true,"href":"https:\/\/reginett.ee\/ru\/wp-json\/wp\/v2\/comments?post=51738"}],"wp:featuredmedia":[{"embeddable":true,"href":"https:\/\/reginett.ee\/ru\/wp-json\/wp\/v2\/media\/52823"}],"wp:attachment":[{"href":"https:\/\/reginett.ee\/ru\/wp-json\/wp\/v2\/media?parent=51738"}],"wp:term":[{"taxonomy":"pwb-brand","embeddable":true,"href":"https:\/\/reginett.ee\/ru\/wp-json\/wp\/v2\/pwb-brand?post=51738"},{"taxonomy":"product_brand","embeddable":true,"href":"https:\/\/reginett.ee\/ru\/wp-json\/wp\/v2\/product_brand?post=51738"},{"taxonomy":"product_cat","embeddable":true,"href":"https:\/\/reginett.ee\/ru\/wp-json\/wp\/v2\/product_cat?post=51738"},{"taxonomy":"product_tag","embeddable":true,"href":"https:\/\/reginett.ee\/ru\/wp-json\/wp\/v2\/product_tag?post=51738"}],"curies":[{"name":"wp","href":"https:\/\/api.w.org\/{rel}","templated":true}]}}