{"id":51735,"date":"2020-04-11T17:35:53","date_gmt":"2020-04-11T14:35:53","guid":{"rendered":"https:\/\/reginett.ee\/?post_type=product&#038;p=51735"},"modified":"2024-01-15T12:44:28","modified_gmt":"2024-01-15T09:44:28","slug":"kaitsepuksid-husqvarna-technical-extreme","status":"publish","type":"product","link":"https:\/\/reginett.ee\/ru\/toode\/kaitsepuksid-husqvarna-technical-extreme\/","title":{"rendered":"Kaitsep\u00fcksid Husqvarna Technical Extreme"},"content":{"rendered":"<p>Professionaalsed kaitsep\u00fcksid igap\u00e4evaseks metsat\u00f6\u00f6ks. K\u00f5rgn\u00e4htavusega neljas suunas veniv kerge stret\u0161 materjal ning Cordura\u00ae materjalist tugevdused annavad p\u00fckstele mugavuse ning kaitseomadused, mida vajate oma igap\u00e4evat\u00f6\u00f6s. Kasutusmugavust lisab kehakuju j\u00e4rgiv disain, reguleeritav v\u00f6\u00f6osa, \u00f5hutusavad jala tagumisel osal ning eelpainutatud p\u00f5lveosad. Topeltkaitse p\u00fcksip\u00f5lvel v\u00e4listab m\u00e4rgumise ning suurendab turvalisust.<\/p>\n<p>Saekaitse<br \/>\nJah<\/p>\n<p>Vastab EN standarditele<br \/>\n381<\/p>\n<p>Klass<br \/>\nKlass 1 (20 m\/s)<\/p>\n<p>Eurotested<br \/>\nJah<\/p>\n<h3>Husqvarna Tech-Knee<\/h3>\n<p>Husqvarna Tech-Knee v\u00e4hendab survet p\u00f5lvele ja hoiab p\u00f5lved kuivana, kui toetute m\u00e4rjale maapinnale.<\/p>\n<h3>Reguleeritav v\u00f6\u00f6osa<\/h3>\n<p>Reguleeritav v\u00f6\u00f6osa, et tagada parim istuvus.<\/p>\n<h3>\u00d5hutus &#8212; lukk\/lukud reie tagaosas<\/h3>\n<p>\u00d5hutus &#8212; lukk\/lukud reie tagaosas tagavad kasutajale optimaalse kehatemperatuuri ja mugavama t\u00f6\u00f6.<\/p>\n<h3>Lukuga tollipulga tasku paremal jalal<\/h3>\n<p>Lukuga tollipulga tasku paremal jalal.<\/p>\n<h3>Cordura\u00ae checkered<\/h3>\n<p>T\u00f6\u00f6deldud Cordura\u00ae kangas, mis hoiab niiskuse eemal. &lt;br\/&gt;225 g\/m2. 100 % Polyamide.<\/p>\n<h3>Cordura\u00ae reflex<\/h3>\n<p>Kangas, mis peab vastu kulumisele ka k\u00f5ige raskemates kohtades. Helkiv kiud kangas tagab suurep\u00e4rase n\u00e4htavuse ka pimedas ja h\u00e4marates tingimustes. 335 g\/m2. 100 % Polyamide<\/p>\n<h3>Traksid komplektis, n\u00f6\u00f6pkinnitusega.<\/h3>\n<p>Traksid komplektis, n\u00f6\u00f6pkinnitusega.<\/p>\n","protected":false},"excerpt":{"rendered":"<p>Professionaalsed kaitsep\u00fcksid igap\u00e4evaseks metsat\u00f6\u00f6ks. K\u00f5rgn\u00e4htavusega neljas suunas veniv kerge stret\u0161 materjal ning Cordura\u00ae materjalist tugevdused annavad p\u00fckstele mugavuse ning kaitseomadused, mida vajate oma igap\u00e4evat\u00f6\u00f6s. Kasutusmugavust lisab kehakuju j\u00e4rgiv disain, reguleeritav v\u00f6\u00f6osa, \u00f5hutusavad jala tagumisel osal ning eelpainutatud p\u00f5lveosad. Topeltkaitse p\u00fcksip\u00f5lvel v\u00e4listab m\u00e4rgumise ning suurendab turvalisust.<\/p>\n","protected":false},"featured_media":52824,"comment_status":"open","ping_status":"closed","template":"","meta":{"_acf_changed":false,"_et_pb_use_builder":"","_et_pb_old_content":"","_et_gb_content_width":"","inline_featured_image":false},"pwb-brand":[],"product_brand":[],"product_cat":[37,32],"product_tag":[131,124,132],"class_list":{"0":"post-51735","1":"product","2":"type-product","3":"status-publish","4":"has-post-thumbnail","6":"product_cat-husqvarna","7":"product_cat-riided-ja-kaitsevahendid","8":"product_tag-kaitseriided","9":"product_tag-kaitsevarustus","10":"product_tag-turvapuksid","12":"first","13":"instock","14":"shipping-taxable","15":"purchasable","16":"product-type-simple"},"acf":[],"yoast_head":"<!-- This site is optimized with the Yoast SEO plugin v26.6 - https:\/\/yoast.com\/wordpress\/plugins\/seo\/ -->\n<title>Kaitsep\u00fcksid Husqvarna Technical Extreme. Husqvarna turvariided<\/title>\n<meta name=\"robots\" content=\"index, follow, max-snippet:-1, max-image-preview:large, max-video-preview:-1\" \/>\n<link rel=\"canonical\" href=\"https:\/\/reginett.ee\/toode\/kaitsepuksid-husqvarna-technical-extreme\/\" \/>\n<meta property=\"og:locale\" content=\"ru_RU\" \/>\n<meta property=\"og:type\" content=\"article\" \/>\n<meta property=\"og:title\" content=\"Kaitsep\u00fcksid Husqvarna Technical Extreme. Husqvarna turvariided\" \/>\n<meta property=\"og:description\" content=\"Professionaalsed kaitsep\u00fcksid igap\u00e4evaseks metsat\u00f6\u00f6ks. K\u00f5rgn\u00e4htavusega neljas suunas veniv kerge stret\u0161 materjal ning Cordura\u00ae materjalist tugevdused annavad p\u00fckstele mugavuse ning kaitseomadused, mida vajate oma igap\u00e4evat\u00f6\u00f6s. Kasutusmugavust lisab kehakuju j\u00e4rgiv disain, reguleeritav v\u00f6\u00f6osa, \u00f5hutusavad jala tagumisel osal ning eelpainutatud p\u00f5lveosad. Topeltkaitse p\u00fcksip\u00f5lvel v\u00e4listab m\u00e4rgumise ning suurendab turvalisust.\" \/>\n<meta property=\"og:url\" content=\"https:\/\/reginett.ee\/toode\/kaitsepuksid-husqvarna-technical-extreme\/\" \/>\n<meta property=\"og:site_name\" content=\"Reginett\" \/>\n<meta property=\"article:modified_time\" content=\"2024-01-15T09:44:28+00:00\" \/>\n<meta property=\"og:image\" content=\"https:\/\/reginett.ee\/wp-content\/uploads\/2020\/04\/Kaitsepuksid-Technical-Extreme.jpg\" \/>\n\t<meta property=\"og:image:width\" content=\"680\" \/>\n\t<meta property=\"og:image:height\" content=\"372\" \/>\n\t<meta property=\"og:image:type\" content=\"image\/jpeg\" \/>\n<meta name=\"twitter:card\" content=\"summary_large_image\" \/>\n<meta name=\"twitter:label1\" content=\"\u041f\u0440\u0438\u043c\u0435\u0440\u043d\u043e\u0435 \u0432\u0440\u0435\u043c\u044f \u0434\u043b\u044f \u0447\u0442\u0435\u043d\u0438\u044f\" \/>\n\t<meta name=\"twitter:data1\" content=\"1 \u043c\u0438\u043d\u0443\u0442\u0430\" \/>\n<script type=\"application\/ld+json\" class=\"yoast-schema-graph\">{\"@context\":\"https:\/\/schema.org\",\"@graph\":[{\"@type\":\"WebPage\",\"@id\":\"https:\/\/reginett.ee\/toode\/kaitsepuksid-husqvarna-technical-extreme\/\",\"url\":\"https:\/\/reginett.ee\/toode\/kaitsepuksid-husqvarna-technical-extreme\/\",\"name\":\"Kaitsep\u00fcksid Husqvarna Technical Extreme. Husqvarna turvariided\",\"isPartOf\":{\"@id\":\"https:\/\/reginett.ee\/#website\"},\"primaryImageOfPage\":{\"@id\":\"https:\/\/reginett.ee\/toode\/kaitsepuksid-husqvarna-technical-extreme\/#primaryimage\"},\"image\":{\"@id\":\"https:\/\/reginett.ee\/toode\/kaitsepuksid-husqvarna-technical-extreme\/#primaryimage\"},\"thumbnailUrl\":\"https:\/\/reginett.ee\/wp-content\/uploads\/2020\/04\/Kaitsepuksid-Technical-Extreme.jpg\",\"datePublished\":\"2020-04-11T14:35:53+00:00\",\"dateModified\":\"2024-01-15T09:44:28+00:00\",\"breadcrumb\":{\"@id\":\"https:\/\/reginett.ee\/toode\/kaitsepuksid-husqvarna-technical-extreme\/#breadcrumb\"},\"inLanguage\":\"ru-RU\",\"potentialAction\":[{\"@type\":\"ReadAction\",\"target\":[\"https:\/\/reginett.ee\/toode\/kaitsepuksid-husqvarna-technical-extreme\/\"]}]},{\"@type\":\"ImageObject\",\"inLanguage\":\"ru-RU\",\"@id\":\"https:\/\/reginett.ee\/toode\/kaitsepuksid-husqvarna-technical-extreme\/#primaryimage\",\"url\":\"https:\/\/reginett.ee\/wp-content\/uploads\/2020\/04\/Kaitsepuksid-Technical-Extreme.jpg\",\"contentUrl\":\"https:\/\/reginett.ee\/wp-content\/uploads\/2020\/04\/Kaitsepuksid-Technical-Extreme.jpg\",\"width\":680,\"height\":372,\"caption\":\"Kaitsep\u00fcksid Technical Extreme\"},{\"@type\":\"BreadcrumbList\",\"@id\":\"https:\/\/reginett.ee\/toode\/kaitsepuksid-husqvarna-technical-extreme\/#breadcrumb\",\"itemListElement\":[{\"@type\":\"ListItem\",\"position\":1,\"name\":\"Home\",\"item\":\"https:\/\/reginett.ee\/ru\/\"},{\"@type\":\"ListItem\",\"position\":2,\"name\":\"Tooted\",\"item\":\"https:\/\/reginett.ee\/tooted\/\"},{\"@type\":\"ListItem\",\"position\":3,\"name\":\"Kaitsep\u00fcksid Husqvarna Technical Extreme\"}]},{\"@type\":\"WebSite\",\"@id\":\"https:\/\/reginett.ee\/#website\",\"url\":\"https:\/\/reginett.ee\/\",\"name\":\"Reginett\",\"description\":\"Parimad robotniidukid\",\"potentialAction\":[{\"@type\":\"SearchAction\",\"target\":{\"@type\":\"EntryPoint\",\"urlTemplate\":\"https:\/\/reginett.ee\/?s={search_term_string}\"},\"query-input\":{\"@type\":\"PropertyValueSpecification\",\"valueRequired\":true,\"valueName\":\"search_term_string\"}}],\"inLanguage\":\"ru-RU\"}]}<\/script>\n<!-- \/ Yoast SEO plugin. -->","yoast_head_json":{"title":"Kaitsep\u00fcksid Husqvarna Technical Extreme. Husqvarna turvariided","robots":{"index":"index","follow":"follow","max-snippet":"max-snippet:-1","max-image-preview":"max-image-preview:large","max-video-preview":"max-video-preview:-1"},"canonical":"https:\/\/reginett.ee\/toode\/kaitsepuksid-husqvarna-technical-extreme\/","og_locale":"ru_RU","og_type":"article","og_title":"Kaitsep\u00fcksid Husqvarna Technical Extreme. Husqvarna turvariided","og_description":"Professionaalsed kaitsep\u00fcksid igap\u00e4evaseks metsat\u00f6\u00f6ks. K\u00f5rgn\u00e4htavusega neljas suunas veniv kerge stret\u0161 materjal ning Cordura\u00ae materjalist tugevdused annavad p\u00fckstele mugavuse ning kaitseomadused, mida vajate oma igap\u00e4evat\u00f6\u00f6s. Kasutusmugavust lisab kehakuju j\u00e4rgiv disain, reguleeritav v\u00f6\u00f6osa, \u00f5hutusavad jala tagumisel osal ning eelpainutatud p\u00f5lveosad. Topeltkaitse p\u00fcksip\u00f5lvel v\u00e4listab m\u00e4rgumise ning suurendab turvalisust.","og_url":"https:\/\/reginett.ee\/toode\/kaitsepuksid-husqvarna-technical-extreme\/","og_site_name":"Reginett","article_modified_time":"2024-01-15T09:44:28+00:00","og_image":[{"width":680,"height":372,"url":"https:\/\/reginett.ee\/wp-content\/uploads\/2020\/04\/Kaitsepuksid-Technical-Extreme.jpg","type":"image\/jpeg"}],"twitter_card":"summary_large_image","twitter_misc":{"\u041f\u0440\u0438\u043c\u0435\u0440\u043d\u043e\u0435 \u0432\u0440\u0435\u043c\u044f \u0434\u043b\u044f \u0447\u0442\u0435\u043d\u0438\u044f":"1 \u043c\u0438\u043d\u0443\u0442\u0430"},"schema":{"@context":"https:\/\/schema.org","@graph":[{"@type":"WebPage","@id":"https:\/\/reginett.ee\/toode\/kaitsepuksid-husqvarna-technical-extreme\/","url":"https:\/\/reginett.ee\/toode\/kaitsepuksid-husqvarna-technical-extreme\/","name":"Kaitsep\u00fcksid Husqvarna Technical Extreme. Husqvarna turvariided","isPartOf":{"@id":"https:\/\/reginett.ee\/#website"},"primaryImageOfPage":{"@id":"https:\/\/reginett.ee\/toode\/kaitsepuksid-husqvarna-technical-extreme\/#primaryimage"},"image":{"@id":"https:\/\/reginett.ee\/toode\/kaitsepuksid-husqvarna-technical-extreme\/#primaryimage"},"thumbnailUrl":"https:\/\/reginett.ee\/wp-content\/uploads\/2020\/04\/Kaitsepuksid-Technical-Extreme.jpg","datePublished":"2020-04-11T14:35:53+00:00","dateModified":"2024-01-15T09:44:28+00:00","breadcrumb":{"@id":"https:\/\/reginett.ee\/toode\/kaitsepuksid-husqvarna-technical-extreme\/#breadcrumb"},"inLanguage":"ru-RU","potentialAction":[{"@type":"ReadAction","target":["https:\/\/reginett.ee\/toode\/kaitsepuksid-husqvarna-technical-extreme\/"]}]},{"@type":"ImageObject","inLanguage":"ru-RU","@id":"https:\/\/reginett.ee\/toode\/kaitsepuksid-husqvarna-technical-extreme\/#primaryimage","url":"https:\/\/reginett.ee\/wp-content\/uploads\/2020\/04\/Kaitsepuksid-Technical-Extreme.jpg","contentUrl":"https:\/\/reginett.ee\/wp-content\/uploads\/2020\/04\/Kaitsepuksid-Technical-Extreme.jpg","width":680,"height":372,"caption":"Kaitsep\u00fcksid Technical Extreme"},{"@type":"BreadcrumbList","@id":"https:\/\/reginett.ee\/toode\/kaitsepuksid-husqvarna-technical-extreme\/#breadcrumb","itemListElement":[{"@type":"ListItem","position":1,"name":"Home","item":"https:\/\/reginett.ee\/ru\/"},{"@type":"ListItem","position":2,"name":"Tooted","item":"https:\/\/reginett.ee\/tooted\/"},{"@type":"ListItem","position":3,"name":"Kaitsep\u00fcksid Husqvarna Technical Extreme"}]},{"@type":"WebSite","@id":"https:\/\/reginett.ee\/#website","url":"https:\/\/reginett.ee\/","name":"Reginett","description":"Parimad robotniidukid","potentialAction":[{"@type":"SearchAction","target":{"@type":"EntryPoint","urlTemplate":"https:\/\/reginett.ee\/?s={search_term_string}"},"query-input":{"@type":"PropertyValueSpecification","valueRequired":true,"valueName":"search_term_string"}}],"inLanguage":"ru-RU"}]}},"brands":[],"_links":{"self":[{"href":"https:\/\/reginett.ee\/ru\/wp-json\/wp\/v2\/product\/51735","targetHints":{"allow":["GET"]}}],"collection":[{"href":"https:\/\/reginett.ee\/ru\/wp-json\/wp\/v2\/product"}],"about":[{"href":"https:\/\/reginett.ee\/ru\/wp-json\/wp\/v2\/types\/product"}],"replies":[{"embeddable":true,"href":"https:\/\/reginett.ee\/ru\/wp-json\/wp\/v2\/comments?post=51735"}],"wp:featuredmedia":[{"embeddable":true,"href":"https:\/\/reginett.ee\/ru\/wp-json\/wp\/v2\/media\/52824"}],"wp:attachment":[{"href":"https:\/\/reginett.ee\/ru\/wp-json\/wp\/v2\/media?parent=51735"}],"wp:term":[{"taxonomy":"pwb-brand","embeddable":true,"href":"https:\/\/reginett.ee\/ru\/wp-json\/wp\/v2\/pwb-brand?post=51735"},{"taxonomy":"product_brand","embeddable":true,"href":"https:\/\/reginett.ee\/ru\/wp-json\/wp\/v2\/product_brand?post=51735"},{"taxonomy":"product_cat","embeddable":true,"href":"https:\/\/reginett.ee\/ru\/wp-json\/wp\/v2\/product_cat?post=51735"},{"taxonomy":"product_tag","embeddable":true,"href":"https:\/\/reginett.ee\/ru\/wp-json\/wp\/v2\/product_tag?post=51735"}],"curies":[{"name":"wp","href":"https:\/\/api.w.org\/{rel}","templated":true}]}}