{"id":51733,"date":"2020-04-11T17:13:50","date_gmt":"2020-04-11T14:13:50","guid":{"rendered":"https:\/\/reginett.ee\/?post_type=product&#038;p=51733"},"modified":"2025-09-30T16:06:00","modified_gmt":"2025-09-30T13:06:00","slug":"kaitsekiiver-husqvarna-technical","status":"publish","type":"product","link":"https:\/\/reginett.ee\/ru\/toode\/kaitsekiiver-husqvarna-technical\/","title":{"rendered":"Kaitsekiiver Husqvarna Technical"},"content":{"rendered":"<p>Uue disainiga, vastupidav ja kerge metsat\u00f6\u00f6kiiver. Reguleeritav vastavalt pea suurusele tagamaks parim istuvus. Uudne \u00f5hutuss\u00fcsteem tagab optimaalse kiivrisisese temperatuuri. Uuendatud kiivri visiir kindlustamaks veelgi parem n\u00e4okaitse, samal ajal tagades parim n\u00e4htavus. Pealambi kinnitusv\u00f5imalus. Lisatarvikuna saadaval FM k\u00f5rvaklapid.<\/p>\n<p>UV-kindel<br \/>\nJah<\/p>\n<p>Sobib kasutada madala temperatuuriga<br \/>\n-40 \u00b0C<\/p>\n<h3>Hea n\u00e4htavusega visiir<\/h3>\n<p>Ainulaadne disain tagab t\u00e4ieliku n\u00e4htavuse, kui visiir on \u00fclemises asendis.<\/p>\n<h3>Pingutusrullik<\/h3>\n<p>V\u00f5imaldab kasutajal kiivri suurust kiiresti ja h\u00f5lpsalt \u00fche k\u00e4ega reguleerida, ilma kiivrit peast v\u00f5tmata.<\/p>\n<h3>V\u00f5rk\u00f5hutuss\u00fcsteem<\/h3>\n<p>\u00d5hutuss\u00fcsteem eriti laiade avadega tagab peal meeldiva temperatuuri. Avad on kaetud metallv\u00f5rguga, mis takistab mustuse ja vee l\u00e4bitungimist.<\/p>\n<h3>UV-kahjustuse n\u00e4idik<\/h3>\n<p>Kiivri kaitsev\u00f5ime v\u00e4heneb kokkupuutel UV-kiirgusega. (P\u00e4ikesekiirgus). UV-kahjustuse n\u00e4idik n\u00e4itab kiivri hetkeseisundit ning annab teada, millal kiiver tuleks v\u00e4lja vahetada.<\/p>\n<h3>Lasert\u00f6\u00f6deldud visiir<\/h3>\n<p>Lasert\u00f6\u00f6deldud visiir on kerge ja v\u00e4hese valgustakistusega.<\/p>\n","protected":false},"excerpt":{"rendered":"<p>Uue disainiga, vastupidav ja kerge metsat\u00f6\u00f6kiiver. Reguleeritav vastavalt pea suurusele tagamaks parim istuvus. Uudne \u00f5hutuss\u00fcsteem tagab optimaalse kiivrisisese temperatuuri. Uuendatud kiivri visiir kindlustamaks veelgi parem n\u00e4okaitse, samal ajal tagades parim n\u00e4htavus. Pealambi kinnitusv\u00f5imalus. Lisatarvikuna saadaval FM k\u00f5rvaklapid.<\/p>\n","protected":false},"featured_media":52825,"comment_status":"open","ping_status":"closed","template":"","meta":{"_acf_changed":false,"_et_pb_use_builder":"","_et_pb_old_content":"","_et_gb_content_width":"","inline_featured_image":false},"pwb-brand":[],"product_brand":[],"product_cat":[37,32],"product_tag":[124,123],"class_list":{"0":"post-51733","1":"product","2":"type-product","3":"status-publish","4":"has-post-thumbnail","6":"product_cat-husqvarna","7":"product_cat-riided-ja-kaitsevahendid","8":"product_tag-kaitsevarustus","9":"product_tag-kiiver","11":"first","12":"outofstock","13":"shipping-taxable","14":"purchasable","15":"product-type-simple"},"acf":[],"yoast_head":"<!-- This site is optimized with the Yoast SEO plugin v26.6 - https:\/\/yoast.com\/wordpress\/plugins\/seo\/ -->\n<title>Kaitsekiiver Technical Husqvarnalt. Husqvarna kaitsevarustus Reginetist<\/title>\n<meta name=\"description\" content=\"Uue disainiga, vastupidav ja kerge metsat\u00f6\u00f6kiiver. Reguleeritav vastavalt pea suurusele tagamaks parim istuvus. Uudne \u00f5hutuss\u00fcsteem tagab\" \/>\n<meta name=\"robots\" content=\"index, follow, max-snippet:-1, max-image-preview:large, max-video-preview:-1\" \/>\n<link rel=\"canonical\" href=\"https:\/\/reginett.ee\/toode\/kaitsekiiver-husqvarna-technical\/\" \/>\n<meta property=\"og:locale\" content=\"ru_RU\" \/>\n<meta property=\"og:type\" content=\"article\" \/>\n<meta property=\"og:title\" content=\"Kaitsekiiver Technical Husqvarnalt. Husqvarna kaitsevarustus Reginetist\" \/>\n<meta property=\"og:description\" content=\"Uue disainiga, vastupidav ja kerge metsat\u00f6\u00f6kiiver. Reguleeritav vastavalt pea suurusele tagamaks parim istuvus. Uudne \u00f5hutuss\u00fcsteem tagab\" \/>\n<meta property=\"og:url\" content=\"https:\/\/reginett.ee\/toode\/kaitsekiiver-husqvarna-technical\/\" \/>\n<meta property=\"og:site_name\" content=\"Reginett\" \/>\n<meta property=\"article:modified_time\" content=\"2025-09-30T13:06:00+00:00\" \/>\n<meta property=\"og:image\" content=\"https:\/\/reginett.ee\/wp-content\/uploads\/2020\/04\/Kaitsekiiver-Technical.jpg\" \/>\n\t<meta property=\"og:image:width\" content=\"680\" \/>\n\t<meta property=\"og:image:height\" content=\"372\" \/>\n\t<meta property=\"og:image:type\" content=\"image\/jpeg\" \/>\n<meta name=\"twitter:card\" content=\"summary_large_image\" \/>\n<meta name=\"twitter:label1\" content=\"\u041f\u0440\u0438\u043c\u0435\u0440\u043d\u043e\u0435 \u0432\u0440\u0435\u043c\u044f \u0434\u043b\u044f \u0447\u0442\u0435\u043d\u0438\u044f\" \/>\n\t<meta name=\"twitter:data1\" content=\"1 \u043c\u0438\u043d\u0443\u0442\u0430\" \/>\n<script type=\"application\/ld+json\" class=\"yoast-schema-graph\">{\"@context\":\"https:\/\/schema.org\",\"@graph\":[{\"@type\":\"WebPage\",\"@id\":\"https:\/\/reginett.ee\/toode\/kaitsekiiver-husqvarna-technical\/\",\"url\":\"https:\/\/reginett.ee\/toode\/kaitsekiiver-husqvarna-technical\/\",\"name\":\"Kaitsekiiver Technical Husqvarnalt. Husqvarna kaitsevarustus Reginetist\",\"isPartOf\":{\"@id\":\"https:\/\/reginett.ee\/#website\"},\"primaryImageOfPage\":{\"@id\":\"https:\/\/reginett.ee\/toode\/kaitsekiiver-husqvarna-technical\/#primaryimage\"},\"image\":{\"@id\":\"https:\/\/reginett.ee\/toode\/kaitsekiiver-husqvarna-technical\/#primaryimage\"},\"thumbnailUrl\":\"https:\/\/reginett.ee\/wp-content\/uploads\/2020\/04\/Kaitsekiiver-Technical.jpg\",\"datePublished\":\"2020-04-11T14:13:50+00:00\",\"dateModified\":\"2025-09-30T13:06:00+00:00\",\"description\":\"Uue disainiga, vastupidav ja kerge metsat\u00f6\u00f6kiiver. Reguleeritav vastavalt pea suurusele tagamaks parim istuvus. Uudne \u00f5hutuss\u00fcsteem tagab\",\"breadcrumb\":{\"@id\":\"https:\/\/reginett.ee\/toode\/kaitsekiiver-husqvarna-technical\/#breadcrumb\"},\"inLanguage\":\"ru-RU\",\"potentialAction\":[{\"@type\":\"ReadAction\",\"target\":[\"https:\/\/reginett.ee\/toode\/kaitsekiiver-husqvarna-technical\/\"]}]},{\"@type\":\"ImageObject\",\"inLanguage\":\"ru-RU\",\"@id\":\"https:\/\/reginett.ee\/toode\/kaitsekiiver-husqvarna-technical\/#primaryimage\",\"url\":\"https:\/\/reginett.ee\/wp-content\/uploads\/2020\/04\/Kaitsekiiver-Technical.jpg\",\"contentUrl\":\"https:\/\/reginett.ee\/wp-content\/uploads\/2020\/04\/Kaitsekiiver-Technical.jpg\",\"width\":680,\"height\":372,\"caption\":\"Kaitsekiiver Technical\"},{\"@type\":\"BreadcrumbList\",\"@id\":\"https:\/\/reginett.ee\/toode\/kaitsekiiver-husqvarna-technical\/#breadcrumb\",\"itemListElement\":[{\"@type\":\"ListItem\",\"position\":1,\"name\":\"Home\",\"item\":\"https:\/\/reginett.ee\/ru\/\"},{\"@type\":\"ListItem\",\"position\":2,\"name\":\"Tooted\",\"item\":\"https:\/\/reginett.ee\/tooted\/\"},{\"@type\":\"ListItem\",\"position\":3,\"name\":\"Kaitsekiiver Husqvarna Technical\"}]},{\"@type\":\"WebSite\",\"@id\":\"https:\/\/reginett.ee\/#website\",\"url\":\"https:\/\/reginett.ee\/\",\"name\":\"Reginett\",\"description\":\"Parimad robotniidukid\",\"potentialAction\":[{\"@type\":\"SearchAction\",\"target\":{\"@type\":\"EntryPoint\",\"urlTemplate\":\"https:\/\/reginett.ee\/?s={search_term_string}\"},\"query-input\":{\"@type\":\"PropertyValueSpecification\",\"valueRequired\":true,\"valueName\":\"search_term_string\"}}],\"inLanguage\":\"ru-RU\"}]}<\/script>\n<!-- \/ Yoast SEO plugin. -->","yoast_head_json":{"title":"Kaitsekiiver Technical Husqvarnalt. Husqvarna kaitsevarustus Reginetist","description":"Uue disainiga, vastupidav ja kerge metsat\u00f6\u00f6kiiver. Reguleeritav vastavalt pea suurusele tagamaks parim istuvus. Uudne \u00f5hutuss\u00fcsteem tagab","robots":{"index":"index","follow":"follow","max-snippet":"max-snippet:-1","max-image-preview":"max-image-preview:large","max-video-preview":"max-video-preview:-1"},"canonical":"https:\/\/reginett.ee\/toode\/kaitsekiiver-husqvarna-technical\/","og_locale":"ru_RU","og_type":"article","og_title":"Kaitsekiiver Technical Husqvarnalt. Husqvarna kaitsevarustus Reginetist","og_description":"Uue disainiga, vastupidav ja kerge metsat\u00f6\u00f6kiiver. Reguleeritav vastavalt pea suurusele tagamaks parim istuvus. Uudne \u00f5hutuss\u00fcsteem tagab","og_url":"https:\/\/reginett.ee\/toode\/kaitsekiiver-husqvarna-technical\/","og_site_name":"Reginett","article_modified_time":"2025-09-30T13:06:00+00:00","og_image":[{"width":680,"height":372,"url":"https:\/\/reginett.ee\/wp-content\/uploads\/2020\/04\/Kaitsekiiver-Technical.jpg","type":"image\/jpeg"}],"twitter_card":"summary_large_image","twitter_misc":{"\u041f\u0440\u0438\u043c\u0435\u0440\u043d\u043e\u0435 \u0432\u0440\u0435\u043c\u044f \u0434\u043b\u044f \u0447\u0442\u0435\u043d\u0438\u044f":"1 \u043c\u0438\u043d\u0443\u0442\u0430"},"schema":{"@context":"https:\/\/schema.org","@graph":[{"@type":"WebPage","@id":"https:\/\/reginett.ee\/toode\/kaitsekiiver-husqvarna-technical\/","url":"https:\/\/reginett.ee\/toode\/kaitsekiiver-husqvarna-technical\/","name":"Kaitsekiiver Technical Husqvarnalt. Husqvarna kaitsevarustus Reginetist","isPartOf":{"@id":"https:\/\/reginett.ee\/#website"},"primaryImageOfPage":{"@id":"https:\/\/reginett.ee\/toode\/kaitsekiiver-husqvarna-technical\/#primaryimage"},"image":{"@id":"https:\/\/reginett.ee\/toode\/kaitsekiiver-husqvarna-technical\/#primaryimage"},"thumbnailUrl":"https:\/\/reginett.ee\/wp-content\/uploads\/2020\/04\/Kaitsekiiver-Technical.jpg","datePublished":"2020-04-11T14:13:50+00:00","dateModified":"2025-09-30T13:06:00+00:00","description":"Uue disainiga, vastupidav ja kerge metsat\u00f6\u00f6kiiver. Reguleeritav vastavalt pea suurusele tagamaks parim istuvus. Uudne \u00f5hutuss\u00fcsteem tagab","breadcrumb":{"@id":"https:\/\/reginett.ee\/toode\/kaitsekiiver-husqvarna-technical\/#breadcrumb"},"inLanguage":"ru-RU","potentialAction":[{"@type":"ReadAction","target":["https:\/\/reginett.ee\/toode\/kaitsekiiver-husqvarna-technical\/"]}]},{"@type":"ImageObject","inLanguage":"ru-RU","@id":"https:\/\/reginett.ee\/toode\/kaitsekiiver-husqvarna-technical\/#primaryimage","url":"https:\/\/reginett.ee\/wp-content\/uploads\/2020\/04\/Kaitsekiiver-Technical.jpg","contentUrl":"https:\/\/reginett.ee\/wp-content\/uploads\/2020\/04\/Kaitsekiiver-Technical.jpg","width":680,"height":372,"caption":"Kaitsekiiver Technical"},{"@type":"BreadcrumbList","@id":"https:\/\/reginett.ee\/toode\/kaitsekiiver-husqvarna-technical\/#breadcrumb","itemListElement":[{"@type":"ListItem","position":1,"name":"Home","item":"https:\/\/reginett.ee\/ru\/"},{"@type":"ListItem","position":2,"name":"Tooted","item":"https:\/\/reginett.ee\/tooted\/"},{"@type":"ListItem","position":3,"name":"Kaitsekiiver Husqvarna Technical"}]},{"@type":"WebSite","@id":"https:\/\/reginett.ee\/#website","url":"https:\/\/reginett.ee\/","name":"Reginett","description":"Parimad robotniidukid","potentialAction":[{"@type":"SearchAction","target":{"@type":"EntryPoint","urlTemplate":"https:\/\/reginett.ee\/?s={search_term_string}"},"query-input":{"@type":"PropertyValueSpecification","valueRequired":true,"valueName":"search_term_string"}}],"inLanguage":"ru-RU"}]}},"brands":[],"_links":{"self":[{"href":"https:\/\/reginett.ee\/ru\/wp-json\/wp\/v2\/product\/51733","targetHints":{"allow":["GET"]}}],"collection":[{"href":"https:\/\/reginett.ee\/ru\/wp-json\/wp\/v2\/product"}],"about":[{"href":"https:\/\/reginett.ee\/ru\/wp-json\/wp\/v2\/types\/product"}],"replies":[{"embeddable":true,"href":"https:\/\/reginett.ee\/ru\/wp-json\/wp\/v2\/comments?post=51733"}],"wp:featuredmedia":[{"embeddable":true,"href":"https:\/\/reginett.ee\/ru\/wp-json\/wp\/v2\/media\/52825"}],"wp:attachment":[{"href":"https:\/\/reginett.ee\/ru\/wp-json\/wp\/v2\/media?parent=51733"}],"wp:term":[{"taxonomy":"pwb-brand","embeddable":true,"href":"https:\/\/reginett.ee\/ru\/wp-json\/wp\/v2\/pwb-brand?post=51733"},{"taxonomy":"product_brand","embeddable":true,"href":"https:\/\/reginett.ee\/ru\/wp-json\/wp\/v2\/product_brand?post=51733"},{"taxonomy":"product_cat","embeddable":true,"href":"https:\/\/reginett.ee\/ru\/wp-json\/wp\/v2\/product_cat?post=51733"},{"taxonomy":"product_tag","embeddable":true,"href":"https:\/\/reginett.ee\/ru\/wp-json\/wp\/v2\/product_tag?post=51733"}],"curies":[{"name":"wp","href":"https:\/\/api.w.org\/{rel}","templated":true}]}}