{"id":51731,"date":"2020-12-12T16:58:39","date_gmt":"2020-12-12T13:58:39","guid":{"rendered":"https:\/\/reginett.ee\/?post_type=product&#038;p=51731"},"modified":"2023-02-12T13:56:57","modified_gmt":"2023-02-12T10:56:57","slug":"kaitsekiiver-husqvarna-functional","status":"publish","type":"product","link":"https:\/\/reginett.ee\/ru\/toode\/kaitsekiiver-husqvarna-functional\/","title":{"rendered":"Kaitsekiiver Husqvarna Functional"},"content":{"rendered":"<p>Husqvarna Functionali metsat\u00f6\u00f6kiivrit on v\u00f5imalik reguleerida vastavalt pea \u00fcmberm\u00f5\u00f5dule, see sobib metsat\u00f6\u00f6lisele, kes eelistab igap\u00e4evat\u00f6\u00f6d tehes mugavust ja ergonoomilisust. Kiivril on kuuepunktikinnitusega tekstiilist rihmad, mis teevad selle mugavaks ja v\u00e4hendavad survet peale ning UltraVision n\u00e4okaitse, mis t\u00e4nu v\u00e4hesele valgusneelduvusele ei v\u00e4henda n\u00e4htavust. K\u00f5rvaklapid on ergonoomilised ja vastupidavad.<\/p>\n<p>UV-kindel Jah<\/p>\n<p>Sobib kasutada madala temperatuuriga -40 \u00b0C<\/p>\n<h3>N\u00e4okate<\/h3>\n<p>Reguleeritav n\u00e4okate<\/p>\n<h3>V\u00f5rk<\/h3>\n<p>N\u00e4okaitsme v\u00f5rgupiirkonna valgusneelduvus on 20%.<\/p>\n<h3>K\u00f5rvaklapid on reguleeritavad k\u00fclgsuunas<\/h3>\n<h3>K\u00f5rvaklapid on reguleeritavad \u00fcles-alla suunas<\/h3>\n<p>K\u00f5rvaklapid on vertikaalses suunas reguleeritavad<\/p>\n","protected":false},"excerpt":{"rendered":"<p>Husqvarna Functionali metsat\u00f6\u00f6kiivrit on v\u00f5imalik reguleerida vastavalt pea \u00fcmberm\u00f5\u00f5dule, see sobib metsat\u00f6\u00f6lisele, kes eelistab igap\u00e4evat\u00f6\u00f6d tehes mugavust ja ergonoomilisust. Kiivril on kuuepunktikinnitusega tekstiilist rihmad, mis teevad selle mugavaks ja v\u00e4hendavad survet peale ning UltraVision n\u00e4okaitse, mis t\u00e4nu v\u00e4hesele valgusneelduvusele ei v\u00e4henda n\u00e4htavust. K\u00f5rvaklapid on ergonoomilised ja vastupidavad.<\/p>\n","protected":false},"featured_media":52826,"comment_status":"open","ping_status":"closed","template":"","meta":{"_acf_changed":false,"_et_pb_use_builder":"","_et_pb_old_content":"","_et_gb_content_width":"","inline_featured_image":false},"pwb-brand":[],"product_brand":[],"product_cat":[37,32],"product_tag":[124,123],"class_list":{"0":"post-51731","1":"product","2":"type-product","3":"status-publish","4":"has-post-thumbnail","6":"product_cat-husqvarna","7":"product_cat-riided-ja-kaitsevahendid","8":"product_tag-kaitsevarustus","9":"product_tag-kiiver","11":"first","12":"instock","13":"shipping-taxable","14":"purchasable","15":"product-type-simple"},"acf":[],"yoast_head":"<!-- This site is optimized with the Yoast SEO plugin v26.6 - https:\/\/yoast.com\/wordpress\/plugins\/seo\/ -->\n<title>Kaitsekiiver Husqvarna Functional<\/title>\n<meta name=\"robots\" content=\"index, follow, max-snippet:-1, max-image-preview:large, max-video-preview:-1\" \/>\n<link rel=\"canonical\" href=\"https:\/\/reginett.ee\/toode\/kaitsekiiver-husqvarna-functional\/\" \/>\n<meta property=\"og:locale\" content=\"ru_RU\" \/>\n<meta property=\"og:type\" content=\"article\" \/>\n<meta property=\"og:title\" content=\"Kaitsekiiver Husqvarna Functional\" \/>\n<meta property=\"og:description\" content=\"Husqvarna Functionali metsat\u00f6\u00f6kiivrit on v\u00f5imalik reguleerida vastavalt pea \u00fcmberm\u00f5\u00f5dule, see sobib metsat\u00f6\u00f6lisele, kes eelistab igap\u00e4evat\u00f6\u00f6d tehes mugavust ja ergonoomilisust. Kiivril on kuuepunktikinnitusega tekstiilist rihmad, mis teevad selle mugavaks ja v\u00e4hendavad survet peale ning UltraVision n\u00e4okaitse, mis t\u00e4nu v\u00e4hesele valgusneelduvusele ei v\u00e4henda n\u00e4htavust. K\u00f5rvaklapid on ergonoomilised ja vastupidavad.\" \/>\n<meta property=\"og:url\" content=\"https:\/\/reginett.ee\/toode\/kaitsekiiver-husqvarna-functional\/\" \/>\n<meta property=\"og:site_name\" content=\"Reginett\" \/>\n<meta property=\"article:modified_time\" content=\"2023-02-12T10:56:57+00:00\" \/>\n<meta property=\"og:image\" content=\"https:\/\/reginett.ee\/wp-content\/uploads\/2020\/04\/kaitsekiver-Functional.jpg\" \/>\n\t<meta property=\"og:image:width\" content=\"680\" \/>\n\t<meta property=\"og:image:height\" content=\"372\" \/>\n\t<meta property=\"og:image:type\" content=\"image\/jpeg\" \/>\n<meta name=\"twitter:card\" content=\"summary_large_image\" \/>\n<meta name=\"twitter:label1\" content=\"\u041f\u0440\u0438\u043c\u0435\u0440\u043d\u043e\u0435 \u0432\u0440\u0435\u043c\u044f \u0434\u043b\u044f \u0447\u0442\u0435\u043d\u0438\u044f\" \/>\n\t<meta name=\"twitter:data1\" content=\"1 \u043c\u0438\u043d\u0443\u0442\u0430\" \/>\n<script type=\"application\/ld+json\" class=\"yoast-schema-graph\">{\"@context\":\"https:\/\/schema.org\",\"@graph\":[{\"@type\":\"WebPage\",\"@id\":\"https:\/\/reginett.ee\/toode\/kaitsekiiver-husqvarna-functional\/\",\"url\":\"https:\/\/reginett.ee\/toode\/kaitsekiiver-husqvarna-functional\/\",\"name\":\"Kaitsekiiver Husqvarna Functional\",\"isPartOf\":{\"@id\":\"https:\/\/reginett.ee\/#website\"},\"primaryImageOfPage\":{\"@id\":\"https:\/\/reginett.ee\/toode\/kaitsekiiver-husqvarna-functional\/#primaryimage\"},\"image\":{\"@id\":\"https:\/\/reginett.ee\/toode\/kaitsekiiver-husqvarna-functional\/#primaryimage\"},\"thumbnailUrl\":\"https:\/\/reginett.ee\/wp-content\/uploads\/2020\/04\/kaitsekiver-Functional.jpg\",\"datePublished\":\"2020-12-12T13:58:39+00:00\",\"dateModified\":\"2023-02-12T10:56:57+00:00\",\"breadcrumb\":{\"@id\":\"https:\/\/reginett.ee\/toode\/kaitsekiiver-husqvarna-functional\/#breadcrumb\"},\"inLanguage\":\"ru-RU\",\"potentialAction\":[{\"@type\":\"ReadAction\",\"target\":[\"https:\/\/reginett.ee\/toode\/kaitsekiiver-husqvarna-functional\/\"]}]},{\"@type\":\"ImageObject\",\"inLanguage\":\"ru-RU\",\"@id\":\"https:\/\/reginett.ee\/toode\/kaitsekiiver-husqvarna-functional\/#primaryimage\",\"url\":\"https:\/\/reginett.ee\/wp-content\/uploads\/2020\/04\/kaitsekiver-Functional.jpg\",\"contentUrl\":\"https:\/\/reginett.ee\/wp-content\/uploads\/2020\/04\/kaitsekiver-Functional.jpg\",\"width\":680,\"height\":372,\"caption\":\"kaitsekiver Functional\"},{\"@type\":\"BreadcrumbList\",\"@id\":\"https:\/\/reginett.ee\/toode\/kaitsekiiver-husqvarna-functional\/#breadcrumb\",\"itemListElement\":[{\"@type\":\"ListItem\",\"position\":1,\"name\":\"Home\",\"item\":\"https:\/\/reginett.ee\/ru\/\"},{\"@type\":\"ListItem\",\"position\":2,\"name\":\"Tooted\",\"item\":\"https:\/\/reginett.ee\/tooted\/\"},{\"@type\":\"ListItem\",\"position\":3,\"name\":\"Kaitsekiiver Husqvarna Functional\"}]},{\"@type\":\"WebSite\",\"@id\":\"https:\/\/reginett.ee\/#website\",\"url\":\"https:\/\/reginett.ee\/\",\"name\":\"Reginett\",\"description\":\"Parimad robotniidukid\",\"potentialAction\":[{\"@type\":\"SearchAction\",\"target\":{\"@type\":\"EntryPoint\",\"urlTemplate\":\"https:\/\/reginett.ee\/?s={search_term_string}\"},\"query-input\":{\"@type\":\"PropertyValueSpecification\",\"valueRequired\":true,\"valueName\":\"search_term_string\"}}],\"inLanguage\":\"ru-RU\"}]}<\/script>\n<!-- \/ Yoast SEO plugin. -->","yoast_head_json":{"title":"Kaitsekiiver Husqvarna Functional","robots":{"index":"index","follow":"follow","max-snippet":"max-snippet:-1","max-image-preview":"max-image-preview:large","max-video-preview":"max-video-preview:-1"},"canonical":"https:\/\/reginett.ee\/toode\/kaitsekiiver-husqvarna-functional\/","og_locale":"ru_RU","og_type":"article","og_title":"Kaitsekiiver Husqvarna Functional","og_description":"Husqvarna Functionali metsat\u00f6\u00f6kiivrit on v\u00f5imalik reguleerida vastavalt pea \u00fcmberm\u00f5\u00f5dule, see sobib metsat\u00f6\u00f6lisele, kes eelistab igap\u00e4evat\u00f6\u00f6d tehes mugavust ja ergonoomilisust. Kiivril on kuuepunktikinnitusega tekstiilist rihmad, mis teevad selle mugavaks ja v\u00e4hendavad survet peale ning UltraVision n\u00e4okaitse, mis t\u00e4nu v\u00e4hesele valgusneelduvusele ei v\u00e4henda n\u00e4htavust. K\u00f5rvaklapid on ergonoomilised ja vastupidavad.","og_url":"https:\/\/reginett.ee\/toode\/kaitsekiiver-husqvarna-functional\/","og_site_name":"Reginett","article_modified_time":"2023-02-12T10:56:57+00:00","og_image":[{"width":680,"height":372,"url":"https:\/\/reginett.ee\/wp-content\/uploads\/2020\/04\/kaitsekiver-Functional.jpg","type":"image\/jpeg"}],"twitter_card":"summary_large_image","twitter_misc":{"\u041f\u0440\u0438\u043c\u0435\u0440\u043d\u043e\u0435 \u0432\u0440\u0435\u043c\u044f \u0434\u043b\u044f \u0447\u0442\u0435\u043d\u0438\u044f":"1 \u043c\u0438\u043d\u0443\u0442\u0430"},"schema":{"@context":"https:\/\/schema.org","@graph":[{"@type":"WebPage","@id":"https:\/\/reginett.ee\/toode\/kaitsekiiver-husqvarna-functional\/","url":"https:\/\/reginett.ee\/toode\/kaitsekiiver-husqvarna-functional\/","name":"Kaitsekiiver Husqvarna Functional","isPartOf":{"@id":"https:\/\/reginett.ee\/#website"},"primaryImageOfPage":{"@id":"https:\/\/reginett.ee\/toode\/kaitsekiiver-husqvarna-functional\/#primaryimage"},"image":{"@id":"https:\/\/reginett.ee\/toode\/kaitsekiiver-husqvarna-functional\/#primaryimage"},"thumbnailUrl":"https:\/\/reginett.ee\/wp-content\/uploads\/2020\/04\/kaitsekiver-Functional.jpg","datePublished":"2020-12-12T13:58:39+00:00","dateModified":"2023-02-12T10:56:57+00:00","breadcrumb":{"@id":"https:\/\/reginett.ee\/toode\/kaitsekiiver-husqvarna-functional\/#breadcrumb"},"inLanguage":"ru-RU","potentialAction":[{"@type":"ReadAction","target":["https:\/\/reginett.ee\/toode\/kaitsekiiver-husqvarna-functional\/"]}]},{"@type":"ImageObject","inLanguage":"ru-RU","@id":"https:\/\/reginett.ee\/toode\/kaitsekiiver-husqvarna-functional\/#primaryimage","url":"https:\/\/reginett.ee\/wp-content\/uploads\/2020\/04\/kaitsekiver-Functional.jpg","contentUrl":"https:\/\/reginett.ee\/wp-content\/uploads\/2020\/04\/kaitsekiver-Functional.jpg","width":680,"height":372,"caption":"kaitsekiver Functional"},{"@type":"BreadcrumbList","@id":"https:\/\/reginett.ee\/toode\/kaitsekiiver-husqvarna-functional\/#breadcrumb","itemListElement":[{"@type":"ListItem","position":1,"name":"Home","item":"https:\/\/reginett.ee\/ru\/"},{"@type":"ListItem","position":2,"name":"Tooted","item":"https:\/\/reginett.ee\/tooted\/"},{"@type":"ListItem","position":3,"name":"Kaitsekiiver Husqvarna Functional"}]},{"@type":"WebSite","@id":"https:\/\/reginett.ee\/#website","url":"https:\/\/reginett.ee\/","name":"Reginett","description":"Parimad robotniidukid","potentialAction":[{"@type":"SearchAction","target":{"@type":"EntryPoint","urlTemplate":"https:\/\/reginett.ee\/?s={search_term_string}"},"query-input":{"@type":"PropertyValueSpecification","valueRequired":true,"valueName":"search_term_string"}}],"inLanguage":"ru-RU"}]}},"brands":[],"_links":{"self":[{"href":"https:\/\/reginett.ee\/ru\/wp-json\/wp\/v2\/product\/51731","targetHints":{"allow":["GET"]}}],"collection":[{"href":"https:\/\/reginett.ee\/ru\/wp-json\/wp\/v2\/product"}],"about":[{"href":"https:\/\/reginett.ee\/ru\/wp-json\/wp\/v2\/types\/product"}],"replies":[{"embeddable":true,"href":"https:\/\/reginett.ee\/ru\/wp-json\/wp\/v2\/comments?post=51731"}],"wp:featuredmedia":[{"embeddable":true,"href":"https:\/\/reginett.ee\/ru\/wp-json\/wp\/v2\/media\/52826"}],"wp:attachment":[{"href":"https:\/\/reginett.ee\/ru\/wp-json\/wp\/v2\/media?parent=51731"}],"wp:term":[{"taxonomy":"pwb-brand","embeddable":true,"href":"https:\/\/reginett.ee\/ru\/wp-json\/wp\/v2\/pwb-brand?post=51731"},{"taxonomy":"product_brand","embeddable":true,"href":"https:\/\/reginett.ee\/ru\/wp-json\/wp\/v2\/product_brand?post=51731"},{"taxonomy":"product_cat","embeddable":true,"href":"https:\/\/reginett.ee\/ru\/wp-json\/wp\/v2\/product_cat?post=51731"},{"taxonomy":"product_tag","embeddable":true,"href":"https:\/\/reginett.ee\/ru\/wp-json\/wp\/v2\/product_tag?post=51731"}],"curies":[{"name":"wp","href":"https:\/\/api.w.org\/{rel}","templated":true}]}}