{"id":51722,"date":"2022-02-12T19:33:01","date_gmt":"2022-02-12T16:33:01","guid":{"rendered":"https:\/\/reginett.ee\/?post_type=product&#038;p=51722"},"modified":"2024-09-16T16:22:40","modified_gmt":"2024-09-16T13:22:40","slug":"muruniiduk-al-ko-460-bio","status":"publish","type":"product","link":"https:\/\/reginett.ee\/ru\/toode\/muruniiduk-al-ko-460-bio\/","title":{"rendered":"Muruniiduk AL-KO BIO 4.67 P-B Edition"},"content":{"rendered":"<p><strong>AL-KO BIO 4.67 P-B Edition<\/strong>\u00a0on v\u00f5imas v\u00e4ike bensiinimootoriga mult\u0161iv muruniiduk.<\/p>\n<p>Ergonoomilise kujuga juhtvarras. Muru s\u00e4\u00e4stvad XL-rattad.<\/p>\n<p>Niidulaius 45cm<br \/>\nMult\u0161imine v\u00f5i k\u00fclgv\u00e4ljavise<br \/>\nVajadusel, n\u00e4iteks kui muru on puhkuse ajal liiga pikaks kasvanud v\u00f5i kui tegemist on tarbeheinamaa v\u00f5i puuviljaaiaga, saab mult\u0161imisfunktsiooniga niidukit h\u00f5lpsalt muuta k\u00fclgv\u00e4ljaviskega niidukiks.<br \/>\nKiiresti k\u00f5rgele<br \/>\nL\u00f5ikek\u00f5rgust saab rattatelgedel kiiresti ja mugavalt reguleerida. L\u00e4bivad rattateljed pakuvad stabiilsust ja kindlustavad n\u00f6\u00f6rsirge liikumise.<\/p>\n<p>Mult\u0161i printsiip<br \/>\nMult\u0161imisel keerutatakse l\u00f5igatud muru l\u00f5iketera abil korpuses \u00fcles, kus spetsiaalne nuga hekseldab muru peeneks ja puhub t\u00fckeldatud muru loomuliku v\u00e4etisena laiali \u2013 nii antakse niitmisel murule looduslikke toitaineid ja kaitstakse seda \u00e4rakuivamise eest.<\/p>\n","protected":false},"excerpt":{"rendered":"<p><strong>AL-KO BIO 4.67 P-B Edition<\/strong>\u00a0on v\u00f5imas v\u00e4ike bensiinimootoriga mult\u0161iv muruniiduk.<\/p>\n<p>Ergonoomilise kujuga juhtvarras. Muru s\u00e4\u00e4stvad XL-rattad.<\/p>\n","protected":false},"featured_media":57621,"comment_status":"open","ping_status":"closed","template":"","meta":{"_acf_changed":false,"_et_pb_use_builder":"","_et_pb_old_content":"","_et_gb_content_width":"","inline_featured_image":false},"pwb-brand":[254],"product_brand":[],"product_cat":[150,134,25],"product_tag":[113],"class_list":{"0":"post-51722","1":"product","2":"type-product","3":"status-publish","4":"has-post-thumbnail","6":"pwb-brand-al-ko","7":"product_cat-alko","8":"product_cat-eripakkumised","9":"product_cat-muruniidukid","10":"product_tag-muruniiduk","11":"product_shipping_class-rasked-asjad","13":"first","14":"outofstock","15":"sale","16":"shipping-taxable","17":"purchasable","18":"product-type-simple"},"acf":[],"yoast_head":"<!-- This site is optimized with the Yoast SEO plugin v26.6 - https:\/\/yoast.com\/wordpress\/plugins\/seo\/ -->\n<title>Muruniiduk AL-KO BIO 4.67 P-B Edition. Soodsad muruniidukid Reginetist<\/title>\n<meta name=\"description\" content=\"AL-KO BIO 4.67 P-B Edition\u00a0on v\u00f5imas v\u00e4ike bensiinimootoriga mult\u0161iv muruniiduk.Ergonoomilise kujuga juhtvarras. Muru s\u00e4\u00e4stvad XL-rattad.\" \/>\n<meta name=\"robots\" content=\"index, follow, max-snippet:-1, max-image-preview:large, max-video-preview:-1\" \/>\n<link rel=\"canonical\" href=\"https:\/\/reginett.ee\/toode\/muruniiduk-al-ko-460-bio\/\" \/>\n<meta property=\"og:locale\" content=\"ru_RU\" \/>\n<meta property=\"og:type\" content=\"article\" \/>\n<meta property=\"og:title\" content=\"Muruniiduk AL-KO BIO 4.67 P-B Edition. Soodsad muruniidukid Reginetist\" \/>\n<meta property=\"og:description\" content=\"AL-KO BIO 4.67 P-B Edition\u00a0on v\u00f5imas v\u00e4ike bensiinimootoriga mult\u0161iv muruniiduk.Ergonoomilise kujuga juhtvarras. Muru s\u00e4\u00e4stvad XL-rattad.\" \/>\n<meta property=\"og:url\" content=\"https:\/\/reginett.ee\/toode\/muruniiduk-al-ko-460-bio\/\" \/>\n<meta property=\"og:site_name\" content=\"Reginett\" \/>\n<meta property=\"article:modified_time\" content=\"2024-09-16T13:22:40+00:00\" \/>\n<meta property=\"og:image\" content=\"https:\/\/reginett.ee\/wp-content\/uploads\/2022\/02\/AL-KO-.jpg\" \/>\n\t<meta property=\"og:image:width\" content=\"680\" \/>\n\t<meta property=\"og:image:height\" content=\"372\" \/>\n\t<meta property=\"og:image:type\" content=\"image\/jpeg\" \/>\n<meta name=\"twitter:card\" content=\"summary_large_image\" \/>\n<meta name=\"twitter:label1\" content=\"\u041f\u0440\u0438\u043c\u0435\u0440\u043d\u043e\u0435 \u0432\u0440\u0435\u043c\u044f \u0434\u043b\u044f \u0447\u0442\u0435\u043d\u0438\u044f\" \/>\n\t<meta name=\"twitter:data1\" content=\"1 \u043c\u0438\u043d\u0443\u0442\u0430\" \/>\n<script type=\"application\/ld+json\" class=\"yoast-schema-graph\">{\"@context\":\"https:\/\/schema.org\",\"@graph\":[{\"@type\":\"WebPage\",\"@id\":\"https:\/\/reginett.ee\/toode\/muruniiduk-al-ko-460-bio\/\",\"url\":\"https:\/\/reginett.ee\/toode\/muruniiduk-al-ko-460-bio\/\",\"name\":\"Muruniiduk AL-KO BIO 4.67 P-B Edition. Soodsad muruniidukid Reginetist\",\"isPartOf\":{\"@id\":\"https:\/\/reginett.ee\/#website\"},\"primaryImageOfPage\":{\"@id\":\"https:\/\/reginett.ee\/toode\/muruniiduk-al-ko-460-bio\/#primaryimage\"},\"image\":{\"@id\":\"https:\/\/reginett.ee\/toode\/muruniiduk-al-ko-460-bio\/#primaryimage\"},\"thumbnailUrl\":\"https:\/\/reginett.ee\/wp-content\/uploads\/2022\/02\/AL-KO-.jpg\",\"datePublished\":\"2022-02-12T16:33:01+00:00\",\"dateModified\":\"2024-09-16T13:22:40+00:00\",\"description\":\"AL-KO BIO 4.67 P-B Edition\u00a0on v\u00f5imas v\u00e4ike bensiinimootoriga mult\u0161iv muruniiduk.Ergonoomilise kujuga juhtvarras. Muru s\u00e4\u00e4stvad XL-rattad.\",\"breadcrumb\":{\"@id\":\"https:\/\/reginett.ee\/toode\/muruniiduk-al-ko-460-bio\/#breadcrumb\"},\"inLanguage\":\"ru-RU\",\"potentialAction\":[{\"@type\":\"ReadAction\",\"target\":[\"https:\/\/reginett.ee\/toode\/muruniiduk-al-ko-460-bio\/\"]}]},{\"@type\":\"ImageObject\",\"inLanguage\":\"ru-RU\",\"@id\":\"https:\/\/reginett.ee\/toode\/muruniiduk-al-ko-460-bio\/#primaryimage\",\"url\":\"https:\/\/reginett.ee\/wp-content\/uploads\/2022\/02\/AL-KO-.jpg\",\"contentUrl\":\"https:\/\/reginett.ee\/wp-content\/uploads\/2022\/02\/AL-KO-.jpg\",\"width\":680,\"height\":372},{\"@type\":\"BreadcrumbList\",\"@id\":\"https:\/\/reginett.ee\/toode\/muruniiduk-al-ko-460-bio\/#breadcrumb\",\"itemListElement\":[{\"@type\":\"ListItem\",\"position\":1,\"name\":\"Home\",\"item\":\"https:\/\/reginett.ee\/ru\/\"},{\"@type\":\"ListItem\",\"position\":2,\"name\":\"Tooted\",\"item\":\"https:\/\/reginett.ee\/tooted\/\"},{\"@type\":\"ListItem\",\"position\":3,\"name\":\"Muruniiduk AL-KO BIO 4.67 P-B Edition\"}]},{\"@type\":\"WebSite\",\"@id\":\"https:\/\/reginett.ee\/#website\",\"url\":\"https:\/\/reginett.ee\/\",\"name\":\"Reginett\",\"description\":\"Parimad robotniidukid\",\"potentialAction\":[{\"@type\":\"SearchAction\",\"target\":{\"@type\":\"EntryPoint\",\"urlTemplate\":\"https:\/\/reginett.ee\/?s={search_term_string}\"},\"query-input\":{\"@type\":\"PropertyValueSpecification\",\"valueRequired\":true,\"valueName\":\"search_term_string\"}}],\"inLanguage\":\"ru-RU\"}]}<\/script>\n<!-- \/ Yoast SEO plugin. -->","yoast_head_json":{"title":"Muruniiduk AL-KO BIO 4.67 P-B Edition. Soodsad muruniidukid Reginetist","description":"AL-KO BIO 4.67 P-B Edition\u00a0on v\u00f5imas v\u00e4ike bensiinimootoriga mult\u0161iv muruniiduk.Ergonoomilise kujuga juhtvarras. Muru s\u00e4\u00e4stvad XL-rattad.","robots":{"index":"index","follow":"follow","max-snippet":"max-snippet:-1","max-image-preview":"max-image-preview:large","max-video-preview":"max-video-preview:-1"},"canonical":"https:\/\/reginett.ee\/toode\/muruniiduk-al-ko-460-bio\/","og_locale":"ru_RU","og_type":"article","og_title":"Muruniiduk AL-KO BIO 4.67 P-B Edition. Soodsad muruniidukid Reginetist","og_description":"AL-KO BIO 4.67 P-B Edition\u00a0on v\u00f5imas v\u00e4ike bensiinimootoriga mult\u0161iv muruniiduk.Ergonoomilise kujuga juhtvarras. Muru s\u00e4\u00e4stvad XL-rattad.","og_url":"https:\/\/reginett.ee\/toode\/muruniiduk-al-ko-460-bio\/","og_site_name":"Reginett","article_modified_time":"2024-09-16T13:22:40+00:00","og_image":[{"width":680,"height":372,"url":"https:\/\/reginett.ee\/wp-content\/uploads\/2022\/02\/AL-KO-.jpg","type":"image\/jpeg"}],"twitter_card":"summary_large_image","twitter_misc":{"\u041f\u0440\u0438\u043c\u0435\u0440\u043d\u043e\u0435 \u0432\u0440\u0435\u043c\u044f \u0434\u043b\u044f \u0447\u0442\u0435\u043d\u0438\u044f":"1 \u043c\u0438\u043d\u0443\u0442\u0430"},"schema":{"@context":"https:\/\/schema.org","@graph":[{"@type":"WebPage","@id":"https:\/\/reginett.ee\/toode\/muruniiduk-al-ko-460-bio\/","url":"https:\/\/reginett.ee\/toode\/muruniiduk-al-ko-460-bio\/","name":"Muruniiduk AL-KO BIO 4.67 P-B Edition. Soodsad muruniidukid Reginetist","isPartOf":{"@id":"https:\/\/reginett.ee\/#website"},"primaryImageOfPage":{"@id":"https:\/\/reginett.ee\/toode\/muruniiduk-al-ko-460-bio\/#primaryimage"},"image":{"@id":"https:\/\/reginett.ee\/toode\/muruniiduk-al-ko-460-bio\/#primaryimage"},"thumbnailUrl":"https:\/\/reginett.ee\/wp-content\/uploads\/2022\/02\/AL-KO-.jpg","datePublished":"2022-02-12T16:33:01+00:00","dateModified":"2024-09-16T13:22:40+00:00","description":"AL-KO BIO 4.67 P-B Edition\u00a0on v\u00f5imas v\u00e4ike bensiinimootoriga mult\u0161iv muruniiduk.Ergonoomilise kujuga juhtvarras. Muru s\u00e4\u00e4stvad XL-rattad.","breadcrumb":{"@id":"https:\/\/reginett.ee\/toode\/muruniiduk-al-ko-460-bio\/#breadcrumb"},"inLanguage":"ru-RU","potentialAction":[{"@type":"ReadAction","target":["https:\/\/reginett.ee\/toode\/muruniiduk-al-ko-460-bio\/"]}]},{"@type":"ImageObject","inLanguage":"ru-RU","@id":"https:\/\/reginett.ee\/toode\/muruniiduk-al-ko-460-bio\/#primaryimage","url":"https:\/\/reginett.ee\/wp-content\/uploads\/2022\/02\/AL-KO-.jpg","contentUrl":"https:\/\/reginett.ee\/wp-content\/uploads\/2022\/02\/AL-KO-.jpg","width":680,"height":372},{"@type":"BreadcrumbList","@id":"https:\/\/reginett.ee\/toode\/muruniiduk-al-ko-460-bio\/#breadcrumb","itemListElement":[{"@type":"ListItem","position":1,"name":"Home","item":"https:\/\/reginett.ee\/ru\/"},{"@type":"ListItem","position":2,"name":"Tooted","item":"https:\/\/reginett.ee\/tooted\/"},{"@type":"ListItem","position":3,"name":"Muruniiduk AL-KO BIO 4.67 P-B Edition"}]},{"@type":"WebSite","@id":"https:\/\/reginett.ee\/#website","url":"https:\/\/reginett.ee\/","name":"Reginett","description":"Parimad robotniidukid","potentialAction":[{"@type":"SearchAction","target":{"@type":"EntryPoint","urlTemplate":"https:\/\/reginett.ee\/?s={search_term_string}"},"query-input":{"@type":"PropertyValueSpecification","valueRequired":true,"valueName":"search_term_string"}}],"inLanguage":"ru-RU"}]}},"brands":[{"id":254,"name":"AL-KO","slug":"al-ko"}],"_links":{"self":[{"href":"https:\/\/reginett.ee\/ru\/wp-json\/wp\/v2\/product\/51722","targetHints":{"allow":["GET"]}}],"collection":[{"href":"https:\/\/reginett.ee\/ru\/wp-json\/wp\/v2\/product"}],"about":[{"href":"https:\/\/reginett.ee\/ru\/wp-json\/wp\/v2\/types\/product"}],"replies":[{"embeddable":true,"href":"https:\/\/reginett.ee\/ru\/wp-json\/wp\/v2\/comments?post=51722"}],"wp:featuredmedia":[{"embeddable":true,"href":"https:\/\/reginett.ee\/ru\/wp-json\/wp\/v2\/media\/57621"}],"wp:attachment":[{"href":"https:\/\/reginett.ee\/ru\/wp-json\/wp\/v2\/media?parent=51722"}],"wp:term":[{"taxonomy":"pwb-brand","embeddable":true,"href":"https:\/\/reginett.ee\/ru\/wp-json\/wp\/v2\/pwb-brand?post=51722"},{"taxonomy":"product_brand","embeddable":true,"href":"https:\/\/reginett.ee\/ru\/wp-json\/wp\/v2\/product_brand?post=51722"},{"taxonomy":"product_cat","embeddable":true,"href":"https:\/\/reginett.ee\/ru\/wp-json\/wp\/v2\/product_cat?post=51722"},{"taxonomy":"product_tag","embeddable":true,"href":"https:\/\/reginett.ee\/ru\/wp-json\/wp\/v2\/product_tag?post=51722"}],"curies":[{"name":"wp","href":"https:\/\/api.w.org\/{rel}","templated":true}]}}