{"id":51719,"date":"2020-04-10T19:18:28","date_gmt":"2020-04-10T19:18:28","guid":{"rendered":"https:\/\/reginett.ee\/?post_type=product&#038;p=51719"},"modified":"2021-05-17T19:01:37","modified_gmt":"2021-05-17T19:01:37","slug":"muruniiduk-al-ko-highline-51-9-sp-h-2","status":"publish","type":"product","link":"https:\/\/reginett.ee\/ru\/toode\/muruniiduk-al-ko-highline-51-9-sp-h-2\/","title":{"rendered":"Muruniiduk AL-KO Highline 527SP"},"content":{"rendered":"<p><strong>T\u00e4isvarustusega muruniiduk erihinnaga!<\/strong><\/p>\n<p>Neli \u00fches funktsioon: kogumine, mult\u0161imine, k\u00fclg- ja tahav\u00e4ljavise<\/p>\n<p>V\u00f5imas Briggs &amp; Stratton 650 series mootor, 163ccm ja 2,4kW<br \/>\nParimad kogumisomadused t\u00e4nu aerod\u00fcnaamilisele, \u00e4\u00e4rmiselt k\u00f5rgele niidukorpusele<br \/>\nMugav tsentraalne 7-astmeline k\u00f5rguse reguleerimine<br \/>\nTagarattavedu<br \/>\n70 l kerge EasyClick kinnituse ja tasemen\u00e4idikuga kogumisanum<br \/>\nEesmine k\u00e4epide mugavaks transportimiseks<br \/>\nKergelt l\u00fckatav ja h\u00f5lpsalt man\u00f6\u00f6verdatav t\u00e4nu kuullaagritega kergetele XXL ratastele<br \/>\nSuur 51 cm l\u00f5ikelaius<br \/>\nJ\u00f5udu s\u00e4\u00e4stva \u00fchek\u00e4igulise rattaajamiga<br \/>\nKaal 36,6kg<\/p>\n","protected":false},"excerpt":{"rendered":"<p><strong>T\u00e4isvarustusega muruniiduk erihinnaga!<\/strong><\/p>\n<p>Neli \u00fches funktsioon: kogumine, mult\u0161imine, k\u00fclg- ja tahav\u00e4ljavise<br \/>\nV\u00f5imas Briggs &amp; Stratton 650 series mootor, 163ccm ja 2,4kW<br \/>\nParimad kogumisomadused t\u00e4nu aerod\u00fcnaamilisele, \u00e4\u00e4rmiselt k\u00f5rgele niidukorpusele<br \/>\nMugav tsentraalne 7-astmeline k\u00f5rguse reguleerimine<br \/>\nTagarattavedu<\/p>\n","protected":false},"featured_media":52850,"comment_status":"open","ping_status":"closed","template":"","meta":{"_acf_changed":false,"_et_pb_use_builder":"","_et_pb_old_content":"","_et_gb_content_width":"","inline_featured_image":false},"pwb-brand":[],"product_brand":[],"product_cat":[150,25],"product_tag":[113],"class_list":{"0":"post-51719","1":"product","2":"type-product","3":"status-publish","4":"has-post-thumbnail","6":"product_cat-alko","7":"product_cat-muruniidukid","8":"product_tag-muruniiduk","9":"product_shipping_class-rasked-asjad","11":"first","12":"outofstock","13":"sale","14":"shipping-taxable","15":"purchasable","16":"product-type-simple"},"acf":[],"yoast_head":"<!-- This site is optimized with the Yoast SEO plugin v26.6 - https:\/\/yoast.com\/wordpress\/plugins\/seo\/ -->\n<title>Muruniiduk AL-KO Highline 527SP - Reginett<\/title>\n<meta name=\"robots\" content=\"index, follow, max-snippet:-1, max-image-preview:large, max-video-preview:-1\" \/>\n<link rel=\"canonical\" href=\"https:\/\/reginett.ee\/toode\/muruniiduk-al-ko-highline-51-9-sp-h-2\/\" \/>\n<meta property=\"og:locale\" content=\"ru_RU\" \/>\n<meta property=\"og:type\" content=\"article\" \/>\n<meta property=\"og:title\" content=\"Muruniiduk AL-KO Highline 527SP - Reginett\" \/>\n<meta property=\"og:description\" content=\"T\u00e4isvarustusega muruniiduk erihinnaga!  Neli \u00fches funktsioon: kogumine, mult\u0161imine, k\u00fclg- ja tahav\u00e4ljavise V\u00f5imas Briggs &amp; Stratton 650 series mootor, 163ccm ja 2,4kW Parimad kogumisomadused t\u00e4nu aerod\u00fcnaamilisele, \u00e4\u00e4rmiselt k\u00f5rgele niidukorpusele Mugav tsentraalne 7-astmeline k\u00f5rguse reguleerimine Tagarattavedu\" \/>\n<meta property=\"og:url\" content=\"https:\/\/reginett.ee\/toode\/muruniiduk-al-ko-highline-51-9-sp-h-2\/\" \/>\n<meta property=\"og:site_name\" content=\"Reginett\" \/>\n<meta property=\"article:modified_time\" content=\"2021-05-17T19:01:37+00:00\" \/>\n<meta property=\"og:image\" content=\"https:\/\/reginett.ee\/wp-content\/uploads\/2020\/04\/AL-KO-Highline-527SP-1.jpg\" \/>\n\t<meta property=\"og:image:width\" content=\"680\" \/>\n\t<meta property=\"og:image:height\" content=\"372\" \/>\n\t<meta property=\"og:image:type\" content=\"image\/jpeg\" \/>\n<meta name=\"twitter:card\" content=\"summary_large_image\" \/>\n<script type=\"application\/ld+json\" class=\"yoast-schema-graph\">{\"@context\":\"https:\/\/schema.org\",\"@graph\":[{\"@type\":\"WebPage\",\"@id\":\"https:\/\/reginett.ee\/toode\/muruniiduk-al-ko-highline-51-9-sp-h-2\/\",\"url\":\"https:\/\/reginett.ee\/toode\/muruniiduk-al-ko-highline-51-9-sp-h-2\/\",\"name\":\"Muruniiduk AL-KO Highline 527SP - Reginett\",\"isPartOf\":{\"@id\":\"https:\/\/reginett.ee\/#website\"},\"primaryImageOfPage\":{\"@id\":\"https:\/\/reginett.ee\/toode\/muruniiduk-al-ko-highline-51-9-sp-h-2\/#primaryimage\"},\"image\":{\"@id\":\"https:\/\/reginett.ee\/toode\/muruniiduk-al-ko-highline-51-9-sp-h-2\/#primaryimage\"},\"thumbnailUrl\":\"https:\/\/reginett.ee\/wp-content\/uploads\/2020\/04\/AL-KO-Highline-527SP-1.jpg\",\"datePublished\":\"2020-04-10T19:18:28+00:00\",\"dateModified\":\"2021-05-17T19:01:37+00:00\",\"breadcrumb\":{\"@id\":\"https:\/\/reginett.ee\/toode\/muruniiduk-al-ko-highline-51-9-sp-h-2\/#breadcrumb\"},\"inLanguage\":\"ru-RU\",\"potentialAction\":[{\"@type\":\"ReadAction\",\"target\":[\"https:\/\/reginett.ee\/toode\/muruniiduk-al-ko-highline-51-9-sp-h-2\/\"]}]},{\"@type\":\"ImageObject\",\"inLanguage\":\"ru-RU\",\"@id\":\"https:\/\/reginett.ee\/toode\/muruniiduk-al-ko-highline-51-9-sp-h-2\/#primaryimage\",\"url\":\"https:\/\/reginett.ee\/wp-content\/uploads\/2020\/04\/AL-KO-Highline-527SP-1.jpg\",\"contentUrl\":\"https:\/\/reginett.ee\/wp-content\/uploads\/2020\/04\/AL-KO-Highline-527SP-1.jpg\",\"width\":680,\"height\":372,\"caption\":\"AL-KO Highline 527SP\"},{\"@type\":\"BreadcrumbList\",\"@id\":\"https:\/\/reginett.ee\/toode\/muruniiduk-al-ko-highline-51-9-sp-h-2\/#breadcrumb\",\"itemListElement\":[{\"@type\":\"ListItem\",\"position\":1,\"name\":\"Home\",\"item\":\"https:\/\/reginett.ee\/ru\/\"},{\"@type\":\"ListItem\",\"position\":2,\"name\":\"Tooted\",\"item\":\"https:\/\/reginett.ee\/tooted\/\"},{\"@type\":\"ListItem\",\"position\":3,\"name\":\"Muruniiduk AL-KO Highline 527SP\"}]},{\"@type\":\"WebSite\",\"@id\":\"https:\/\/reginett.ee\/#website\",\"url\":\"https:\/\/reginett.ee\/\",\"name\":\"Reginett\",\"description\":\"Parimad robotniidukid\",\"potentialAction\":[{\"@type\":\"SearchAction\",\"target\":{\"@type\":\"EntryPoint\",\"urlTemplate\":\"https:\/\/reginett.ee\/?s={search_term_string}\"},\"query-input\":{\"@type\":\"PropertyValueSpecification\",\"valueRequired\":true,\"valueName\":\"search_term_string\"}}],\"inLanguage\":\"ru-RU\"}]}<\/script>\n<!-- \/ Yoast SEO plugin. -->","yoast_head_json":{"title":"Muruniiduk AL-KO Highline 527SP - Reginett","robots":{"index":"index","follow":"follow","max-snippet":"max-snippet:-1","max-image-preview":"max-image-preview:large","max-video-preview":"max-video-preview:-1"},"canonical":"https:\/\/reginett.ee\/toode\/muruniiduk-al-ko-highline-51-9-sp-h-2\/","og_locale":"ru_RU","og_type":"article","og_title":"Muruniiduk AL-KO Highline 527SP - Reginett","og_description":"T\u00e4isvarustusega muruniiduk erihinnaga!  Neli \u00fches funktsioon: kogumine, mult\u0161imine, k\u00fclg- ja tahav\u00e4ljavise V\u00f5imas Briggs &amp; Stratton 650 series mootor, 163ccm ja 2,4kW Parimad kogumisomadused t\u00e4nu aerod\u00fcnaamilisele, \u00e4\u00e4rmiselt k\u00f5rgele niidukorpusele Mugav tsentraalne 7-astmeline k\u00f5rguse reguleerimine Tagarattavedu","og_url":"https:\/\/reginett.ee\/toode\/muruniiduk-al-ko-highline-51-9-sp-h-2\/","og_site_name":"Reginett","article_modified_time":"2021-05-17T19:01:37+00:00","og_image":[{"width":680,"height":372,"url":"https:\/\/reginett.ee\/wp-content\/uploads\/2020\/04\/AL-KO-Highline-527SP-1.jpg","type":"image\/jpeg"}],"twitter_card":"summary_large_image","schema":{"@context":"https:\/\/schema.org","@graph":[{"@type":"WebPage","@id":"https:\/\/reginett.ee\/toode\/muruniiduk-al-ko-highline-51-9-sp-h-2\/","url":"https:\/\/reginett.ee\/toode\/muruniiduk-al-ko-highline-51-9-sp-h-2\/","name":"Muruniiduk AL-KO Highline 527SP - Reginett","isPartOf":{"@id":"https:\/\/reginett.ee\/#website"},"primaryImageOfPage":{"@id":"https:\/\/reginett.ee\/toode\/muruniiduk-al-ko-highline-51-9-sp-h-2\/#primaryimage"},"image":{"@id":"https:\/\/reginett.ee\/toode\/muruniiduk-al-ko-highline-51-9-sp-h-2\/#primaryimage"},"thumbnailUrl":"https:\/\/reginett.ee\/wp-content\/uploads\/2020\/04\/AL-KO-Highline-527SP-1.jpg","datePublished":"2020-04-10T19:18:28+00:00","dateModified":"2021-05-17T19:01:37+00:00","breadcrumb":{"@id":"https:\/\/reginett.ee\/toode\/muruniiduk-al-ko-highline-51-9-sp-h-2\/#breadcrumb"},"inLanguage":"ru-RU","potentialAction":[{"@type":"ReadAction","target":["https:\/\/reginett.ee\/toode\/muruniiduk-al-ko-highline-51-9-sp-h-2\/"]}]},{"@type":"ImageObject","inLanguage":"ru-RU","@id":"https:\/\/reginett.ee\/toode\/muruniiduk-al-ko-highline-51-9-sp-h-2\/#primaryimage","url":"https:\/\/reginett.ee\/wp-content\/uploads\/2020\/04\/AL-KO-Highline-527SP-1.jpg","contentUrl":"https:\/\/reginett.ee\/wp-content\/uploads\/2020\/04\/AL-KO-Highline-527SP-1.jpg","width":680,"height":372,"caption":"AL-KO Highline 527SP"},{"@type":"BreadcrumbList","@id":"https:\/\/reginett.ee\/toode\/muruniiduk-al-ko-highline-51-9-sp-h-2\/#breadcrumb","itemListElement":[{"@type":"ListItem","position":1,"name":"Home","item":"https:\/\/reginett.ee\/ru\/"},{"@type":"ListItem","position":2,"name":"Tooted","item":"https:\/\/reginett.ee\/tooted\/"},{"@type":"ListItem","position":3,"name":"Muruniiduk AL-KO Highline 527SP"}]},{"@type":"WebSite","@id":"https:\/\/reginett.ee\/#website","url":"https:\/\/reginett.ee\/","name":"Reginett","description":"Parimad robotniidukid","potentialAction":[{"@type":"SearchAction","target":{"@type":"EntryPoint","urlTemplate":"https:\/\/reginett.ee\/?s={search_term_string}"},"query-input":{"@type":"PropertyValueSpecification","valueRequired":true,"valueName":"search_term_string"}}],"inLanguage":"ru-RU"}]}},"brands":[],"_links":{"self":[{"href":"https:\/\/reginett.ee\/ru\/wp-json\/wp\/v2\/product\/51719","targetHints":{"allow":["GET"]}}],"collection":[{"href":"https:\/\/reginett.ee\/ru\/wp-json\/wp\/v2\/product"}],"about":[{"href":"https:\/\/reginett.ee\/ru\/wp-json\/wp\/v2\/types\/product"}],"replies":[{"embeddable":true,"href":"https:\/\/reginett.ee\/ru\/wp-json\/wp\/v2\/comments?post=51719"}],"wp:featuredmedia":[{"embeddable":true,"href":"https:\/\/reginett.ee\/ru\/wp-json\/wp\/v2\/media\/52850"}],"wp:attachment":[{"href":"https:\/\/reginett.ee\/ru\/wp-json\/wp\/v2\/media?parent=51719"}],"wp:term":[{"taxonomy":"pwb-brand","embeddable":true,"href":"https:\/\/reginett.ee\/ru\/wp-json\/wp\/v2\/pwb-brand?post=51719"},{"taxonomy":"product_brand","embeddable":true,"href":"https:\/\/reginett.ee\/ru\/wp-json\/wp\/v2\/product_brand?post=51719"},{"taxonomy":"product_cat","embeddable":true,"href":"https:\/\/reginett.ee\/ru\/wp-json\/wp\/v2\/product_cat?post=51719"},{"taxonomy":"product_tag","embeddable":true,"href":"https:\/\/reginett.ee\/ru\/wp-json\/wp\/v2\/product_tag?post=51719"}],"curies":[{"name":"wp","href":"https:\/\/api.w.org\/{rel}","templated":true}]}}