{"id":51705,"date":"2025-12-30T19:34:18","date_gmt":"2025-12-30T16:34:18","guid":{"rendered":"https:\/\/reginett.ee\/?post_type=product&#038;p=51705"},"modified":"2026-01-27T16:56:17","modified_gmt":"2026-01-27T13:56:17","slug":"muruniiduk-husqvarna-lb256s-uus","status":"publish","type":"product","link":"https:\/\/reginett.ee\/ru\/toode\/muruniiduk-husqvarna-lb256s-uus\/","title":{"rendered":"Muruniiduk Husqvarna LB256SP"},"content":{"rendered":"<p>Husqvarna LB256SP on vastupidav, 56 cm niidulaiusega ning \u00fche kiirusega edasiveoga muruniiduk kodukasutuseks. Varustatud lihtsasti k\u00e4ivituva ning v\u00f5imsa Husqvarna mootoriga.<\/p>\n<p>K\u00fclgv\u00e4ljavise. Husqvarna LB256SP mudelil on tagarattavedu.<\/p>\n<h3>BioClip\u00ae<\/h3>\n<p>Rohulibled l\u00f5igatakse v\u00e4ikesteks t\u00fckkideks ja paisatakse tagasi murule v\u00e4etiseks.<\/p>\n<h3>Ergonoomiline k\u00e4epide<\/h3>\n<p>Ergonoomiline nurga all olev k\u00e4epide koos veo-ja pidurihoovaga teeb kasutamise mugavaks.<\/p>\n<h3>Lihtsalt kokkuk\u00e4iv k\u00e4epide<\/h3>\n<p>Kokkuk\u00e4iv k\u00e4epide lihtsustab transportimist ja v\u00f5tab v\u00e4hem ruumi hoiustamise<\/p>\n<h3>Kaks-\u00fches l\u00f5ikes\u00fcsteem<\/h3>\n<p>See niiduk pakub mitmeid niitmisv\u00f5imalusi. Vali niitmisviis mis sobib antud tingimustele sobivaima tulemuse saavutamsieks; BioClip\u00ae peenestamine muru v\u00e4etamiseks,v\u00e4ljavise harvemin niidetavatele aladele.<\/p>\n<h3>Lihtne l\u00f5ikek\u00f5rguse reguleerimine<\/h3>\n<p>\u00dche k\u00e4ega l\u00f5ikek\u00f5rguse seadistamine tagab mugavuse.<\/p>\n<p>&nbsp;<\/p>\n<p>&nbsp;<\/p>\n","protected":false},"excerpt":{"rendered":"<p>Husqvarna LB256SP on kodukasutusse m\u00f5eldud tagarattaveoga muruniiduk. V\u00f5imalus kasutada k\u00fclgv\u00e4ljaviset v\u00f5i mult\u0161imist. Lihtsasti kokkuvolditav k\u00e4epide ja niiduk\u00f5rguse reguleerimine.<\/p>\n<p>Niidulaius 56 cm.<\/p>\n","protected":false},"featured_media":54154,"comment_status":"open","ping_status":"closed","template":"","meta":{"_acf_changed":false,"_et_pb_use_builder":"","_et_pb_old_content":"","_et_gb_content_width":"","inline_featured_image":false},"pwb-brand":[],"product_brand":[],"product_cat":[134,37,25],"product_tag":[113],"class_list":{"0":"post-51705","1":"product","2":"type-product","3":"status-publish","4":"has-post-thumbnail","6":"product_cat-eripakkumised","7":"product_cat-husqvarna","8":"product_cat-muruniidukid","9":"product_tag-muruniiduk","10":"product_shipping_class-soodsam-kuller-15-eur","12":"first","13":"instock","14":"shipping-taxable","15":"purchasable","16":"product-type-simple"},"acf":[],"yoast_head":"<!-- This site is optimized with the Yoast SEO plugin v26.6 - https:\/\/yoast.com\/wordpress\/plugins\/seo\/ -->\n<title>Muruniiduk Husqvarna LB256SP. Parimad muruniidukid Reginetist<\/title>\n<meta name=\"description\" content=\"Husqvarna LB256SP on vastupidav, 56 cm niidulaiusega ning \u00fche kiirusega edasiveoga muruniiduk kodukasutuseks.\" \/>\n<meta name=\"robots\" content=\"index, follow, max-snippet:-1, max-image-preview:large, max-video-preview:-1\" \/>\n<link rel=\"canonical\" href=\"https:\/\/reginett.ee\/toode\/muruniiduk-husqvarna-lb256s-uus\/\" \/>\n<meta property=\"og:locale\" content=\"ru_RU\" \/>\n<meta property=\"og:type\" content=\"article\" \/>\n<meta property=\"og:title\" content=\"Muruniiduk Husqvarna LB256SP. Parimad muruniidukid Reginetist\" \/>\n<meta property=\"og:description\" content=\"Husqvarna LB256SP on vastupidav, 56 cm niidulaiusega ning \u00fche kiirusega edasiveoga muruniiduk kodukasutuseks.\" \/>\n<meta property=\"og:url\" content=\"https:\/\/reginett.ee\/toode\/muruniiduk-husqvarna-lb256s-uus\/\" \/>\n<meta property=\"og:site_name\" content=\"Reginett\" \/>\n<meta property=\"article:modified_time\" content=\"2026-01-27T13:56:17+00:00\" \/>\n<meta property=\"og:image\" content=\"https:\/\/reginett.ee\/wp-content\/uploads\/2020\/04\/Husqvarna-LB256SP-scaled.jpg\" \/>\n\t<meta property=\"og:image:width\" content=\"2560\" \/>\n\t<meta property=\"og:image:height\" content=\"2008\" \/>\n\t<meta property=\"og:image:type\" content=\"image\/jpeg\" \/>\n<meta name=\"twitter:card\" content=\"summary_large_image\" \/>\n<meta name=\"twitter:label1\" content=\"\u041f\u0440\u0438\u043c\u0435\u0440\u043d\u043e\u0435 \u0432\u0440\u0435\u043c\u044f \u0434\u043b\u044f \u0447\u0442\u0435\u043d\u0438\u044f\" \/>\n\t<meta name=\"twitter:data1\" content=\"1 \u043c\u0438\u043d\u0443\u0442\u0430\" \/>\n<script type=\"application\/ld+json\" class=\"yoast-schema-graph\">{\"@context\":\"https:\/\/schema.org\",\"@graph\":[{\"@type\":\"WebPage\",\"@id\":\"https:\/\/reginett.ee\/toode\/muruniiduk-husqvarna-lb256s-uus\/\",\"url\":\"https:\/\/reginett.ee\/toode\/muruniiduk-husqvarna-lb256s-uus\/\",\"name\":\"Muruniiduk Husqvarna LB256SP. Parimad muruniidukid Reginetist\",\"isPartOf\":{\"@id\":\"https:\/\/reginett.ee\/#website\"},\"primaryImageOfPage\":{\"@id\":\"https:\/\/reginett.ee\/toode\/muruniiduk-husqvarna-lb256s-uus\/#primaryimage\"},\"image\":{\"@id\":\"https:\/\/reginett.ee\/toode\/muruniiduk-husqvarna-lb256s-uus\/#primaryimage\"},\"thumbnailUrl\":\"https:\/\/reginett.ee\/wp-content\/uploads\/2020\/04\/Husqvarna-LB256SP-scaled.jpg\",\"datePublished\":\"2025-12-30T16:34:18+00:00\",\"dateModified\":\"2026-01-27T13:56:17+00:00\",\"description\":\"Husqvarna LB256SP on vastupidav, 56 cm niidulaiusega ning \u00fche kiirusega edasiveoga muruniiduk kodukasutuseks.\",\"breadcrumb\":{\"@id\":\"https:\/\/reginett.ee\/toode\/muruniiduk-husqvarna-lb256s-uus\/#breadcrumb\"},\"inLanguage\":\"ru-RU\",\"potentialAction\":[{\"@type\":\"ReadAction\",\"target\":[\"https:\/\/reginett.ee\/toode\/muruniiduk-husqvarna-lb256s-uus\/\"]}]},{\"@type\":\"ImageObject\",\"inLanguage\":\"ru-RU\",\"@id\":\"https:\/\/reginett.ee\/toode\/muruniiduk-husqvarna-lb256s-uus\/#primaryimage\",\"url\":\"https:\/\/reginett.ee\/wp-content\/uploads\/2020\/04\/Husqvarna-LB256SP-scaled.jpg\",\"contentUrl\":\"https:\/\/reginett.ee\/wp-content\/uploads\/2020\/04\/Husqvarna-LB256SP-scaled.jpg\",\"width\":2560,\"height\":2008,\"caption\":\"Husqvarna LB256SP\"},{\"@type\":\"BreadcrumbList\",\"@id\":\"https:\/\/reginett.ee\/toode\/muruniiduk-husqvarna-lb256s-uus\/#breadcrumb\",\"itemListElement\":[{\"@type\":\"ListItem\",\"position\":1,\"name\":\"Home\",\"item\":\"https:\/\/reginett.ee\/ru\/\"},{\"@type\":\"ListItem\",\"position\":2,\"name\":\"Tooted\",\"item\":\"https:\/\/reginett.ee\/tooted\/\"},{\"@type\":\"ListItem\",\"position\":3,\"name\":\"Muruniiduk Husqvarna LB256SP\"}]},{\"@type\":\"WebSite\",\"@id\":\"https:\/\/reginett.ee\/#website\",\"url\":\"https:\/\/reginett.ee\/\",\"name\":\"Reginett\",\"description\":\"Parimad robotniidukid\",\"potentialAction\":[{\"@type\":\"SearchAction\",\"target\":{\"@type\":\"EntryPoint\",\"urlTemplate\":\"https:\/\/reginett.ee\/?s={search_term_string}\"},\"query-input\":{\"@type\":\"PropertyValueSpecification\",\"valueRequired\":true,\"valueName\":\"search_term_string\"}}],\"inLanguage\":\"ru-RU\"}]}<\/script>\n<!-- \/ Yoast SEO plugin. -->","yoast_head_json":{"title":"Muruniiduk Husqvarna LB256SP. Parimad muruniidukid Reginetist","description":"Husqvarna LB256SP on vastupidav, 56 cm niidulaiusega ning \u00fche kiirusega edasiveoga muruniiduk kodukasutuseks.","robots":{"index":"index","follow":"follow","max-snippet":"max-snippet:-1","max-image-preview":"max-image-preview:large","max-video-preview":"max-video-preview:-1"},"canonical":"https:\/\/reginett.ee\/toode\/muruniiduk-husqvarna-lb256s-uus\/","og_locale":"ru_RU","og_type":"article","og_title":"Muruniiduk Husqvarna LB256SP. Parimad muruniidukid Reginetist","og_description":"Husqvarna LB256SP on vastupidav, 56 cm niidulaiusega ning \u00fche kiirusega edasiveoga muruniiduk kodukasutuseks.","og_url":"https:\/\/reginett.ee\/toode\/muruniiduk-husqvarna-lb256s-uus\/","og_site_name":"Reginett","article_modified_time":"2026-01-27T13:56:17+00:00","og_image":[{"width":2560,"height":2008,"url":"https:\/\/reginett.ee\/wp-content\/uploads\/2020\/04\/Husqvarna-LB256SP-scaled.jpg","type":"image\/jpeg"}],"twitter_card":"summary_large_image","twitter_misc":{"\u041f\u0440\u0438\u043c\u0435\u0440\u043d\u043e\u0435 \u0432\u0440\u0435\u043c\u044f \u0434\u043b\u044f \u0447\u0442\u0435\u043d\u0438\u044f":"1 \u043c\u0438\u043d\u0443\u0442\u0430"},"schema":{"@context":"https:\/\/schema.org","@graph":[{"@type":"WebPage","@id":"https:\/\/reginett.ee\/toode\/muruniiduk-husqvarna-lb256s-uus\/","url":"https:\/\/reginett.ee\/toode\/muruniiduk-husqvarna-lb256s-uus\/","name":"Muruniiduk Husqvarna LB256SP. Parimad muruniidukid Reginetist","isPartOf":{"@id":"https:\/\/reginett.ee\/#website"},"primaryImageOfPage":{"@id":"https:\/\/reginett.ee\/toode\/muruniiduk-husqvarna-lb256s-uus\/#primaryimage"},"image":{"@id":"https:\/\/reginett.ee\/toode\/muruniiduk-husqvarna-lb256s-uus\/#primaryimage"},"thumbnailUrl":"https:\/\/reginett.ee\/wp-content\/uploads\/2020\/04\/Husqvarna-LB256SP-scaled.jpg","datePublished":"2025-12-30T16:34:18+00:00","dateModified":"2026-01-27T13:56:17+00:00","description":"Husqvarna LB256SP on vastupidav, 56 cm niidulaiusega ning \u00fche kiirusega edasiveoga muruniiduk kodukasutuseks.","breadcrumb":{"@id":"https:\/\/reginett.ee\/toode\/muruniiduk-husqvarna-lb256s-uus\/#breadcrumb"},"inLanguage":"ru-RU","potentialAction":[{"@type":"ReadAction","target":["https:\/\/reginett.ee\/toode\/muruniiduk-husqvarna-lb256s-uus\/"]}]},{"@type":"ImageObject","inLanguage":"ru-RU","@id":"https:\/\/reginett.ee\/toode\/muruniiduk-husqvarna-lb256s-uus\/#primaryimage","url":"https:\/\/reginett.ee\/wp-content\/uploads\/2020\/04\/Husqvarna-LB256SP-scaled.jpg","contentUrl":"https:\/\/reginett.ee\/wp-content\/uploads\/2020\/04\/Husqvarna-LB256SP-scaled.jpg","width":2560,"height":2008,"caption":"Husqvarna LB256SP"},{"@type":"BreadcrumbList","@id":"https:\/\/reginett.ee\/toode\/muruniiduk-husqvarna-lb256s-uus\/#breadcrumb","itemListElement":[{"@type":"ListItem","position":1,"name":"Home","item":"https:\/\/reginett.ee\/ru\/"},{"@type":"ListItem","position":2,"name":"Tooted","item":"https:\/\/reginett.ee\/tooted\/"},{"@type":"ListItem","position":3,"name":"Muruniiduk Husqvarna LB256SP"}]},{"@type":"WebSite","@id":"https:\/\/reginett.ee\/#website","url":"https:\/\/reginett.ee\/","name":"Reginett","description":"Parimad robotniidukid","potentialAction":[{"@type":"SearchAction","target":{"@type":"EntryPoint","urlTemplate":"https:\/\/reginett.ee\/?s={search_term_string}"},"query-input":{"@type":"PropertyValueSpecification","valueRequired":true,"valueName":"search_term_string"}}],"inLanguage":"ru-RU"}]}},"brands":[],"_links":{"self":[{"href":"https:\/\/reginett.ee\/ru\/wp-json\/wp\/v2\/product\/51705","targetHints":{"allow":["GET"]}}],"collection":[{"href":"https:\/\/reginett.ee\/ru\/wp-json\/wp\/v2\/product"}],"about":[{"href":"https:\/\/reginett.ee\/ru\/wp-json\/wp\/v2\/types\/product"}],"replies":[{"embeddable":true,"href":"https:\/\/reginett.ee\/ru\/wp-json\/wp\/v2\/comments?post=51705"}],"wp:featuredmedia":[{"embeddable":true,"href":"https:\/\/reginett.ee\/ru\/wp-json\/wp\/v2\/media\/54154"}],"wp:attachment":[{"href":"https:\/\/reginett.ee\/ru\/wp-json\/wp\/v2\/media?parent=51705"}],"wp:term":[{"taxonomy":"pwb-brand","embeddable":true,"href":"https:\/\/reginett.ee\/ru\/wp-json\/wp\/v2\/pwb-brand?post=51705"},{"taxonomy":"product_brand","embeddable":true,"href":"https:\/\/reginett.ee\/ru\/wp-json\/wp\/v2\/product_brand?post=51705"},{"taxonomy":"product_cat","embeddable":true,"href":"https:\/\/reginett.ee\/ru\/wp-json\/wp\/v2\/product_cat?post=51705"},{"taxonomy":"product_tag","embeddable":true,"href":"https:\/\/reginett.ee\/ru\/wp-json\/wp\/v2\/product_tag?post=51705"}],"curies":[{"name":"wp","href":"https:\/\/api.w.org\/{rel}","templated":true}]}}