{"id":51697,"date":"2020-12-23T09:34:41","date_gmt":"2020-12-23T06:34:41","guid":{"rendered":"https:\/\/reginett.ee\/?post_type=product&#038;p=51697"},"modified":"2025-03-03T12:07:58","modified_gmt":"2025-03-03T09:07:58","slug":"mootorsae-komplekt-lastele-husqvarna","status":"publish","type":"product","link":"https:\/\/reginett.ee\/ru\/toode\/mootorsae-komplekt-lastele-husqvarna\/","title":{"rendered":"Mootorsae komplekt lastele Husqvarna"},"content":{"rendered":"<p>N\u00e4eb v\u00e4lja nagu t\u00f5eline Husqvarna 440 Kettsaag. M\u00e4nguasi on lastele vanuses alates 3. eluaastast. Teeb t\u00f5elist mootorsae h\u00e4\u00e4lt. Plastikust kett liigub.<\/p>\n<p>Komplektis:<br \/>\n*Saag<br \/>\n*Kiiver<br \/>\n*Kindad<br \/>\n\u2022 Ideaalne kingitus lastele! \u2022<\/p>\n","protected":false},"excerpt":{"rendered":"<p>N\u00e4eb v\u00e4lja nagu t\u00f5eline Husqvarna 440 Kettsaag. M\u00e4nguasi on lastele vanuses alates 3. eluaastast. Teeb t\u00f5elist mootorsae h\u00e4\u00e4lt. Plastikust kett liigub.<\/p>\n","protected":false},"featured_media":51698,"comment_status":"open","ping_status":"closed","template":"","meta":{"_acf_changed":false,"_et_pb_use_builder":"","_et_pb_old_content":"","_et_gb_content_width":"","inline_featured_image":false},"pwb-brand":[147],"product_brand":[],"product_cat":[134,37,33],"product_tag":[359,118,119],"class_list":{"0":"post-51697","1":"product","2":"type-product","3":"status-publish","4":"has-post-thumbnail","6":"pwb-brand-husqvarna","7":"product_cat-eripakkumised","8":"product_cat-husqvarna","9":"product_cat-lastele","10":"product_tag-laste-saekomplekt","11":"product_tag-lastele","12":"product_tag-manguasjad","14":"first","15":"outofstock","16":"sale","17":"shipping-taxable","18":"purchasable","19":"product-type-simple"},"acf":[],"yoast_head":"<!-- This site is optimized with the Yoast SEO plugin v26.6 - https:\/\/yoast.com\/wordpress\/plugins\/seo\/ -->\n<title>Mootorsae komplekt lastele Husqvarna - Reginett<\/title>\n<meta name=\"robots\" content=\"index, follow, max-snippet:-1, max-image-preview:large, max-video-preview:-1\" \/>\n<link rel=\"canonical\" href=\"https:\/\/reginett.ee\/toode\/mootorsae-komplekt-lastele-husqvarna\/\" \/>\n<meta property=\"og:locale\" content=\"ru_RU\" \/>\n<meta property=\"og:type\" content=\"article\" \/>\n<meta property=\"og:title\" content=\"Mootorsae komplekt lastele Husqvarna - Reginett\" \/>\n<meta property=\"og:description\" content=\"N\u00e4eb v\u00e4lja nagu t\u00f5eline Husqvarna 440 Kettsaag. M\u00e4nguasi on lastele vanuses alates 3. eluaastast. Teeb t\u00f5elist mootorsae h\u00e4\u00e4lt. Plastikust kett liigub.\" \/>\n<meta property=\"og:url\" content=\"https:\/\/reginett.ee\/toode\/mootorsae-komplekt-lastele-husqvarna\/\" \/>\n<meta property=\"og:site_name\" content=\"Reginett\" \/>\n<meta property=\"article:modified_time\" content=\"2025-03-03T09:07:58+00:00\" \/>\n<meta property=\"og:image\" content=\"https:\/\/reginett.ee\/wp-content\/uploads\/2020\/04\/Laste-sae-komplekt.jpg\" \/>\n\t<meta property=\"og:image:width\" content=\"300\" \/>\n\t<meta property=\"og:image:height\" content=\"188\" \/>\n\t<meta property=\"og:image:type\" content=\"image\/jpeg\" \/>\n<meta name=\"twitter:card\" content=\"summary_large_image\" \/>\n<script type=\"application\/ld+json\" class=\"yoast-schema-graph\">{\"@context\":\"https:\/\/schema.org\",\"@graph\":[{\"@type\":\"WebPage\",\"@id\":\"https:\/\/reginett.ee\/toode\/mootorsae-komplekt-lastele-husqvarna\/\",\"url\":\"https:\/\/reginett.ee\/toode\/mootorsae-komplekt-lastele-husqvarna\/\",\"name\":\"Mootorsae komplekt lastele Husqvarna - Reginett\",\"isPartOf\":{\"@id\":\"https:\/\/reginett.ee\/#website\"},\"primaryImageOfPage\":{\"@id\":\"https:\/\/reginett.ee\/toode\/mootorsae-komplekt-lastele-husqvarna\/#primaryimage\"},\"image\":{\"@id\":\"https:\/\/reginett.ee\/toode\/mootorsae-komplekt-lastele-husqvarna\/#primaryimage\"},\"thumbnailUrl\":\"https:\/\/reginett.ee\/wp-content\/uploads\/2020\/04\/Laste-sae-komplekt.jpg\",\"datePublished\":\"2020-12-23T06:34:41+00:00\",\"dateModified\":\"2025-03-03T09:07:58+00:00\",\"breadcrumb\":{\"@id\":\"https:\/\/reginett.ee\/toode\/mootorsae-komplekt-lastele-husqvarna\/#breadcrumb\"},\"inLanguage\":\"ru-RU\",\"potentialAction\":[{\"@type\":\"ReadAction\",\"target\":[\"https:\/\/reginett.ee\/toode\/mootorsae-komplekt-lastele-husqvarna\/\"]}]},{\"@type\":\"ImageObject\",\"inLanguage\":\"ru-RU\",\"@id\":\"https:\/\/reginett.ee\/toode\/mootorsae-komplekt-lastele-husqvarna\/#primaryimage\",\"url\":\"https:\/\/reginett.ee\/wp-content\/uploads\/2020\/04\/Laste-sae-komplekt.jpg\",\"contentUrl\":\"https:\/\/reginett.ee\/wp-content\/uploads\/2020\/04\/Laste-sae-komplekt.jpg\",\"width\":300,\"height\":188,\"caption\":\"mootorsae komplekt husqvarna\"},{\"@type\":\"BreadcrumbList\",\"@id\":\"https:\/\/reginett.ee\/toode\/mootorsae-komplekt-lastele-husqvarna\/#breadcrumb\",\"itemListElement\":[{\"@type\":\"ListItem\",\"position\":1,\"name\":\"Home\",\"item\":\"https:\/\/reginett.ee\/ru\/\"},{\"@type\":\"ListItem\",\"position\":2,\"name\":\"Tooted\",\"item\":\"https:\/\/reginett.ee\/tooted\/\"},{\"@type\":\"ListItem\",\"position\":3,\"name\":\"Mootorsae komplekt lastele Husqvarna\"}]},{\"@type\":\"WebSite\",\"@id\":\"https:\/\/reginett.ee\/#website\",\"url\":\"https:\/\/reginett.ee\/\",\"name\":\"Reginett\",\"description\":\"Parimad robotniidukid\",\"potentialAction\":[{\"@type\":\"SearchAction\",\"target\":{\"@type\":\"EntryPoint\",\"urlTemplate\":\"https:\/\/reginett.ee\/?s={search_term_string}\"},\"query-input\":{\"@type\":\"PropertyValueSpecification\",\"valueRequired\":true,\"valueName\":\"search_term_string\"}}],\"inLanguage\":\"ru-RU\"}]}<\/script>\n<!-- \/ Yoast SEO plugin. -->","yoast_head_json":{"title":"Mootorsae komplekt lastele Husqvarna - Reginett","robots":{"index":"index","follow":"follow","max-snippet":"max-snippet:-1","max-image-preview":"max-image-preview:large","max-video-preview":"max-video-preview:-1"},"canonical":"https:\/\/reginett.ee\/toode\/mootorsae-komplekt-lastele-husqvarna\/","og_locale":"ru_RU","og_type":"article","og_title":"Mootorsae komplekt lastele Husqvarna - Reginett","og_description":"N\u00e4eb v\u00e4lja nagu t\u00f5eline Husqvarna 440 Kettsaag. M\u00e4nguasi on lastele vanuses alates 3. eluaastast. Teeb t\u00f5elist mootorsae h\u00e4\u00e4lt. Plastikust kett liigub.","og_url":"https:\/\/reginett.ee\/toode\/mootorsae-komplekt-lastele-husqvarna\/","og_site_name":"Reginett","article_modified_time":"2025-03-03T09:07:58+00:00","og_image":[{"width":300,"height":188,"url":"https:\/\/reginett.ee\/wp-content\/uploads\/2020\/04\/Laste-sae-komplekt.jpg","type":"image\/jpeg"}],"twitter_card":"summary_large_image","schema":{"@context":"https:\/\/schema.org","@graph":[{"@type":"WebPage","@id":"https:\/\/reginett.ee\/toode\/mootorsae-komplekt-lastele-husqvarna\/","url":"https:\/\/reginett.ee\/toode\/mootorsae-komplekt-lastele-husqvarna\/","name":"Mootorsae komplekt lastele Husqvarna - Reginett","isPartOf":{"@id":"https:\/\/reginett.ee\/#website"},"primaryImageOfPage":{"@id":"https:\/\/reginett.ee\/toode\/mootorsae-komplekt-lastele-husqvarna\/#primaryimage"},"image":{"@id":"https:\/\/reginett.ee\/toode\/mootorsae-komplekt-lastele-husqvarna\/#primaryimage"},"thumbnailUrl":"https:\/\/reginett.ee\/wp-content\/uploads\/2020\/04\/Laste-sae-komplekt.jpg","datePublished":"2020-12-23T06:34:41+00:00","dateModified":"2025-03-03T09:07:58+00:00","breadcrumb":{"@id":"https:\/\/reginett.ee\/toode\/mootorsae-komplekt-lastele-husqvarna\/#breadcrumb"},"inLanguage":"ru-RU","potentialAction":[{"@type":"ReadAction","target":["https:\/\/reginett.ee\/toode\/mootorsae-komplekt-lastele-husqvarna\/"]}]},{"@type":"ImageObject","inLanguage":"ru-RU","@id":"https:\/\/reginett.ee\/toode\/mootorsae-komplekt-lastele-husqvarna\/#primaryimage","url":"https:\/\/reginett.ee\/wp-content\/uploads\/2020\/04\/Laste-sae-komplekt.jpg","contentUrl":"https:\/\/reginett.ee\/wp-content\/uploads\/2020\/04\/Laste-sae-komplekt.jpg","width":300,"height":188,"caption":"mootorsae komplekt husqvarna"},{"@type":"BreadcrumbList","@id":"https:\/\/reginett.ee\/toode\/mootorsae-komplekt-lastele-husqvarna\/#breadcrumb","itemListElement":[{"@type":"ListItem","position":1,"name":"Home","item":"https:\/\/reginett.ee\/ru\/"},{"@type":"ListItem","position":2,"name":"Tooted","item":"https:\/\/reginett.ee\/tooted\/"},{"@type":"ListItem","position":3,"name":"Mootorsae komplekt lastele Husqvarna"}]},{"@type":"WebSite","@id":"https:\/\/reginett.ee\/#website","url":"https:\/\/reginett.ee\/","name":"Reginett","description":"Parimad robotniidukid","potentialAction":[{"@type":"SearchAction","target":{"@type":"EntryPoint","urlTemplate":"https:\/\/reginett.ee\/?s={search_term_string}"},"query-input":{"@type":"PropertyValueSpecification","valueRequired":true,"valueName":"search_term_string"}}],"inLanguage":"ru-RU"}]}},"brands":[{"id":147,"name":"Husqvarna","slug":"husqvarna"}],"_links":{"self":[{"href":"https:\/\/reginett.ee\/ru\/wp-json\/wp\/v2\/product\/51697","targetHints":{"allow":["GET"]}}],"collection":[{"href":"https:\/\/reginett.ee\/ru\/wp-json\/wp\/v2\/product"}],"about":[{"href":"https:\/\/reginett.ee\/ru\/wp-json\/wp\/v2\/types\/product"}],"replies":[{"embeddable":true,"href":"https:\/\/reginett.ee\/ru\/wp-json\/wp\/v2\/comments?post=51697"}],"wp:featuredmedia":[{"embeddable":true,"href":"https:\/\/reginett.ee\/ru\/wp-json\/wp\/v2\/media\/51698"}],"wp:attachment":[{"href":"https:\/\/reginett.ee\/ru\/wp-json\/wp\/v2\/media?parent=51697"}],"wp:term":[{"taxonomy":"pwb-brand","embeddable":true,"href":"https:\/\/reginett.ee\/ru\/wp-json\/wp\/v2\/pwb-brand?post=51697"},{"taxonomy":"product_brand","embeddable":true,"href":"https:\/\/reginett.ee\/ru\/wp-json\/wp\/v2\/product_brand?post=51697"},{"taxonomy":"product_cat","embeddable":true,"href":"https:\/\/reginett.ee\/ru\/wp-json\/wp\/v2\/product_cat?post=51697"},{"taxonomy":"product_tag","embeddable":true,"href":"https:\/\/reginett.ee\/ru\/wp-json\/wp\/v2\/product_tag?post=51697"}],"curies":[{"name":"wp","href":"https:\/\/api.w.org\/{rel}","templated":true}]}}